{"id":9365,"date":"2021-08-19T00:20:15","date_gmt":"2021-08-19T00:20:15","guid":{"rendered":"https:\/\/customs.gov.tl\/?page_id=9365"},"modified":"2022-11-09T05:50:53","modified_gmt":"2022-11-09T05:50:53","slug":"tariff-finder","status":"publish","type":"page","link":"https:\/\/customs.gov.tl\/tt\/tariff-finder\/","title":{"rendered":"Tariff Finder"},"content":{"rendered":"<div class=\"wpb-content-wrapper\">[vc_row][vc_column][vc_column_text]\n<div class=\"page\" title=\"Page 2\">\n<div class=\"section\">\n<p>Wainhira importa ka esporta sasan komersial, ita tenki utiliza Deskrisaun Merkadoria Harmonizadu no Sistema Kodigasaun. Iha nasaun barak, ida ne\u2019e ko\u00f1ese hanesan \u201cHS\u201d.<\/p>\n<\/div>\n<div class=\"section\">Timor-Leste utiliza formatu dijitu-8 wainhira aplika kodigu HS. Dijitu rua dahuluk kategoriza produtu (Kapitulu), dijitu rua da-ruak difini klean klasifikasaun ida ne\u2019e (t\u00edtulu), no dijitu hat ikus espesifika produtu detallu tan (Sub-t\u00edtulu HS no Subt\u00edtulu ASEAN). Ita bele buka klean tan kona-ba HS <a href=\"https:\/\/customs.gov.tl\/tt\/doing-business\/hs-code-tariff-and-incoterms\/\">iha ne&#8217;e<\/a>.<\/div>\n<\/div>\n[\/vc_column_text][\/vc_column][\/vc_row][vc_row][vc_column][vc_column_text]<div class=\"wpdt-c\">\n    <div class=\"alert alert-danger m-10\" role=\"alert\">\n        <span class=\"wdt-alert-title f-600\">Error<br><\/span>\n        <span class=\"wdt-alert-subtitle\">\/var\/www\/wordpress\/wp-content\/uploads\/2021\/09\/CSV-Finder-Page-1.csv is an Invalid Spreadsheet file.<\/span>\n    <\/div>\n<\/div>[\/vc_column_text][\/vc_column][\/vc_row][vc_row][vc_column][vc_column_text]\n<div class=\"page\" title=\"Page 2\">\n<div class=\"section\">\n<div class=\"page\" title=\"Page 2\">\n<div class=\"section\">\n<div class=\"layoutArea\">\n<div class=\"column\">\n<p>Favor nota katak konbinasaun Timor-Leste ASEAN Tarifa Nomenklatura no Klasifikasaun Estat\u00edstika ne\u2019ebe ita utiliza iha Timor-Leste, atualmente disponivel iha lian Ingl\u00e9s deit. Favor asegura katak ita submete deskrisaun peskiza ho lian Ingl\u00e9s. Ita bele mos <a href=\"https:\/\/customs.gov.tl\/wp-content\/uploads\/formidable\/2\/TL-Tariff-HS-Codes-2017-1.pdf\">asesu no download kopia tarifa ho kompletu iha ne&#8217;e<\/a><\/p>\n<\/div>\n<\/div>\n<\/div>\n<\/div>\n<\/div>\n<\/div>\n[\/vc_column_text][\/vc_column][\/vc_row]\n<\/div>","protected":false},"excerpt":{"rendered":"<p>[vc_row][vc_column][vc_column_text] Wainhira importa ka esporta sasan komersial, ita tenki utiliza Deskrisaun Merkadoria Harmonizadu no Sistema Kodigasaun. Iha nasaun barak, ida ne\u2019e ko\u00f1ese hanesan \u201cHS\u201d. Timor-Leste utiliza formatu dijitu-8 wainhira aplika kodigu HS. Dijitu rua dahuluk kategoriza produtu (Kapitulu), dijitu rua&hellip;<\/p>\n","protected":false},"author":8,"featured_media":0,"parent":0,"menu_order":0,"comment_status":"closed","ping_status":"closed","template":"","meta":{"inline_featured_image":false,"footnotes":""},"class_list":["post-9365","page","type-page","status-publish","hentry","entry","no-media"],"_links":{"self":[{"href":"https:\/\/customs.gov.tl\/tt\/wp-json\/wp\/v2\/pages\/9365","targetHints":{"allow":["GET"]}}],"collection":[{"href":"https:\/\/customs.gov.tl\/tt\/wp-json\/wp\/v2\/pages"}],"about":[{"href":"https:\/\/customs.gov.tl\/tt\/wp-json\/wp\/v2\/types\/page"}],"author":[{"embeddable":true,"href":"https:\/\/customs.gov.tl\/tt\/wp-json\/wp\/v2\/users\/8"}],"replies":[{"embeddable":true,"href":"https:\/\/customs.gov.tl\/tt\/wp-json\/wp\/v2\/comments?post=9365"}],"version-history":[{"count":5,"href":"https:\/\/customs.gov.tl\/tt\/wp-json\/wp\/v2\/pages\/9365\/revisions"}],"predecessor-version":[{"id":11028,"href":"https:\/\/customs.gov.tl\/tt\/wp-json\/wp\/v2\/pages\/9365\/revisions\/11028"}],"wp:attachment":[{"href":"https:\/\/customs.gov.tl\/tt\/wp-json\/wp\/v2\/media?parent=9365"}],"curies":[{"name":"wp","href":"https:\/\/api.w.org\/{rel}","templated":true}]}}