{"id":7405,"date":"2021-08-01T17:36:14","date_gmt":"2021-08-01T17:36:14","guid":{"rendered":"https:\/\/sandbox.ittimor.com\/cust\/other-gov-agencies\/ministry-of-finance\/"},"modified":"2023-07-28T02:24:49","modified_gmt":"2023-07-27T17:24:49","slug":"ministry-of-finance","status":"publish","type":"page","link":"https:\/\/customs.gov.tl\/tt\/other-gov-agencies\/ministry-of-finance\/","title":{"rendered":"Minist\u00e9riu Finansa"},"content":{"rendered":"<div class=\"wpb-content-wrapper\">[vc_row gap=&#8221;10&#8243; remove_bottom_col_margin=&#8221;true&#8221;][vc_column width=&#8221;3\/12&#8243;]<div class=\"vcex-module vcex-image-banner wpex-relative wpex-overflow-hidden wpex-max-w-100 wpex-bg-gray-900 wpex-text-white wpex-float-center wpex-text-center other-agencies-image\" ><span class=\"vcex-ib-img wpex-block wpex-z-1 wpex-transition-all wpex-duration-500 wpex-bg-cover wpex-absolute wpex-inset-0\" style=\"background-image:url(https:\/\/customs.gov.tl\/wp-content\/uploads\/2023\/07\/Ministra.png);\"><\/span><div class=\"vcex-ib-overlay wpex-absolute wpex-z-5 wpex-inset-0 wpex-transition-all wpex-duration-500\"><div class=\"vcex-ib-overlay-bg wpex-absolute wpex-inset-0 wpex-bg-black wpex-opacity-30\" style=\"background:#0f1a40;opacity:.25;\"><\/div><\/div><div class=\"vcex-ib-content-wrap wpex-z-10 wpex-w-100 wpex-transition-all wpex-duration-500 wpex-relative wpex-clr\"><div class=\"vcex-ib-content wpex-mx-auto wpex-clr\"><\/div><\/div><\/div>[vc_row_inner remove_bottom_col_margin=&#8221;true&#8221;][vc_column_inner width=&#8221;1\/4&#8243;][\/vc_column_inner][vc_column_inner width=&#8221;1\/2&#8243; css=&#8221;.vc_custom_1620536962997{padding-bottom: 14px !important;background-color: #af1e33 !important;}&#8221;][\/vc_column_inner][vc_column_inner width=&#8221;1\/4&#8243;][\/vc_column_inner][\/vc_row_inner][vc_row_inner remove_bottom_col_margin=&#8221;true&#8221;][vc_column_inner width=&#8221;1\/4&#8243;][\/vc_column_inner][vc_column_inner width=&#8221;1\/2&#8243; css=&#8221;.vc_custom_1623635943827{padding-left: 0px !important;}&#8221;][vc_column_text]<strong>Santina Jos\u00e9 Rodrigues F. Viegas Cardoso<\/strong><br \/>\nMinistru Finansa[\/vc_column_text][\/vc_column_inner][vc_column_inner width=&#8221;1\/4&#8243;][\/vc_column_inner][\/vc_row_inner][\/vc_column][vc_column width=&#8221;6\/12&#8243;][vc_column_text]\n<p style=\"text-align: justify;\"><strong>Minist\u00e9riu Finansa (MF) mak n\u2019udar departamentu Governu nian ne\u2019eb\u00e9 respons\u00e1vel ba deze\u00f1u, implementasaun, koordenasaun, no avaliasaun ba politika, ne\u2019eb\u00e9 define no aprova husi Konsellu Ministru, ba \u00e1rea sira planeamentu anu\u00e1l no monitorizasaun ba orsamentu no finansa p\u00fablika nian sira.<\/strong><\/p>\n[\/vc_column_text][vc_empty_space height=&#8221;40px&#8221;][vc_column_text]Pol\u00edtika fisk\u00e1l mak instrumentu prinsip\u00e1l ba jestaun respons\u00e1vel ba ekonomia no m\u00f3s atu alkansa kreximentu no dezenvolvimentu iha Timor-Leste, no MF dezempe\u00f1a kna\u2019ar ida kr\u00edtiku iha formulasaun no realizasaun ba pol\u00edtika ida-ne\u2019e. Aleinde ne\u2019e, MF halo akompa\u00f1amentu no monitoriza despeza sir aba finansa p\u00fablika nian, ne\u2019eb\u00e9 neses\u00e1riu atu garante ezekusaun efisiente ba Governu TL nia pol\u00edtika sira. Funsaun prinsip\u00e1l sira inklui:<\/p>\n<ul>\n<li>Propoin pol\u00edtika sira makroekon\u00f3miku, monet\u00e1ria no taxa-kambi\u00e1l nian, hamutuk ho banku sentr\u00e1l.<\/li>\n<li>Elabora pol\u00edtika no proposta lei sira no m\u00f3s regulamentu sira kona-ba reseita, enkuadramentu orsament\u00e1l, aprovizinamentu, kontabilidade p\u00fablika, finansa p\u00fablika, auditoria no kontrolu ba Kofre Estadu no m\u00f3s emisaun no jestaun ba d\u00edvida p\u00fablika nian.<\/li>\n<li>Administra Timor-Leste nia fundu petrol\u00edferu.<\/li>\n<li>Serbisu iha kooperasaun ho Minist\u00e9ru Neg\u00f3siu Estranjeiru no Kooperasaun, hodi koordena Timor-Leste nia relasaun ho doad\u00f3r sira.<\/li>\n<li>Jestaun ba d\u00edvida p\u00fablika esterna, Estadu nia partisipasaun iha empreza sira no asist\u2019ensia esterna. Ida-ne\u2019e inklui halo koordenasaun no define ninia aspetu sira finanseiru no fisk\u00e1l nian.<\/li>\n<li>Jestaun ba patrim\u00f3niu Estadu.<\/li>\n<\/ul>\n<p style=\"text-align: justify;\">Autoridade Tribut\u00e1ria, Autoridade Aduaneira no Komisaun Nasion\u00e1l ba Aprovizionamentu ne\u2019e iha tutela Minist\u00e9riu Finansa nian.<\/p>\n[\/vc_column_text]<div class=\"theme-button-block-wrap wpex-block wpex-clear theme-button-wrap wpex-clr\"><a href=\"https:\/\/www.mof.gov.tl\/\" class=\"vcex-button theme-txt-link block button-with-top-border\" target=\"_blank\" style=\"font-weight:500;\" rel=\"noopener noreferrer\"><span class=\"theme-button-inner\">Hatene liutan kona-ba Minist\u00e9riu Finansa, iha ne\u2019e<span class=\"vcex-icon-wrap theme-button-icon-right\"><span class=\"ticon ticon-angle-right\" aria-hidden=\"true\"><\/span><\/span><\/span><\/a><\/div> [\/vc_column][vc_column width=&#8221;3\/12&#8243;]<div class=\"templatera_shortcode\"><div class=\"vc_row wpb_row vc_row-fluid\"><div class=\"wpb_column vc_column_container vc_col-sm-12\"><div class=\"vc_column-inner\"><div class=\"wpb_wrapper\">\n\t<div class=\"wpb_text_column wpb_content_element social-share\" >\n\t\t<div class=\"wpb_wrapper\">\n\t\t\t<h5>Fahe tutan pajina ida ne\u2019e<\/h5>\n\n\t\t<\/div>\n\t<\/div>\n\n<div class=\"vcex-module vcex-social-share\">\n\n\t<div class=\"wpex-social-share style-flat position-horizontal\" data-source=\"https%3A%2F%2Fcustoms.gov.tl%2Ftt%2F\" data-url=\"https%3A%2F%2Fcustoms.gov.tl%2Ftt%2Fwp-json%2Fwp%2Fv2%2Fpages%2F7405%2F\" data-title=\"Archives\" data-email-subject=\"I wanted you to see this link\" data-email-body=\"I wanted you to see this link https%3A%2F%2Fcustoms.gov.tl%2Ftt%2Fwp-json%2Fwp%2Fv2%2Fpages%2F7405%2F\" data-specs=\"menubar=no,toolbar=no,resizable=yes,scrollbars=yes,height=600,width=600\">\n\t<ul class=\"wpex-social-share__list\">\n\n\t\t\n\t\t\t\t<li class=\"wpex-social-share__item custom-print\">\n\n\t\t\t\t\t\n\t\t\t\t\t\t<a href=\"#print\" role=\"button\" class=\"wpex-social-share__link\">\n\n\t\t\t\t\t\n\t\t\t\t\t\t<img decoding=\"async\" src=\"http:\/\/customs.gov.tl\/wp-content\/uploads\/2021\/05\/icon-print.svg\" \/>\n\t\t\t\t\t\t\t\t\t\t\t\t\t<span class=\"wpex-social-share__label wpex-label\">Print<\/span>\n\t\t\t\t\t\t\n\t\t\t\t\t<\/a>\n\n\t\t\t\t<\/li>\n\n\t\t\t\n\t\t\t\t<li class=\"wpex-social-share__item wpex-email\">\n\n\t\t\t\t\t\n\t\t\t\t\t\t<a href=\"#\" role=\"button\" class=\"wpex-social-share__link\">\n\n\t\t\t\t\t\n\t\t\t\t\t\t<img decoding=\"async\" src=\"http:\/\/customs.gov.tl\/wp-content\/uploads\/2021\/05\/icon-envelope.svg\" \/>\n\t\t\t\t\t\t\t\t\t\t\t\t\t<span class=\"wpex-social-share__label wpex-label\">Email<\/span>\n\t\t\t\t\t\t\n\t\t\t\t\t<\/a>\n\n\t\t\t\t<\/li>\n\n\t\t\t\n\t\t\t\t<li class=\"wpex-social-share__item wpex-facebook\">\n\n\t\t\t\t\t\n\t\t\t\t\t\t<a href=\"#\" role=\"button\" class=\"wpex-social-share__link\">\n\n\t\t\t\t\t\n\t\t\t\t\t\t<img decoding=\"async\" src=\"http:\/\/customs.gov.tl\/wp-content\/uploads\/2021\/05\/icon-facebook.svg\" \/>\n\t\t\t\t\t\t\t\t\t\t\t\t\t<span class=\"wpex-social-share__label wpex-label\">Share<\/span>\n\t\t\t\t\t\t\n\t\t\t\t\t<\/a>\n\n\t\t\t\t<\/li>\n\n\t\t\t\n\t\t\t\t<li class=\"wpex-social-share__item wpex-linkedin\">\n\n\t\t\t\t\t\n\t\t\t\t\t\t<a href=\"#\" role=\"button\" class=\"wpex-social-share__link\">\n\n\t\t\t\t\t\n\t\t\t\t\t\t<img decoding=\"async\" src=\"http:\/\/customs.gov.tl\/wp-content\/uploads\/2021\/05\/icon-linkedin.svg\" \/>\n\t\t\t\t\t\t\t\t\t\t\t\t\t<span class=\"wpex-social-share__label wpex-label\">Share<\/span>\n\t\t\t\t\t\t\n\t\t\t\t\t<\/a>\n\n\t\t\t\t<\/li>\n\n\t\t\t\n\t<\/ul>\n\n\t<\/div>\n\n<\/div><\/div><\/div><\/div><\/div>\r\n<\/div>[vc_empty_space height=&#8221;80px&#8221;][vc_row_inner el_class=&#8221;contact-sidebar&#8221;][vc_column_inner][vc_column_text el_class=&#8221;contact-details&#8221; css=&#8221;.vc_custom_1627352207944{margin-bottom: 5px !important;border-bottom-width: 1px !important;border-bottom-color: #000000 !important;border-bottom-style: solid !important;}&#8221;]\n<h5>Ministru Finansa<\/h5>\n[\/vc_column_text]<div class=\"vcex-module vcex-list_item wpex-max-w-100 wpex-clr wpex-mb-5 no-border\"><div class=\"vcex-list-item-inner wpex-inline-flex wpex-flex-no-wrap wpex-items-center\"><div class=\"vcex-list-item-icon wpex-mr-10\"><div class=\"vcex-icon-wrap wpex-inline-flex wpex-justify-center wpex-items-center\"><span class=\"ticon ticon-map-marker\"><\/span><\/div><\/div><div class=\"vcex-list-item-text vcex-content wpex-flex-grow\">Building #5, Palaco do Governo,<br \/>\nDili, Timor-Leste<\/div><\/div><\/div><div class=\"vcex-module vcex-list_item wpex-max-w-100 wpex-clr wpex-mb-5\"><div class=\"vcex-list-item-inner wpex-inline-flex wpex-flex-no-wrap wpex-items-center\"><div class=\"vcex-list-item-icon wpex-mr-10\"><div class=\"vcex-icon-wrap wpex-inline-flex wpex-justify-center wpex-items-center\"><span class=\"ticon ticon-phone-square\"><\/span><\/div><\/div><div class=\"vcex-list-item-text vcex-content wpex-flex-grow\">(+670) 333 9694<\/div><\/div><\/div><div class=\"vcex-module vcex-list_item wpex-max-w-100 wpex-clr wpex-mb-5\"><a  href=\"mailto:info@mof.gov.tl\" class=\"vcex-list-item-link wpex-no-underline\"><div class=\"vcex-list-item-inner wpex-inline-flex wpex-flex-no-wrap wpex-items-center\"><div class=\"vcex-list-item-icon wpex-mr-10\"><div class=\"vcex-icon-wrap wpex-inline-flex wpex-justify-center wpex-items-center\"><span class=\"ticon ticon-envelope-o\"><\/span><\/div><\/div><div class=\"vcex-list-item-text vcex-content wpex-flex-grow\">info@mof.gov.tl<\/div><\/div><\/a><\/div>[\/vc_column_inner][\/vc_row_inner][\/vc_column][\/vc_row]\n<\/div>","protected":false},"excerpt":{"rendered":"Santina Jos\u00e9 Rodrigues F. Viegas Cardoso Ministru Finansa Minist\u00e9riu Finansa (MF) mak n\u2019udar departamentu Governu nian ne\u2019eb\u00e9 respons\u00e1vel ba deze\u00f1u, implementasaun, koordenasaun, no avaliasaun ba politika, ne\u2019eb\u00e9 define no aprova husi Konsellu Ministru, ba \u00e1rea sira planeamentu anu\u00e1l no monitorizasaun&hellip;","protected":false},"author":8,"featured_media":0,"parent":7394,"menu_order":0,"comment_status":"open","ping_status":"closed","template":"","meta":{"inline_featured_image":false,"footnotes":""},"class_list":["post-7405","page","type-page","status-publish","hentry","entry","no-media"],"_links":{"self":[{"href":"https:\/\/customs.gov.tl\/tt\/wp-json\/wp\/v2\/pages\/7405","targetHints":{"allow":["GET"]}}],"collection":[{"href":"https:\/\/customs.gov.tl\/tt\/wp-json\/wp\/v2\/pages"}],"about":[{"href":"https:\/\/customs.gov.tl\/tt\/wp-json\/wp\/v2\/types\/page"}],"author":[{"embeddable":true,"href":"https:\/\/customs.gov.tl\/tt\/wp-json\/wp\/v2\/users\/8"}],"replies":[{"embeddable":true,"href":"https:\/\/customs.gov.tl\/tt\/wp-json\/wp\/v2\/comments?post=7405"}],"version-history":[{"count":3,"href":"https:\/\/customs.gov.tl\/tt\/wp-json\/wp\/v2\/pages\/7405\/revisions"}],"predecessor-version":[{"id":14096,"href":"https:\/\/customs.gov.tl\/tt\/wp-json\/wp\/v2\/pages\/7405\/revisions\/14096"}],"up":[{"embeddable":true,"href":"https:\/\/customs.gov.tl\/tt\/wp-json\/wp\/v2\/pages\/7394"}],"wp:attachment":[{"href":"https:\/\/customs.gov.tl\/tt\/wp-json\/wp\/v2\/media?parent=7405"}],"curies":[{"name":"wp","href":"https:\/\/api.w.org\/{rel}","templated":true}]}}