{"id":7404,"date":"2021-08-01T17:36:10","date_gmt":"2021-08-01T17:36:10","guid":{"rendered":"https:\/\/sandbox.ittimor.com\/cust\/other-gov-agencies\/ministry-of-agriculture-fisheries\/"},"modified":"2023-07-28T02:00:41","modified_gmt":"2023-07-27T17:00:41","slug":"ministry-of-agriculture-fisheries","status":"publish","type":"page","link":"https:\/\/customs.gov.tl\/tt\/other-gov-agencies\/ministry-of-agriculture-fisheries\/","title":{"rendered":"Minist\u00e9riu Agrikultura  no Peska"},"content":{"rendered":"<div class=\"wpb-content-wrapper\">[vc_row gap=&#8221;10&#8243; remove_bottom_col_margin=&#8221;true&#8221;][vc_column width=&#8221;3\/12&#8243;]<div class=\"vcex-module vcex-image-banner wpex-relative wpex-overflow-hidden wpex-max-w-100 wpex-bg-gray-900 wpex-text-white wpex-float-center wpex-text-center other-agencies-image\" ><span class=\"vcex-ib-img wpex-block wpex-z-1 wpex-transition-all wpex-duration-500 wpex-bg-cover wpex-absolute wpex-inset-0\" style=\"background-image:url(https:\/\/customs.gov.tl\/wp-content\/uploads\/2023\/07\/Minister.png);\"><\/span><div class=\"vcex-ib-overlay wpex-absolute wpex-z-5 wpex-inset-0 wpex-transition-all wpex-duration-500\"><div class=\"vcex-ib-overlay-bg wpex-absolute wpex-inset-0 wpex-bg-black wpex-opacity-30\" style=\"background:#0f1a40;opacity:.25;\"><\/div><\/div><div class=\"vcex-ib-content-wrap wpex-z-10 wpex-w-100 wpex-transition-all wpex-duration-500 wpex-relative wpex-clr\"><div class=\"vcex-ib-content wpex-mx-auto wpex-clr\"><\/div><\/div><\/div>[vc_row_inner remove_bottom_col_margin=&#8221;true&#8221;][vc_column_inner width=&#8221;1\/4&#8243;][\/vc_column_inner][vc_column_inner width=&#8221;1\/2&#8243; css=&#8221;.vc_custom_1620536962997{padding-bottom: 14px !important;background-color: #af1e33 !important;}&#8221;][\/vc_column_inner][vc_column_inner width=&#8221;1\/4&#8243;][\/vc_column_inner][\/vc_row_inner][vc_row_inner remove_bottom_col_margin=&#8221;true&#8221;][vc_column_inner width=&#8221;1\/4&#8243;][\/vc_column_inner][vc_column_inner width=&#8221;3\/4&#8243; css=&#8221;.vc_custom_1623636378099{padding-right: 0px !important;padding-left: 0px !important;}&#8221;][vc_column_text]<strong>Marcos da Cruz<\/strong>[\/vc_column_text][vc_column_text line_height=&#8221;17px&#8221;]Ministru Agrikultura <br \/>no Peska[\/vc_column_text][\/vc_column_inner][\/vc_row_inner][\/vc_column][vc_column width=&#8221;6\/12&#8243;][vc_column_text]\n<p style=\"text-align: justify;\"><strong>Minist\u00e9riu Agrikultura no Peska (MAP) mak departamentu Governu nian ne\u2019eb\u00e9 respons\u00e1vel ba deze\u00f1u, implementasaun, koordenasaun, no avaliasaun ba pol\u00edtika sira, ne\u2019eb\u00e9 define no aprova husi Konsellu Ministru, ba \u00e1rea sira agrikultura, floresta, peska no peku\u00e1ria nian. MAP nia mandatu mak atu propoin pol\u00edtika no prepara projetu lejizlasaun no regulamentu sira ne\u2019eb\u00e9 neses\u00e1riu ba ninia \u00e1rea protesaun sira.<\/strong><\/p>\n[\/vc_column_text][vc_empty_space height=&#8221;40px&#8221;][vc_column_text]\n<h4>Rekezitu Regulament\u00e1r sira<\/h4>\n<p>MAP iha responsabilidade regulat\u00f3ria ida atu tulun kontrola importasaun no esportasaun ba merkadoria sira balun. Departamentu ne\u2019eb\u00e9 respons\u00e1vel ba kontrolu merkadoria hirak ne\u2019e mak Servisu Kuarentana Timor-Leste (SQTL). Departamentu ida-ne\u2019e respons\u00e1vel atu salvaguarda sa\u00fade husi ita-nia rekursu agr\u00edkola sira iha rai-laran no dezempe\u00f1a kna\u2019ar ida kr\u00edtiku atu proteje agrikultura no meiu ambiente iha ita-nia Rain husi planta no animal sira no m\u00f3s praga\/peste no moras invazivu sira. Nune\u2019e m\u00f3s buka atu evita produtu ai-han sira ne\u2019eb\u00e9 perigozu ba ema no anim\u00e1l sira atu tama iha kadeia abastesimentu nian.<\/p>\n<p style=\"text-align: justify;\">Ita-boot bele asesu no foti-grava ka download k\u00f3pia ida husi Regra Jer\u00e1l Kuarentena nian (Dekretu Governu 1\/2006) iha <a href=\"https:\/\/customs.gov.tl\/tt\/doing-business\/document-database\/?search.search=Dekretu Lei 1\/2006\">ne\u2019e<\/a>.<\/p>\n[\/vc_column_text][vc_empty_space height=&#8221;40px&#8221;][vc_column_text]\n<h4>Tipu Merkadoria sira<\/h4>\n<p>Merkadoria sira-ne\u2019e identifikadu ho n\u00fameru num\u00e9riku d\u00edjitu 8 ne\u2019eb\u00e9 ko\u00f1esidu nu\u2019udar n\u00fameru Sistema Armonizadu (HS).[\/vc_column_text]<div class=\"vc_custom_1623645064120 wpex-clr\"><div class=\"theme-button-block-wrap wpex-block wpex-clear theme-button-wrap wpex-clr\"><a href=\"https:\/\/customs.gov.tl\/hs-code-tariff-and-incoterms\/\" class=\"vcex-button theme-txt-link block button-with-top-border\" style=\"font-weight:500;\"><span class=\"theme-button-inner\">Learn more about HS numbers here<span class=\"vcex-icon-wrap theme-button-icon-right\"><span class=\"ticon ticon-angle-right\" aria-hidden=\"true\"><\/span><\/span><\/span><\/a><\/div><\/div> [vc_column_text css=&#8221;.vc_custom_1669190349638{margin-bottom: 40px !important;}&#8221;]\n<p style=\"text-align: justify;\">Tuirmai mak lista ida husi merkadoria sira ne\u2019eb\u00e9 ezije n\u00edvel kontrolu balun husi Servisu Kuarentena Timor-Leste. Rekezitu regulament\u00e1r sira dalaruma muda iha tempu-badak nia laran, ne\u2019e duni ita-boot sempre tenki konfirma potensi\u00e1l rekezitu ba lisensa nian diretamente ho Servisu Kuarentena Timor-Leste molok halo importasaun ka esportasaun. Merkadoria sira iha kraik ne\u2019e identifikadu atrav\u00e9s n\u00fameru kap\u00edtulu HS nian:<\/p>\n[\/vc_column_text][vc_column_text css=&#8221;.vc_custom_1627357344080{margin-bottom: 80px !important;}&#8221;]\n<table id=\"tablepress-13\" class=\"tablepress tablepress-id-13 standard-table\">\n<thead>\n<tr class=\"row-1\">\n\t<th class=\"column-1\">HS<\/th><th class=\"column-2\">Deskrisaun<\/th>\n<\/tr>\n<\/thead>\n<tbody class=\"row-striping\">\n<tr class=\"row-2\">\n\t<td class=\"column-1\">HS Kap\u00edtulu 01<\/td><td class=\"column-2\">Anim\u00e1l moris.<\/td>\n<\/tr>\n<tr class=\"row-3\">\n\t<td class=\"column-1\">HS Kap\u00edtulu 02<\/td><td class=\"column-2\">Na\u2019an no na\u2019an-aat ne\u2019eb\u00e9 bele han.<\/td>\n<\/tr>\n<tr class=\"row-4\">\n\t<td class=\"column-1\">HS Kap\u00edtulu 03<\/td><td class=\"column-2\">Ikan no krust\u00e1seu, molusku no invertebradu aku\u00e1tiku sira seluk.<\/td>\n<\/tr>\n<tr class=\"row-5\">\n\t<td class=\"column-1\">HS Kap\u00edtulu 04<\/td><td class=\"column-2\">Produtu leiteira, manu-tolun, bani-been natur\u00e1l; produtu sira ho orijen anim\u00e1l nian ne\u2019eb\u00e9 bele han, ne\u2019eb\u00e9 la espesifikadu ka inkluidu iha parte seluk.<\/td>\n<\/tr>\n<tr class=\"row-6\">\n\t<td class=\"column-1\">HS Kap\u00edtulu 05<\/td><td class=\"column-2\">Produtu sira ho orijen anim\u00e1l nian ne\u2019eb\u00e9 la espesifikadu ka inkluidu iha parte seluk.<\/td>\n<\/tr>\n<tr class=\"row-7\">\n\t<td class=\"column-1\">HS Kap\u00edtulu 06<\/td><td class=\"column-2\">Ai-horis no planta sira seluk, bolbu, ai-abut no ne\u2019eb\u00e9 hanesan; ai-funan tesin no follajen ornament\u00e1l.<\/td>\n<\/tr>\n<tr class=\"row-8\">\n\t<td class=\"column-1\">HS Kap\u00edtulu 07<\/td><td class=\"column-2\">Modo sira no uhi no fehuk balu ne\u2019eb\u00e9 bele han.<\/td>\n<\/tr>\n<tr class=\"row-9\">\n\t<td class=\"column-1\">HS Kap\u00edtulu 09<\/td><td class=\"column-2\">Kaf\u00e9, x\u00e1, mate no temperu sira esklui bainhira prosesadu no falun tiha ona atu fa\u2019an iha vareju.<\/td>\n<\/tr>\n<tr class=\"row-10\">\n\t<td class=\"column-1\">HS Kap\u00edtulu 10<\/td><td class=\"column-2\">Sere\u00e1l sira.<\/td>\n<\/tr>\n<tr class=\"row-11\">\n\t<td class=\"column-1\">HS Kap\u00edtulu 11<\/td><td class=\"column-2\">Produtu sira husi ind\u00fastria dulas-rahun nian; malte ; amidu; inulina, glut\u00e9n trigu.<\/td>\n<\/tr>\n<tr class=\"row-12\">\n\t<td class=\"column-1\">HS Kap\u00edtulu 12<\/td><td class=\"column-2\">inklui m\u00f3s iha HS N\u00fameru 0802.<\/td>\n<\/tr>\n<tr class=\"row-13\">\n\t<td class=\"column-1\">HS Kap\u00edtulu 15<\/td><td class=\"column-2\">Gordura no mina husi anim\u00e1l ka vejet\u00e1l nian no m\u00f3s porudutu sira husi sira-nia disasosiasaun ka frasaun; gordura aliment\u00e1r elaborada; sera husi anim\u00e1l ka vejet\u00e1l.<\/td>\n<\/tr>\n<tr class=\"row-14\">\n\t<td class=\"column-1\">HS Kap\u00edtulu 21<\/td><td class=\"column-2\">Preparasaun komest\u00edvel oioin tuir HS n\u00fameru 2102 2010.<\/td>\n<\/tr>\n<tr class=\"row-15\">\n\t<td class=\"column-1\">HS Kap\u00edtulu 23<\/td><td class=\"column-2\">Rez\u00edduu no desperd\u00edsiu sira husi ind\u00fastria ai-han ne\u2019eb\u00e9 preparadu  Hah\u00e1n anim\u00e1l nian - esklui HS n\u00fameru: 2309 10 (asu &amp; busa nia hah\u00e1n ba fa\u2019an vareju).<br \/>\n<\/td>\n<\/tr>\n<tr class=\"row-16\">\n\t<td class=\"column-1\">HS Kap\u00edtulu 44<\/td><td class=\"column-2\">Ai no artigu ases\u00f3riu sira husi ai; ai-anar<\/td>\n<\/tr>\n<\/tbody>\n<\/table>\n<!-- #tablepress-13 from cache -->[\/vc_column_text][vc_column_text]\n<h3>Manu\u00e1l Informasaun<\/h3>\n<p>Ita-boot bele haree orientasaun ne\u2019eb\u00e9 komprensivu liu kona-ba oins\u00e1 mak atu trata ho tipu merkadoria hirak ne\u2019e, iha <a href=\"https:\/\/customs.gov.tl\/tt\/doing-business\/document-database\/?search.search=Manual SQTL\">ne\u2019e<\/a>.[\/vc_column_text][vc_row_inner][vc_column_inner]<div class=\"theme-button-block-wrap wpex-block wpex-clear theme-button-wrap wpex-clr\"><a href=\"https:\/\/www.maf.gov.tl\/\" class=\"vcex-button theme-txt-link block button-with-top-border\" target=\"_blank\" style=\"font-weight:500;\" rel=\"noopener noreferrer\"><span class=\"theme-button-inner\">Hatene liutan kona-ba MAP no Servisu Kuarentena Timor-Leste here<span class=\"vcex-icon-wrap theme-button-icon-right\"><span class=\"ticon ticon-angle-right\" aria-hidden=\"true\"><\/span><\/span><\/span><\/a><\/div> [\/vc_column_inner][\/vc_row_inner][\/vc_column][vc_column width=&#8221;3\/12&#8243;]<div class=\"templatera_shortcode\"><div class=\"vc_row wpb_row vc_row-fluid\"><div class=\"wpb_column vc_column_container vc_col-sm-12\"><div class=\"vc_column-inner\"><div class=\"wpb_wrapper\">\n\t<div class=\"wpb_text_column wpb_content_element social-share\" >\n\t\t<div class=\"wpb_wrapper\">\n\t\t\t<h5>Fahe tutan pajina ida ne\u2019e<\/h5>\n\n\t\t<\/div>\n\t<\/div>\n\n<div class=\"vcex-module vcex-social-share\">\n\n\t<div class=\"wpex-social-share style-flat position-horizontal\" data-source=\"https%3A%2F%2Fcustoms.gov.tl%2Ftt%2F\" data-url=\"https%3A%2F%2Fcustoms.gov.tl%2Ftt%2Fwp-json%2Fwp%2Fv2%2Fpages%2F7404%2F\" data-title=\"Archives\" data-email-subject=\"I wanted you to see this link\" data-email-body=\"I wanted you to see this link https%3A%2F%2Fcustoms.gov.tl%2Ftt%2Fwp-json%2Fwp%2Fv2%2Fpages%2F7404%2F\" data-specs=\"menubar=no,toolbar=no,resizable=yes,scrollbars=yes,height=600,width=600\">\n\t<ul class=\"wpex-social-share__list\">\n\n\t\t\n\t\t\t\t<li class=\"wpex-social-share__item custom-print\">\n\n\t\t\t\t\t\n\t\t\t\t\t\t<a href=\"#print\" role=\"button\" class=\"wpex-social-share__link\">\n\n\t\t\t\t\t\n\t\t\t\t\t\t<img decoding=\"async\" src=\"http:\/\/customs.gov.tl\/wp-content\/uploads\/2021\/05\/icon-print.svg\" \/>\n\t\t\t\t\t\t\t\t\t\t\t\t\t<span class=\"wpex-social-share__label wpex-label\">Print<\/span>\n\t\t\t\t\t\t\n\t\t\t\t\t<\/a>\n\n\t\t\t\t<\/li>\n\n\t\t\t\n\t\t\t\t<li class=\"wpex-social-share__item wpex-email\">\n\n\t\t\t\t\t\n\t\t\t\t\t\t<a href=\"#\" role=\"button\" class=\"wpex-social-share__link\">\n\n\t\t\t\t\t\n\t\t\t\t\t\t<img decoding=\"async\" src=\"http:\/\/customs.gov.tl\/wp-content\/uploads\/2021\/05\/icon-envelope.svg\" \/>\n\t\t\t\t\t\t\t\t\t\t\t\t\t<span class=\"wpex-social-share__label wpex-label\">Email<\/span>\n\t\t\t\t\t\t\n\t\t\t\t\t<\/a>\n\n\t\t\t\t<\/li>\n\n\t\t\t\n\t\t\t\t<li class=\"wpex-social-share__item wpex-facebook\">\n\n\t\t\t\t\t\n\t\t\t\t\t\t<a href=\"#\" role=\"button\" class=\"wpex-social-share__link\">\n\n\t\t\t\t\t\n\t\t\t\t\t\t<img decoding=\"async\" src=\"http:\/\/customs.gov.tl\/wp-content\/uploads\/2021\/05\/icon-facebook.svg\" \/>\n\t\t\t\t\t\t\t\t\t\t\t\t\t<span class=\"wpex-social-share__label wpex-label\">Share<\/span>\n\t\t\t\t\t\t\n\t\t\t\t\t<\/a>\n\n\t\t\t\t<\/li>\n\n\t\t\t\n\t\t\t\t<li class=\"wpex-social-share__item wpex-linkedin\">\n\n\t\t\t\t\t\n\t\t\t\t\t\t<a href=\"#\" role=\"button\" class=\"wpex-social-share__link\">\n\n\t\t\t\t\t\n\t\t\t\t\t\t<img decoding=\"async\" src=\"http:\/\/customs.gov.tl\/wp-content\/uploads\/2021\/05\/icon-linkedin.svg\" \/>\n\t\t\t\t\t\t\t\t\t\t\t\t\t<span class=\"wpex-social-share__label wpex-label\">Share<\/span>\n\t\t\t\t\t\t\n\t\t\t\t\t<\/a>\n\n\t\t\t\t<\/li>\n\n\t\t\t\n\t<\/ul>\n\n\t<\/div>\n\n<\/div><\/div><\/div><\/div><\/div>\r\n<\/div>[vc_empty_space height=&#8221;80px&#8221;][vc_row_inner el_class=&#8221;contact-sidebar&#8221;][vc_column_inner][vc_column_text el_class=&#8221;contact-details&#8221; css=&#8221;.vc_custom_1627354299338{margin-bottom: 5px !important;border-bottom-width: 1px !important;border-bottom-color: #000000 !important;border-bottom-style: solid !important;}&#8221;]\n<h5>Detalle kontaktu<\/h5>\n[\/vc_column_text]<div class=\"vcex-module vcex-list_item wpex-max-w-100 wpex-clr wpex-mb-5 no-border\"><div class=\"vcex-list-item-inner wpex-inline-flex wpex-flex-no-wrap wpex-items-center\"><div class=\"vcex-list-item-icon wpex-mr-10\"><div class=\"vcex-icon-wrap wpex-inline-flex wpex-justify-center wpex-items-center\"><span class=\"ticon ticon-map-marker\"><\/span><\/div><\/div><div class=\"vcex-list-item-text vcex-content wpex-flex-grow\">Aeroportu Internasion\u00e1l Dili<\/div><\/div><\/div><div class=\"vcex-module vcex-list_item wpex-max-w-100 wpex-clr wpex-mb-5\"><div class=\"vcex-list-item-inner wpex-inline-flex wpex-flex-no-wrap wpex-items-center\"><div class=\"vcex-list-item-icon wpex-mr-10\"><div class=\"vcex-icon-wrap wpex-inline-flex wpex-justify-center wpex-items-center\"><span class=\"ticon ticon-phone-square\"><\/span><\/div><\/div><div class=\"vcex-list-item-text vcex-content wpex-flex-grow\">(+670) 333 1250<\/div><\/div><\/div><div class=\"vcex-module vcex-list_item wpex-max-w-100 wpex-clr wpex-mb-5\"><a  href=\"mailto:inf.mapagri@maf.gov.tl\" class=\"vcex-list-item-link wpex-no-underline\"><div class=\"vcex-list-item-inner wpex-inline-flex wpex-flex-no-wrap wpex-items-center\"><div class=\"vcex-list-item-icon wpex-mr-10\"><div class=\"vcex-icon-wrap wpex-inline-flex wpex-justify-center wpex-items-center\"><span class=\"ticon ticon-envelope-o\"><\/span><\/div><\/div><div class=\"vcex-list-item-text vcex-content wpex-flex-grow\">inf.mapagri@maf.gov.tl<\/div><\/div><\/a><\/div>[\/vc_column_inner][\/vc_row_inner][vc_empty_space height=&#8221;80px&#8221;][vc_row_inner el_class=&#8221;downloads-sidebar&#8221;][vc_column_inner][vc_column_text el_class=&#8221;downloads-title&#8221; css=&#8221;.vc_custom_1623296674533{border-bottom-width: 1px !important;border-bottom-color: #0f1a3f !important;border-bottom-style: solid !important;}&#8221;]\n<h5>Downloads<\/h5>\n[\/vc_column_text]<div class=\"vcex-module vcex-list_item wpex-max-w-100 wpex-clr wpex-mb-5\"><a  href=\"https:\/\/customs.gov.tl\/tt\/doing-business\/document-database\/\" class=\"vcex-list-item-link wpex-no-underline\"><div class=\"vcex-list-item-inner wpex-inline-flex wpex-flex-no-wrap wpex-items-center\"><div class=\"vcex-list-item-icon wpex-mr-10\"><div class=\"vcex-icon-wrap wpex-inline-flex wpex-justify-center wpex-items-center\"><span class=\"ticon ticon-download\"><\/span><\/div><\/div><div class=\"vcex-list-item-text vcex-content wpex-flex-grow\"><a href=\"https:\/\/customs.gov.tl\/tt\/doing-business\/document-database\/?search.search=Manual SQTL\">SQTL Manual<\/a><\/div><\/div><\/a><\/div><div class=\"vcex-module vcex-list_item wpex-max-w-100 wpex-clr wpex-mb-5\"><a  href=\"https:\/\/customs.gov.tl\/tt\/doing-business\/document-database\/\" class=\"vcex-list-item-link wpex-no-underline\"><div class=\"vcex-list-item-inner wpex-inline-flex wpex-flex-no-wrap wpex-items-center\"><div class=\"vcex-list-item-icon wpex-mr-10\"><div class=\"vcex-icon-wrap wpex-inline-flex wpex-justify-center wpex-items-center\"><span class=\"ticon ticon-download\"><\/span><\/div><\/div><div class=\"vcex-list-item-text vcex-content wpex-flex-grow\"><a href=\"https:\/\/customs.gov.tl\/tt\/doing-business\/document-database\/?search.search=Dekretu Lei 1\/2006\">Dekretu Lei 1\/2016<\/a><\/div><\/div><\/a><\/div>[\/vc_column_inner][\/vc_row_inner][\/vc_column][\/vc_row][vc_row remove_bottom_col_margin=&#8221;true&#8221;][vc_column width=&#8221;3\/4&#8243;][\/vc_column][vc_column width=&#8221;1\/4&#8243;][\/vc_column][\/vc_row]\n<\/div>","protected":false},"excerpt":{"rendered":"Marcos da Cruz Ministru Agrikultura no Peska Minist\u00e9riu Agrikultura no Peska (MAP) mak departamentu Governu nian ne\u2019eb\u00e9 respons\u00e1vel ba deze\u00f1u, implementasaun, koordenasaun, no avaliasaun ba pol\u00edtika sira, ne\u2019eb\u00e9 define no aprova husi Konsellu Ministru, ba \u00e1rea sira agrikultura, floresta, peska&hellip;","protected":false},"author":8,"featured_media":0,"parent":7394,"menu_order":0,"comment_status":"open","ping_status":"closed","template":"","meta":{"inline_featured_image":false,"footnotes":""},"class_list":["post-7404","page","type-page","status-publish","hentry","entry","no-media"],"_links":{"self":[{"href":"https:\/\/customs.gov.tl\/tt\/wp-json\/wp\/v2\/pages\/7404","targetHints":{"allow":["GET"]}}],"collection":[{"href":"https:\/\/customs.gov.tl\/tt\/wp-json\/wp\/v2\/pages"}],"about":[{"href":"https:\/\/customs.gov.tl\/tt\/wp-json\/wp\/v2\/types\/page"}],"author":[{"embeddable":true,"href":"https:\/\/customs.gov.tl\/tt\/wp-json\/wp\/v2\/users\/8"}],"replies":[{"embeddable":true,"href":"https:\/\/customs.gov.tl\/tt\/wp-json\/wp\/v2\/comments?post=7404"}],"version-history":[{"count":4,"href":"https:\/\/customs.gov.tl\/tt\/wp-json\/wp\/v2\/pages\/7404\/revisions"}],"predecessor-version":[{"id":14086,"href":"https:\/\/customs.gov.tl\/tt\/wp-json\/wp\/v2\/pages\/7404\/revisions\/14086"}],"up":[{"embeddable":true,"href":"https:\/\/customs.gov.tl\/tt\/wp-json\/wp\/v2\/pages\/7394"}],"wp:attachment":[{"href":"https:\/\/customs.gov.tl\/tt\/wp-json\/wp\/v2\/media?parent=7404"}],"curies":[{"name":"wp","href":"https:\/\/api.w.org\/{rel}","templated":true}]}}