{"id":7402,"date":"2021-08-01T17:35:56","date_gmt":"2021-08-01T17:35:56","guid":{"rendered":"https:\/\/sandbox.ittimor.com\/cust\/travelers\/prohibited-or-restricted-goods\/"},"modified":"2022-11-25T06:34:23","modified_gmt":"2022-11-25T06:34:23","slug":"prohibited-or-restricted-goods","status":"publish","type":"page","link":"https:\/\/customs.gov.tl\/tt\/travelers\/prohibited-or-restricted-goods\/","title":{"rendered":"Merkadoria sira ne\u2019eb\u00e9 Proibidu ka Restritu"},"content":{"rendered":"<div class=\"wpb-content-wrapper\">[vc_row][vc_column]<div class=\"templatera_shortcode\"><div class=\"vc_row wpb_row vc_row-fluid page-title-img vc_custom_1619918400247 wpex-vc_row-has-fill wpex-vc-has-custom-column-spacing wpex-vc-column-spacing-0px no-bottom-margins wpex-vc-reset-negative-margin\"><div class=\"wpb_column vc_column_container vc_col-sm-12\"><div class=\"vc_column-inner\"><div class=\"wpb_wrapper\"><div class=\"vc_row wpb_row vc_inner vc_row-fluid page-title-overlay vc_custom_1619918083982 wpex-vc_row-has-fill no-bottom-margins wpex-vc-reset-negative-margin\"><div class=\"wpb_column vc_column_container vc_col-sm-12\"><div class=\"vc_column-inner\"><div class=\"wpb_wrapper\"><\/div><\/div><\/div><\/div><\/div><\/div><\/div><\/div><div data-vc-full-width=\"true\" data-vc-full-width-init=\"false\" class=\"vc_row wpb_row vc_row-fluid page-title-background vc_custom_1619917356710 wpex-vc_row-has-fill wpex-vc-row-stretched\"><div class=\"wpb_column vc_column_container vc_col-sm-12\"><div class=\"vc_column-inner\"><div class=\"wpb_wrapper\"><\/div><\/div><\/div><\/div><div class=\"vc_row-full-width vc_clearfix\"><\/div><\/div>[\/vc_column][\/vc_row][vc_row remove_bottom_col_margin=&#8221;true&#8221;][vc_column width=&#8221;3\/4&#8243;][vc_row_inner remove_bottom_col_margin=&#8221;true&#8221; css=&#8221;.vc_custom_1622514608869{margin-bottom: 80px !important;}&#8221;][vc_column_inner][vc_column_text]Iha ligasaun ida klaru tebes entre kom\u00e9rsiu il\u00edsita no tipu krime sira seluk, hanesan tr\u00e1fiku umanu, korrupsaun, subornu no brankeamentu kapit\u00e1l. Kom\u00e9rsiu il\u00edsitu ne\u2019e prejudika ekonomia glob\u00e1l no m\u00f3s prejudika sa\u00fade p\u00fabliku iha mundu tomak.<\/p>\n<p style=\"text-align: justify;\">Rejiaun hotu-hotu iha mundu ne\u2019e no sekt\u00f3r ind\u00fastria sira sai afetadu. Empreza il\u00edsita sira la\u2019\u00f3s de\u2019it dezvia oportunidade sira ba ekonomia leg\u00e1l nian, maib\u00e9 m\u00f3s dezvia tiha reseita sira, f\u00f3 ameasa ba kreximentu no dezenvolvimentu ekon\u00f3miku. Nu\u2019ud\u00e1r aj\u00e9nsia ida iha fronteira, ami iha kompromisu atu kombate tipu neg\u00f3siu il\u00edsita ida-ne\u2019e liuhusi identifika no hapara tiha entidade hirak ne\u2019eb\u00e9 koko no importa m\u00f3s esporta merkadoria sira ne\u2019eb\u00e9 mak bandu ka restritu.<\/p>\n[\/vc_column_text][\/vc_column_inner][\/vc_row_inner][vc_row_inner remove_bottom_col_margin=&#8221;true&#8221; css=&#8221;.vc_custom_1622181178665{margin-bottom: 40px !important;}&#8221;][vc_column_inner width=&#8221;1\/12&#8243;]<figure class=\"vcex-image vcex-module wpex-clr icon-heading\"><div class=\"vcex-image-inner wpex-inline-block wpex-relative\"><img decoding=\"async\" width=\"9999\" loading=\"lazy\" class=\"wpex-align-middle\" src=\"https:\/\/customs.gov.tl\/wp-content\/uploads\/2021\/05\/prohibited.svg\" alt=\"\" height=\"56\" \/><\/div><\/figure>[\/vc_column_inner][vc_column_inner width=&#8221;5\/6&#8243;][vc_column_text]\n<h3>Merkadoria sira ne\u2019eb\u00e9 Bandu<\/h3>\n<p style=\"text-align: justify;\">Prohibited Goods are those goods for which importation and exportation hMerkadoria sira ne\u2019eb\u00e9 bandu mak hirak ne\u2019eb\u00e9 ninia importasaun ka esportasaun ne\u2019e bandu kompletamente tanba razaun sira ligadu ho sa\u00fade, meiu ambiente, protesaun ba esp\u00e9sie flora no fauna sira ne\u2019eb\u00e9 ameasada, seguransa, lejizlasaun, nst. Produtu sira hanesan ne\u2019e susept\u00edvel mai ami atu prende, no ita-boot m\u00f3s sei responsabilizadu ba kualk\u00e9r medida husi multa finanseira, at\u00e9 prizaun no hafoin prosesu iha tribun\u00e1l. Merkadoria sira ne\u2019eb\u00e9 bandu bele inklui, maib\u00e9 la limitadu ba:<\/p>\n[\/vc_column_text][\/vc_column_inner][vc_column_inner width=&#8221;1\/12&#8243;][\/vc_column_inner][\/vc_row_inner][\/vc_column][vc_column width=&#8221;1\/4&#8243;]<div class=\"templatera_shortcode\"><div class=\"vc_row wpb_row vc_row-fluid\"><div class=\"wpb_column vc_column_container vc_col-sm-12\"><div class=\"vc_column-inner\"><div class=\"wpb_wrapper\">\n\t<div class=\"wpb_text_column wpb_content_element social-share\" >\n\t\t<div class=\"wpb_wrapper\">\n\t\t\t<h5>Fahe tutan pajina ida ne\u2019e<\/h5>\n\n\t\t<\/div>\n\t<\/div>\n\n<div class=\"vcex-module vcex-social-share\">\n\n\t<div class=\"wpex-social-share style-flat position-horizontal\" data-source=\"https%3A%2F%2Fcustoms.gov.tl%2Ftt%2F\" data-url=\"https%3A%2F%2Fcustoms.gov.tl%2Ftt%2Fwp-json%2Fwp%2Fv2%2Fpages%2F7402%2F\" data-title=\"Archives\" data-email-subject=\"I wanted you to see this link\" data-email-body=\"I wanted you to see this link https%3A%2F%2Fcustoms.gov.tl%2Ftt%2Fwp-json%2Fwp%2Fv2%2Fpages%2F7402%2F\" data-specs=\"menubar=no,toolbar=no,resizable=yes,scrollbars=yes,height=600,width=600\">\n\t<ul class=\"wpex-social-share__list\">\n\n\t\t\n\t\t\t\t<li class=\"wpex-social-share__item custom-print\">\n\n\t\t\t\t\t\n\t\t\t\t\t\t<a href=\"#print\" role=\"button\" class=\"wpex-social-share__link\">\n\n\t\t\t\t\t\n\t\t\t\t\t\t<img decoding=\"async\" src=\"http:\/\/customs.gov.tl\/wp-content\/uploads\/2021\/05\/icon-print.svg\" \/>\n\t\t\t\t\t\t\t\t\t\t\t\t\t<span class=\"wpex-social-share__label wpex-label\">Print<\/span>\n\t\t\t\t\t\t\n\t\t\t\t\t<\/a>\n\n\t\t\t\t<\/li>\n\n\t\t\t\n\t\t\t\t<li class=\"wpex-social-share__item wpex-email\">\n\n\t\t\t\t\t\n\t\t\t\t\t\t<a href=\"#\" role=\"button\" class=\"wpex-social-share__link\">\n\n\t\t\t\t\t\n\t\t\t\t\t\t<img decoding=\"async\" src=\"http:\/\/customs.gov.tl\/wp-content\/uploads\/2021\/05\/icon-envelope.svg\" \/>\n\t\t\t\t\t\t\t\t\t\t\t\t\t<span class=\"wpex-social-share__label wpex-label\">Email<\/span>\n\t\t\t\t\t\t\n\t\t\t\t\t<\/a>\n\n\t\t\t\t<\/li>\n\n\t\t\t\n\t\t\t\t<li class=\"wpex-social-share__item wpex-facebook\">\n\n\t\t\t\t\t\n\t\t\t\t\t\t<a href=\"#\" role=\"button\" class=\"wpex-social-share__link\">\n\n\t\t\t\t\t\n\t\t\t\t\t\t<img decoding=\"async\" src=\"http:\/\/customs.gov.tl\/wp-content\/uploads\/2021\/05\/icon-facebook.svg\" \/>\n\t\t\t\t\t\t\t\t\t\t\t\t\t<span class=\"wpex-social-share__label wpex-label\">Share<\/span>\n\t\t\t\t\t\t\n\t\t\t\t\t<\/a>\n\n\t\t\t\t<\/li>\n\n\t\t\t\n\t\t\t\t<li class=\"wpex-social-share__item wpex-linkedin\">\n\n\t\t\t\t\t\n\t\t\t\t\t\t<a href=\"#\" role=\"button\" class=\"wpex-social-share__link\">\n\n\t\t\t\t\t\n\t\t\t\t\t\t<img decoding=\"async\" src=\"http:\/\/customs.gov.tl\/wp-content\/uploads\/2021\/05\/icon-linkedin.svg\" \/>\n\t\t\t\t\t\t\t\t\t\t\t\t\t<span class=\"wpex-social-share__label wpex-label\">Share<\/span>\n\t\t\t\t\t\t\n\t\t\t\t\t<\/a>\n\n\t\t\t\t<\/li>\n\n\t\t\t\n\t<\/ul>\n\n\t<\/div>\n\n<\/div><\/div><\/div><\/div><\/div>\r\n<\/div>[\/vc_column][\/vc_row][vc_row remove_bottom_col_margin=&#8221;true&#8221;][vc_column width=&#8221;1\/12&#8243;][\/vc_column][vc_column width=&#8221;2\/3&#8243;][vc_row_inner content_placement=&#8221;bottom&#8221; gap=&#8221;10&#8243;][vc_column_inner width=&#8221;1\/4&#8243;]<figure class=\"vcex-image vcex-module wpex-clr body-icons\"><div class=\"vcex-image-inner wpex-inline-block wpex-relative\"><img decoding=\"async\" width=\"9999\" loading=\"lazy\" class=\"wpex-align-middle\" src=\"https:\/\/customs.gov.tl\/wp-content\/uploads\/2021\/07\/narcotics-1.svg\" alt=\"Nark\u00f3tiku\" height=\"89\" \/><\/div><\/figure>[vc_column_text css=&#8221;.vc_custom_1627104161421{margin-top: 10px !important;}&#8221;]<strong>Nark\u00f3tiku<\/strong>[\/vc_column_text][\/vc_column_inner][vc_column_inner width=&#8221;1\/4&#8243;]<figure class=\"vcex-image vcex-module wpex-clr body-icons\"><div class=\"vcex-image-inner wpex-inline-block wpex-relative\"><img decoding=\"async\" width=\"9999\" loading=\"lazy\" class=\"wpex-align-middle\" src=\"https:\/\/customs.gov.tl\/wp-content\/uploads\/2021\/05\/Firearms.svg\" alt=\"\" height=\"71\" \/><\/div><\/figure>[vc_column_text css=&#8221;.vc_custom_1627104179497{margin-top: 10px !important;}&#8221;]<strong>Arma ka Kilat<\/strong>[\/vc_column_text][\/vc_column_inner][vc_column_inner width=&#8221;1\/4&#8243;]<figure class=\"vcex-image vcex-module wpex-clr body-icons\"><div class=\"vcex-image-inner wpex-inline-block wpex-relative\"><img decoding=\"async\" width=\"9999\" loading=\"lazy\" class=\"wpex-align-middle\" src=\"https:\/\/customs.gov.tl\/wp-content\/uploads\/2021\/05\/Explosives.svg\" alt=\"\" height=\"86\" \/><\/div><\/figure>[vc_column_text css=&#8221;.vc_custom_1627104203101{margin-top: 10px !important;}&#8221;]<strong>Esplozivu<\/strong>[\/vc_column_text][\/vc_column_inner][vc_column_inner width=&#8221;1\/4&#8243;]<figure class=\"vcex-image vcex-module wpex-clr body-icons\"><div class=\"vcex-image-inner wpex-inline-block wpex-relative\"><img decoding=\"async\" width=\"9999\" loading=\"lazy\" class=\"wpex-align-middle\" src=\"https:\/\/customs.gov.tl\/wp-content\/uploads\/2021\/05\/Knifes.svg\" alt=\"\" height=\"86\" \/><\/div><\/figure>[vc_column_text css=&#8221;.vc_custom_1627104562432{margin-top: 10px !important;}&#8221;]\n<p style=\"text-align: left;\"><strong>\u00a0 \u00a0Tudik <br \/>Ileg\u00e1l sira<\/strong><\/p>\n[\/vc_column_text][\/vc_column_inner][\/vc_row_inner][vc_empty_space height=&#8221;50px&#8221;][\/vc_column][vc_column width=&#8221;1\/4&#8243;][\/vc_column][\/vc_row][vc_row remove_bottom_col_margin=&#8221;true&#8221;][vc_column width=&#8221;3\/4&#8243;][vc_row_inner remove_bottom_col_margin=&#8221;true&#8221; css=&#8221;.vc_custom_1622514621648{margin-bottom: 80px !important;}&#8221;][vc_column_inner width=&#8221;1\/12&#8243;][\/vc_column_inner][vc_column_inner width=&#8221;5\/6&#8243;][vc_column_text]\n<p style=\"text-align: justify;\">Ita-nia responsabilidade rasik atu garante katak ita-boot la lori produtu sira ne\u2019eb\u00e9 bandu. Se karik ita-boot iha d\u00favida ruma, ita-boot tenki kontaktu mai ami molok halo viajen ka molok tenta atu importa ka esporta kualk\u00e9r produtu ho natureza ida-ne\u2019e.<\/p>\n[\/vc_column_text]<div class=\"theme-button-block-wrap wpex-block wpex-clear theme-button-wrap wpex-clr\"><a href=\"https:\/\/customs.gov.tl\/tt\/about-us\/contact-us\/\" class=\"vcex-button theme-txt-link block button-with-top-border\" style=\"font-weight:500;\"><span class=\"theme-button-inner\">Hatene liutan kona-ba oins\u00e1 atu kontaktu mai ami iha ne\u2019e<span class=\"vcex-icon-wrap theme-button-icon-right\"><span class=\"ticon ticon-angle-right\" aria-hidden=\"true\"><\/span><\/span><\/span><\/a><\/div> [\/vc_column_inner][vc_column_inner width=&#8221;1\/12&#8243;][\/vc_column_inner][\/vc_row_inner][\/vc_column][vc_column width=&#8221;1\/4&#8243;][\/vc_column][\/vc_row][vc_row remove_bottom_col_margin=&#8221;true&#8221;][vc_column width=&#8221;3\/4&#8243;][vc_row_inner remove_bottom_col_margin=&#8221;true&#8221; css=&#8221;.vc_custom_1622181178665{margin-bottom: 40px !important;}&#8221;][vc_column_inner width=&#8221;1\/12&#8243;]<figure class=\"vcex-image vcex-module wpex-clr icon-heading\"><div class=\"vcex-image-inner wpex-inline-block wpex-relative\"><img decoding=\"async\" width=\"9999\" loading=\"lazy\" class=\"wpex-align-middle\" src=\"https:\/\/customs.gov.tl\/wp-content\/uploads\/2021\/05\/restricted.svg\" alt=\"\" height=\"49\" \/><\/div><\/figure>[\/vc_column_inner][vc_column_inner width=&#8221;5\/6&#8243;][vc_column_text]\n<h3>Merkadoria sira Restritu<\/h3>\n<p style=\"text-align: justify;\">Merkadoria sira Restritu, mak dalaruma m\u00f3s hanaran Merkadoria sira Kontroladu, bele importadu ka esportadu naran katak ita-boot iha autorizasaun\/lisensa neses\u00e1ria. Porezemplu, ita-boot bele halo importasaun ba medikamentu balu, maib\u00e9 ita-boot presiza hetan lisensa apropriada husi Minist\u00e9riu Sa\u00fade molok halo ida-ne\u2019e. Merkadoria sira restritu ne\u2019e bele inklui, maib\u00e9 la limitadu ba, tipu balu husi:<\/p>\n[\/vc_column_text][\/vc_column_inner][vc_column_inner width=&#8221;1\/12&#8243;][\/vc_column_inner][\/vc_row_inner][\/vc_column][vc_column width=&#8221;1\/4&#8243;][\/vc_column][\/vc_row][vc_row remove_bottom_col_margin=&#8221;true&#8221;][vc_column width=&#8221;1\/12&#8243;][\/vc_column][vc_column width=&#8221;2\/3&#8243;][vc_row_inner content_placement=&#8221;bottom&#8221; gap=&#8221;10&#8243;][vc_column_inner width=&#8221;1\/4&#8243;]<figure class=\"vcex-image vcex-module wpex-clr body-icons\"><div class=\"vcex-image-inner wpex-inline-block wpex-relative\"><img decoding=\"async\" width=\"9999\" loading=\"lazy\" class=\"wpex-align-middle\" src=\"https:\/\/customs.gov.tl\/wp-content\/uploads\/2021\/05\/medications.svg\" alt=\"\" height=\"75\" \/><\/div><\/figure>[vc_column_text css=&#8221;.vc_custom_1627104270894{margin-top: 10px !important;}&#8221;]<strong>Medikamentu<\/strong>[\/vc_column_text][\/vc_column_inner][vc_column_inner width=&#8221;1\/4&#8243;]<figure class=\"vcex-image vcex-module wpex-clr body-icons\"><div class=\"vcex-image-inner wpex-inline-block wpex-relative\"><img decoding=\"async\" width=\"9999\" loading=\"lazy\" class=\"wpex-align-middle\" src=\"https:\/\/customs.gov.tl\/wp-content\/uploads\/2021\/05\/Vehicles.svg\" alt=\"\" height=\"60\" \/><\/div><\/figure>[vc_column_text css=&#8221;.vc_custom_1627104285292{margin-top: 10px !important;}&#8221;]<strong>Ve\u00edkulu<\/strong>[\/vc_column_text][\/vc_column_inner][vc_column_inner width=&#8221;1\/4&#8243;]<figure class=\"vcex-image vcex-module wpex-clr body-icons\"><div class=\"vcex-image-inner wpex-inline-block wpex-relative\"><img decoding=\"async\" width=\"9999\" loading=\"lazy\" class=\"wpex-align-middle\" src=\"https:\/\/customs.gov.tl\/wp-content\/uploads\/2021\/05\/Plastics.svg\" alt=\"\" height=\"79\" \/><\/div><\/figure>[vc_column_text css=&#8221;.vc_custom_1627104298422{margin-top: 10px !important;}&#8221;]<strong>Pl\u00e1stiku<\/strong>[\/vc_column_text][\/vc_column_inner][vc_column_inner width=&#8221;1\/4&#8243;]<figure class=\"vcex-image vcex-module wpex-clr body-icons\"><div class=\"vcex-image-inner wpex-inline-block wpex-relative\"><img decoding=\"async\" width=\"9999\" loading=\"lazy\" class=\"wpex-align-middle\" src=\"https:\/\/customs.gov.tl\/wp-content\/uploads\/2021\/05\/Foodstuffs.svg\" alt=\"\" height=\"63\" \/><\/div><\/figure>[vc_column_text css=&#8221;.vc_custom_1627104651023{margin-top: 10px !important;}&#8221;]<strong>\u00a0 Produtu <br \/>Ai-han sira<\/strong>[\/vc_column_text][\/vc_column_inner][\/vc_row_inner][vc_empty_space height=&#8221;50px&#8221;][\/vc_column][vc_column width=&#8221;1\/4&#8243;][\/vc_column][\/vc_row][vc_row remove_bottom_col_margin=&#8221;true&#8221;][vc_column width=&#8221;3\/4&#8243;][vc_row_inner remove_bottom_col_margin=&#8221;true&#8221; css=&#8221;.vc_custom_1622514634319{margin-bottom: 80px !important;}&#8221;][vc_column_inner width=&#8221;1\/12&#8243;][\/vc_column_inner][vc_column_inner width=&#8221;5\/6&#8243;][vc_column_text]\n<p style=\"text-align: justify;\">Ita-nia responsabilidade rasik atu garante katka ita-boot hetan lisensa apropriada ka aprovasaun neses\u00e1ria molok tenta importa kualk\u00e9r tipu husi merkadoria sira ne\u2019eb\u00e9 restritu.<\/p>\n[\/vc_column_text]<div class=\"theme-button-block-wrap wpex-block wpex-clear theme-button-wrap wpex-clr\"><a href=\"https:\/\/customs.gov.tl\/tt\/other-gov-agencies\/others\/\" class=\"vcex-button theme-txt-link block button-with-top-border\" style=\"font-weight:500;\"><span class=\"theme-button-inner\">Hatene liutan kona-ba aj\u00e9nsia governu nian sira seluk iha ne\u2019e.<span class=\"vcex-icon-wrap theme-button-icon-right\"><span class=\"ticon ticon-angle-right\" aria-hidden=\"true\"><\/span><\/span><\/span><\/a><\/div> [\/vc_column_inner][vc_column_inner width=&#8221;1\/12&#8243;][\/vc_column_inner][\/vc_row_inner][\/vc_column][vc_column width=&#8221;1\/4&#8243;][\/vc_column][\/vc_row][vc_row remove_bottom_col_margin=&#8221;true&#8221;][vc_column width=&#8221;3\/4&#8243;][vc_row_inner remove_bottom_col_margin=&#8221;true&#8221; css=&#8221;.vc_custom_1622181178665{margin-bottom: 40px !important;}&#8221;][vc_column_inner width=&#8221;1\/12&#8243;]<figure class=\"vcex-image vcex-module wpex-clr icon-heading\"><div class=\"vcex-image-inner wpex-inline-block wpex-relative\"><img decoding=\"async\" width=\"9999\" loading=\"lazy\" class=\"wpex-align-middle\" src=\"https:\/\/customs.gov.tl\/wp-content\/uploads\/2021\/05\/phone-1.svg\" alt=\"\" height=\"46\" \/><\/div><\/figure>[\/vc_column_inner][vc_column_inner width=&#8221;5\/6&#8243;][vc_column_text]\n<h3>Denunsia Kriminalidade<\/h3>\n<p style=\"text-align: justify;\">Se ita-boot hatene kona-ba ema ruma mak tenta atu halo importasaun ka esportasaun ba merkadoria sira ne\u2019eb\u00e9 bandu ka restritu, halo fav\u00f3r liga ba Li\u00f1a Apoiu Alf\u00e1ndega iha n\u00fameru 12200, ka prienxe formul\u00e1riu relat\u00f3riu online ida.<\/p>\n[\/vc_column_text]<div class=\"theme-button-block-wrap wpex-block wpex-clear theme-button-wrap wpex-clr\"><a href=\"https:\/\/customs.gov.tl\/tt\/hotline\/\" class=\"vcex-button theme-txt-link block button-with-top-border\" style=\"font-weight:500;\"><span class=\"theme-button-inner\">Hatene liutan kona-ba Li\u00f1a Apoiu Alf\u00e1ndega nian iha ne\u2019e<span class=\"vcex-icon-wrap theme-button-icon-right\"><span class=\"ticon ticon-angle-right\" aria-hidden=\"true\"><\/span><\/span><\/span><\/a><\/div> [\/vc_column_inner][vc_column_inner width=&#8221;1\/12&#8243;][\/vc_column_inner][\/vc_row_inner][\/vc_column][vc_column width=&#8221;1\/4&#8243;][\/vc_column][\/vc_row]\n<\/div>","protected":false},"excerpt":{"rendered":"","protected":false},"author":8,"featured_media":6919,"parent":7399,"menu_order":0,"comment_status":"open","ping_status":"open","template":"","meta":{"inline_featured_image":false,"footnotes":""},"class_list":["post-7402","page","type-page","status-publish","has-post-thumbnail","hentry","entry","no-media"],"_links":{"self":[{"href":"https:\/\/customs.gov.tl\/tt\/wp-json\/wp\/v2\/pages\/7402","targetHints":{"allow":["GET"]}}],"collection":[{"href":"https:\/\/customs.gov.tl\/tt\/wp-json\/wp\/v2\/pages"}],"about":[{"href":"https:\/\/customs.gov.tl\/tt\/wp-json\/wp\/v2\/types\/page"}],"author":[{"embeddable":true,"href":"https:\/\/customs.gov.tl\/tt\/wp-json\/wp\/v2\/users\/8"}],"replies":[{"embeddable":true,"href":"https:\/\/customs.gov.tl\/tt\/wp-json\/wp\/v2\/comments?post=7402"}],"version-history":[{"count":4,"href":"https:\/\/customs.gov.tl\/tt\/wp-json\/wp\/v2\/pages\/7402\/revisions"}],"predecessor-version":[{"id":11574,"href":"https:\/\/customs.gov.tl\/tt\/wp-json\/wp\/v2\/pages\/7402\/revisions\/11574"}],"up":[{"embeddable":true,"href":"https:\/\/customs.gov.tl\/tt\/wp-json\/wp\/v2\/pages\/7399"}],"wp:featuredmedia":[{"embeddable":true,"href":"https:\/\/customs.gov.tl\/tt\/wp-json\/wp\/v2\/media\/6919"}],"wp:attachment":[{"href":"https:\/\/customs.gov.tl\/tt\/wp-json\/wp\/v2\/media?parent=7402"}],"curies":[{"name":"wp","href":"https:\/\/api.w.org\/{rel}","templated":true}]}}