{"id":7400,"date":"2021-08-01T17:35:45","date_gmt":"2021-08-01T17:35:45","guid":{"rendered":"https:\/\/sandbox.ittimor.com\/cust\/travelers\/declaring-good-on-arrival\/"},"modified":"2022-11-29T06:29:56","modified_gmt":"2022-11-29T06:29:56","slug":"declaring-good-on-arrival","status":"publish","type":"page","link":"https:\/\/customs.gov.tl\/tt\/travelers\/declaring-good-on-arrival\/","title":{"rendered":"Deklara Sas\u00e1n sira iha Xegada"},"content":{"rendered":"<div class=\"wpb-content-wrapper\">[vc_row][vc_column]<div class=\"templatera_shortcode\"><div class=\"vc_row wpb_row vc_row-fluid page-title-img vc_custom_1619918400247 wpex-vc_row-has-fill wpex-vc-has-custom-column-spacing wpex-vc-column-spacing-0px no-bottom-margins wpex-vc-reset-negative-margin\"><div class=\"wpb_column vc_column_container vc_col-sm-12\"><div class=\"vc_column-inner\"><div class=\"wpb_wrapper\"><div class=\"vc_row wpb_row vc_inner vc_row-fluid page-title-overlay vc_custom_1619918083982 wpex-vc_row-has-fill no-bottom-margins wpex-vc-reset-negative-margin\"><div class=\"wpb_column vc_column_container vc_col-sm-12\"><div class=\"vc_column-inner\"><div class=\"wpb_wrapper\"><\/div><\/div><\/div><\/div><\/div><\/div><\/div><\/div><div data-vc-full-width=\"true\" data-vc-full-width-init=\"false\" class=\"vc_row wpb_row vc_row-fluid page-title-background vc_custom_1619917356710 wpex-vc_row-has-fill wpex-vc-row-stretched\"><div class=\"wpb_column vc_column_container vc_col-sm-12\"><div class=\"vc_column-inner\"><div class=\"wpb_wrapper\"><\/div><\/div><\/div><\/div><div class=\"vc_row-full-width vc_clearfix\"><\/div><\/div>[\/vc_column][\/vc_row][vc_row remove_bottom_col_margin=&#8221;true&#8221;][vc_column width=&#8221;3\/4&#8243;][vc_row_inner remove_bottom_col_margin=&#8221;true&#8221; css=&#8221;.vc_custom_1622518606295{margin-bottom: 80px !important;}&#8221;][vc_column_inner width=&#8221;1\/12&#8243;]<figure class=\"vcex-image vcex-module wpex-clr icon-heading\"><div class=\"vcex-image-inner wpex-inline-block wpex-relative\"><img decoding=\"async\" width=\"56\" height=\"60\" src=\"https:\/\/customs.gov.tl\/wp-content\/uploads\/2021\/05\/customs-declartation.svg\" class=\"wpex-align-middle\" alt=\"\" width=\"9999\" loading=\"lazy\" \/><\/div><\/figure>[\/vc_column_inner][vc_column_inner width=&#8221;5\/6&#8243;][vc_column_text]\n<h3>Formul\u00e1riu Deklarasaun Alf\u00e2ndega<\/h3>\n<p>Bainhira ita-boot to\u2019o-mai hanesan viajante ida tama mai Timor-Leste, ita-boot iha obrigasaun tuir lei atu prienxe formul\u00e1riu ida ba Deklarasaun Alf\u00e2ndega iha Xegada. Ita-boot bele asesu no foti-grava ka download k\u00f3pia ida husi formul\u00e1riu ida-ne\u2019e husi <a href=\"https:\/\/customs.gov.tl\/doing-business\/document-database\/\">ne\u2019e<\/a>.<\/p>\n<p>Fromul\u00e1riu ne\u2019e inklui pergunta ualu ne\u2019eb\u00e9 ita-boot tenki lee ho kuidadu no hafoin f\u00f3 ninia resposta. Iha eventu sira improv\u00e1vel bainhira formul\u00e1riu Deklarasaun Alf\u00e2ndega iha Xegada nian la dispon\u00edvel wainhira ita-boot to\u2019o-mai iha Timor-Leste, entaun ita-boot sei halo deklarasaun verb\u00e1l ida mai ami. Iha sikunst\u00e1nsia sira hanesan ne\u2019e, ami sei husu pergunta relevante sira ba ita-boot.<\/p>\n<p>Kada viajante adultu bele lori sas\u00e1n sira ne\u2019eb\u00e9 livre-taxa ho val\u00f3r m\u00e1simu to\u2019o $300 (dolar atus tolu).<\/p>\n<p style=\"text-align: justify;\">Ita-boot bele hatene liutan kona-ba ita-nia subs\u00eddiu sira ba livre-taxa nian iha <a href=\"https:\/\/customs.gov.tl\/tt\/doing-business\/document-database\/\">ne\u2019e<\/a>.<\/p>\n[\/vc_column_text][\/vc_column_inner][vc_column_inner width=&#8221;1\/12&#8243;][\/vc_column_inner][\/vc_row_inner][vc_row_inner remove_bottom_col_margin=&#8221;true&#8221; css=&#8221;.vc_custom_1622518747823{margin-bottom: 80px !important;}&#8221;][vc_column_inner width=&#8221;1\/12&#8243;]<figure class=\"vcex-image vcex-module wpex-clr icon-heading\"><div class=\"vcex-image-inner wpex-inline-block wpex-relative\"><img decoding=\"async\" width=\"9999\" loading=\"lazy\" class=\"wpex-align-middle\" src=\"https:\/\/customs.gov.tl\/wp-content\/uploads\/2021\/05\/question.svg\" alt=\"\" height=\"54\" \/><\/div><\/figure>[\/vc_column_inner][vc_column_inner width=&#8221;5\/6&#8243;][vc_column_text]\n<h3>Oins\u00e1 se hau-nia sas\u00e1n sira-ne\u2019e nia folin boot liu $300?<\/h3>\n<p>Se ita-boot lori sas\u00e1n sira ne\u2019eb\u00e9 nia val\u00f3r boot liu ita-nia subs\u00eddiu ba livre-taxa $300 nian, entaun ita-boot iha obrigasaun tuir lei atu informa mai ami. Naun-kumprimentu ba rekomendasaun ida-ne\u2019e, bele rezulta iha multa ida ka at\u00e9 mezmu asaun judisi\u00e1l ida hasoru ita-boot.<\/p>\n<p style=\"text-align: justify;\">Se ita-boot nia sas\u00e1n sira-ne\u2019e ho val\u00f3r kumulaivu lato\u2019o $1,000, ita-boot bele simplesmente halo deklarasaun ida mai ami uza prosedimentu Deklarasaun Viajante nian (IT4). Se ita-nia sas\u00e1n sira-ne\u2019e ho val\u00f3r kumulativu boot liu $1,000, entaun ita-boot tenki halo tuir prosedimentu Importasaun Komersi\u00e1l (IM4). Ami bele tulun ita-boot hodi esplika ba ita-boot kona-ba prosedimentu diferente hirak ne\u2019e depoizde ita-boot notifika mai ami kona-ba ita-nia sas\u00e1n sira-ne\u2019e no val\u00f3r (sira) asosiadu.<\/p>\n[\/vc_column_text][\/vc_column_inner][vc_column_inner width=&#8221;1\/12&#8243;][\/vc_column_inner][\/vc_row_inner][vc_row_inner remove_bottom_col_margin=&#8221;true&#8221; css=&#8221;.vc_custom_1622518756191{margin-bottom: 80px !important;}&#8221;][vc_column_inner width=&#8221;1\/12&#8243;]<figure class=\"vcex-image vcex-module wpex-clr icon-heading\"><div class=\"vcex-image-inner wpex-inline-block wpex-relative\"><img decoding=\"async\" width=\"9999\" loading=\"lazy\" class=\"wpex-align-middle\" src=\"https:\/\/customs.gov.tl\/wp-content\/uploads\/2021\/05\/customs-declartation.svg\" alt=\"\" height=\"60\" \/><\/div><\/figure>[\/vc_column_inner][vc_column_inner width=&#8221;5\/6&#8243;][vc_column_text]\n<h3>Deklarasaun Viajante (IT4)<\/h3>\n<p>Ho ita-nia ajuda, ami sei prienxe formul\u00e1riu eletr\u00f3niku simples ida, no ita-boot sei preiza fornese mai ami informasaun sira tuirmai ne\u2019e:<\/p>\n<ul>\n<li>N\u00fameru Pasaporte<\/li>\n<li>Naran<\/li>\n<li>Enderesu ka hela-fatin<\/li>\n<li>Fatura ka resibu ne\u2019eb\u00e9 ita-boot simu ba sas\u00e1n sira-ne\u2019e bainhira sosa<\/li>\n<li>Nasaun ne\u2019eb\u00e9 ita sosa sas\u00e1n ne\u2019e<\/li>\n<li>Moeda ne\u2019eb\u00e9 uza hodi sosa sas\u00e1n ne\u2019e<\/li>\n<li>N\u00fameru vou<\/li>\n<\/ul>\n<p>Ita-boot presiza f\u00f3 mai ami k\u00f3pia ida husi kualk\u00e9r fatura ka resibu pagamentu nian ne\u2019eb\u00e9 relevante atu konfirma kuantidade ka val\u00f3r ne\u2019eb\u00e9 ita-boot selu ita-nia sas\u00e1n sira. Ami uza figura ida-ne\u2019e hodi kalkula ninia val\u00f3r.<\/p>\n<p>Bainhira kompleta ona, ami sei uza informasaun ne\u2019eb\u00e9 ita-boot fornese mai ami ne\u2019e atu halo deklarasaun eletr\u00f3nika ida iha sistema prosesamentu alf\u00e1ndega nian (ko\u00f1esidu hanesan ASYCUDA World). Ami bele halo ida-ne\u2019e imediatamente, no ita-boot la presiza uza servisu sira husi Despaxante Aduaneiru nian. Depoizde deklarasaun eletr\u00f3nika ne\u2019e halo prontu tiha, automatikamente sei kalkula direitu no impostu relevante sira, no ami sei f\u00f3 komprovante pagamentu nian ida ba ita-boot.<\/p>\n<p style=\"text-align: justify;\">Ita-boot bele hili atu selu ho kartaun d\u00e9bitu ka kr\u00e9ditu, ka ita-boot bele lori komprovante ida-ne\u2019e ba aj\u00e9nsia banku lok\u00e1l ida hodi selu ho osan. Fav\u00f3r observa katak ami la simu pagamentu ho osan diretamente! Se ita-boot selu iha banku lok\u00e1l ida , temporariamente ami sei tahan hela ita-nia sas\u00e1n sira-ne\u2019e to\u2019o bainhira ita-boot fila fali mai hodi aprezenta komprovativu pagamentu husi banku. Ami bele f\u00f3 instrusaun ba aj\u00e9nsia banku lok\u00e1l nian se ita-boot presiza ajuda.<\/p>\n[\/vc_column_text][\/vc_column_inner][vc_column_inner width=&#8221;1\/12&#8243;][\/vc_column_inner][\/vc_row_inner][vc_row_inner remove_bottom_col_margin=&#8221;true&#8221; css=&#8221;.vc_custom_1622518800856{margin-bottom: 80px !important;}&#8221;][vc_column_inner width=&#8221;1\/12&#8243;]<figure class=\"vcex-image vcex-module wpex-clr icon-heading\"><div class=\"vcex-image-inner wpex-inline-block wpex-relative\"><img decoding=\"async\" width=\"9999\" loading=\"lazy\" class=\"wpex-align-middle\" src=\"https:\/\/customs.gov.tl\/wp-content\/uploads\/2021\/05\/question.svg\" alt=\"\" height=\"54\" \/><\/div><\/figure>[\/vc_column_inner][vc_column_inner width=&#8221;5\/6&#8243;][vc_column_text]\n<h3>Oins\u00e1 se hau-nia sas\u00e1n sira-ne\u2019e nia folin boot liu $1,000?<\/h3>\n<p style=\"text-align: justify;\">Se val\u00f3r husi sas\u00e1n sira ne\u2019eb\u00e9 ita-boot lori ne\u2019e mak boot liu $1,000, entaun ita-boot tenki halo Deklarasaun ba Importasaun Komersi\u00e1l (IM4). Ne\u2019e sei envolve kontaktu ho Despaxante Aduaneiru ida, ne\u2019eb\u00e9 sei halo deklarasaun hodi ita-nia naran.<\/p>\n[\/vc_column_text]<div class=\"theme-button-block-wrap wpex-block wpex-clear theme-button-wrap wpex-clr\"><a href=\"https:\/\/customs.gov.tl\/tt\/doing-business\/importing-exporting-goods\/\" class=\"vcex-button theme-txt-link block button-with-top-border\" style=\"font-weight:500;\"><span class=\"theme-button-inner\">Hatene liutan kona-ba prosedimentu IM4 nian iha ne\u2019e<span class=\"vcex-icon-wrap theme-button-icon-right\"><span class=\"ticon ticon-angle-right\" aria-hidden=\"true\"><\/span><\/span><\/span><\/a><\/div> [\/vc_column_inner][vc_column_inner width=&#8221;1\/12&#8243;][\/vc_column_inner][\/vc_row_inner][vc_row_inner remove_bottom_col_margin=&#8221;true&#8221; css=&#8221;.vc_custom_1622518663187{margin-bottom: 80px !important;}&#8221;][vc_column_inner width=&#8221;1\/12&#8243;]<figure class=\"vcex-image vcex-module wpex-clr icon-heading\"><div class=\"vcex-image-inner wpex-inline-block wpex-relative\"><img decoding=\"async\" width=\"9999\" loading=\"lazy\" class=\"wpex-align-middle\" src=\"https:\/\/customs.gov.tl\/wp-content\/uploads\/2021\/05\/money.svg\" alt=\"\" height=\"63\" \/><\/div><\/figure>[\/vc_column_inner][vc_column_inner width=&#8221;5\/6&#8243;][vc_column_text]\n<h3>Lori Osan Tama Mai Timor-Leste<\/h3>\n<p>Se ita-boot hanoin atu lori tama ka lori sai osan ho val\u00f3r $20,000 ka liu iha Dolar Amerikanu ka kuantia ekivalente iha kualk\u00e9r moeda seluk, entaun ita-boot tenki hetan uluk lai autoizasaun husi Banku Sentr\u00e1l Timor-Leste.<\/p>\n<p style=\"text-align: justify;\">Iha xegada, ita-boot tenki deklara osan ida-ne\u2019e mai ami no m\u00f3s hatudu autorizasaun husi Banku Sentr\u00e1l Timor-Leste nian. Ita-boot bele hatene informasaun liutan kona-ba instrusaun ofisi\u00e1l Banku Sentr\u00e1l nian iha <a href=\"https:\/\/customs.gov.tl\/tt\/doing-business\/document-database\/\">ne\u2019e<\/a>.<\/p>\n[\/vc_column_text][\/vc_column_inner][vc_column_inner width=&#8221;1\/12&#8243;][\/vc_column_inner][\/vc_row_inner][vc_row_inner remove_bottom_col_margin=&#8221;true&#8221; css=&#8221;.vc_custom_1622181190919{margin-bottom: 40px !important;}&#8221;][vc_column_inner width=&#8221;1\/12&#8243;]<figure class=\"vcex-image vcex-module wpex-clr icon-heading\"><div class=\"vcex-image-inner wpex-inline-block wpex-relative\"><img decoding=\"async\" width=\"9999\" loading=\"lazy\" class=\"wpex-align-middle\" src=\"https:\/\/customs.gov.tl\/wp-content\/uploads\/2021\/05\/invest.svg\" alt=\"\" height=\"55\" \/><\/div><\/figure>[\/vc_column_inner][vc_column_inner width=&#8221;5\/6&#8243;][vc_column_text]\n<h3>Taxa no Enkargu sira<\/h3>\n<p style=\"text-align: justify;\">\u00daniku kustu sira ne\u2019eb\u00e9 ita-boot presiza selu mak ba direitu no impostu sira ne\u2019eb\u00e9 indikadu iha komprovativu pagamentu eletr\u00f3niku nian. Se ema ruma husu ba ita-boot atu selu tipu pagamentu adision\u00e1l ruma, ita-boot tenki husu atu ko\u2019alia imediatamente ho jerente ka superviz\u00f3r ida. Alternativamente, ita-boot bele keixa informasaun ne\u2019e ba Li\u00f1a Apoiu Alf\u00e1ndega nian hodi liga ba 12200, ka prienxe <a href=\"https:\/\/caid.customs.gov.tl\/web-form\" target=\"_blank\" rel=\"noopener\">formul\u00e1riu keixa online ida<\/a>.<\/p>\n[\/vc_column_text][\/vc_column_inner][vc_column_inner width=&#8221;1\/12&#8243;][\/vc_column_inner][\/vc_row_inner][\/vc_column][vc_column width=&#8221;1\/4&#8243;]<div class=\"templatera_shortcode\"><div class=\"vc_row wpb_row vc_row-fluid\"><div class=\"wpb_column vc_column_container vc_col-sm-12\"><div class=\"vc_column-inner\"><div class=\"wpb_wrapper\">\n\t<div class=\"wpb_text_column wpb_content_element social-share\" >\n\t\t<div class=\"wpb_wrapper\">\n\t\t\t<h5>Fahe tutan pajina ida ne\u2019e<\/h5>\n\n\t\t<\/div>\n\t<\/div>\n\n<div class=\"vcex-module vcex-social-share\">\n\n\t<div class=\"wpex-social-share style-flat position-horizontal\" data-source=\"https%3A%2F%2Fcustoms.gov.tl%2Ftt%2F\" data-url=\"https%3A%2F%2Fcustoms.gov.tl%2Ftt%2Fwp-json%2Fwp%2Fv2%2Fpages%2F7400%2F\" data-title=\"Archives\" data-email-subject=\"I wanted you to see this link\" data-email-body=\"I wanted you to see this link https%3A%2F%2Fcustoms.gov.tl%2Ftt%2Fwp-json%2Fwp%2Fv2%2Fpages%2F7400%2F\" data-specs=\"menubar=no,toolbar=no,resizable=yes,scrollbars=yes,height=600,width=600\">\n\t<ul class=\"wpex-social-share__list\">\n\n\t\t\n\t\t\t\t<li class=\"wpex-social-share__item custom-print\">\n\n\t\t\t\t\t\n\t\t\t\t\t\t<a href=\"#print\" role=\"button\" class=\"wpex-social-share__link\">\n\n\t\t\t\t\t\n\t\t\t\t\t\t<img decoding=\"async\" src=\"http:\/\/customs.gov.tl\/wp-content\/uploads\/2021\/05\/icon-print.svg\" \/>\n\t\t\t\t\t\t\t\t\t\t\t\t\t<span class=\"wpex-social-share__label wpex-label\">Print<\/span>\n\t\t\t\t\t\t\n\t\t\t\t\t<\/a>\n\n\t\t\t\t<\/li>\n\n\t\t\t\n\t\t\t\t<li class=\"wpex-social-share__item wpex-email\">\n\n\t\t\t\t\t\n\t\t\t\t\t\t<a href=\"#\" role=\"button\" class=\"wpex-social-share__link\">\n\n\t\t\t\t\t\n\t\t\t\t\t\t<img decoding=\"async\" src=\"http:\/\/customs.gov.tl\/wp-content\/uploads\/2021\/05\/icon-envelope.svg\" \/>\n\t\t\t\t\t\t\t\t\t\t\t\t\t<span class=\"wpex-social-share__label wpex-label\">Email<\/span>\n\t\t\t\t\t\t\n\t\t\t\t\t<\/a>\n\n\t\t\t\t<\/li>\n\n\t\t\t\n\t\t\t\t<li class=\"wpex-social-share__item wpex-facebook\">\n\n\t\t\t\t\t\n\t\t\t\t\t\t<a href=\"#\" role=\"button\" class=\"wpex-social-share__link\">\n\n\t\t\t\t\t\n\t\t\t\t\t\t<img decoding=\"async\" src=\"http:\/\/customs.gov.tl\/wp-content\/uploads\/2021\/05\/icon-facebook.svg\" \/>\n\t\t\t\t\t\t\t\t\t\t\t\t\t<span class=\"wpex-social-share__label wpex-label\">Share<\/span>\n\t\t\t\t\t\t\n\t\t\t\t\t<\/a>\n\n\t\t\t\t<\/li>\n\n\t\t\t\n\t\t\t\t<li class=\"wpex-social-share__item wpex-linkedin\">\n\n\t\t\t\t\t\n\t\t\t\t\t\t<a href=\"#\" role=\"button\" class=\"wpex-social-share__link\">\n\n\t\t\t\t\t\n\t\t\t\t\t\t<img decoding=\"async\" src=\"http:\/\/customs.gov.tl\/wp-content\/uploads\/2021\/05\/icon-linkedin.svg\" \/>\n\t\t\t\t\t\t\t\t\t\t\t\t\t<span class=\"wpex-social-share__label wpex-label\">Share<\/span>\n\t\t\t\t\t\t\n\t\t\t\t\t<\/a>\n\n\t\t\t\t<\/li>\n\n\t\t\t\n\t<\/ul>\n\n\t<\/div>\n\n<\/div><\/div><\/div><\/div><\/div>\r\n<\/div>[vc_empty_space height=&#8221;120px&#8221;][vc_row_inner el_class=&#8221;downloads-sidebar&#8221;][vc_column_inner][vc_column_text el_class=&#8221;downloads-title&#8221; css=&#8221;.vc_custom_1623296674533{border-bottom-width: 1px !important;border-bottom-color: #0f1a3f !important;border-bottom-style: solid !important;}&#8221;]\n<h5>Downloads<\/h5>\n[\/vc_column_text]<div class=\"vcex-module vcex-list_item wpex-max-w-100 wpex-clr wpex-mb-5\"><a  href=\"https:\/\/customs.gov.tl\/tt\/doing-business\/document-database\/\" class=\"vcex-list-item-link wpex-no-underline\"><div class=\"vcex-list-item-inner wpex-inline-flex wpex-flex-no-wrap wpex-items-center\"><div class=\"vcex-list-item-icon wpex-mr-10\"><div class=\"vcex-icon-wrap wpex-inline-flex wpex-justify-center wpex-items-center\"><span class=\"ticon ticon-download\"><\/span><\/div><\/div><div class=\"vcex-list-item-text vcex-content wpex-flex-grow\"><a href=\"https:\/\/customs.gov.tl\/tt\/doing-business\/document-database\/?search.search=Deklarasaun Autoridade Aduaneira\">Formul\u00e1riu Deklarasaun Xegada<\/a><\/div><\/div><\/a><\/div>[\/vc_column_inner][\/vc_row_inner][vc_empty_space height=&#8221;80px&#8221;][vc_row_inner css=&#8221;.vc_custom_1625455364401{margin-top: 50px !important;margin-bottom: 0px !important;padding-top: 10px !important;padding-bottom: 10px !important;background-color: #e3a426 !important;}&#8221;][vc_column_inner]<figure class=\"vcex-image vcex-module wpex-clr textleft\"><div class=\"vcex-image-inner wpex-inline-block wpex-relative\"><img decoding=\"async\" width=\"48\" height=\"43\" src=\"https:\/\/customs.gov.tl\/wp-content\/uploads\/2021\/05\/alert.svg\" class=\"wpex-align-middle\" alt=\"\" width=\"9999\" loading=\"lazy\" \/><\/div><\/figure>[\/vc_column_inner][\/vc_row_inner][vc_row_inner css=&#8221;.vc_custom_1625455310958{border-right-width: 1px !important;border-bottom-width: 1px !important;border-left-width: 1px !important;padding-top: 10px !important;padding-bottom: 10px !important;border-left-color: #e3a426 !important;border-left-style: solid !important;border-right-color: #e3a426 !important;border-right-style: solid !important;border-bottom-color: #e3a426 !important;border-bottom-style: solid !important;}&#8221;][vc_column_inner][vc_column_text]\n<p style=\"text-align: justify;\"><strong>Falla atu deklara sas\u00e1n sira relevante, ka osan ho kuantia tot\u00e1l $20,000 ba leten, bele signifika katak ita-boot komete daudaun infrasaun krimin\u00e1l ida, no ita-boot bele sujeita ba pena multa, detensaun, ka prosesu iha tribun\u00e1l. Se ita-boot laiha serteza, halo fav\u00f3r ko\u2019alia ho ami no ami bele f\u00f3 asist\u00e9nsia liutan.<\/strong><\/p>\n[\/vc_column_text][\/vc_column_inner][\/vc_row_inner][\/vc_column][\/vc_row]\n<\/div>","protected":false},"excerpt":{"rendered":"","protected":false},"author":8,"featured_media":6913,"parent":7399,"menu_order":0,"comment_status":"open","ping_status":"open","template":"","meta":{"inline_featured_image":false,"footnotes":""},"class_list":["post-7400","page","type-page","status-publish","has-post-thumbnail","hentry","entry","no-media"],"_links":{"self":[{"href":"https:\/\/customs.gov.tl\/tt\/wp-json\/wp\/v2\/pages\/7400","targetHints":{"allow":["GET"]}}],"collection":[{"href":"https:\/\/customs.gov.tl\/tt\/wp-json\/wp\/v2\/pages"}],"about":[{"href":"https:\/\/customs.gov.tl\/tt\/wp-json\/wp\/v2\/types\/page"}],"author":[{"embeddable":true,"href":"https:\/\/customs.gov.tl\/tt\/wp-json\/wp\/v2\/users\/8"}],"replies":[{"embeddable":true,"href":"https:\/\/customs.gov.tl\/tt\/wp-json\/wp\/v2\/comments?post=7400"}],"version-history":[{"count":6,"href":"https:\/\/customs.gov.tl\/tt\/wp-json\/wp\/v2\/pages\/7400\/revisions"}],"predecessor-version":[{"id":11654,"href":"https:\/\/customs.gov.tl\/tt\/wp-json\/wp\/v2\/pages\/7400\/revisions\/11654"}],"up":[{"embeddable":true,"href":"https:\/\/customs.gov.tl\/tt\/wp-json\/wp\/v2\/pages\/7399"}],"wp:featuredmedia":[{"embeddable":true,"href":"https:\/\/customs.gov.tl\/tt\/wp-json\/wp\/v2\/media\/6913"}],"wp:attachment":[{"href":"https:\/\/customs.gov.tl\/tt\/wp-json\/wp\/v2\/media?parent=7400"}],"curies":[{"name":"wp","href":"https:\/\/api.w.org\/{rel}","templated":true}]}}