{"id":7398,"date":"2021-08-01T17:35:37","date_gmt":"2021-08-01T17:35:37","guid":{"rendered":"https:\/\/sandbox.ittimor.com\/cust\/doing-business\/trade-compliance\/"},"modified":"2022-11-25T07:08:08","modified_gmt":"2022-11-25T07:08:08","slug":"trade-compliance","status":"publish","type":"page","link":"https:\/\/customs.gov.tl\/tt\/doing-business\/trade-compliance\/","title":{"rendered":"Kumprimentu Komersi\u00e1l"},"content":{"rendered":"<div class=\"wpb-content-wrapper\">[vc_row][vc_column]<div class=\"templatera_shortcode\"><div class=\"vc_row wpb_row vc_row-fluid page-title-img vc_custom_1619918400247 wpex-vc_row-has-fill wpex-vc-has-custom-column-spacing wpex-vc-column-spacing-0px no-bottom-margins wpex-vc-reset-negative-margin\"><div class=\"wpb_column vc_column_container vc_col-sm-12\"><div class=\"vc_column-inner\"><div class=\"wpb_wrapper\"><div class=\"vc_row wpb_row vc_inner vc_row-fluid page-title-overlay vc_custom_1619918083982 wpex-vc_row-has-fill no-bottom-margins wpex-vc-reset-negative-margin\"><div class=\"wpb_column vc_column_container vc_col-sm-12\"><div class=\"vc_column-inner\"><div class=\"wpb_wrapper\"><\/div><\/div><\/div><\/div><\/div><\/div><\/div><\/div><div data-vc-full-width=\"true\" data-vc-full-width-init=\"false\" class=\"vc_row wpb_row vc_row-fluid page-title-background vc_custom_1619917356710 wpex-vc_row-has-fill wpex-vc-row-stretched\"><div class=\"wpb_column vc_column_container vc_col-sm-12\"><div class=\"vc_column-inner\"><div class=\"wpb_wrapper\"><\/div><\/div><\/div><\/div><div class=\"vc_row-full-width vc_clearfix\"><\/div><\/div>[\/vc_column][\/vc_row][vc_row remove_bottom_col_margin=&#8221;true&#8221;][vc_column width=&#8221;3\/4&#8243;][vc_row_inner css=&#8221;.vc_custom_1621494620839{margin-bottom: 80px !important;}&#8221;][vc_column_inner width=&#8221;10\/12&#8243;][vc_column_text]\n<p style=\"text-align: justify;\">Ami iha kompromisu atu apoia ekonomia nasion\u00e1l atrav\u00e9s enkoraja no fasilita kom\u00e9rsiu lej\u00edtimu. Nu\u2019udar aj\u00e9nsia governu ne\u2019eb\u00e9 enkarregadu ba movimentasaun merkadoria sira liuhusi ita-nia fronteira sira, ami dezempe\u00f1a kna\u2019ar ida fundament\u00e1l atu proteje ita-nia nasaun husi importasaun no esportasaun ba merkadoria sira ileg\u00e1l no restritu no asegura katak direitu no impostu apropriadu hotu-hotu sei kobradu hodi governu nia naran.<\/p>\n[\/vc_column_text][\/vc_column_inner][vc_column_inner width=&#8221;2\/12&#8243;][\/vc_column_inner][\/vc_row_inner][vc_row_inner remove_bottom_col_margin=&#8221;true&#8221; css=&#8221;.vc_custom_1621494676020{margin-bottom: 80px !important;}&#8221;][vc_column_inner width=&#8221;1\/12&#8243;]<figure class=\"vcex-image vcex-module wpex-clr icon-heading\"><div class=\"vcex-image-inner wpex-inline-block wpex-relative\"><img decoding=\"async\" width=\"58\" height=\"65\" src=\"https:\/\/customs.gov.tl\/wp-content\/uploads\/2021\/05\/customs-controls.svg\" class=\"wpex-align-middle\" alt=\"\" width=\"9999\" loading=\"lazy\" \/><\/div><\/figure>[\/vc_column_inner][vc_column_inner width=&#8221;10\/12&#8243;][vc_column_text]\n<h3>Kontrolu Aduaneira<\/h3>\n<p>Haktuir ba dispozisaun sira ne\u2019eb\u00e9 hatuur iha K\u00f3digu Aduaneira (Dekretu Lei 14\/2017), ami iha direitu leg\u00e1l atu halo pasa-revista ba kualk\u00e9r merkadoria, ema, ve\u00edkulu, no meiu transporte seluk ne\u2019eb\u00e9 mak tama mai ka sai husi territ\u00f3riu Timor-Leste.<\/p>\n<p>Ami-nia objetivu mak atu hapara no halo pasa-revista ba ema ka sas\u00e1n sira (sas\u00e1n sira) ne\u2019eb\u00e9 ami konsidera bele reprezenta n\u00edvel risku balun. Bainhira halo avaliasaun ida-ne\u2019e, ami konsidera fakt\u00f3r lubuk balun, inklui:<\/p>\n<ul>\n<li>Ita-boot nia ist\u00f3riku konformidade anteri\u00f3r ho ami no aj\u00e9nsia governament\u00e1l relevante sira seluk<\/li>\n<li>Tipu merkadoria sira, no sira mai husi ne\u2019eb\u00e9 ka atu ba iha-ne\u2019eb\u00e9<\/li>\n<li>Informasaun ne\u2019eb\u00e9 simu husi aj\u00e9nsia parseiru sira seluk<\/li>\n<\/ul>\n<p style=\"text-align: justify;\">Iha okaziaun sira balun, ami bele hapara no halo pasa-revista ba ita-boot nia sas\u00e1n sira atu konfirma katak ita-boot sei kumpre nafatin regra sira.<\/p>\n[\/vc_column_text][\/vc_column_inner][vc_column_inner width=&#8221;1\/12&#8243;][\/vc_column_inner][\/vc_row_inner][vc_row_inner remove_bottom_col_margin=&#8221;true&#8221; css=&#8221;.vc_custom_1623221188795{margin-bottom: 40px !important;}&#8221;][vc_column_inner width=&#8221;1\/12&#8243;]<figure class=\"vcex-image vcex-module wpex-clr icon-heading\"><div class=\"vcex-image-inner wpex-inline-block wpex-relative\"><img decoding=\"async\" width=\"9999\" loading=\"lazy\" class=\"wpex-align-middle\" src=\"https:\/\/customs.gov.tl\/wp-content\/uploads\/2021\/05\/types-of-controls.svg\" alt=\"\" height=\"56\" \/><\/div><\/figure>[\/vc_column_inner][vc_column_inner width=&#8221;5\/6&#8243;][vc_column_text]\n<h3>Tipu husi Kontrolu sira<\/h3>\n<p style=\"text-align: justify;\">Depoizde ita-boot aprezenta tiha ita-nia deklarasaun ba iha ASYCUDA World, ita-boot na sas\u00e1n sira sei enkami\u00f1ada ba iha dalan ida husi dalan haat:<\/p>\n[\/vc_column_text][\/vc_column_inner][vc_column_inner width=&#8221;1\/12&#8243;][\/vc_column_inner][\/vc_row_inner][\/vc_column][vc_column width=&#8221;1\/4&#8243;]<div class=\"templatera_shortcode\"><div class=\"vc_row wpb_row vc_row-fluid\"><div class=\"wpb_column vc_column_container vc_col-sm-12\"><div class=\"vc_column-inner\"><div class=\"wpb_wrapper\">\n\t<div class=\"wpb_text_column wpb_content_element social-share\" >\n\t\t<div class=\"wpb_wrapper\">\n\t\t\t<h5>Fahe tutan pajina ida ne\u2019e<\/h5>\n\n\t\t<\/div>\n\t<\/div>\n\n<div class=\"vcex-module vcex-social-share\">\n\n\t<div class=\"wpex-social-share style-flat position-horizontal\" data-source=\"https%3A%2F%2Fcustoms.gov.tl%2Ftt%2F\" data-url=\"https%3A%2F%2Fcustoms.gov.tl%2Ftt%2Fwp-json%2Fwp%2Fv2%2Fpages%2F7398%2F\" data-title=\"Archives\" data-email-subject=\"I wanted you to see this link\" data-email-body=\"I wanted you to see this link https%3A%2F%2Fcustoms.gov.tl%2Ftt%2Fwp-json%2Fwp%2Fv2%2Fpages%2F7398%2F\" data-specs=\"menubar=no,toolbar=no,resizable=yes,scrollbars=yes,height=600,width=600\">\n\t<ul class=\"wpex-social-share__list\">\n\n\t\t\n\t\t\t\t<li class=\"wpex-social-share__item custom-print\">\n\n\t\t\t\t\t\n\t\t\t\t\t\t<a href=\"#print\" role=\"button\" class=\"wpex-social-share__link\">\n\n\t\t\t\t\t\n\t\t\t\t\t\t<img decoding=\"async\" src=\"http:\/\/customs.gov.tl\/wp-content\/uploads\/2021\/05\/icon-print.svg\" \/>\n\t\t\t\t\t\t\t\t\t\t\t\t\t<span class=\"wpex-social-share__label wpex-label\">Print<\/span>\n\t\t\t\t\t\t\n\t\t\t\t\t<\/a>\n\n\t\t\t\t<\/li>\n\n\t\t\t\n\t\t\t\t<li class=\"wpex-social-share__item wpex-email\">\n\n\t\t\t\t\t\n\t\t\t\t\t\t<a href=\"#\" role=\"button\" class=\"wpex-social-share__link\">\n\n\t\t\t\t\t\n\t\t\t\t\t\t<img decoding=\"async\" src=\"http:\/\/customs.gov.tl\/wp-content\/uploads\/2021\/05\/icon-envelope.svg\" \/>\n\t\t\t\t\t\t\t\t\t\t\t\t\t<span class=\"wpex-social-share__label wpex-label\">Email<\/span>\n\t\t\t\t\t\t\n\t\t\t\t\t<\/a>\n\n\t\t\t\t<\/li>\n\n\t\t\t\n\t\t\t\t<li class=\"wpex-social-share__item wpex-facebook\">\n\n\t\t\t\t\t\n\t\t\t\t\t\t<a href=\"#\" role=\"button\" class=\"wpex-social-share__link\">\n\n\t\t\t\t\t\n\t\t\t\t\t\t<img decoding=\"async\" src=\"http:\/\/customs.gov.tl\/wp-content\/uploads\/2021\/05\/icon-facebook.svg\" \/>\n\t\t\t\t\t\t\t\t\t\t\t\t\t<span class=\"wpex-social-share__label wpex-label\">Share<\/span>\n\t\t\t\t\t\t\n\t\t\t\t\t<\/a>\n\n\t\t\t\t<\/li>\n\n\t\t\t\n\t\t\t\t<li class=\"wpex-social-share__item wpex-linkedin\">\n\n\t\t\t\t\t\n\t\t\t\t\t\t<a href=\"#\" role=\"button\" class=\"wpex-social-share__link\">\n\n\t\t\t\t\t\n\t\t\t\t\t\t<img decoding=\"async\" src=\"http:\/\/customs.gov.tl\/wp-content\/uploads\/2021\/05\/icon-linkedin.svg\" \/>\n\t\t\t\t\t\t\t\t\t\t\t\t\t<span class=\"wpex-social-share__label wpex-label\">Share<\/span>\n\t\t\t\t\t\t\n\t\t\t\t\t<\/a>\n\n\t\t\t\t<\/li>\n\n\t\t\t\n\t<\/ul>\n\n\t<\/div>\n\n<\/div><\/div><\/div><\/div><\/div>\r\n<\/div>[vc_empty_space height=&#8221;80px&#8221;][vc_row_inner el_class=&#8221;downloads-sidebar&#8221;][vc_column_inner][vc_column_text el_class=&#8221;downloads-title&#8221; css=&#8221;.vc_custom_1623296674533{border-bottom-width: 1px !important;border-bottom-color: #0f1a3f !important;border-bottom-style: solid !important;}&#8221;]\n<h5>Downloads<\/h5>\n[\/vc_column_text]<div class=\"vcex-module vcex-list_item wpex-max-w-100 wpex-clr wpex-mb-5\"><a  href=\"https:\/\/customs.gov.tl\/tt\/doing-business\/document-database\/\" class=\"vcex-list-item-link wpex-no-underline\"><div class=\"vcex-list-item-inner wpex-inline-flex wpex-flex-no-wrap wpex-items-center\"><div class=\"vcex-list-item-icon wpex-mr-10\"><div class=\"vcex-icon-wrap wpex-inline-flex wpex-justify-center wpex-items-center\"><span class=\"ticon ticon-download\"><\/span><\/div><\/div><div class=\"vcex-list-item-text vcex-content wpex-flex-grow\"><a href=\"https:\/\/customs.gov.tl\/tt\/doing-business\/document-database\/?search.search=Gia Badak ida kona-ba Obedese ho Regulamentu sira\">Livretu kumprimentu ba regulamentu sira<\/a><\/div><\/div><\/a><\/div>[\/vc_column_inner][\/vc_row_inner][\/vc_column][\/vc_row][vc_row gap=&#8221;20&#8243; equal_height=&#8221;yes&#8221;][vc_column width=&#8221;1\/4&#8243; css=&#8221;.vc_custom_1622178529360{padding-top: 20px !important;padding-right: 20px !important;padding-bottom: 20px !important;padding-left: 20px !important;background-color: #e6b4b8 !important;}&#8221; offset=&#8221;vc_col-lg-3 vc_col-md-6 vc_col-xs-12&#8243;][vc_column_text]\n<h3 style=\"color: #af1d33;\">FAIXA MEAN<\/h3>\n<p>Ita-boot nia sas\u00e1n sira sei inspesionadu f\u00edzikamente husi funsion\u00e1riu alf\u00e1ndega ida. Iha kazu sira balun,<br \/>\nno depende ba tipu merkadoria sira, fiskalizasaun ida-ne\u2019e bele envolve reprezentante ida husi aj\u00e9nsia governu ida seluk. Porezemplu, se ita-nia sas\u00e1n ne\u2019e inklui anim\u00e1l moris, prov\u00e1vel katak ofisi\u00e1l ida husi Minist\u00e9riu Agrikultura no Peska envolvidu[\/vc_column_text][\/vc_column][vc_column width=&#8221;1\/4&#8243; css=&#8221;.vc_custom_1622178577494{padding-top: 20px !important;padding-right: 20px !important;padding-bottom: 20px !important;padding-left: 20px !important;background-color: #f5e0ba !important;}&#8221; offset=&#8221;vc_col-lg-3 vc_col-md-6 vc_col-xs-12&#8243;][vc_column_text]\n<h3 style=\"color: #e3a426;\">FAIXA KINUR<\/h3>\n<p>Ita-nia deklarasaun, no dokumentu sira ne\u2019eb\u00e9 ita-boot hatama hamutuk, sei fiskaliza husi funsion\u00e1riu alf\u00e1ndega ida. Se karik identifika katak iha irregularidade, entaun ita-boot nia sas\u00e1n sira sei enkami\u00f1adu ba faixa mean hodi halo fiskalizasaun f\u00edziku. Hanesan ho faixa mean nian, verifikasaun hirak ne\u2019e bele hala\u2019o hodi aj\u00e9nsia governament\u00e1l seluk nia naran.[\/vc_column_text][\/vc_column][vc_column width=&#8221;1\/4&#8243; css=&#8221;.vc_custom_1622178589999{padding-top: 20px !important;padding-right: 20px !important;padding-bottom: 20px !important;padding-left: 20px !important;background-color: #afc3cd !important;}&#8221; offset=&#8221;vc_col-lg-3 vc_col-md-6 vc_col-xs-12&#8243;][vc_column_text]\n<h3 style=\"color: #0f1a3f;\">FAIXA AZ\u00daL<\/h3>\n<p>Ita-boot na sas\u00e1n sira sei liberada imediatamente depoizde selu tiha direitu no impostu relevante sira, entretantu, ami sei fiskaliza dokumentu sira iha loron ruma oinmai atu konfirma katak buat hotu la\u2019o tuir orden.[\/vc_column_text][\/vc_column][vc_column width=&#8221;1\/4&#8243; css=&#8221;.vc_custom_1622178606922{padding-top: 20px !important;padding-right: 20px !important;padding-bottom: 20px !important;padding-left: 20px !important;background-color: #b7deb3 !important;}&#8221; offset=&#8221;vc_col-lg-3 vc_col-md-6 vc_col-xs-12&#8243;][vc_column_text]\n<h3 style=\"color: #5ea75e;\">FAIXA VERDE<\/h3>\n<p>Kualk\u00e9r sas\u00e1n ne\u2019eb\u00e9 la selesionadu husi faixa tolu primeiru iha leten, sei nekami\u00f1adu ba Faixa Verde. Ida-ne\u2019e signifika katak bainhira ita-boot selu tiha direitu no impostu relevante sira, ita-nia sas\u00e1n sira-ne\u2019e sei liberada imediatamente sein nesesidade ba kualk\u00e9r tipu inspesaun.[\/vc_column_text][\/vc_column][\/vc_row][vc_row][vc_column width=&#8221;3\/4&#8243;][vc_row_inner][vc_column_inner width=&#8221;1\/12&#8243;][\/vc_column_inner][vc_column_inner width=&#8221;5\/6&#8243;][vc_column_text]Iha kazu sira balun, ami nafatin sei bele halo insepsaun ba sas\u00e1n sira ne\u2019eb\u00e9 mak enkami\u00f1adu ona ba iha faixa verde, entretantu; ida-ne\u2019e sei la akontese iha baze regul\u00e1r, no se karik nune\u2019e duni, ita-boot tenki husu atu ko\u2019alia ho jerente ka superviz\u00f3r alf\u00e1ndega nian ida.<\/p>\n<p>Wainhira merkadoria komersi\u00e1l sira tama mai Timor-Leste, sira sei tama mai liu husi fronteira \u00e1erea ka husi tasi, ka atrav\u00e9s terrestre nian ida. Depoizde xegada, iha rekezitu leg\u00e1l ida ba sas\u00e1n hirak ne\u2019e atu kolokadu iha \u201ctratamentu aduaneiru\u201d ida durante prazu espes\u00edfiku ida nia laran. Ida-nee simplesmente signifika katak merkadoria sira-ne\u2019e tenki deklaradu mai ami nu\u2019udar importadu, re-esportadu, ka kolokadu iha fasilidade entrepostu aduaneiru nian ida aprovadu.<\/p>\n<p>Importante liuliu, tenki kompleta ida-ne\u2019e iha prazu estritu ida nia laran, tanba naun-kumprimentu ba obrigasaun sira-ne\u2019e sei rezulta iha sei rezulta iha impozisaun automatikamente ba multa finanseira ida husi ami:<\/p>\n<ul>\n<li>Xegada liuhusi tasi: loron \u00fatil ka loron-serbisu 30<\/li>\n<li style=\"text-align: justify;\">Xegada liuhusi a\u00e9rea ka terrestre: loron \u00fatil ka loron-serbisu 20<\/li>\n<\/ul>\n[\/vc_column_text][\/vc_column_inner][vc_column_inner width=&#8221;1\/12&#8243;][\/vc_column_inner][\/vc_row_inner][\/vc_column][vc_column width=&#8221;1\/4&#8243;][\/vc_column][\/vc_row][vc_row remove_bottom_col_margin=&#8221;true&#8221;][vc_column width=&#8221;3\/4&#8243;][vc_row_inner remove_bottom_col_margin=&#8221;true&#8221; css=&#8221;.vc_custom_1621494676020{margin-bottom: 80px !important;}&#8221;][vc_column_inner width=&#8221;1\/12&#8243;]<figure class=\"vcex-image vcex-module wpex-clr icon-heading\"><div class=\"vcex-image-inner wpex-inline-block wpex-relative\"><img decoding=\"async\" width=\"54\" height=\"71\" src=\"https:\/\/customs.gov.tl\/wp-content\/uploads\/2021\/05\/voluntarily-report-errors.svg\" class=\"wpex-align-middle\" alt=\"\" width=\"9999\" loading=\"lazy\" \/><\/div><\/figure>[\/vc_column_inner][vc_column_inner width=&#8221;5\/6&#8243;][vc_column_text]\n<h3>Komunikasaun Volunt\u00e1ria ba Erru sira<\/h3>\n<p style=\"text-align: justify;\">Se ita-boot hatene katak ita-boot halo ona erru ruma iha deklarasaunida, halo fav\u00f3r f\u00f3-hatene mai ami nune\u2019e ami bele halo alterasaun apropriada. Hodi f\u00f3-hatene mai ami, ne\u2019e hatudu katak ita-boot komprometidu atu kumpri voluntariamente. Mezmu se ita-boot na sas\u00e1n sira deklaradu ona husi ami, ami sei nafatin bele halo alterasaun ida p\u00f3s-liberasaun nian.<\/p>\n[\/vc_column_text][\/vc_column_inner][vc_column_inner width=&#8221;1\/12&#8243;][\/vc_column_inner][\/vc_row_inner][vc_row_inner remove_bottom_col_margin=&#8221;true&#8221; css=&#8221;.vc_custom_1621494684062{margin-bottom: 80px !important;}&#8221;][vc_column_inner width=&#8221;1\/12&#8243;]<figure class=\"vcex-image vcex-module wpex-clr icon-heading\"><div class=\"vcex-image-inner wpex-inline-block wpex-relative\"><img decoding=\"async\" width=\"9999\" loading=\"lazy\" class=\"wpex-align-middle\" src=\"https:\/\/customs.gov.tl\/wp-content\/uploads\/2021\/05\/maintain-accurate-records.svg\" alt=\"\" height=\"56\" \/><\/div><\/figure>[\/vc_column_inner][vc_column_inner width=&#8221;5\/6&#8243;][vc_column_text]\n<h3>Mantein Rejistu Ezata<\/h3>\n<p style=\"text-align: justify;\">Tuir lei haruka, ita-boot iha obrigasaun atu mantein no prezerva kualk\u00e9r dokumentasaun relasiona ho ita-nia atividade sira komersi\u00e1l nian ba per\u00edodu tinan lima. Halo fav\u00f3r sertifika katak ita-boot mantein dokumentasaun ne\u2019eb\u00e9 loloos, no mantein dokumentu sira-ne\u2019e devidamente arkivadu hodi nune\u2019e fasil ba ita-boot atu asesu. Iha kazu sira balun, ami bele husu atu haree dokumentu sira-ne\u2019e hodi konfirma ita-boot nia n\u00edvel konformidade.<\/p>\n[\/vc_column_text][\/vc_column_inner][vc_column_inner width=&#8221;1\/12&#8243;][\/vc_column_inner][\/vc_row_inner][vc_row_inner remove_bottom_col_margin=&#8221;true&#8221; css=&#8221;.vc_custom_1621494684062{margin-bottom: 80px !important;}&#8221;][vc_column_inner width=&#8221;1\/12&#8243;]<figure class=\"vcex-image vcex-module wpex-clr icon-heading\"><div class=\"vcex-image-inner wpex-inline-block wpex-relative\"><img decoding=\"async\" width=\"9999\" loading=\"lazy\" class=\"wpex-align-middle\" src=\"https:\/\/customs.gov.tl\/wp-content\/uploads\/2021\/05\/submit-accurate.svg\" alt=\"\" height=\"56\" \/><\/div><\/figure>[\/vc_column_inner][vc_column_inner width=&#8221;5\/6&#8243;][vc_column_text]\n<h3>Hatama Deklarasaun sira ne\u2019eb\u00e9 Ezata no Dokumentu Komprovativu sira<\/h3>\n<p>Nu\u2019udar ita-nia responsabilidade atu garante katak ita-boot aprezen deklarasaun ba importasaun ka esportasaun ne\u2019eb\u00e9 verdadeiru no ezata, no inklui dokumentu sira ne\u2019eb\u00e9 loloos:<\/p>\n<ul>\n<li>Fatura (sei la aseita ka simu fatura pr\u00f3-forma).<\/li>\n<li>Lista embalajen.<\/li>\n<li>Bill of Lading\/ Karta de Porte A\u00e9reu (Airway Bill).<\/li>\n<li style=\"text-align: justify;\">Lisensa\/Autorizasaun husi Aj\u00e9nsia seluk (kuandu relevante).<\/li>\n<\/ul>\n[\/vc_column_text][\/vc_column_inner][vc_column_inner width=&#8221;1\/12&#8243;][\/vc_column_inner][\/vc_row_inner][vc_row_inner remove_bottom_col_margin=&#8221;true&#8221; css=&#8221;.vc_custom_1621494684062{margin-bottom: 80px !important;}&#8221;][vc_column_inner width=&#8221;1\/12&#8243;]<figure class=\"vcex-image vcex-module wpex-clr icon-heading\"><div class=\"vcex-image-inner wpex-inline-block wpex-relative\"><img decoding=\"async\" width=\"9999\" loading=\"lazy\" class=\"wpex-align-middle\" src=\"https:\/\/customs.gov.tl\/wp-content\/uploads\/2021\/05\/invest.svg\" alt=\"\" height=\"55\" \/><\/div><\/figure>[\/vc_column_inner][vc_column_inner width=&#8221;5\/6&#8243;][vc_column_text]\n<h3>Investe iha Ita-nia Konformidade Rasik<\/h3>\n<p>Atu garante katak ita-boot halo tuir ba regra no regulamentu sira ne\u2019eb\u00e9 loloos ne\u2019e nu\u2019udar ita-nia responsabilidade leg\u00e1l, no inkumprimentu ba obrigasaun ida-ne\u2019e sei rezulta iha medida ne\u2019eb\u00e9 sei foti hasoru ita-boot. Iha kazu sira balun, ida-ne\u2019e bele signifika katak ita-boot tenki investe tempu no isan hodi f\u00f3 formasaun ba ita-nia funsion\u00e1riu, atualiza ita-nia fasilidade sira, ka mantein konta no rejistu sira. Wainhira de\u2019it pos\u00edvel, ami sei koko no tulun ita-boot hodi sai voluntariamente kompat\u00edvel hodi hamenus kustu sira operasion\u00e1l nian. Sai voluntariamente kompat\u00edvel ezije atu ita-boot verifika ho maneira proativa katak ita-boot nia sistema no prosesu intern\u00e1l sira rasik funsiona ho loloos. Ida-ne\u2019e tenki inklui:<\/p>\n<ul>\n<li>Mantein atualizadu ho regulamentu, pol\u00edtika, ka prosedimentu sira ne\u2019eb\u00e9 foun ka alterada.<\/li>\n<li>Dezenvolve prosesu ka prosedimentu interna ida hodi garante katak funsion\u00e1riu sira kumpri ba prosedimentu sira.<\/li>\n<li>Treina funsion\u00e1riu sira no asegura ko\u00f1esimentu no kompet\u00e9nsia sira kona-ba oins\u00e1 atu aplika prosedimentu sira.<\/li>\n<li>Adota no aplika mekanizmu kontrole interna nian hodi hamenus erru, duplikasaun no lakon informasaun kr\u00edtika sira.<\/li>\n<\/ul>\n<p style=\"text-align: justify;\">Ita-boot bele hatene liutan kona-ba konformidade komersi\u00e1l, liuhusi foti-grava ka download ami-nia livretu informasaun kona-ba Kumprimentu ba Regulamentu sira, iha <a href=\"https:\/\/customs.gov.tl\/tt\/doing-business\/document-database\/?search.search=Gia%20Badak%20ida%20kona-ba%20Obedese%20ho%20Regulamentu%20sira\">ne\u2019e<\/a>.<\/p>\n[\/vc_column_text][\/vc_column_inner][vc_column_inner width=&#8221;1\/12&#8243;][\/vc_column_inner][\/vc_row_inner][\/vc_column][vc_column width=&#8221;1\/4&#8243;][\/vc_column][\/vc_row]\n<\/div>","protected":false},"excerpt":{"rendered":"","protected":false},"author":8,"featured_media":6969,"parent":7375,"menu_order":0,"comment_status":"open","ping_status":"open","template":"","meta":{"inline_featured_image":false,"footnotes":""},"class_list":["post-7398","page","type-page","status-publish","has-post-thumbnail","hentry","entry","no-media"],"_links":{"self":[{"href":"https:\/\/customs.gov.tl\/tt\/wp-json\/wp\/v2\/pages\/7398","targetHints":{"allow":["GET"]}}],"collection":[{"href":"https:\/\/customs.gov.tl\/tt\/wp-json\/wp\/v2\/pages"}],"about":[{"href":"https:\/\/customs.gov.tl\/tt\/wp-json\/wp\/v2\/types\/page"}],"author":[{"embeddable":true,"href":"https:\/\/customs.gov.tl\/tt\/wp-json\/wp\/v2\/users\/8"}],"replies":[{"embeddable":true,"href":"https:\/\/customs.gov.tl\/tt\/wp-json\/wp\/v2\/comments?post=7398"}],"version-history":[{"count":6,"href":"https:\/\/customs.gov.tl\/tt\/wp-json\/wp\/v2\/pages\/7398\/revisions"}],"predecessor-version":[{"id":11584,"href":"https:\/\/customs.gov.tl\/tt\/wp-json\/wp\/v2\/pages\/7398\/revisions\/11584"}],"up":[{"embeddable":true,"href":"https:\/\/customs.gov.tl\/tt\/wp-json\/wp\/v2\/pages\/7375"}],"wp:featuredmedia":[{"embeddable":true,"href":"https:\/\/customs.gov.tl\/tt\/wp-json\/wp\/v2\/media\/6969"}],"wp:attachment":[{"href":"https:\/\/customs.gov.tl\/tt\/wp-json\/wp\/v2\/media?parent=7398"}],"curies":[{"name":"wp","href":"https:\/\/api.w.org\/{rel}","templated":true}]}}