{"id":7384,"date":"2021-08-01T17:34:14","date_gmt":"2021-08-01T17:34:14","guid":{"rendered":"https:\/\/sandbox.ittimor.com\/cust\/doing-business\/trade-organizations\/"},"modified":"2022-11-23T06:01:20","modified_gmt":"2022-11-23T06:01:20","slug":"trade-organizations","status":"publish","type":"page","link":"https:\/\/customs.gov.tl\/tt\/doing-business\/trade-organizations\/","title":{"rendered":"Organizasaun sira Kom\u00e9rsiu nian"},"content":{"rendered":"<div class=\"wpb-content-wrapper\">[vc_row][vc_column]<div class=\"templatera_shortcode\"><div class=\"vc_row wpb_row vc_row-fluid page-title-img vc_custom_1619918400247 wpex-vc_row-has-fill wpex-vc-has-custom-column-spacing wpex-vc-column-spacing-0px no-bottom-margins wpex-vc-reset-negative-margin\"><div class=\"wpb_column vc_column_container vc_col-sm-12\"><div class=\"vc_column-inner\"><div class=\"wpb_wrapper\"><div class=\"vc_row wpb_row vc_inner vc_row-fluid page-title-overlay vc_custom_1619918083982 wpex-vc_row-has-fill no-bottom-margins wpex-vc-reset-negative-margin\"><div class=\"wpb_column vc_column_container vc_col-sm-12\"><div class=\"vc_column-inner\"><div class=\"wpb_wrapper\"><\/div><\/div><\/div><\/div><\/div><\/div><\/div><\/div><div data-vc-full-width=\"true\" data-vc-full-width-init=\"false\" class=\"vc_row wpb_row vc_row-fluid page-title-background vc_custom_1619917356710 wpex-vc_row-has-fill wpex-vc-row-stretched\"><div class=\"wpb_column vc_column_container vc_col-sm-12\"><div class=\"vc_column-inner\"><div class=\"wpb_wrapper\"><\/div><\/div><\/div><\/div><div class=\"vc_row-full-width vc_clearfix\"><\/div><\/div>[\/vc_column][\/vc_row][vc_row remove_bottom_col_margin=&#8221;true&#8221;][vc_column width=&#8221;3\/4&#8243;][vc_row_inner remove_bottom_col_margin=&#8221;true&#8221; css=&#8221;.vc_custom_1621494676020{margin-bottom: 80px !important;}&#8221;][vc_column_inner width=&#8221;1\/12&#8243;]<figure class=\"vcex-image vcex-module wpex-clr icon-heading\"><div class=\"vcex-image-inner wpex-inline-block wpex-relative\"><img decoding=\"async\" width=\"61\" height=\"39\" src=\"https:\/\/customs.gov.tl\/wp-content\/uploads\/2021\/06\/shake.svg\" class=\"wpex-align-middle\" alt=\"\" width=\"9999\" loading=\"lazy\" \/><\/div><\/figure>[\/vc_column_inner][vc_column_inner width=&#8221;5\/6&#8243;][vc_column_text]\n<h3>K\u00e1mara Kom\u00e9rsiu no Ind\u00fastria Timor-Leste (CCI-TL)<\/h3>\n<p>Estabelese iha tinan 2010, K\u00e1mara Kom\u00e9rsiu no Ind\u00fastria Timor-Leste (CCI-TL) reko\u00f1esidu nu\u2019udar reprezentante husi empreza sekt\u00f3r privadu nian iha Timor-Leste no nu\u2019udar parseiru estrat\u00e9jiku ida ho konfiansa husi Governu. Bainhira estabelesidu, CCI-TL nia foku mak atu:<\/p>\n<ul>\n<li>Konsolida no kria CCI-TL nia rede iha Munis\u00edpiu 13 hotu.<\/li>\n<li>F\u00f3 formasaun no advokasia.<\/li>\n<li>Reprezenta membru sira-nia nesesida atrav\u00e9s sai reprezentante ida husi komunidade emprezari\u00e1l iha n\u00edvel neg\u00f3siu hotu-hotu, nu\u2019udar rezultadu Rezolusaun n. 17\/2017 ne\u2019eb\u00e9 f\u00f3-sai husi Governu Timor-Leste reko\u00f1ese CCI-TL hanesan parseiru estrat\u00e9jiku ida ofisi\u00e1l.<\/li>\n<\/ul>\n[\/vc_column_text]<div class=\"theme-button-block-wrap wpex-block wpex-clear theme-button-wrap wpex-clr\"><a href=\"https:\/\/www.linkedin.com\/in\/ccitl-timor-leste-1b213976\/\" class=\"vcex-button theme-txt-link block button-with-top-border\" target=\"_blank\" style=\"font-weight:500;\" rel=\"noopener noreferrer\"><span class=\"theme-button-inner\">Hatene liutan kona-ba CCI-TL, iha ne\u2019e<span class=\"vcex-icon-wrap theme-button-icon-right\"><span class=\"ticon ticon-angle-right\" aria-hidden=\"true\"><\/span><\/span><\/span><\/a><\/div> [\/vc_column_inner][vc_column_inner width=&#8221;1\/12&#8243;][\/vc_column_inner][\/vc_row_inner][vc_row_inner remove_bottom_col_margin=&#8221;true&#8221; css=&#8221;.vc_custom_1621494684062{margin-bottom: 80px !important;}&#8221;][vc_column_inner width=&#8221;1\/12&#8243;]<figure class=\"vcex-image vcex-module wpex-clr icon-heading\"><div class=\"vcex-image-inner wpex-inline-block wpex-relative\"><img decoding=\"async\" width=\"9999\" loading=\"lazy\" class=\"wpex-align-middle\" src=\"https:\/\/customs.gov.tl\/wp-content\/uploads\/2021\/06\/woman.svg\" alt=\"\" height=\"61\" \/><\/div><\/figure>[\/vc_column_inner][vc_column_inner width=&#8221;5\/6&#8243;][vc_column_text]\n<h3>Asosiasaun Emprezari\u00e1l Feto sira- Timor-Leste (AEMTL)<\/h3>\n<p>Associa\u00e7\u00e3o Empresarial das Mulheres Timor-Leste (AEMTL) nu\u2019udar Asosiasaun Feto Emprezari\u00e1l sira ho misaun atu promove no hakbiit feto emprez\u00e1ria no emprez\u00e1ria feto sira-nia prontidaun atu kompete no hetan susesu iha Timor-Leste nia sekt\u00f3r Privadu emerjente.<\/p>\n<p>AEMTL determinada atuintroduza tend\u00e9nsia foun sira ba iha Sekt\u00f3r Privadu nia din\u00e1miku atu\u00e1l: propriedade boot liu atu hamenus depend\u00e9nsia ba projetu p\u00fabliku sira, empreza sira ne\u2019eb\u00e9 estruturadu no profision\u00e1l liutan, sai nu\u2019udar sekt\u00f3r produtivu re\u00e1l no no alternativa ida efetiva ba Sekt\u00f3r P\u00fabliku iha kriasaun ba empregu no hamosu rendimentu no m\u00f3s esplora meiu sira inovadora no kriativu atu halo neg\u00f3siu iha Timor-Leste. Haree ba kna\u2019ar kr\u00edtiku feto sira nian, AEMTL sei diretamente kontribui ba redusaun kiak no sei kontribui efetivamente ba kreximentu ekon\u00f3miku sustent\u00e1vel iha rai-laran.<\/p>\n<p>Ho apoiu husi maluk sira, parseiru sira sekt\u00f3r privadu no p\u00fabliku nian, AEMTL nia ekipa ezekutiva foun hakarak atu halo sira-nia neg\u00f3siu sai ekonomikamente independente no hetan sira-nia liberdade finanseira atu buka-hetan sira-nia mehi ba sira-nia fam\u00edlia no m\u00f3s ba nasaun. Bainhira atinje ona, ida-ne\u2019e sei drastikamente halo mudansa ba konjuntura sekt\u00f3r privadu nian iha Timor-Leste. Ami sei halo diferensa ida ho ami-nia unidade, determinasaun, foku no profisionalizmu.[\/vc_column_text]<div class=\"theme-button-block-wrap wpex-block wpex-clear theme-button-wrap wpex-clr\"><a href=\"https:\/\/www.facebook.com\/aemtl.aemtl\" class=\"vcex-button theme-txt-link block button-with-top-border\" target=\"_blank\" style=\"font-weight:500;\" rel=\"noopener noreferrer\"><span class=\"theme-button-inner\">Hatene liutan kona-ba AEMTL, iha ne\u2019e<span class=\"vcex-icon-wrap theme-button-icon-right\"><span class=\"ticon ticon-angle-right\" aria-hidden=\"true\"><\/span><\/span><\/span><\/a><\/div> [\/vc_column_inner][vc_column_inner width=&#8221;1\/12&#8243;][\/vc_column_inner][\/vc_row_inner][vc_row_inner remove_bottom_col_margin=&#8221;true&#8221; css=&#8221;.vc_custom_1621494684062{margin-bottom: 80px !important;}&#8221;][vc_column_inner width=&#8221;1\/12&#8243;]<figure class=\"vcex-image vcex-module wpex-clr icon-heading\"><div class=\"vcex-image-inner wpex-inline-block wpex-relative\"><img decoding=\"async\" loading=\"lazy\" class=\"wpex-align-middle\" src=\"https:\/\/customs.gov.tl\/wp-content\/uploads\/2021\/06\/tradeOrganizations1.jpeg\" alt=\"\" width=\"188\" height=\"182\" \/><\/div><\/figure>[\/vc_column_inner][vc_column_inner width=&#8221;5\/6&#8243;][vc_column_text]\n<h3>TradeInvest<\/h3>\n<p>TradeInvest mak aj\u00e9nsia ofisi\u00e1l ba promosaun investimentu no esportasaun iha Timor-Leste no oferese servisu oioin ba empreza sira estranjeira no nasion\u00e1l nian.<\/p>\n<h4>Investid\u00f3r estranjeiru sira<\/h4>\n<ul>\n<li>Fornese informasaun kona-ba halo neg\u00f3siu iha Timor-Leste.<\/li>\n<li>Halo ligasaun ho empreza sira ne\u2019eb\u00e9 presta servisu profision\u00e1l, hanesan espesialista jur\u00eddiku, kontabilidade, ka servisu konsultoria.<\/li>\n<li>Buka rai estadu ka privadu ne\u2019eb\u00e9 apropriadu ba projetu sira investimentu nian no fasilita komunikasaun ho Diresaun Terra no Propriedade.<\/li>\n<li>Asjuda iha rejistu ba empreza no neg\u00f3siu nian, trata pedidu sira ba benef\u00edsiu espesi\u00e1l invesimentu nian (insentivu ba investimentu).<\/li>\n<li>Fornese servisu no asist\u00e9nsia sira p\u00f3s-investimentu nian.<\/li>\n<li>Halo advokasia ba medida sira atu hadi\u2019a klima investimentu rai-laran nian ho governu.<\/li>\n<\/ul>\n<h4>Sosa-na\u2019in estranjeiru sira<\/h4>\n<ul>\n<li>Ajuda hodi buka parseiru neg\u00f3siu lok\u00e1l ne\u2019eb\u00e9 konfi\u00e1vel atrav\u00e9s peskiza personalizada individu\u00e1l ka parseria sektori\u00e1l no eventu sira B2B.<\/li>\n<li>Fornese informasaun kona-ba Timor-Leste nia prosedimentu no regulamentu sira ba importasaun\/esportasaun nian.<\/li>\n<li>Halo ligasaun ho empreza sira ne\u2019eb\u00e9 fornese servisu kom\u00e9rsiu profision\u00e1lhanesan Despaxante Aduaneira, empreza loj\u00edstika sira, empreza sira ba peskiza merkadu nian ka servisu neg\u00f3siu profision\u00e1l nian.<\/li>\n<\/ul>\n<h4>Firma sira dom\u00e9stika nian<\/h4>\n<ul>\n<li>Avalia ita-boot sira-nia prontidaun ba esportasaun, ajuda ho elaborasaun ba ita-boot sira-nia planu esportasaun.<\/li>\n<li>Fornese informasaun kona-ba Timor-Leste nia prosedimentu no regulamentu sira ba importasaun\/esportasaun nian.<\/li>\n<li>Fornese dadus anal\u00edtiku kona-ba merkadu rai-li\u2019ur no intelij\u00e9nsia ka informasaun neg\u00f3siu nian.<\/li>\n<\/ul>\n<h4>Organiza eventu sira ba matchmaking ka parseria ho investid\u00f3r estranjeiru sira bazeada iha Timor-Leste.<\/h4>\n<ul>\n<li>Ajuda buka sosa-na\u2019in potensi\u00e1l sira husi rai-li\u2019ur atrav\u00e9s peskiza personalizada individu\u00e1l, B2B no eventu sira ba parseria ka matchmaking nian.<\/li>\n<li>F\u00f3 asist\u00e9nsia ba empreza dom\u00e9stika sira ne\u2019eb\u00e9 kualifikadu hodi partisipa iha ezibisaun, feira no misaun sira iha rai-li\u2019ur.<\/li>\n<li>Halo advokasia ba medida sira atu hadi\u2019a klima investimentu rai-laran nian ho governu.<\/li>\n<\/ul>\n[\/vc_column_text]<div class=\"theme-button-block-wrap wpex-block wpex-clear theme-button-wrap wpex-clr\"><a href=\"https:\/\/www.facebook.com\/aemtl.aemtl\" class=\"vcex-button theme-txt-link block button-with-top-border\" target=\"_blank\" style=\"font-weight:500;\" rel=\"noopener noreferrer\"><span class=\"theme-button-inner\">Hatene liutan kona-ba TradeInvest, iha ne\u2019e<span class=\"vcex-icon-wrap theme-button-icon-right\"><span class=\"ticon ticon-angle-right\" aria-hidden=\"true\"><\/span><\/span><\/span><\/a><\/div> [\/vc_column_inner][vc_column_inner width=&#8221;1\/12&#8243;][\/vc_column_inner][\/vc_row_inner][\/vc_column][vc_column width=&#8221;1\/4&#8243;]<div class=\"templatera_shortcode\"><div class=\"vc_row wpb_row vc_row-fluid\"><div class=\"wpb_column vc_column_container vc_col-sm-12\"><div class=\"vc_column-inner\"><div class=\"wpb_wrapper\">\n\t<div class=\"wpb_text_column wpb_content_element social-share\" >\n\t\t<div class=\"wpb_wrapper\">\n\t\t\t<h5>Fahe tutan pajina ida ne\u2019e<\/h5>\n\n\t\t<\/div>\n\t<\/div>\n\n<div class=\"vcex-module vcex-social-share\">\n\n\t<div class=\"wpex-social-share style-flat position-horizontal\" data-source=\"https%3A%2F%2Fcustoms.gov.tl%2Ftt%2F\" data-url=\"https%3A%2F%2Fcustoms.gov.tl%2Ftt%2Fwp-json%2Fwp%2Fv2%2Fpages%2F7384%2F\" data-title=\"Archives\" data-email-subject=\"I wanted you to see this link\" data-email-body=\"I wanted you to see this link https%3A%2F%2Fcustoms.gov.tl%2Ftt%2Fwp-json%2Fwp%2Fv2%2Fpages%2F7384%2F\" data-specs=\"menubar=no,toolbar=no,resizable=yes,scrollbars=yes,height=600,width=600\">\n\t<ul class=\"wpex-social-share__list\">\n\n\t\t\n\t\t\t\t<li class=\"wpex-social-share__item custom-print\">\n\n\t\t\t\t\t\n\t\t\t\t\t\t<a href=\"#print\" role=\"button\" class=\"wpex-social-share__link\">\n\n\t\t\t\t\t\n\t\t\t\t\t\t<img decoding=\"async\" src=\"http:\/\/customs.gov.tl\/wp-content\/uploads\/2021\/05\/icon-print.svg\" \/>\n\t\t\t\t\t\t\t\t\t\t\t\t\t<span class=\"wpex-social-share__label wpex-label\">Print<\/span>\n\t\t\t\t\t\t\n\t\t\t\t\t<\/a>\n\n\t\t\t\t<\/li>\n\n\t\t\t\n\t\t\t\t<li class=\"wpex-social-share__item wpex-email\">\n\n\t\t\t\t\t\n\t\t\t\t\t\t<a href=\"#\" role=\"button\" class=\"wpex-social-share__link\">\n\n\t\t\t\t\t\n\t\t\t\t\t\t<img decoding=\"async\" src=\"http:\/\/customs.gov.tl\/wp-content\/uploads\/2021\/05\/icon-envelope.svg\" \/>\n\t\t\t\t\t\t\t\t\t\t\t\t\t<span class=\"wpex-social-share__label wpex-label\">Email<\/span>\n\t\t\t\t\t\t\n\t\t\t\t\t<\/a>\n\n\t\t\t\t<\/li>\n\n\t\t\t\n\t\t\t\t<li class=\"wpex-social-share__item wpex-facebook\">\n\n\t\t\t\t\t\n\t\t\t\t\t\t<a href=\"#\" role=\"button\" class=\"wpex-social-share__link\">\n\n\t\t\t\t\t\n\t\t\t\t\t\t<img decoding=\"async\" src=\"http:\/\/customs.gov.tl\/wp-content\/uploads\/2021\/05\/icon-facebook.svg\" \/>\n\t\t\t\t\t\t\t\t\t\t\t\t\t<span class=\"wpex-social-share__label wpex-label\">Share<\/span>\n\t\t\t\t\t\t\n\t\t\t\t\t<\/a>\n\n\t\t\t\t<\/li>\n\n\t\t\t\n\t\t\t\t<li class=\"wpex-social-share__item wpex-linkedin\">\n\n\t\t\t\t\t\n\t\t\t\t\t\t<a href=\"#\" role=\"button\" class=\"wpex-social-share__link\">\n\n\t\t\t\t\t\n\t\t\t\t\t\t<img decoding=\"async\" src=\"http:\/\/customs.gov.tl\/wp-content\/uploads\/2021\/05\/icon-linkedin.svg\" \/>\n\t\t\t\t\t\t\t\t\t\t\t\t\t<span class=\"wpex-social-share__label wpex-label\">Share<\/span>\n\t\t\t\t\t\t\n\t\t\t\t\t<\/a>\n\n\t\t\t\t<\/li>\n\n\t\t\t\n\t<\/ul>\n\n\t<\/div>\n\n<\/div><\/div><\/div><\/div><\/div>\r\n<\/div>[vc_row_inner el_class=&#8221;contact-sidebar&#8221;][vc_column_inner][vc_empty_space height=&#8221;70px&#8221;][vc_column_text el_class=&#8221;contact-details&#8221; css=&#8221;.vc_custom_1627271988811{margin-bottom: 5px !important;border-bottom-width: 1px !important;border-bottom-color: #000000 !important;border-bottom-style: solid !important;}&#8221;]\n<h5>Detallu Kontaktu<\/h5>\n[\/vc_column_text][vc_column_text css=&#8221;.vc_custom_1623570276431{margin-left: 36px !important;padding-bottom: 5px !important;}&#8221;]\n<h5>CCI-TL<\/h5>\n[\/vc_column_text]<div class=\"vcex-module vcex-list_item wpex-max-w-100 wpex-clr wpex-mb-5\"><div class=\"vcex-list-item-inner wpex-inline-flex wpex-flex-no-wrap wpex-items-center\"><div class=\"vcex-list-item-icon wpex-mr-10\"><div class=\"vcex-icon-wrap wpex-inline-flex wpex-justify-center wpex-items-center\"><span class=\"ticon ticon-map-marker\"><\/span><\/div><\/div><div class=\"vcex-list-item-text vcex-content wpex-flex-grow\">Rua 30 de Agosto, No.02, Acait, Dili, Timor-Leste (eis embaixada Portugal)<\/div><\/div><\/div><div class=\"vcex-module vcex-list_item wpex-max-w-100 wpex-clr wpex-mb-5\"><div class=\"vcex-list-item-inner wpex-inline-flex wpex-flex-no-wrap wpex-items-center\"><div class=\"vcex-list-item-icon wpex-mr-10\"><div class=\"vcex-icon-wrap wpex-inline-flex wpex-justify-center wpex-items-center\"><span class=\"ticon ticon-phone-square\"><\/span><\/div><\/div><div class=\"vcex-list-item-text vcex-content wpex-flex-grow\">(+670) 332 1022<\/div><\/div><\/div><div class=\"vcex-module vcex-list_item wpex-max-w-100 wpex-clr wpex-mb-5\"><a  href=\"mailto:informacaosm@gmail.com\" class=\"vcex-list-item-link wpex-no-underline\"><div class=\"vcex-list-item-inner wpex-inline-flex wpex-flex-no-wrap wpex-items-center\"><div class=\"vcex-list-item-icon wpex-mr-10\"><div class=\"vcex-icon-wrap wpex-inline-flex wpex-justify-center wpex-items-center\"><span class=\"ticon ticon-envelope-o\"><\/span><\/div><\/div><div class=\"vcex-list-item-text vcex-content wpex-flex-grow\">info@cci.tl<\/div><\/div><\/a><\/div>[\/vc_column_inner][\/vc_row_inner][vc_row_inner el_class=&#8221;contact-sidebar&#8221;][vc_column_inner][vc_empty_space height=&#8221;70px&#8221;][vc_column_text css=&#8221;.vc_custom_1623570449929{margin-left: 36px !important;padding-bottom: 5px !important;}&#8221;]\n<h5>AEMTL<\/h5>\n[\/vc_column_text]<div class=\"vcex-module vcex-list_item wpex-max-w-100 wpex-clr wpex-mb-5\"><div class=\"vcex-list-item-inner wpex-inline-flex wpex-flex-no-wrap wpex-items-center\"><div class=\"vcex-list-item-icon wpex-mr-10\"><div class=\"vcex-icon-wrap wpex-inline-flex wpex-justify-center wpex-items-center\"><span class=\"ticon ticon-map-marker\"><\/span><\/div><\/div><div class=\"vcex-list-item-text vcex-content wpex-flex-grow\">Rua 30 de Agosto, No.02, Acait, Dili, Timor-Leste (eis embaixada Portugal)<\/div><\/div><\/div><div class=\"vcex-module vcex-list_item wpex-max-w-100 wpex-clr wpex-mb-5\"><div class=\"vcex-list-item-inner wpex-inline-flex wpex-flex-no-wrap wpex-items-center\"><div class=\"vcex-list-item-icon wpex-mr-10\"><div class=\"vcex-icon-wrap wpex-inline-flex wpex-justify-center wpex-items-center\"><span class=\"ticon ticon-phone-square\"><\/span><\/div><\/div><div class=\"vcex-list-item-text vcex-content wpex-flex-grow\">(+670) 7723 4390<\/div><\/div><\/div><div class=\"vcex-module vcex-list_item wpex-max-w-100 wpex-clr wpex-mb-5\"><a  href=\"mailto:informacaosm@gmail.com\" class=\"vcex-list-item-link wpex-no-underline\"><div class=\"vcex-list-item-inner wpex-inline-flex wpex-flex-no-wrap wpex-items-center\"><div class=\"vcex-list-item-icon wpex-mr-10\"><div class=\"vcex-icon-wrap wpex-inline-flex wpex-justify-center wpex-items-center\"><span class=\"ticon ticon-envelope-o\"><\/span><\/div><\/div><div class=\"vcex-list-item-text vcex-content wpex-flex-grow\">fetoaemtl@gmail.com<\/div><\/div><\/a><\/div>[\/vc_column_inner][\/vc_row_inner][vc_row_inner el_class=&#8221;contact-sidebar&#8221;][vc_column_inner][vc_empty_space height=&#8221;70px&#8221;][vc_column_text css=&#8221;.vc_custom_1623570601998{margin-left: 36px !important;padding-bottom: 5px !important;}&#8221;]\n<h5>TradeInvest<\/h5>\n[\/vc_column_text]<div class=\"vcex-module vcex-list_item wpex-max-w-100 wpex-clr wpex-mb-5\"><div class=\"vcex-list-item-inner wpex-inline-flex wpex-flex-no-wrap wpex-items-center\"><div class=\"vcex-list-item-icon wpex-mr-10\"><div class=\"vcex-icon-wrap wpex-inline-flex wpex-justify-center wpex-items-center\"><span class=\"ticon ticon-map-marker\"><\/span><\/div><\/div><div class=\"vcex-list-item-text vcex-content wpex-flex-grow\">Rua 25 de Abril, n.o 8, Colmera, Vera Cruz, D\u00edli, Timor-Leste<\/div><\/div><\/div><div class=\"vcex-module vcex-list_item wpex-max-w-100 wpex-clr wpex-mb-5\"><div class=\"vcex-list-item-inner wpex-inline-flex wpex-flex-no-wrap wpex-items-center\"><div class=\"vcex-list-item-icon wpex-mr-10\"><div class=\"vcex-icon-wrap wpex-inline-flex wpex-justify-center wpex-items-center\"><span class=\"ticon ticon-phone-square\"><\/span><\/div><\/div><div class=\"vcex-list-item-text vcex-content wpex-flex-grow\">(+670) 3311105 \/ 3311553<\/div><\/div><\/div><div class=\"vcex-module vcex-list_item wpex-max-w-100 wpex-clr wpex-mb-5\"><a  href=\"mailto:informacaosm@gmail.com\" class=\"vcex-list-item-link wpex-no-underline\"><div class=\"vcex-list-item-inner wpex-inline-flex wpex-flex-no-wrap wpex-items-center\"><div class=\"vcex-list-item-icon wpex-mr-10\"><div class=\"vcex-icon-wrap wpex-inline-flex wpex-justify-center wpex-items-center\"><span class=\"ticon ticon-envelope-o\"><\/span><\/div><\/div><div class=\"vcex-list-item-text vcex-content wpex-flex-grow\">drem@investtimor-leste.com<\/div><\/div><\/a><\/div>[\/vc_column_inner][\/vc_row_inner][vc_row_inner][vc_column_inner][\/vc_column_inner][\/vc_row_inner][\/vc_column][\/vc_row]\n<\/div>","protected":false},"excerpt":{"rendered":"","protected":false},"author":8,"featured_media":6943,"parent":7375,"menu_order":0,"comment_status":"open","ping_status":"open","template":"","meta":{"inline_featured_image":false,"footnotes":""},"class_list":["post-7384","page","type-page","status-publish","has-post-thumbnail","hentry","entry","no-media"],"_links":{"self":[{"href":"https:\/\/customs.gov.tl\/tt\/wp-json\/wp\/v2\/pages\/7384","targetHints":{"allow":["GET"]}}],"collection":[{"href":"https:\/\/customs.gov.tl\/tt\/wp-json\/wp\/v2\/pages"}],"about":[{"href":"https:\/\/customs.gov.tl\/tt\/wp-json\/wp\/v2\/types\/page"}],"author":[{"embeddable":true,"href":"https:\/\/customs.gov.tl\/tt\/wp-json\/wp\/v2\/users\/8"}],"replies":[{"embeddable":true,"href":"https:\/\/customs.gov.tl\/tt\/wp-json\/wp\/v2\/comments?post=7384"}],"version-history":[{"count":4,"href":"https:\/\/customs.gov.tl\/tt\/wp-json\/wp\/v2\/pages\/7384\/revisions"}],"predecessor-version":[{"id":11458,"href":"https:\/\/customs.gov.tl\/tt\/wp-json\/wp\/v2\/pages\/7384\/revisions\/11458"}],"up":[{"embeddable":true,"href":"https:\/\/customs.gov.tl\/tt\/wp-json\/wp\/v2\/pages\/7375"}],"wp:featuredmedia":[{"embeddable":true,"href":"https:\/\/customs.gov.tl\/tt\/wp-json\/wp\/v2\/media\/6943"}],"wp:attachment":[{"href":"https:\/\/customs.gov.tl\/tt\/wp-json\/wp\/v2\/media?parent=7384"}],"curies":[{"name":"wp","href":"https:\/\/api.w.org\/{rel}","templated":true}]}}