{"id":7382,"date":"2021-08-01T17:34:03","date_gmt":"2021-08-01T17:34:03","guid":{"rendered":"https:\/\/sandbox.ittimor.com\/cust\/doing-business\/national-single-windows\/"},"modified":"2022-11-23T05:50:36","modified_gmt":"2022-11-23T05:50:36","slug":"national-single-windows","status":"publish","type":"page","link":"https:\/\/customs.gov.tl\/tt\/doing-business\/national-single-windows\/","title":{"rendered":"Janela \u00danika Nasion\u00e1l"},"content":{"rendered":"<div class=\"wpb-content-wrapper\">[vc_row][vc_column]<div class=\"templatera_shortcode\"><div class=\"vc_row wpb_row vc_row-fluid page-title-img vc_custom_1619918400247 wpex-vc_row-has-fill wpex-vc-has-custom-column-spacing wpex-vc-column-spacing-0px no-bottom-margins wpex-vc-reset-negative-margin\"><div class=\"wpb_column vc_column_container vc_col-sm-12\"><div class=\"vc_column-inner\"><div class=\"wpb_wrapper\"><div class=\"vc_row wpb_row vc_inner vc_row-fluid page-title-overlay vc_custom_1619918083982 wpex-vc_row-has-fill no-bottom-margins wpex-vc-reset-negative-margin\"><div class=\"wpb_column vc_column_container vc_col-sm-12\"><div class=\"vc_column-inner\"><div class=\"wpb_wrapper\"><\/div><\/div><\/div><\/div><\/div><\/div><\/div><\/div><div data-vc-full-width=\"true\" data-vc-full-width-init=\"false\" class=\"vc_row wpb_row vc_row-fluid page-title-background vc_custom_1619917356710 wpex-vc_row-has-fill wpex-vc-row-stretched\"><div class=\"wpb_column vc_column_container vc_col-sm-12\"><div class=\"vc_column-inner\"><div class=\"wpb_wrapper\"><\/div><\/div><\/div><\/div><div class=\"vc_row-full-width vc_clearfix\"><\/div><\/div>[\/vc_column][\/vc_row][vc_row remove_bottom_col_margin=&#8221;true&#8221;][vc_column width=&#8221;3\/4&#8243;][vc_row_inner remove_bottom_col_margin=&#8221;true&#8221; css=&#8221;.vc_custom_1623387276614{margin-bottom: 60px !important;}&#8221;][vc_column_inner width=&#8221;11\/12&#8243;][vc_column_text]\n<h3>Fundu<\/h3>\n<p>Janela \u00danika Nasion\u00e1l mak port\u00e1l aduaneiru ida iha-ne\u2019eb\u00e9 komersiante sira bele hatama dokumentu hotu-hotu relasinadu ho kom\u00e9rsiu nian no bele asesu informasaun relevante hotu-hotu kona-ba kom\u00e9rsiu nian atrav\u00e9s portal eletr\u00f3niku ida \u00faniku. Portal ne\u2019e konekta Autoridade Aduaneira ho aj\u00e9nsia governu nian hotu-hotu ne\u2019eb\u00e9 trata ho movimentasaun ema ka merkadoria sira, inklui autoridade tribut\u00e1ria, imigrasaun, kuarentena, sa\u00fade, transporte, agrikultura, peska, neg\u00f3siu estranjeiru, no Banku Sentr\u00e1l.<\/p>\n<p style=\"text-align: justify;\">Iha tinan 2017, governu liuhusi Konsellu Ministru aprova rezolusaun N\u00fa. 24\/2017 hodi estabelese NSW liuhusi sistema ASYCUDA World ne\u2019eb\u00e9 utiliza ona husi Autoridade Aduaneira iha tutela Minist\u00e9riu Finance nian dezde 2018. Ita-boot bele asesu ba k\u00f3pia ida husi rezolusaun ida-ne\u2019e, iha <a href=\"https:\/\/customs.gov.tl\/tt\/doing-business\/document-database\/\">ne\u2019e<\/a>.<\/p>\n[\/vc_column_text][\/vc_column_inner][vc_column_inner width=&#8221;1\/12&#8243;][\/vc_column_inner][\/vc_row_inner][vc_row_inner remove_bottom_col_margin=&#8221;true&#8221; css=&#8221;.vc_custom_1623387288135{margin-bottom: 60px !important;}&#8221;][vc_column_inner width=&#8221;11\/12&#8243;][vc_column_text]\n<h3>Oins\u00e1 mak Jan\u00e9la \u00danika Nasion\u00e1l ne\u2019e Ajuda Komersiante sira?<\/h3>\n<p>Tradisionalmente, bainhira komersiante sira hakarak atu halo importasaun ka esportasaun ba merkadoria, sira tenki hatama informasaun ne\u2019eb\u00e9 hanesan dala lubuk ba entidade governu oioin. Dalaruma dokumentu hirak ne\u2019e tenki hatama eletronikamente, dalaruma iha suratahan de\u2019it.<\/p>\n<p>Ida-ne\u2019e gasta tempu, dala barak folin karu, haboot xanse atu komete erru, no difikulta prosesu kom\u00e9rsiu nian. Sistema ida-ne\u2019e automatiza no simplifika situasaun ida-ne\u2019e hodi permite komersiante sira atu hatama informasaun hotu-hotu kona-ba importasaun, esportasaun no tr\u00e1nzitu nian ne\u2019eb\u00e9 ezije husi aj\u00e9nsia reguladora sira atrav\u00e9s port\u00e1l eletr\u00f3niku ida \u00faniku. Suratahan sira eliminadu no informasaun sira ne\u2019eb\u00e9 ho presizaun no konsistente dispon\u00edvel ba komersiante sira.<\/p>\n<p style=\"text-align: justify;\">Hodi halo nune\u2019e, sistema ne\u2019e m\u00f3s permite komersiante sira atu asesus regra, regulamentu, prosedimentu, tabela taxa no formul\u00e1riu kom\u00e9rsiu nian hotu-hotu ne\u2019eb\u00e9 relevante husi aj\u00e9nsia jestaun fronteira nian hotu-hotu atrav\u00e9s website \u00faniku ida ne\u2019eb\u00e9 fasil atu uza.<\/p>\n[\/vc_column_text][\/vc_column_inner][vc_column_inner width=&#8221;1\/12&#8243;][\/vc_column_inner][\/vc_row_inner][vc_row_inner remove_bottom_col_margin=&#8221;true&#8221; css=&#8221;.vc_custom_1623387306990{margin-bottom: 40px !important;}&#8221;][vc_column_inner width=&#8221;11\/12&#8243;][vc_column_text]\n<h3>Jan\u00e9la \u00danika Nasion\u00e1l Lansa iha Timor-Leste<\/h3>\n<p>Iha loron 1 Fevereiru 2021, Mnistru Finansa, S.E. Rui Augusto Gomes no Ministru Koordenad\u00f3r ba Asuntu Ekon\u00f3miku, S.E. Joaquim Amaral, ohin dadeer, ofisialmente lansa Janela \u00danika Nasion\u00e1l husi Sistema ASYCUDA World hodi halo integrasaun TradeInvest ba iha plataforma online.<\/p>\n<p>Lansamentu ne\u2019e nu\u2019udar marku importante ida ba Autoridade Aduaneira iha tutela Minist\u00e9riu finansa nian iha kontestu programa reforma fisk\u00e1l no finansa p\u00fablika, ne\u2019eb\u00e9 inisialmente hah\u00fa tiha ona husi VI Governu no VIII Governu ida-ne\u2019e komprmetidu tebes atu promove ajenda reforma refere. port\u00e1l NSW ida-ne\u2019e sei konekta Timor-Leste ba merkadu kom\u00e9rsiu glob\u00e1l nian no sei impulsiona nasaun ne\u2019e asesu emprezari\u00e1l ba merkadu sira iha \u00e1rea sira agrikultura, turizmu, peska, peku\u00e1ria no ind\u00fastria sira seluk \u2013 meiu ida atu fasilita Timor-Leste hodi diversifika ninia ekonomia.<\/p>\n<p>Port\u00e1l online ne\u2019e sei konekta Autoridade Aduaneira ne\u2019eb\u00e9 iha tutela Minist\u00e9riu Finansa ho li\u00f1a ministeri\u00e1l \/ aj\u00e9nsia governu nian sira ne\u2019eb\u00e9 trata ho movimentasaun ba merkadoria no servisu sira, inklui Autoridade Tribut\u00e1ria, Imigrasaun, Kuarentena, Minist\u00e9riu Sa\u00fade, Minist\u00e9riu Transporte no Telekomunikasaun, MTKI, TradeInvest no Autoridade Portu\u00e1riu. Sistema interface ne\u2019eb\u00e9 empregadu iha servisu sira administrasaun p\u00fablika nia laran ne\u2019e sei diminui konjestaun, hamenus kustu ba transasaun, inklui tempu ba dezalfandegamentu iha fronteira terrestre, portu, no aeroportu sira \u2013 halo sai fasil ba komersiante sira. Ida-ne\u2019e m\u00f3s sei ajuda Governu liuhusi Minist\u00e9riu Finansa atu halo kobransa ba reseita ho maneira ida justu no transparente.<\/p>\n<p style=\"text-align: justify;\">Lansamentu ho susesu ba NSW ne\u2019e nu\u2019udar parte husi esforsu ida husi Autoridade Aduaneira ne\u2019eb\u00e9 iha tutela Minist\u00e9riu Finansa iha supervizaun S.E. Vise-Ministra Dra. Sara L. Brites, ho apoiu no asist\u00e9nsia husi Konfer\u00e9nsia Nasoens Unidas ba Asuntu Kom\u00e9rsiu no Dezenvolvimentu [United Nations Conference on Trade and Development] (UNCTAD).<\/p>\n[\/vc_column_text][\/vc_column_inner][vc_column_inner width=&#8221;1\/12&#8243;][\/vc_column_inner][\/vc_row_inner][vc_row_inner remove_bottom_col_margin=&#8221;true&#8221; css=&#8221;.vc_custom_1622260442240{margin-bottom: 40px !important;}&#8221;][vc_column_inner width=&#8221;11\/12&#8243;]<figure class=\"vcex-image vcex-module wpex-clr\"><div class=\"vcex-image-inner wpex-inline-block wpex-relative\"><img decoding=\"async\" width=\"9999\" loading=\"lazy\" class=\"wpex-align-middle\" src=\"https:\/\/customs.gov.tl\/wp-content\/uploads\/2021\/07\/Group-591_TT.svg\" alt=\"\" height=\"684\" \/><\/div><\/figure>[\/vc_column_inner][vc_column_inner width=&#8221;1\/12&#8243;][\/vc_column_inner][\/vc_row_inner][\/vc_column][vc_column width=&#8221;1\/4&#8243;]<div class=\"templatera_shortcode\"><div class=\"vc_row wpb_row vc_row-fluid\"><div class=\"wpb_column vc_column_container vc_col-sm-12\"><div class=\"vc_column-inner\"><div class=\"wpb_wrapper\">\n\t<div class=\"wpb_text_column wpb_content_element social-share\" >\n\t\t<div class=\"wpb_wrapper\">\n\t\t\t<h5>Fahe tutan pajina ida ne\u2019e<\/h5>\n\n\t\t<\/div>\n\t<\/div>\n\n<div class=\"vcex-module vcex-social-share\">\n\n\t<div class=\"wpex-social-share style-flat position-horizontal\" data-source=\"https%3A%2F%2Fcustoms.gov.tl%2Ftt%2F\" data-url=\"https%3A%2F%2Fcustoms.gov.tl%2Ftt%2Fwp-json%2Fwp%2Fv2%2Fpages%2F7382%2F\" data-title=\"Archives\" data-email-subject=\"I wanted you to see this link\" data-email-body=\"I wanted you to see this link https%3A%2F%2Fcustoms.gov.tl%2Ftt%2Fwp-json%2Fwp%2Fv2%2Fpages%2F7382%2F\" data-specs=\"menubar=no,toolbar=no,resizable=yes,scrollbars=yes,height=600,width=600\">\n\t<ul class=\"wpex-social-share__list\">\n\n\t\t\n\t\t\t\t<li class=\"wpex-social-share__item custom-print\">\n\n\t\t\t\t\t\n\t\t\t\t\t\t<a href=\"#print\" role=\"button\" class=\"wpex-social-share__link\">\n\n\t\t\t\t\t\n\t\t\t\t\t\t<img decoding=\"async\" src=\"http:\/\/customs.gov.tl\/wp-content\/uploads\/2021\/05\/icon-print.svg\" \/>\n\t\t\t\t\t\t\t\t\t\t\t\t\t<span class=\"wpex-social-share__label wpex-label\">Print<\/span>\n\t\t\t\t\t\t\n\t\t\t\t\t<\/a>\n\n\t\t\t\t<\/li>\n\n\t\t\t\n\t\t\t\t<li class=\"wpex-social-share__item wpex-email\">\n\n\t\t\t\t\t\n\t\t\t\t\t\t<a href=\"#\" role=\"button\" class=\"wpex-social-share__link\">\n\n\t\t\t\t\t\n\t\t\t\t\t\t<img decoding=\"async\" src=\"http:\/\/customs.gov.tl\/wp-content\/uploads\/2021\/05\/icon-envelope.svg\" \/>\n\t\t\t\t\t\t\t\t\t\t\t\t\t<span class=\"wpex-social-share__label wpex-label\">Email<\/span>\n\t\t\t\t\t\t\n\t\t\t\t\t<\/a>\n\n\t\t\t\t<\/li>\n\n\t\t\t\n\t\t\t\t<li class=\"wpex-social-share__item wpex-facebook\">\n\n\t\t\t\t\t\n\t\t\t\t\t\t<a href=\"#\" role=\"button\" class=\"wpex-social-share__link\">\n\n\t\t\t\t\t\n\t\t\t\t\t\t<img decoding=\"async\" src=\"http:\/\/customs.gov.tl\/wp-content\/uploads\/2021\/05\/icon-facebook.svg\" \/>\n\t\t\t\t\t\t\t\t\t\t\t\t\t<span class=\"wpex-social-share__label wpex-label\">Share<\/span>\n\t\t\t\t\t\t\n\t\t\t\t\t<\/a>\n\n\t\t\t\t<\/li>\n\n\t\t\t\n\t\t\t\t<li class=\"wpex-social-share__item wpex-linkedin\">\n\n\t\t\t\t\t\n\t\t\t\t\t\t<a href=\"#\" role=\"button\" class=\"wpex-social-share__link\">\n\n\t\t\t\t\t\n\t\t\t\t\t\t<img decoding=\"async\" src=\"http:\/\/customs.gov.tl\/wp-content\/uploads\/2021\/05\/icon-linkedin.svg\" \/>\n\t\t\t\t\t\t\t\t\t\t\t\t\t<span class=\"wpex-social-share__label wpex-label\">Share<\/span>\n\t\t\t\t\t\t\n\t\t\t\t\t<\/a>\n\n\t\t\t\t<\/li>\n\n\t\t\t\n\t<\/ul>\n\n\t<\/div>\n\n<\/div><\/div><\/div><\/div><\/div>\r\n<\/div>[vc_empty_space height=&#8221;80px&#8221;][vc_row_inner el_class=&#8221;downloads-sidebar&#8221;][vc_column_inner][vc_column_text el_class=&#8221;downloads-title&#8221; css=&#8221;.vc_custom_1623296674533{border-bottom-width: 1px !important;border-bottom-color: #0f1a3f !important;border-bottom-style: solid !important;}&#8221;]\n<h5>Downloads<\/h5>\n[\/vc_column_text]<div class=\"vcex-module vcex-list_item wpex-max-w-100 wpex-clr wpex-mb-5\"><a  href=\"https:\/\/customs.gov.tl\/tt\/doing-business\/document-database\/\" class=\"vcex-list-item-link wpex-no-underline\"><div class=\"vcex-list-item-inner wpex-inline-flex wpex-flex-no-wrap wpex-items-center\"><div class=\"vcex-list-item-icon wpex-mr-10\"><div class=\"vcex-icon-wrap wpex-inline-flex wpex-justify-center wpex-items-center\"><span class=\"ticon ticon-download\"><\/span><\/div><\/div><div class=\"vcex-list-item-text vcex-content wpex-flex-grow\"><a href=\"https:\/\/customs.gov.tl\/tt\/doing-business\/document-database\/?search.search=Adota Sistema Inform\u00e1tiku ASYCUDA World nu\u2019udar Plataforma ba Implementasaun Janela \u00danika Eletr\u00f3nika Timor-Leste nian (Rezolusaun Governu N\u00fa. 24\/2017)\">Rezolusaun Governu 24_2017<\/a><\/div><\/div><\/a><\/div>[\/vc_column_inner][\/vc_row_inner][\/vc_column][\/vc_row][vc_row remove_bottom_col_margin=&#8221;true&#8221;][vc_column width=&#8221;3\/4&#8243;][\/vc_column][vc_column width=&#8221;1\/4&#8243;][\/vc_column][\/vc_row]\n<\/div>","protected":false},"excerpt":{"rendered":"","protected":false},"author":8,"featured_media":6940,"parent":7375,"menu_order":0,"comment_status":"open","ping_status":"open","template":"","meta":{"inline_featured_image":false,"footnotes":""},"class_list":["post-7382","page","type-page","status-publish","has-post-thumbnail","hentry","entry","no-media"],"_links":{"self":[{"href":"https:\/\/customs.gov.tl\/tt\/wp-json\/wp\/v2\/pages\/7382","targetHints":{"allow":["GET"]}}],"collection":[{"href":"https:\/\/customs.gov.tl\/tt\/wp-json\/wp\/v2\/pages"}],"about":[{"href":"https:\/\/customs.gov.tl\/tt\/wp-json\/wp\/v2\/types\/page"}],"author":[{"embeddable":true,"href":"https:\/\/customs.gov.tl\/tt\/wp-json\/wp\/v2\/users\/8"}],"replies":[{"embeddable":true,"href":"https:\/\/customs.gov.tl\/tt\/wp-json\/wp\/v2\/comments?post=7382"}],"version-history":[{"count":4,"href":"https:\/\/customs.gov.tl\/tt\/wp-json\/wp\/v2\/pages\/7382\/revisions"}],"predecessor-version":[{"id":11451,"href":"https:\/\/customs.gov.tl\/tt\/wp-json\/wp\/v2\/pages\/7382\/revisions\/11451"}],"up":[{"embeddable":true,"href":"https:\/\/customs.gov.tl\/tt\/wp-json\/wp\/v2\/pages\/7375"}],"wp:featuredmedia":[{"embeddable":true,"href":"https:\/\/customs.gov.tl\/tt\/wp-json\/wp\/v2\/media\/6940"}],"wp:attachment":[{"href":"https:\/\/customs.gov.tl\/tt\/wp-json\/wp\/v2\/media?parent=7382"}],"curies":[{"name":"wp","href":"https:\/\/api.w.org\/{rel}","templated":true}]}}