{"id":7378,"date":"2021-08-01T17:33:33","date_gmt":"2021-08-01T17:33:33","guid":{"rendered":"https:\/\/sandbox.ittimor.com\/cust\/doing-business\/duties-taxes\/"},"modified":"2023-02-10T03:05:54","modified_gmt":"2023-02-10T03:05:54","slug":"duties-taxes","status":"publish","type":"page","link":"https:\/\/customs.gov.tl\/tt\/doing-business\/duties-taxes\/","title":{"rendered":"Direitu no Impostu sira"},"content":{"rendered":"<div class=\"wpb-content-wrapper\">[vc_row][vc_column]<div class=\"templatera_shortcode\"><div class=\"vc_row wpb_row vc_row-fluid page-title-img vc_custom_1619918400247 wpex-vc_row-has-fill wpex-vc-has-custom-column-spacing wpex-vc-column-spacing-0px no-bottom-margins wpex-vc-reset-negative-margin\"><div class=\"wpb_column vc_column_container vc_col-sm-12\"><div class=\"vc_column-inner\"><div class=\"wpb_wrapper\"><div class=\"vc_row wpb_row vc_inner vc_row-fluid page-title-overlay vc_custom_1619918083982 wpex-vc_row-has-fill no-bottom-margins wpex-vc-reset-negative-margin\"><div class=\"wpb_column vc_column_container vc_col-sm-12\"><div class=\"vc_column-inner\"><div class=\"wpb_wrapper\"><\/div><\/div><\/div><\/div><\/div><\/div><\/div><\/div><div data-vc-full-width=\"true\" data-vc-full-width-init=\"false\" class=\"vc_row wpb_row vc_row-fluid page-title-background vc_custom_1619917356710 wpex-vc_row-has-fill wpex-vc-row-stretched\"><div class=\"wpb_column vc_column_container vc_col-sm-12\"><div class=\"vc_column-inner\"><div class=\"wpb_wrapper\"><\/div><\/div><\/div><\/div><div class=\"vc_row-full-width vc_clearfix\"><\/div><\/div>[\/vc_column][\/vc_row][vc_row remove_bottom_col_margin=&#8221;true&#8221;][vc_column width=&#8221;3\/4&#8243;][vc_row_inner remove_bottom_col_margin=&#8221;true&#8221; css=&#8221;.vc_custom_1621494676020{margin-bottom: 80px !important;}&#8221;][vc_column_inner width=&#8221;1\/12&#8243;]<figure class=\"vcex-image vcex-module wpex-clr hidden icon-heading\"><div class=\"vcex-image-inner wpex-inline-block wpex-relative\"><img decoding=\"async\" loading=\"lazy\" class=\"wpex-align-middle\" src=\"https:\/\/customs.gov.tl\/wp-content\/uploads\/2023\/01\/icons8-calculator-80-1.png\" alt=\"\" width=\"80\" height=\"80\" \/><\/div><\/figure>[\/vc_column_inner][vc_column_inner width=&#8221;5\/6&#8243;][vc_column_text visibility=&#8221;hidden&#8221;]\n<h3>K\u00e1lkulad\u00f3r ba tarifas Impostu Importasaun, ba Venda no ba Konsumu<\/h3>\n<p>Ba sira nia konveni\u00e9nsia, ami dezenvolve maneira f\u00e1sil atu halo k\u00e1lkulas ba tarifas Impostu Importasaun, ba Venda no ba Konsumu ne&#8217;eb\u00e9 ita tenke selu. K\u00e1lkulad\u00f3r ne&#8217;e tenke uza hanesan guia de&#8217;it, no total ne&#8217;e bele muda depende ba klasifikasaun ba sira nia merkadoria, kuantidade ka pezu ne&#8217;eb\u00e9 asosia ho sasan.[\/vc_column_text][\/vc_column_inner][vc_column_inner width=&#8221;1\/12&#8243;][\/vc_column_inner][\/vc_row_inner][vc_row_inner remove_bottom_col_margin=&#8221;true&#8221; css=&#8221;.vc_custom_1621494676020{margin-bottom: 80px !important;}&#8221;][vc_column_inner width=&#8221;1\/12&#8243;]<figure class=\"vcex-image vcex-module wpex-clr icon-heading\"><div class=\"vcex-image-inner wpex-inline-block wpex-relative\"><img decoding=\"async\" width=\"61\" height=\"55\" src=\"https:\/\/customs.gov.tl\/wp-content\/uploads\/2021\/05\/invest.svg\" class=\"wpex-align-middle\" alt=\"\" width=\"9999\" loading=\"lazy\" \/><\/div><\/figure>[\/vc_column_inner][vc_column_inner width=&#8221;5\/6&#8243;][vc_column_text]\n<h3>Tarifa sira Aplik\u00e1vel ba Merkadoria sira Importadu<\/h3>\n<p>Se ita-boot halo importasaun komersi\u00e1l ba merkadoria sira tama mai Timor-Leste, ita-boot tenki selu direitu no impostu sira ne\u2019eb\u00e9 aplik\u00e1vel tuir lei.<\/p>\n<p>Iha tipu tolu husi direitu no impostu sira ne\u2019eb\u00e9 aplika ba importasaun, mak hanesan tuirmai:<\/p>\n<ul>\n<li><strong>Impostu Importasaun<\/strong>, ne\u2019eb\u00e9 mak ko\u00f1esidu m\u00f3s hanesan \u201cdireitu aduaneiru\u201d, ne\u2019e kalkuladu ho taxa 5% husi val\u00f3r merkadoria nian.<br \/><br \/><\/li>\n<li><strong>Impostu ba Venda<\/strong> ne\u2019e kobradu ho taxa 2.5% husi montante ka val\u00f3r sira tuirmai:<br \/><br \/>(A) val\u00f3r aduaneiru husi merkadoria nian<br \/>\n(B) val\u00f3r husi impostu Importasaun ne\u2019eb\u00e9 impoin<br \/>\n(C) val\u00f3r husi kualk\u00e9r impostu-konsumu ne\u2019eb\u00e9 selu<\/li>\n<\/ul>\n<p>Ho liafuan seluk, val\u00f3r baze ba Impostu ba Venda = A+B+C<\/p>\n<ul>\n<li><strong>Impostu-Konsumu<\/strong> nian ne\u2019e kobradu tuir taxa persentajen ne\u2019eb\u00e9 diferente ka unidade espes\u00edfiku, depende ba tipu merkadoria sira.<br \/>\nVal\u00f3r baze ba Impostu-Konsumu maka kustu produtu sira nian.<\/li>\n<\/ul>\n[\/vc_column_text][\/vc_column_inner][vc_column_inner width=&#8221;1\/12&#8243;][\/vc_column_inner][\/vc_row_inner][vc_row_inner remove_bottom_col_margin=&#8221;true&#8221; css=&#8221;.vc_custom_1621494684062{margin-bottom: 80px !important;}&#8221;][vc_column_inner width=&#8221;1\/12&#8243;]<figure class=\"vcex-image vcex-module wpex-clr icon-heading\"><div class=\"vcex-image-inner wpex-inline-block wpex-relative\"><img decoding=\"async\" width=\"9999\" loading=\"lazy\" class=\"wpex-align-middle\" src=\"https:\/\/customs.gov.tl\/wp-content\/uploads\/2021\/05\/excisable.svg\" alt=\"\" height=\"62\" \/><\/div><\/figure>[\/vc_column_inner][vc_column_inner width=&#8221;5\/6&#8243;][vc_column_text visibility=&#8221;hidden&#8221;]\n<h3>Produtu sira ne\u2019eb\u00e9 Sujeitu ba Impostu-Konsumu<\/h3>\n<p>Oras ne\u00b4e dadaun ami atualiza hela taxas sira. Obrigado ba ita boot sira nia pasiensia![\/vc_column_text][vc_column_text]\n<h3>Produtu sira ne\u2019eb\u00e9 Sujeitu ba Impostu-Konsumu<\/h3>\n<ol>\n<li>\u201cTuir <a href=\"https:\/\/customs.gov.tl\/tt\/doing-business\/document-database\/?search.search=Taxa%20foun%20impostu%20seletivu%20konsumu%20nian\"><strong>Taxa Foun Impostu Seletivu Konsumu nian 2023<\/strong><\/a> sasan hirak tuir mai ne&#8217;e sujeitu ba k\u00f3a taxa pagamentu nian:\u201d<\/li>\n<\/ol>\n[\/vc_column_text][vc_empty_space height=&#8221;50px&#8221;][vc_column_text]\n<table id=\"tablepress-28\" class=\"tablepress tablepress-id-28 extra-table tbody-has-connected-cells\">\n<thead>\n<tr class=\"row-1\">\n\t<th class=\"column-1\">Rubrika<\/th><th class=\"column-2\">Deskrisaun Jeral ba Merkadoria sira<\/th><th class=\"column-3\">Impostu Aplik\u00e1vel (USD)<\/th>\n<\/tr>\n<\/thead>\n<tbody class=\"row-striping row-hover\">\n<tr class=\"row-2\">\n\t<td class=\"column-1\">1701-1704<\/td><td class=\"column-2\">Masin Midar no konfeitaria<\/td><td class=\"column-3\">$1,00 kada kilograma<\/td>\n<\/tr>\n<tr class=\"row-3\">\n\t<td class=\"column-1\">2202<\/td><td class=\"column-2\">Be\u2019e aqua, inklui be\u2019e aqua mineral no be\u2019e aqua gaseifikada, kontein masin midar ka buat midar seluk ka sab\u00f3r no bebidas non-\u00e1lkol, la'\u00f3s sumu ai-fuan ka modo, ne'eb\u00e9 monu iha t\u00edtulu 20.09.<\/td><td class=\"column-3\">$3,00 kada litru<\/td>\n<\/tr>\n<tr class=\"row-4\">\n\t<td class=\"column-1\">2203.00.10<\/td><td class=\"column-2\">Serveza ho konteudu \u00e1lkol menus husi 4.5%<\/td><td class=\"column-3\">$2,70 kada litru<\/td>\n<\/tr>\n<tr class=\"row-5\">\n\t<td class=\"column-1\">2203.00.20<\/td><td class=\"column-2\">Serveza ho konteudu  \u00e1lkol husi 4.5% ka liu<\/td><td class=\"column-3\">$4,50 kada litru<\/td>\n<\/tr>\n<tr class=\"row-6\">\n\t<td class=\"column-1\">2204-2206<\/td><td class=\"column-2\">Tintu, Vermouth no bebidas fermentada seluk (e.z. cidra, perry)<\/td><td class=\"column-3\">$4,50 kada litru<\/td>\n<\/tr>\n<tr class=\"row-7\">\n\t<td class=\"column-1\">2207,2208<\/td><td class=\"column-2\">\u00c1lkol  etil (laos denaturadu) no bebidas \u00e1lkol  seluk.<\/td><td class=\"column-3\">$8,90 kada litru<\/td>\n<\/tr>\n<tr class=\"row-8\">\n\t<td class=\"column-1\">2401-2403<\/td><td class=\"column-2\">Tabaku no Produtu Tabaku<\/td><td class=\"column-3\">Rp 100,00 kada kilograma<\/td>\n<\/tr>\n<tr class=\"row-9\">\n\t<td class=\"column-1\">2710<\/td><td class=\"column-2\">Gazolina, produtu gazoel, no produtu petroleum sira seluk<\/td><td class=\"column-3\">$0,06 kada litru<\/td>\n<\/tr>\n<tr class=\"row-10\">\n\t<td rowspan=\"4\" class=\"column-1\">8703<\/td><td class=\"column-2\">Kareta pasajeiru ne\u2019ebe ho val\u00f3r tun husi $10,000.00<\/td><td class=\"column-3\">0%<\/td>\n<\/tr>\n<tr class=\"row-11\">\n\t<td class=\"column-2\">&emsp;&emsp; a. Husi val\u00f3r ne\u00b4ebe liu $10,000<\/td><td class=\"column-3\">10% husi val\u00f3r impostu konsumu<\/td>\n<\/tr>\n<tr class=\"row-12\">\n\t<td class=\"column-2\">&emsp;&emsp; b. Husi val\u00f3r nebe liu $25.000<\/td><td class=\"column-3\">20% husi val\u00f3r impostu konsumu<\/td>\n<\/tr>\n<tr class=\"row-13\">\n\t<td class=\"column-2\">&emsp;&emsp; c. Husi val\u00f3r ne\u00b4ebe liu $50,000<\/td><td class=\"column-3\">30% husi val\u00f3r impostu konsumu<\/td>\n<\/tr>\n<tr class=\"row-14\">\n\t<td class=\"column-1\">9301-9307<\/td><td class=\"column-2\">Kilat no kilat musan<\/td><td class=\"column-3\">200% husi val\u00f3r impostu konsumu<\/td>\n<\/tr>\n<tr class=\"row-15\">\n\t<td class=\"column-1\">9303.90.00<\/td><td class=\"column-2\">Pistola Captive bolt uza atu oho animal<\/td><td class=\"column-3\">10% husi val\u00f3r impostu konsumu<\/td>\n<\/tr>\n<tr class=\"row-16\">\n\t<td class=\"column-1\">9613<\/td><td class=\"column-2\">Iskeiru<\/td><td class=\"column-3\">12% husi val\u00f3r impostu konsumu<\/td>\n<\/tr>\n<tr class=\"row-17\">\n\t<td class=\"column-1\">9614<\/td><td class=\"column-2\">Kaixumba<\/td><td class=\"column-3\">12% husi val\u00f3r impostu konsumu<\/td>\n<\/tr>\n<tr class=\"row-18\">\n\t<td class=\"column-1\">9706<\/td><td class=\"column-2\">R\u00f3 no aviaun sira ba uzu privadu<\/td><td class=\"column-3\">20% husi val\u00f3r impostu konsumu<\/td>\n<\/tr>\n<\/tbody>\n<\/table>\n<!-- #tablepress-28 from cache -->[\/vc_column_text][\/vc_column_inner][vc_column_inner width=&#8221;1\/12&#8243;][\/vc_column_inner][\/vc_row_inner][vc_row_inner remove_bottom_col_margin=&#8221;true&#8221; css=&#8221;.vc_custom_1621494676020{margin-bottom: 80px !important;}&#8221;][vc_column_inner width=&#8221;1\/12&#8243;]<figure class=\"vcex-image vcex-module wpex-clr icon-heading\"><div class=\"vcex-image-inner wpex-inline-block wpex-relative\"><img decoding=\"async\" width=\"61\" height=\"63\" src=\"https:\/\/customs.gov.tl\/wp-content\/uploads\/2021\/05\/exempt.svg\" class=\"wpex-align-middle\" alt=\"\" width=\"9999\" loading=\"lazy\" \/><\/div><\/figure>[\/vc_column_inner][vc_column_inner width=&#8221;5\/6&#8243;][vc_column_text]\n<h3>Merkadoria sira ne\u2019eb\u00e9 izenta ka livre husi Impostu Importasaun<\/h3>\n<p>Merkadoria sira balun ne\u2019eb\u00e9 izenta ka livre husi direitu no impostu se bainhira sira prienxe kondisaun balun, inklui:<\/p>\n<p><strong>a) Merkadoria sira ne\u2019eb\u00e9 akompa\u00f1a viajante ida ne\u2019eb\u00e9 to\u2019o mai iha Timor-Leste husi nasaun ida seluk<\/strong><\/p>\n<p>Ita-boot bele hatene liutan kona-ba tipu merkadoria hirak ne\u2019e, iha <a href=\"https:\/\/customs.gov.tl\/tt\/travelers\/duty-free-allowances\/\">ne\u2019e<\/a>.<\/p>\n<p><strong>b) Merkadoria importadu sira ne\u2019eb\u00e9 pertense ba tipu sira tuirmai:<\/strong><\/p>\n<ul>\n<li>Izentu tuir Konvensaun Vienna kona-ba Relasaun Diplom\u00e1tika tinan1961 no Relasaun KOnsul\u00e1r tinan 1963;<\/li>\n<li>Izentu tuir Konvensaun kona-ba Privil\u00e9jiu no Imunidade sira husi Nasoens Unidas;<\/li>\n<li>Izentu tuir Konvensaun kona-ba Privil\u00e9jiu no Imunidade sira husi Aj\u00e9nsia Espesializada sira;<\/li>\n<li>Merkadoria sira ne\u2019eb\u00e9 re-importadu iha kondisaun hanesan bainhira sira esportadu;<\/li>\n<li>merkadoria sira ne\u2019eb\u00e9 importadu husi organizasaun karitativa rejistada iha Timor-Leste, ho exesaun ba \u00e1lkol ka tabaku, se merkadoria sira-ne\u2019e atu uza ba fins karitativa asist\u00e9nsia umanit\u00e1ria no sokorru, edukasaun ka kuidadu sa\u00fade;<\/li>\n<li>Merkadoria sira ba admisaun tempor\u00e1ria, hanesan makinaria boboot sira atu kompleta projetu ida. Importad\u00f3r sei iha obrigasaun atu fornese garantia finanseira ida;<\/li>\n<li>Sas\u00e1n sira ba konsumu husi funsion\u00e1riu internasion\u00e1l UNMIT nian ka membru sira Forsa Manutensaun P\u00e1s husi nasaun kontinjente sira, se produtu sira-ne\u2019e fa\u2019an tuir ba regra venda nian ne\u2019eb\u00e9 preskritu;<\/li>\n<li>Susubeen-lata sira ne\u2019eb\u00e9 deze\u00f1a espesialmente ba beb\u00e9 sira ho idade tinan ida (1) mai kraik, nune\u2019e, depoizde preparasaun, sira nakfilak sai nabeen atu konsume no f\u00f3 benef\u00edsiu sa\u00fade ne\u2019eb\u00e9 hanesan ho susubeen inan nian ne\u2019eb\u00e9 normalmente sei f\u00f3 ba beb\u00e9 ida ne\u2019eb\u00e9 sei konsumu hela susubeen inan nian; no<\/li>\n<li>Tampaun ka pensu no absorvente iji\u00e9niku sira<\/li>\n<\/ul>\n<p><strong>c) Merkadoria sira ne\u2019eb\u00e9 la deskritu iha (a) no (b) iha leten, se:<\/strong><\/p>\n<p style=\"text-align: justify;\">Merkadoria sira-ne\u2019e importadu mai iha Timor-Leste la\u2019\u00f3s nu\u2019udar produtu sira ba uzu peso\u00e1l ne\u2019eb\u00e9 akompa\u00f1a viajante ida, no impostu importasaun nian ne\u2019eb\u00e9 sei aplika ba importasaun se bainhira la\u2019\u00f3s pertense ba par\u00e1grafu ida-ne\u2019e nian mak $10 ka menus.<\/p>\n[\/vc_column_text][\/vc_column_inner][vc_column_inner width=&#8221;1\/12&#8243;][\/vc_column_inner][\/vc_row_inner][\/vc_column][vc_column width=&#8221;1\/4&#8243;]<div class=\"templatera_shortcode\"><div class=\"vc_row wpb_row vc_row-fluid\"><div class=\"wpb_column vc_column_container vc_col-sm-12\"><div class=\"vc_column-inner\"><div class=\"wpb_wrapper\">\n\t<div class=\"wpb_text_column wpb_content_element social-share\" >\n\t\t<div class=\"wpb_wrapper\">\n\t\t\t<h5>Fahe tutan pajina ida ne\u2019e<\/h5>\n\n\t\t<\/div>\n\t<\/div>\n\n<div class=\"vcex-module vcex-social-share\">\n\n\t<div class=\"wpex-social-share style-flat position-horizontal\" data-source=\"https%3A%2F%2Fcustoms.gov.tl%2Ftt%2F\" data-url=\"https%3A%2F%2Fcustoms.gov.tl%2Ftt%2Fwp-json%2Fwp%2Fv2%2Fpages%2F7378%2F\" data-title=\"Archives\" data-email-subject=\"I wanted you to see this link\" data-email-body=\"I wanted you to see this link https%3A%2F%2Fcustoms.gov.tl%2Ftt%2Fwp-json%2Fwp%2Fv2%2Fpages%2F7378%2F\" data-specs=\"menubar=no,toolbar=no,resizable=yes,scrollbars=yes,height=600,width=600\">\n\t<ul class=\"wpex-social-share__list\">\n\n\t\t\n\t\t\t\t<li class=\"wpex-social-share__item custom-print\">\n\n\t\t\t\t\t\n\t\t\t\t\t\t<a href=\"#print\" role=\"button\" class=\"wpex-social-share__link\">\n\n\t\t\t\t\t\n\t\t\t\t\t\t<img decoding=\"async\" src=\"http:\/\/customs.gov.tl\/wp-content\/uploads\/2021\/05\/icon-print.svg\" \/>\n\t\t\t\t\t\t\t\t\t\t\t\t\t<span class=\"wpex-social-share__label wpex-label\">Print<\/span>\n\t\t\t\t\t\t\n\t\t\t\t\t<\/a>\n\n\t\t\t\t<\/li>\n\n\t\t\t\n\t\t\t\t<li class=\"wpex-social-share__item wpex-email\">\n\n\t\t\t\t\t\n\t\t\t\t\t\t<a href=\"#\" role=\"button\" class=\"wpex-social-share__link\">\n\n\t\t\t\t\t\n\t\t\t\t\t\t<img decoding=\"async\" src=\"http:\/\/customs.gov.tl\/wp-content\/uploads\/2021\/05\/icon-envelope.svg\" \/>\n\t\t\t\t\t\t\t\t\t\t\t\t\t<span class=\"wpex-social-share__label wpex-label\">Email<\/span>\n\t\t\t\t\t\t\n\t\t\t\t\t<\/a>\n\n\t\t\t\t<\/li>\n\n\t\t\t\n\t\t\t\t<li class=\"wpex-social-share__item wpex-facebook\">\n\n\t\t\t\t\t\n\t\t\t\t\t\t<a href=\"#\" role=\"button\" class=\"wpex-social-share__link\">\n\n\t\t\t\t\t\n\t\t\t\t\t\t<img decoding=\"async\" src=\"http:\/\/customs.gov.tl\/wp-content\/uploads\/2021\/05\/icon-facebook.svg\" \/>\n\t\t\t\t\t\t\t\t\t\t\t\t\t<span class=\"wpex-social-share__label wpex-label\">Share<\/span>\n\t\t\t\t\t\t\n\t\t\t\t\t<\/a>\n\n\t\t\t\t<\/li>\n\n\t\t\t\n\t\t\t\t<li class=\"wpex-social-share__item wpex-linkedin\">\n\n\t\t\t\t\t\n\t\t\t\t\t\t<a href=\"#\" role=\"button\" class=\"wpex-social-share__link\">\n\n\t\t\t\t\t\n\t\t\t\t\t\t<img decoding=\"async\" src=\"http:\/\/customs.gov.tl\/wp-content\/uploads\/2021\/05\/icon-linkedin.svg\" \/>\n\t\t\t\t\t\t\t\t\t\t\t\t\t<span class=\"wpex-social-share__label wpex-label\">Share<\/span>\n\t\t\t\t\t\t\n\t\t\t\t\t<\/a>\n\n\t\t\t\t<\/li>\n\n\t\t\t\n\t<\/ul>\n\n\t<\/div>\n\n<\/div><\/div><\/div><\/div><\/div>\r\n<\/div>[vc_empty_space height=&#8221;80px&#8221;][vc_row_inner el_class=&#8221;downloads-sidebar&#8221;][vc_column_inner][vc_column_text el_class=&#8221;downloads-title&#8221; css=&#8221;.vc_custom_1623296674533{border-bottom-width: 1px !important;border-bottom-color: #0f1a3f !important;border-bottom-style: solid !important;}&#8221;]\n<h5>Downloads<\/h5>\n[\/vc_column_text]<div class=\"vcex-module vcex-list_item wpex-max-w-100 wpex-clr wpex-mb-5\"><a  href=\"https:\/\/customs.gov.tl\/tt\/doing-business\/document-database\/\" class=\"vcex-list-item-link wpex-no-underline\"><div class=\"vcex-list-item-inner wpex-inline-flex wpex-flex-no-wrap wpex-items-center\"><div class=\"vcex-list-item-icon wpex-mr-10\"><div class=\"vcex-icon-wrap wpex-inline-flex wpex-justify-center wpex-items-center\"><span class=\"ticon ticon-download\"><\/span><\/div><\/div><div class=\"vcex-list-item-text vcex-content wpex-flex-grow\"><a href=\"https:\/\/customs.gov.tl\/tt\/doing-business\/document-database\/?search.search=Orsamentu%20Jeral%20Estadu%20ba%20tinan%202023\">Orsamentu Jeral Estadu ba tinan 2023 (Lei 15\/2022)<\/a><\/div><\/div><\/a><\/div><div class=\"vcex-module vcex-list_item wpex-max-w-100 wpex-clr wpex-mb-5\"><a  href=\"https:\/\/customs.gov.tl\/tt\/doing-business\/document-database\/\" class=\"vcex-list-item-link wpex-no-underline\"><div class=\"vcex-list-item-inner wpex-inline-flex wpex-flex-no-wrap wpex-items-center\"><div class=\"vcex-list-item-icon wpex-mr-10\"><div class=\"vcex-icon-wrap wpex-inline-flex wpex-justify-center wpex-items-center\"><span class=\"ticon ticon-download\"><\/span><\/div><\/div><div class=\"vcex-list-item-text vcex-content wpex-flex-grow\"><a href=\"https:\/\/customs.gov.tl\/tt\/doing-business\/document-database\/?search.search=Taxa%20foun%20impostu%20seletivu%20konsumu%20nian\">Taxa Foun Impostu Seletivu Konsumu nian 2023<\/a><\/div><\/div><\/a><\/div>[\/vc_column_inner][\/vc_row_inner][\/vc_column][\/vc_row]\n<\/div>","protected":false},"excerpt":{"rendered":"","protected":false},"author":8,"featured_media":6934,"parent":7375,"menu_order":0,"comment_status":"open","ping_status":"open","template":"","meta":{"inline_featured_image":false,"footnotes":""},"class_list":["post-7378","page","type-page","status-publish","has-post-thumbnail","hentry","entry","no-media"],"_links":{"self":[{"href":"https:\/\/customs.gov.tl\/tt\/wp-json\/wp\/v2\/pages\/7378","targetHints":{"allow":["GET"]}}],"collection":[{"href":"https:\/\/customs.gov.tl\/tt\/wp-json\/wp\/v2\/pages"}],"about":[{"href":"https:\/\/customs.gov.tl\/tt\/wp-json\/wp\/v2\/types\/page"}],"author":[{"embeddable":true,"href":"https:\/\/customs.gov.tl\/tt\/wp-json\/wp\/v2\/users\/8"}],"replies":[{"embeddable":true,"href":"https:\/\/customs.gov.tl\/tt\/wp-json\/wp\/v2\/comments?post=7378"}],"version-history":[{"count":21,"href":"https:\/\/customs.gov.tl\/tt\/wp-json\/wp\/v2\/pages\/7378\/revisions"}],"predecessor-version":[{"id":13006,"href":"https:\/\/customs.gov.tl\/tt\/wp-json\/wp\/v2\/pages\/7378\/revisions\/13006"}],"up":[{"embeddable":true,"href":"https:\/\/customs.gov.tl\/tt\/wp-json\/wp\/v2\/pages\/7375"}],"wp:featuredmedia":[{"embeddable":true,"href":"https:\/\/customs.gov.tl\/tt\/wp-json\/wp\/v2\/media\/6934"}],"wp:attachment":[{"href":"https:\/\/customs.gov.tl\/tt\/wp-json\/wp\/v2\/media?parent=7378"}],"curies":[{"name":"wp","href":"https:\/\/api.w.org\/{rel}","templated":true}]}}