{"id":7377,"date":"2021-08-01T17:33:29","date_gmt":"2021-08-01T17:33:29","guid":{"rendered":"https:\/\/sandbox.ittimor.com\/cust\/doing-business\/customs-brokers\/"},"modified":"2023-05-16T00:16:43","modified_gmt":"2023-05-16T00:16:43","slug":"customs-brokers","status":"publish","type":"page","link":"https:\/\/customs.gov.tl\/tt\/doing-business\/customs-brokers\/","title":{"rendered":"Despaxante Aduaneira"},"content":{"rendered":"<div class=\"wpb-content-wrapper\">[vc_row][vc_column]<div class=\"templatera_shortcode\"><div class=\"vc_row wpb_row vc_row-fluid page-title-img vc_custom_1619918400247 wpex-vc_row-has-fill wpex-vc-has-custom-column-spacing wpex-vc-column-spacing-0px no-bottom-margins wpex-vc-reset-negative-margin\"><div class=\"wpb_column vc_column_container vc_col-sm-12\"><div class=\"vc_column-inner\"><div class=\"wpb_wrapper\"><div class=\"vc_row wpb_row vc_inner vc_row-fluid page-title-overlay vc_custom_1619918083982 wpex-vc_row-has-fill no-bottom-margins wpex-vc-reset-negative-margin\"><div class=\"wpb_column vc_column_container vc_col-sm-12\"><div class=\"vc_column-inner\"><div class=\"wpb_wrapper\"><\/div><\/div><\/div><\/div><\/div><\/div><\/div><\/div><div data-vc-full-width=\"true\" data-vc-full-width-init=\"false\" class=\"vc_row wpb_row vc_row-fluid page-title-background vc_custom_1619917356710 wpex-vc_row-has-fill wpex-vc-row-stretched\"><div class=\"wpb_column vc_column_container vc_col-sm-12\"><div class=\"vc_column-inner\"><div class=\"wpb_wrapper\"><\/div><\/div><\/div><\/div><div class=\"vc_row-full-width vc_clearfix\"><\/div><\/div>[\/vc_column][\/vc_row][vc_row remove_bottom_col_margin=&#8221;true&#8221;][vc_column width=&#8221;3\/4&#8243;][vc_row_inner remove_bottom_col_margin=&#8221;true&#8221; css=&#8221;.vc_custom_1625463852695{margin-bottom: 40px !important;}&#8221;][vc_column_inner width=&#8221;11\/12&#8243;][vc_column_text]Despaxante Aduaneira ida mak profision\u00e1l sekt\u00f3r privadu ida, ne\u2019eb\u00e9 hetan lisensa husi Autoridade Aduaneira Timor-Leste atu reprezenta importad\u00f3r ka esportad\u00f3r ida iha prosesu dezalfandegamentu ba sira-nia enviu. Haktuir ba K\u00f3digu Aduaneira Timor-Leste nian, despaxante Aduaneira sira lisensiadu depoizde konklui tiha per\u00edodu ida ba formasaun t\u00e9knika nian, pasa ho susesu iha ezame fin\u00e1l ida, no aprezenta dep\u00f3zitu garantia ida. Dep\u00f3zitu ida-ne\u2019e bele varia husi US$ 10,000 to\u2019o $40,000 ba ema individu\u00e1l, no at\u00e9 US$150,000 ba empreza sira.<\/p>\n<p>Funsaun prinsip\u00e1l husi despaxante Aduaneira ne\u2019e mak atu ajuda garante katak ita-nia enviu ne\u2019e atende duni ba rekezitu sira hotu ba importasaun ka esportasaun nian tuir lei haruka. Ida-ne\u2019e bele inklui garante katak dokumentu korreta aprezenta ona, no m\u00f3s direitu, impostu no taxa relevante sira selu hotu ona. Atu halo ida-ne\u2019e, ita-nia despaxante sei aprezenta eletronikamente ita-nia \u201cDeklarasaun Merkadoria\u201d, ne\u2019eb\u00e9 m\u00f3s ko\u00f1esidu nu\u2019udar \u201cDeclaracao Aduaneira Unica\u201d (DAU), atu uza iha ASYCUDA World. Ita-boot bele hatene liutan kona-ba ASYCUDA World, iha <a href=\"https:\/\/customs.gov.tl\/doing-business\/asycuda-world\/\">ne\u2019e<\/a>.[\/vc_column_text][\/vc_column_inner][vc_column_inner width=&#8221;1\/12&#8243;][\/vc_column_inner][\/vc_row_inner][vc_row_inner remove_bottom_col_margin=&#8221;true&#8221;][vc_column_inner width=&#8221;1\/12&#8243;]<figure class=\"vcex-image vcex-module wpex-clr\"><div class=\"vcex-image-inner wpex-inline-block wpex-relative\"><img decoding=\"async\" width=\"9999\" loading=\"lazy\" class=\"wpex-align-middle\" src=\"https:\/\/customs.gov.tl\/wp-content\/uploads\/2021\/05\/icon-custom-interview-yellow.svg\" alt=\"\" height=\"61\" \/><\/div><\/figure>[\/vc_column_inner][vc_column_inner width=&#8221;10\/12&#8243;][vc_column_text css=&#8221;.vc_custom_1669187526447{margin-bottom: 40px !important;}&#8221;]\n<h4>Bainhira mak atu uza despaxante Aduaneira ida<\/h4>\n<p>Normalmente, neses\u00e1riu atu uza despaxante Aduaneira bainhira ita-boot rasik laiha ko\u00f1esimentu no abilidade atu halo deklarasaun komersi\u00e1l ida ho loloos mai ami. Atu halo ida-ne\u2019e, ita-boot presiza atu kompriende didi\u2019ak dokumentu ka autorizasaun saida de\u2019it mak karik neses\u00e1riu, no m\u00f3s oins\u00e1 mak atu klasifika ita-nia merkadoria sira-ne\u2019e uza k\u00f3digu Sistema Armonizadu (HS) nian. Fallansu atu aprezenta ita-nia deklarasaun korretamente bele rezulta iha impozisaun ba multa finanseira ida husi ami hasoru ita-boot.<\/p>\n<p>Aleinde ne\u2019e, ita-boot sei presiza asesu ba ASYCUDA World atu nune\u2019e ita-boot bele halo rasik deklarasaun eletr\u00f3nika ida. Hanesan m\u00f3s ho Despaxante Aduaneira, karik sei ezije ba ita-boot atu aprezenta dep\u00f3zitu garantia m\u00ednimu ida ho val\u00f3r $10,000.[\/vc_column_text][\/vc_column_inner][vc_column_inner width=&#8221;1\/12&#8243;][\/vc_column_inner][\/vc_row_inner][vc_row_inner remove_bottom_col_margin=&#8221;true&#8221;][vc_column_inner width=&#8221;1\/12&#8243;]<figure class=\"vcex-image vcex-module wpex-clr\"><div class=\"vcex-image-inner wpex-inline-block wpex-relative\"><img decoding=\"async\" width=\"9999\" loading=\"lazy\" class=\"wpex-align-middle\" src=\"https:\/\/customs.gov.tl\/wp-content\/uploads\/2021\/05\/icon-hand-checked-yellow.svg\" alt=\"\" height=\"55\" \/><\/div><\/figure>[\/vc_column_inner][vc_column_inner width=&#8221;10\/12&#8243;][vc_column_text css=&#8221;.vc_custom_1669187535903{margin-bottom: 40px !important;}&#8221;]\n<h4>Saida mak Despaxante Aduaneira ida nia funsaun?<\/h4>\n<p>Iha kraik ne\u2019e mak lista ida husi tarefa kom\u00fan sira ne\u2019eb\u00e9 empe\u00f1a husi Despaxante Aduaneira sira:<\/p>\n<ul>\n<li>Obtein informasaun, dokumentu no autorizasaun sira ne\u2019eb\u00e9 neses\u00e1riu.<\/li>\n<li>Klasifika ita-nia merkadoria sira-ne\u2019e uza k\u00f3digu Sistema Armonizasaun (tarifa).<\/li>\n<li>Prepara no aprezenta deklarasaun merkadoria eletr\u00f3nika ida atrav\u00e9s ASYCUDA World.<\/li>\n<li>Reprezenta ita-boot you, no atua hodi ita-boot nia naran, se karik ami ka aj\u00e9nsia governu nian sira seluk presiza atu halo inspesaun ba ita-nia sas\u00e1n sira.<\/li>\n<li>Organiza ho entidade sira seluk, hanesan empreza estivad\u00f3r sira, atu disponibiliza ita-nia sas\u00e1n sira ba inspesaun (kuandu neses\u00e1riu).<\/li>\n<li>Selu obrigasaun, impostu no enkargu sira seluk hodi ita-boot nia naran.<\/li>\n<li>Rekolla ita-nia merkadoria sira hodi ita-boot nia naran husi Portu ka fatin armazenamentu privadu no lori ba entrega iha fatin ne\u2019eb\u00e9 ita-boot rasik hili.<\/li>\n<\/ul>\n[\/vc_column_text][\/vc_column_inner][vc_column_inner width=&#8221;1\/12&#8243;][\/vc_column_inner][\/vc_row_inner][vc_row_inner remove_bottom_col_margin=&#8221;true&#8221;][vc_column_inner width=&#8221;1\/12&#8243;]<figure class=\"vcex-image vcex-module wpex-clr\"><div class=\"vcex-image-inner wpex-inline-block wpex-relative\"><img decoding=\"async\" width=\"9999\" loading=\"lazy\" class=\"wpex-align-middle\" src=\"https:\/\/customs.gov.tl\/wp-content\/uploads\/2021\/05\/icon-document-checklist-yellow.svg\" alt=\"\" height=\"56\" \/><\/div><\/figure>[\/vc_column_inner][vc_column_inner width=&#8221;10\/12&#8243;][vc_column_text css=&#8221;.vc_custom_1669187545206{margin-bottom: 40px !important;}&#8221;]\n<h4>Dokumentu saida mak hau tenki aprezenta ba hau-nia despaxante?<\/h4>\n<p>Iha kraik ne\u2019e mak lista ida kona-ba dokumentu sira ne\u2019eb\u00e9 normalmente ezije husi Despaxante Aduaneira ida:<\/p>\n<ul>\n<li>Fatura komersi\u00e1l (fatura ne\u2019eb\u00e9 entrega husi vended\u00f3r ba merkadoria sira iha momentu venda)<\/li>\n<li>Lista embalajen<\/li>\n<li>Bill of Lading ka Karta de Porte A\u00e9reu (Airway Bill)<\/li>\n<li>Kualk\u00e9r autorizasaun ka lisensa neses\u00e1riu (depende ba tipu merkadoria sira)<\/li>\n<\/ul>\n<p>Molok entrega dokumentu hirak ne\u2019e ba ita-nia despaxante Aduaneira, ita-boot tenki verifika loloos lai ninia ezatidaun. Ita-boot mak respons\u00e1vel ba aprezentasaun dokumentasaun ne\u2019eb\u00e9 verdadeira no ho presizaun, no inkumprimentu ba obrigasaun ida-ne\u2019e bele rezulta iha ami sei impoin multa ida ka foti medida seluk hasoru ita-boot.[\/vc_column_text][\/vc_column_inner][vc_column_inner width=&#8221;1\/12&#8243;][\/vc_column_inner][\/vc_row_inner][vc_row_inner remove_bottom_col_margin=&#8221;true&#8221;][vc_column_inner width=&#8221;1\/12&#8243;]<figure class=\"vcex-image vcex-module wpex-clr\"><div class=\"vcex-image-inner wpex-inline-block wpex-relative\"><img decoding=\"async\" width=\"9999\" loading=\"lazy\" class=\"wpex-align-middle\" src=\"https:\/\/customs.gov.tl\/wp-content\/uploads\/2021\/05\/icon-download-yellow.svg\" alt=\"\" height=\"56\" \/><\/div><\/figure>[\/vc_column_inner][vc_column_inner width=&#8221;10\/12&#8243;][vc_column_text css=&#8221;.vc_custom_1669187555854{margin-bottom: 40px !important;}&#8221;]\n<h4>Diret\u00f3riu ba Despaxante Aduaneira<\/h4>\n<p>Ita-boot bele asesu no foti-grava ka download lista ida husi Despaxante Aduaneira lisensiadu ezistente, iha <a href=\"https:\/\/customs.gov.tl\/tt\/doing-business\/document-database\/?search.search=Diretoriu ba Broker Alfandega\">ne\u2019e<\/a>.[\/vc_column_text][\/vc_column_inner][vc_column_inner width=&#8221;1\/12&#8243;][\/vc_column_inner][\/vc_row_inner][\/vc_column][vc_column width=&#8221;1\/4&#8243;]<div class=\"templatera_shortcode\"><div class=\"vc_row wpb_row vc_row-fluid\"><div class=\"wpb_column vc_column_container vc_col-sm-12\"><div class=\"vc_column-inner\"><div class=\"wpb_wrapper\">\n\t<div class=\"wpb_text_column wpb_content_element social-share\" >\n\t\t<div class=\"wpb_wrapper\">\n\t\t\t<h5>Fahe tutan pajina ida ne\u2019e<\/h5>\n\n\t\t<\/div>\n\t<\/div>\n\n<div class=\"vcex-module vcex-social-share\">\n\n\t<div class=\"wpex-social-share style-flat position-horizontal\" data-source=\"https%3A%2F%2Fcustoms.gov.tl%2Ftt%2F\" data-url=\"https%3A%2F%2Fcustoms.gov.tl%2Ftt%2Fwp-json%2Fwp%2Fv2%2Fpages%2F7377%2F\" data-title=\"Archives\" data-email-subject=\"I wanted you to see this link\" data-email-body=\"I wanted you to see this link https%3A%2F%2Fcustoms.gov.tl%2Ftt%2Fwp-json%2Fwp%2Fv2%2Fpages%2F7377%2F\" data-specs=\"menubar=no,toolbar=no,resizable=yes,scrollbars=yes,height=600,width=600\">\n\t<ul class=\"wpex-social-share__list\">\n\n\t\t\n\t\t\t\t<li class=\"wpex-social-share__item custom-print\">\n\n\t\t\t\t\t\n\t\t\t\t\t\t<a href=\"#print\" role=\"button\" class=\"wpex-social-share__link\">\n\n\t\t\t\t\t\n\t\t\t\t\t\t<img decoding=\"async\" src=\"http:\/\/customs.gov.tl\/wp-content\/uploads\/2021\/05\/icon-print.svg\" \/>\n\t\t\t\t\t\t\t\t\t\t\t\t\t<span class=\"wpex-social-share__label wpex-label\">Print<\/span>\n\t\t\t\t\t\t\n\t\t\t\t\t<\/a>\n\n\t\t\t\t<\/li>\n\n\t\t\t\n\t\t\t\t<li class=\"wpex-social-share__item wpex-email\">\n\n\t\t\t\t\t\n\t\t\t\t\t\t<a href=\"#\" role=\"button\" class=\"wpex-social-share__link\">\n\n\t\t\t\t\t\n\t\t\t\t\t\t<img decoding=\"async\" src=\"http:\/\/customs.gov.tl\/wp-content\/uploads\/2021\/05\/icon-envelope.svg\" \/>\n\t\t\t\t\t\t\t\t\t\t\t\t\t<span class=\"wpex-social-share__label wpex-label\">Email<\/span>\n\t\t\t\t\t\t\n\t\t\t\t\t<\/a>\n\n\t\t\t\t<\/li>\n\n\t\t\t\n\t\t\t\t<li class=\"wpex-social-share__item wpex-facebook\">\n\n\t\t\t\t\t\n\t\t\t\t\t\t<a href=\"#\" role=\"button\" class=\"wpex-social-share__link\">\n\n\t\t\t\t\t\n\t\t\t\t\t\t<img decoding=\"async\" src=\"http:\/\/customs.gov.tl\/wp-content\/uploads\/2021\/05\/icon-facebook.svg\" \/>\n\t\t\t\t\t\t\t\t\t\t\t\t\t<span class=\"wpex-social-share__label wpex-label\">Share<\/span>\n\t\t\t\t\t\t\n\t\t\t\t\t<\/a>\n\n\t\t\t\t<\/li>\n\n\t\t\t\n\t\t\t\t<li class=\"wpex-social-share__item wpex-linkedin\">\n\n\t\t\t\t\t\n\t\t\t\t\t\t<a href=\"#\" role=\"button\" class=\"wpex-social-share__link\">\n\n\t\t\t\t\t\n\t\t\t\t\t\t<img decoding=\"async\" src=\"http:\/\/customs.gov.tl\/wp-content\/uploads\/2021\/05\/icon-linkedin.svg\" \/>\n\t\t\t\t\t\t\t\t\t\t\t\t\t<span class=\"wpex-social-share__label wpex-label\">Share<\/span>\n\t\t\t\t\t\t\n\t\t\t\t\t<\/a>\n\n\t\t\t\t<\/li>\n\n\t\t\t\n\t<\/ul>\n\n\t<\/div>\n\n<\/div><\/div><\/div><\/div><\/div>\r\n<\/div>[vc_empty_space height=&#8221;80px&#8221;][vc_row_inner el_class=&#8221;contact-sidebar&#8221;][vc_column_inner][vc_column_text el_class=&#8221;contact-details&#8221; css=&#8221;.vc_custom_1627120595485{border-bottom-width: 1px !important;border-bottom-color: #0f1a3f !important;border-bottom-style: solid !important;}&#8221;]\n<h5>Detalle kontaktu<\/h5>\n[\/vc_column_text][vc_column_text css=&#8221;.vc_custom_1627120617472{margin-top: 5px !important;margin-left: 35px !important;}&#8221;]\n<h5>Prezidente Asosiasaun Despaxante Aduaneira<\/h5>\n[\/vc_column_text]<div class=\"vcex-module vcex-list_item wpex-max-w-100 wpex-clr wpex-mb-5\"><div class=\"vcex-list-item-inner wpex-inline-flex wpex-flex-no-wrap wpex-items-center\"><div class=\"vcex-list-item-icon wpex-mr-10\"><div class=\"vcex-icon-wrap wpex-inline-flex wpex-justify-center wpex-items-center\"><span class=\"ticon ticon-male\"><\/span><\/div><\/div><div class=\"vcex-list-item-text vcex-content wpex-flex-grow\">Hilario Correia Barros<\/div><\/div><\/div><div class=\"vcex-module vcex-list_item wpex-max-w-100 wpex-clr wpex-mb-5\"><div class=\"vcex-list-item-inner wpex-inline-flex wpex-flex-no-wrap wpex-items-center\"><div class=\"vcex-list-item-icon wpex-mr-10\"><div class=\"vcex-icon-wrap wpex-inline-flex wpex-justify-center wpex-items-center\"><span class=\"ticon ticon-phone-square\"><\/span><\/div><\/div><div class=\"vcex-list-item-text vcex-content wpex-flex-grow\">(+670) 77250987<\/div><\/div><\/div><div class=\"vcex-module vcex-list_item wpex-max-w-100 wpex-clr wpex-mb-5\"><a  href=\"mailto:informacaosm@gmail.com\" class=\"vcex-list-item-link wpex-no-underline\"><div class=\"vcex-list-item-inner wpex-inline-flex wpex-flex-no-wrap wpex-items-center\"><div class=\"vcex-list-item-icon wpex-mr-10\"><div class=\"vcex-icon-wrap wpex-inline-flex wpex-justify-center wpex-items-center\"><span class=\"ticon ticon-envelope-o\"><\/span><\/div><\/div><div class=\"vcex-list-item-text vcex-content wpex-flex-grow\">lea.services15@yahoo.com<\/div><\/div><\/a><\/div>[vc_empty_space][vc_column_text css=&#8221;.vc_custom_1627120650822{margin-top: 5px !important;margin-left: 35px !important;}&#8221;]\n<h5>Vise Prezidente Asosiasaun Despaxante Aduaneira<\/h5>\n[\/vc_column_text]<div class=\"vcex-module vcex-list_item wpex-max-w-100 wpex-clr wpex-mb-5\"><div class=\"vcex-list-item-inner wpex-inline-flex wpex-flex-no-wrap wpex-items-center\"><div class=\"vcex-list-item-icon wpex-mr-10\"><div class=\"vcex-icon-wrap wpex-inline-flex wpex-justify-center wpex-items-center\"><span class=\"ticon ticon-male\"><\/span><\/div><\/div><div class=\"vcex-list-item-text vcex-content wpex-flex-grow\">Zeca Guterres<\/div><\/div><\/div><div class=\"vcex-module vcex-list_item wpex-max-w-100 wpex-clr wpex-mb-5\"><div class=\"vcex-list-item-inner wpex-inline-flex wpex-flex-no-wrap wpex-items-center\"><div class=\"vcex-list-item-icon wpex-mr-10\"><div class=\"vcex-icon-wrap wpex-inline-flex wpex-justify-center wpex-items-center\"><span class=\"ticon ticon-phone-square\"><\/span><\/div><\/div><div class=\"vcex-list-item-text vcex-content wpex-flex-grow\">(+670) 77258920<\/div><\/div><\/div><div class=\"vcex-module vcex-list_item wpex-max-w-100 wpex-clr wpex-mb-5\"><a  href=\"mailto:informacaosm@gmail.com\" class=\"vcex-list-item-link wpex-no-underline\"><div class=\"vcex-list-item-inner wpex-inline-flex wpex-flex-no-wrap wpex-items-center\"><div class=\"vcex-list-item-icon wpex-mr-10\"><div class=\"vcex-icon-wrap wpex-inline-flex wpex-justify-center wpex-items-center\"><span class=\"ticon ticon-envelope-o\"><\/span><\/div><\/div><div class=\"vcex-list-item-text vcex-content wpex-flex-grow\">zeca.guterres@bollore.com<\/div><\/div><\/a><\/div>[\/vc_column_inner][\/vc_row_inner][vc_empty_space height=&#8221;80px&#8221;][vc_row_inner el_class=&#8221;downloads-sidebar&#8221;][vc_column_inner][vc_column_text el_class=&#8221;downloads-title&#8221; css=&#8221;.vc_custom_1623296674533{border-bottom-width: 1px !important;border-bottom-color: #0f1a3f !important;border-bottom-style: solid !important;}&#8221;]\n<h5>Downloads<\/h5>\n[\/vc_column_text]<div class=\"vcex-module vcex-list_item wpex-max-w-100 wpex-clr wpex-mb-5\"><a  href=\"https:\/\/customs.gov.tl\/tt\/doing-business\/document-database\/\" class=\"vcex-list-item-link wpex-no-underline\"><div class=\"vcex-list-item-inner wpex-inline-flex wpex-flex-no-wrap wpex-items-center\"><div class=\"vcex-list-item-icon wpex-mr-10\"><div class=\"vcex-icon-wrap wpex-inline-flex wpex-justify-center wpex-items-center\"><span class=\"ticon ticon-download\"><\/span><\/div><\/div><div class=\"vcex-list-item-text vcex-content wpex-flex-grow\"><a href=\"https:\/\/customs.gov.tl\/tt\/doing-business\/document-database\/?search.search=Diretoriu ba Broker Alfandega\">Lista Despaxante Aduaneira Lisensiadu<\/a><\/div><\/div><\/a><\/div>[\/vc_column_inner][\/vc_row_inner][\/vc_column][\/vc_row]\n<\/div>","protected":false},"excerpt":{"rendered":"","protected":false},"author":8,"featured_media":6931,"parent":7375,"menu_order":0,"comment_status":"open","ping_status":"open","template":"","meta":{"inline_featured_image":false,"footnotes":""},"class_list":["post-7377","page","type-page","status-publish","has-post-thumbnail","hentry","entry","no-media"],"_links":{"self":[{"href":"https:\/\/customs.gov.tl\/tt\/wp-json\/wp\/v2\/pages\/7377","targetHints":{"allow":["GET"]}}],"collection":[{"href":"https:\/\/customs.gov.tl\/tt\/wp-json\/wp\/v2\/pages"}],"about":[{"href":"https:\/\/customs.gov.tl\/tt\/wp-json\/wp\/v2\/types\/page"}],"author":[{"embeddable":true,"href":"https:\/\/customs.gov.tl\/tt\/wp-json\/wp\/v2\/users\/8"}],"replies":[{"embeddable":true,"href":"https:\/\/customs.gov.tl\/tt\/wp-json\/wp\/v2\/comments?post=7377"}],"version-history":[{"count":7,"href":"https:\/\/customs.gov.tl\/tt\/wp-json\/wp\/v2\/pages\/7377\/revisions"}],"predecessor-version":[{"id":13861,"href":"https:\/\/customs.gov.tl\/tt\/wp-json\/wp\/v2\/pages\/7377\/revisions\/13861"}],"up":[{"embeddable":true,"href":"https:\/\/customs.gov.tl\/tt\/wp-json\/wp\/v2\/pages\/7375"}],"wp:featuredmedia":[{"embeddable":true,"href":"https:\/\/customs.gov.tl\/tt\/wp-json\/wp\/v2\/media\/6931"}],"wp:attachment":[{"href":"https:\/\/customs.gov.tl\/tt\/wp-json\/wp\/v2\/media?parent=7377"}],"curies":[{"name":"wp","href":"https:\/\/api.w.org\/{rel}","templated":true}]}}