{"id":7376,"date":"2021-08-01T17:33:25","date_gmt":"2021-08-01T17:33:25","guid":{"rendered":"https:\/\/sandbox.ittimor.com\/cust\/doing-business\/asycuda-world\/"},"modified":"2022-11-23T03:04:36","modified_gmt":"2022-11-23T03:04:36","slug":"asycuda-world","status":"publish","type":"page","link":"https:\/\/customs.gov.tl\/tt\/doing-business\/asycuda-world\/","title":{"rendered":"ASYCUDA World"},"content":{"rendered":"<div class=\"wpb-content-wrapper\">[vc_row column_spacing=&#8221;0px&#8221; remove_bottom_col_margin=&#8221;true&#8221; wpex_post_thumbnail_bg=&#8221;true&#8221; css=&#8221;.vc_custom_1619918400247{background-position: center !important;background-repeat: no-repeat !important;background-size: cover !important;}&#8221; el_class=&#8221;page-title-img&#8221;][vc_column][vc_row_inner remove_bottom_col_margin=&#8221;true&#8221; el_class=&#8221;page-title-overlay&#8221;][vc_column_inner][\/vc_column_inner][\/vc_row_inner][\/vc_column][\/vc_row][vc_row full_width=&#8221;stretch_row&#8221; el_class=&#8221;page-title-background&#8221;][vc_column][\/vc_column][\/vc_row][vc_row remove_bottom_col_margin=&#8221;true&#8221;][vc_column width=&#8221;8\/12&#8243;][vc_column_text css=&#8221;.vc_custom_1669172181326{margin-bottom: 40px !important;}&#8221;]Sistema Automatizada ba Dadus Alfandeg\u00e2 (ASYCUDA) sistema integradu ida jestaun alfandega nian ba kom\u00e9rsiu internasion\u00e1l no operasaun transporte iha ambiente modernu ida automatizada ne\u2019e nia laran. Sistema ne\u2019e toma konta ba manifestu no deklarasaun aduaneira sira, prosedimentu sira kontabilidade nian, tr\u00e1nzitu, no prosedimentu sira ba suspensaun nian. Nia prod\u00fas dadus kom\u00e9rsiu ne\u2019eb\u00e9 bele uza ba an\u00e1lize estat\u00edstika ekon\u00f3mika.<\/p>\n<p style=\"text-align: justify;\">Sistema ne\u2019e konsidera k\u00f3digu no padraun sira ne\u2019eb\u00e9 define husi ISO, Organizasaun Internasion\u00e1l ba Padronizasaun, WCO p.e. Modelu Dadus (Data Model), no Nasoens Unidas. Nia bele konfiguradu atu adapta tuir rejime Aduaneiru ida-idak, karakter\u00edstika nasion\u00e1l sira, tarifa nasion\u00e1l sira, no lejizlasaun. ASYCUDA fornese Interk\u00e1mbiu Eletr\u00f3niku ba Dadus (EDI) entre komersiante sira no Alf\u00e1ndega uza padraun sira ne\u2019eb\u00e9 vijente hanesan XML.<\/p>\n[\/vc_column_text][vc_column_text css=&#8221;.vc_custom_1669172190920{margin-bottom: 40px !important;}&#8221;]\n<h4>Atrav\u00e9s ninia Programa ASYCUDA, UNCTAD hakarak atu:<\/h4>\n<ul>\n<li>Moderniza operasaun sira aduaneira nian no ajuda hodi hadi\u2019a kobransa ba reseita;<\/li>\n<li>Fasilita efisi\u00e9nsia no kompetitividade kom\u00e9rsiu liuhusi hamenus substansialmente tempu no kustu sira ba transasaun nian;<\/li>\n<li>Melloria ba seguransa liuhusi aperfeisoamentu ba prosedimentu sira kontrole karga, tr\u00e1nzitu ba merkadoria sira, no dezalfandegamentu ba merkadoria sira;<\/li>\n<li>Ajuda kombate korrupsaun liuhusi haburas transpar\u00e9nsia ba transasaun sira; no<\/li>\n<li style=\"text-align: justify;\">Promove dezenvolvimentu sustent\u00e1vel hodi hamenus uzu ba suratahan liuhusi transasaun no dokumentu eletr\u00f3nika sira.<\/li>\n<\/ul>\n[\/vc_column_text][vc_column_text css=&#8221;.vc_custom_1627107517572{margin-bottom: 20px !important;}&#8221;]\n<h4>Ist\u00f3ria badak ida kona-ba utilizasaun ASYCUDA iha Timor-Leste<\/h4>\n[\/vc_column_text]<figure class=\"vcex-image vcex-module wpex-clr\"><div class=\"vcex-image-inner wpex-inline-block wpex-relative\"><img decoding=\"async\" width=\"9999\" loading=\"lazy\" class=\"wpex-align-middle\" src=\"https:\/\/customs.gov.tl\/wp-content\/uploads\/2022\/11\/Group-1723_TT.svg\" alt=\"\" height=\"1\" \/><\/div><\/figure>[vc_empty_space height=&#8221;20px&#8221;]<div class=\"theme-button-block-wrap wpex-block wpex-clear theme-button-wrap wpex-clr\"><a href=\"https:\/\/asycuda.org\/en\/\" class=\"vcex-button theme-txt-link block button-with-top-border\" target=\"_blank\" style=\"font-weight:500;\" rel=\"noopener noreferrer\"><span class=\"theme-button-inner\">Hatene liutan kona-ba ASYCUDA iha Timor-Leste, iha ne\u2019e<span class=\"vcex-icon-wrap theme-button-icon-right\"><span class=\"ticon ticon-angle-right\" aria-hidden=\"true\"><\/span><\/span><\/span><\/a><\/div> [vc_empty_space height=&#8221;30px&#8221;][vc_column_text css=&#8221;.vc_custom_1669172198920{margin-top: 40px !important;margin-bottom: 40px !important;}&#8221;]\n<h4>Oins\u00e1 mak hau hetan asesu ba ASYCUDA?<\/h4>\n<p style=\"text-align: justify;\">Atu asesu ASYCUDA ita-boot presiza sai utilizad\u00f3r rejistadu husi sistema ne\u2019e. Rejistu ne\u2019e konsede ba Despaxante aduaneiru no importad\u00f3r sira atu halo upload, rejista, no m\u00f3s direitu no impostu sira kona-ba deklarasaun sira aduaneire nian ba importasaun\/ esportasaun no eletr\u00f3nikamente intervein iha parte sira seluk husi prosesu dezalfandegamentu ba merkadoria sira. Asesu ba vizualizasaun nian m\u00f3s bele konsedidu ba organizasaun sira Governament\u00e1l nian ba fins koleta no an\u00e1lize estat\u00edstika nian.<\/p>\n[\/vc_column_text][\/vc_column][vc_column width=&#8221;1\/12&#8243;][\/vc_column][vc_column width=&#8221;3\/12&#8243;]<div class=\"templatera_shortcode\"><div class=\"vc_row wpb_row vc_row-fluid\"><div class=\"wpb_column vc_column_container vc_col-sm-12\"><div class=\"vc_column-inner\"><div class=\"wpb_wrapper\">\n\t<div class=\"wpb_text_column wpb_content_element social-share\" >\n\t\t<div class=\"wpb_wrapper\">\n\t\t\t<h5>Fahe tutan pajina ida ne\u2019e<\/h5>\n\n\t\t<\/div>\n\t<\/div>\n\n<div class=\"vcex-module vcex-social-share\">\n\n\t<div class=\"wpex-social-share style-flat position-horizontal\" data-source=\"https%3A%2F%2Fcustoms.gov.tl%2Ftt%2F\" data-url=\"https%3A%2F%2Fcustoms.gov.tl%2Ftt%2Fwp-json%2Fwp%2Fv2%2Fpages%2F7376%2F\" data-title=\"Archives\" data-email-subject=\"I wanted you to see this link\" data-email-body=\"I wanted you to see this link https%3A%2F%2Fcustoms.gov.tl%2Ftt%2Fwp-json%2Fwp%2Fv2%2Fpages%2F7376%2F\" data-specs=\"menubar=no,toolbar=no,resizable=yes,scrollbars=yes,height=600,width=600\">\n\t<ul class=\"wpex-social-share__list\">\n\n\t\t\n\t\t\t\t<li class=\"wpex-social-share__item custom-print\">\n\n\t\t\t\t\t\n\t\t\t\t\t\t<a href=\"#print\" role=\"button\" class=\"wpex-social-share__link\">\n\n\t\t\t\t\t\n\t\t\t\t\t\t<img decoding=\"async\" src=\"http:\/\/customs.gov.tl\/wp-content\/uploads\/2021\/05\/icon-print.svg\" \/>\n\t\t\t\t\t\t\t\t\t\t\t\t\t<span class=\"wpex-social-share__label wpex-label\">Print<\/span>\n\t\t\t\t\t\t\n\t\t\t\t\t<\/a>\n\n\t\t\t\t<\/li>\n\n\t\t\t\n\t\t\t\t<li class=\"wpex-social-share__item wpex-email\">\n\n\t\t\t\t\t\n\t\t\t\t\t\t<a href=\"#\" role=\"button\" class=\"wpex-social-share__link\">\n\n\t\t\t\t\t\n\t\t\t\t\t\t<img decoding=\"async\" src=\"http:\/\/customs.gov.tl\/wp-content\/uploads\/2021\/05\/icon-envelope.svg\" \/>\n\t\t\t\t\t\t\t\t\t\t\t\t\t<span class=\"wpex-social-share__label wpex-label\">Email<\/span>\n\t\t\t\t\t\t\n\t\t\t\t\t<\/a>\n\n\t\t\t\t<\/li>\n\n\t\t\t\n\t\t\t\t<li class=\"wpex-social-share__item wpex-facebook\">\n\n\t\t\t\t\t\n\t\t\t\t\t\t<a href=\"#\" role=\"button\" class=\"wpex-social-share__link\">\n\n\t\t\t\t\t\n\t\t\t\t\t\t<img decoding=\"async\" src=\"http:\/\/customs.gov.tl\/wp-content\/uploads\/2021\/05\/icon-facebook.svg\" \/>\n\t\t\t\t\t\t\t\t\t\t\t\t\t<span class=\"wpex-social-share__label wpex-label\">Share<\/span>\n\t\t\t\t\t\t\n\t\t\t\t\t<\/a>\n\n\t\t\t\t<\/li>\n\n\t\t\t\n\t\t\t\t<li class=\"wpex-social-share__item wpex-linkedin\">\n\n\t\t\t\t\t\n\t\t\t\t\t\t<a href=\"#\" role=\"button\" class=\"wpex-social-share__link\">\n\n\t\t\t\t\t\n\t\t\t\t\t\t<img decoding=\"async\" src=\"http:\/\/customs.gov.tl\/wp-content\/uploads\/2021\/05\/icon-linkedin.svg\" \/>\n\t\t\t\t\t\t\t\t\t\t\t\t\t<span class=\"wpex-social-share__label wpex-label\">Share<\/span>\n\t\t\t\t\t\t\n\t\t\t\t\t<\/a>\n\n\t\t\t\t<\/li>\n\n\t\t\t\n\t<\/ul>\n\n\t<\/div>\n\n<\/div><\/div><\/div><\/div><\/div>\r\n<\/div>[vc_empty_space height=&#8221;52px&#8221;][vc_column_text el_class=&#8221;contact-details&#8221; css=&#8221;.vc_custom_1627107617674{border-bottom-width: 1px !important;padding-bottom: 5px !important;border-bottom-color: #0f1a3f !important;border-bottom-style: solid !important;}&#8221;]\n<h5>Detalle kontaktu<\/h5>\n[\/vc_column_text][vc_row_inner][vc_column_inner width=&#8221;1\/12&#8243;][\/vc_column_inner][vc_column_inner width=&#8221;11\/12&#8243; css=&#8221;.vc_custom_1623200472486{padding-top: 10px !important;padding-bottom: 10px !important;}&#8221;][vc_column_text css=&#8221;.vc_custom_1627107598796{border-bottom-width: 1px !important;padding-top: 8px !important;padding-bottom: 8px !important;border-bottom-color: #0f1a3f !important;border-bottom-style: solid !important;}&#8221;]Ekipa ASYCUDA[\/vc_column_text][\/vc_column_inner][\/vc_row_inner]<div class=\"vcex-module vcex-list_item wpex-max-w-100 wpex-clr wpex-mb-5\"><div class=\"vcex-list-item-inner wpex-inline-flex wpex-flex-no-wrap wpex-items-center\"><div class=\"vcex-list-item-icon wpex-mr-10\"><div class=\"vcex-icon-wrap wpex-inline-flex wpex-justify-center wpex-items-center\"><span class=\"ticon ticon-phone-square\"><\/span><\/div><\/div><div class=\"vcex-list-item-text vcex-content wpex-flex-grow\">(+670) 331 0369<\/div><\/div><\/div>[vc_empty_space height=&#8221;52px&#8221;]<figure class=\"vcex-image vcex-module wpex-clr\"><div class=\"vcex-image-inner wpex-inline-block wpex-relative\"><img decoding=\"async\" loading=\"lazy\" class=\"wpex-align-middle\" src=\"https:\/\/customs.gov.tl\/wp-content\/uploads\/2021\/06\/pngaaa.com-2856508@2x.png\" alt=\"\" width=\"208\" height=\"258\" \/><\/div><\/figure>[\/vc_column][\/vc_row]\n<\/div>","protected":false},"excerpt":{"rendered":"","protected":false},"author":8,"featured_media":6923,"parent":7375,"menu_order":0,"comment_status":"open","ping_status":"open","template":"","meta":{"inline_featured_image":false,"footnotes":""},"class_list":["post-7376","page","type-page","status-publish","has-post-thumbnail","hentry","entry","no-media"],"_links":{"self":[{"href":"https:\/\/customs.gov.tl\/tt\/wp-json\/wp\/v2\/pages\/7376","targetHints":{"allow":["GET"]}}],"collection":[{"href":"https:\/\/customs.gov.tl\/tt\/wp-json\/wp\/v2\/pages"}],"about":[{"href":"https:\/\/customs.gov.tl\/tt\/wp-json\/wp\/v2\/types\/page"}],"author":[{"embeddable":true,"href":"https:\/\/customs.gov.tl\/tt\/wp-json\/wp\/v2\/users\/8"}],"replies":[{"embeddable":true,"href":"https:\/\/customs.gov.tl\/tt\/wp-json\/wp\/v2\/comments?post=7376"}],"version-history":[{"count":2,"href":"https:\/\/customs.gov.tl\/tt\/wp-json\/wp\/v2\/pages\/7376\/revisions"}],"predecessor-version":[{"id":11401,"href":"https:\/\/customs.gov.tl\/tt\/wp-json\/wp\/v2\/pages\/7376\/revisions\/11401"}],"up":[{"embeddable":true,"href":"https:\/\/customs.gov.tl\/tt\/wp-json\/wp\/v2\/pages\/7375"}],"wp:featuredmedia":[{"embeddable":true,"href":"https:\/\/customs.gov.tl\/tt\/wp-json\/wp\/v2\/media\/6923"}],"wp:attachment":[{"href":"https:\/\/customs.gov.tl\/tt\/wp-json\/wp\/v2\/media?parent=7376"}],"curies":[{"name":"wp","href":"https:\/\/api.w.org\/{rel}","templated":true}]}}