{"id":7372,"date":"2021-08-01T17:32:59","date_gmt":"2021-08-01T17:32:59","guid":{"rendered":"https:\/\/sandbox.ittimor.com\/cust\/about-us\/our-organization\/"},"modified":"2022-12-21T06:09:11","modified_gmt":"2022-12-21T06:09:11","slug":"our-organization","status":"publish","type":"page","link":"https:\/\/customs.gov.tl\/tt\/about-us\/our-organization\/","title":{"rendered":"Ami-nia Organizasaun"},"content":{"rendered":"<div class=\"wpb-content-wrapper\">[vc_row][vc_column]<div class=\"templatera_shortcode\"><div class=\"vc_row wpb_row vc_row-fluid page-title-img vc_custom_1619918400247 wpex-vc_row-has-fill wpex-vc-has-custom-column-spacing wpex-vc-column-spacing-0px no-bottom-margins wpex-vc-reset-negative-margin\"><div class=\"wpb_column vc_column_container vc_col-sm-12\"><div class=\"vc_column-inner\"><div class=\"wpb_wrapper\"><div class=\"vc_row wpb_row vc_inner vc_row-fluid page-title-overlay vc_custom_1619918083982 wpex-vc_row-has-fill no-bottom-margins wpex-vc-reset-negative-margin\"><div class=\"wpb_column vc_column_container vc_col-sm-12\"><div class=\"vc_column-inner\"><div class=\"wpb_wrapper\"><\/div><\/div><\/div><\/div><\/div><\/div><\/div><\/div><div data-vc-full-width=\"true\" data-vc-full-width-init=\"false\" class=\"vc_row wpb_row vc_row-fluid page-title-background vc_custom_1619917356710 wpex-vc_row-has-fill wpex-vc-row-stretched\"><div class=\"wpb_column vc_column_container vc_col-sm-12\"><div class=\"vc_column-inner\"><div class=\"wpb_wrapper\"><\/div><\/div><\/div><\/div><div class=\"vc_row-full-width vc_clearfix\"><\/div><\/div>[\/vc_column][\/vc_row][vc_row remove_bottom_col_margin=&#8221;true&#8221;][vc_column width=&#8221;3\/4&#8243;][vc_row_inner css=&#8221;.vc_custom_1621494620839{margin-bottom: 80px !important;}&#8221;][vc_column_inner width=&#8221;1\/12&#8243;][\/vc_column_inner][vc_column_inner width=&#8221;5\/6&#8243;][vc_column_text]\n<h3>Kona-ba Ami<\/h3>\n<p>Autoridade Aduaneira tulun Governu Timor-Leste hodi kontrola sirkulasaun ba merkadoria, ve\u00edkulu, r\u00f3 no aviaun sira ne\u2019eb\u00e9 tama mai no sai husi territ\u00f3riu nasion\u00e1l. Aleinde proteje ita-nia fronteira sira husi importasaun no esportasaun ba produtu sira il\u00edsita no restrita, ami m\u00f3s tulun hodi halo kobransa ba taxa no impostu sira ne\u2019eb\u00e9 nu\u2019udar fonte importante ida ba reseita nasion\u00e1l nian.<\/p>\n<p>Iha tinan 2017, Autoridade Aduaneira nian estabelesidu tuir Dekretu Lei 9\/2017, hodi substitui Diresaun Nasion\u00e1l Alf\u00e1ndega, iha tutela Minist\u00e9riu Finansas nian. Ho asist\u00e9nsia husi parseiru dezenvolvimentu internasion\u00e1l lubuk balun, ami kontinua halo reforma no moderniza ami-nia maneira serbisu nian, ho esforsu sira atu harii organizasaun ida ne\u2019eb\u00e9 forte no transparente liutan. Ida-ne\u2019e inklui:<\/p>\n<ul>\n<li>Atualizasaun ba lei sira hodi haboot-hadi\u2019a efisi\u00e9nsia organizasion\u00e1l;<\/li>\n<li>Automatiza no ajiliza prosedimentu sira hodi hadi\u2019a ami-nia relasaun Alf\u00e1ndega-neg\u00f3siu nian;<\/li>\n<li>Introduza teknolojia foun sira atu hasa\u2019e efisi\u00e9nsia no efik\u00e1sia kom\u00e9rsiu, ne\u2019eb\u00e9 hamenus kustu no haboot ami-nia kobransa ba reseita sira; no<\/li>\n<li>Melloria ba funsion\u00e1riu Alf\u00e1ndega sira-nia serbisu-fatin liuhusi formasaun, dezenvolvimentu kompet\u00e9nsia, no inkorporasaun val\u00f3r fundament\u00e1l sira ba iha atividade sira loroloron nian.<\/li>\n<li><\/li>\n<\/ul>\n<p style=\"text-align: justify;\">Iha fulan Janeiru 2020, Estrutura Org\u00e1nika Foun ba Autoridade Aduaneira nian (Dekretu Lei 2\/2020) promulgada no iha fulan Abr\u00edl 2020, estrutura foun ne\u2019e tama iha vig\u00f3r. Objetivu husi lei ida-ne\u2019e mak atu profisionaliza liutan ami-nia serbisu no garante katak ami-nia servisu ne\u2019e sai valiozu ba ind\u00fastria kom\u00e9rsiu nian. Ita-boot bele asesu no foti-grava ka download lei ida-ne\u2019e nia k\u00f3pia <a href=\"https:\/\/customs.gov.tl\/tt\/doing-business\/document-database\/?search.search=Estrutura%20Organizasaun%20AA%20(Dekretu%20Lei%202_2020)\"><span style=\"text-decoration: underline;\"><strong>iha ne\u2019e<\/strong><\/span><\/a>.<\/p>\n[\/vc_column_text][\/vc_column_inner][vc_column_inner width=&#8221;1\/12&#8243;][\/vc_column_inner][\/vc_row_inner][vc_row_inner remove_bottom_col_margin=&#8221;true&#8221; css=&#8221;.vc_custom_1621494676020{margin-bottom: 80px !important;}&#8221;][vc_column_inner width=&#8221;1\/12&#8243;]<figure class=\"vcex-image vcex-module wpex-clr icon-heading\"><div class=\"vcex-image-inner wpex-inline-block wpex-relative\"><img decoding=\"async\" width=\"61\" height=\"62\" src=\"https:\/\/customs.gov.tl\/wp-content\/uploads\/2021\/05\/icon-mountain-orange.svg\" class=\"wpex-align-middle\" alt=\"\" width=\"9999\" loading=\"lazy\" \/><\/div><\/figure>[\/vc_column_inner][vc_column_inner width=&#8221;5\/6&#8243;][vc_column_text]\n<h3>Ami-nia Misaun<\/h3>\n<h5>Ami-nia misaun mak (atu garante) atu:<\/h5>\n<ul>\n<li>Proteje nasaun nia fronteira sira, no hapara produtu sira ne\u2019eb\u00e9 ileg\u00e1l no restrita tama mai ka sai husi territ\u00f3riu nasion\u00e1l;<\/li>\n<li>Garante katak kobransa ba taxa no impostu apropriadu hotu-hotu hala\u2019o ho maneira ne\u2019eb\u00e9 justu no transparente;<\/li>\n<li>Prevene lakon signifikativa ba reseita sira ne\u2019eb\u00e9 kauza husi inefisi\u00e9nsia ka atividade ileg\u00e1l sira;<\/li>\n<li>Halo prosedimentu sira sai efisiente liutan no halo Alf\u00e1ndega iha kumprimentu ho padraun internasion\u00e1l sira;<\/li>\n<li>Fasilita kom\u00e9rsiu, no atrai investimentu liuhusi hafasil empreza sira iha importasaun no esportasaun ba merkadoria sira; no<\/li>\n<li style=\"text-align: justify;\">Identifika no halakon korrupsaun iha Alf\u00e1ndega nia laran.<\/li>\n<\/ul>\n[\/vc_column_text][\/vc_column_inner][vc_column_inner width=&#8221;1\/12&#8243;][\/vc_column_inner][\/vc_row_inner][vc_row_inner remove_bottom_col_margin=&#8221;true&#8221; css=&#8221;.vc_custom_1621494684062{margin-bottom: 80px !important;}&#8221;][vc_column_inner width=&#8221;1\/12&#8243;]<figure class=\"vcex-image vcex-module wpex-clr icon-heading\"><div class=\"vcex-image-inner wpex-inline-block wpex-relative\"><img decoding=\"async\" width=\"9999\" loading=\"lazy\" class=\"wpex-align-middle\" src=\"https:\/\/customs.gov.tl\/wp-content\/uploads\/2021\/05\/icon-structure-orange.svg\" alt=\"\" height=\"56\" \/><\/div><\/figure>[\/vc_column_inner][vc_column_inner width=&#8221;5\/6&#8243;][vc_column_text]\n<h3>Estrutura Organizasion\u00e1l<\/h3>\n<h5>Haktuir ba Estrutura Org\u00e1nika Foun (Dekretu Lei 2\/2020), ami-nia estruturas administrativa foun inklui:<\/h5>\n<h5><br \/>Diresaun Nasion\u00e1l ba Operasaun:<\/h5>\n<ul>\n<li>Dirije Autoridade Aduaneira nia atividade operasion\u00e1l nian sira hotu no m\u00f3s asegura atividade sira relasionadu ho fiskalizasaun, prevensaun, no represaun ba fraude aduaneira no fisk\u00e1l nian liuhusi servisu sira ne\u2019eb\u00e9 deskonsentradu.<\/li>\n<\/ul>\n<h5>Diresaun Nasion\u00e1l ba Jestaun Risku:<\/h5>\n<ul>\n<li>Identifika situasaun risku sira no m\u00f3s asegura atividade sira relasionadu ho fiskalizasaun, prevensaun no represaun ba fraude aduaneira no fisk\u00e1l.<\/li>\n<\/ul>\n<h5>Diresaun Nasion\u00e1l ba Jestaun Konformidade Aduaneira:<\/h5>\n<ul>\n<li>Asegura mekanizmu sira relasionadu ho \u00e1rea sira tributasaun, regulasaun aduaneira no impostu sira seletivu.<\/li>\n<\/ul>\n<h5>Diresaun Nasion\u00e1l ba Administrasaun, Finansas, no Loj\u00edstika:<\/h5>\n<ul>\n<li>Respons\u00e1vel ba atividade sira relasionadu ho jestaun ka administrasaun ba rekursu sira materi\u00e1l, finansas no loj\u00edstika.<\/li>\n<\/ul>\n<h5>Unidade Auditoria Interna no \u00c9tika:<\/h5>\n<ul>\n<li>Elabora no administra asaun sira ba inspesaun no auditoria nian. Unidade ne\u2019e m\u00f3s hala\u2019o funsaun monitorizasaun no avaliasaun ba estrutura organizasion\u00e1l, formasaun ba funsion\u00e1riu sira, administrasaun ba meiu sira umanu, materi\u00e1l no finanseiru, kumprimentu ba regulamentu no instrusaun interna nian sira, no implementasaun ba norma interna sira ne\u2019eb\u00e9 ho kualidade<\/li>\n<\/ul>\n<h5>Unidade Jur\u00eddika:<\/h5>\n<ul>\n<li>F\u00f3 apoiu t\u00e9kniku jur\u00eddiku iha preparasaun ba diploma leg\u00e1l sira, no m\u00f3s f\u00f3 konsellu jur\u00eddiku.<\/li>\n<\/ul>\n<h5>Unidade ba Rekursu:<\/h5>\n<ul>\n<li>Koordena no dirije elaborasaun ba pares\u00e9r, reklamasaun, rekursus, ka prosedimentu sira seluk ne\u2019eb\u00e9 ho natureza hanesan.<\/li>\n<\/ul>\n<h5>Unidade Relasaun Institusion\u00e1l no Komunikasaun:<\/h5>\n<ul>\n<li>Promove kolaborasaun no komunikasaun entre Autoridade Aduaneira no kontribuinte sira, no m\u00f3s instituisaun sira nasion\u00e1l no internasion\u00e1l nian. Unidade ida-ne\u2019e m\u00f3s jere no dezenvolve atividade sira ne\u2019eb\u00e9 efetiva ba komunikasaun no envolvimentu ho parte interesada sira no promove Autoridade ne\u2019e nia imajen.<\/li>\n<\/ul>\n<h5>Unidade Inform\u00e1tika no Estat\u00edstika Aduaneira:<\/h5>\n<ul>\n<li>Jere no dezenvolve sistema no aplikasaun sira inform\u00e1tika nian hodi apoia produsaun estat\u00edstika.<\/li>\n<\/ul>\n<h5>Unidade Jestaun Rekursu Umanu no Formasaun:<\/h5>\n<ul>\n<li>Asegura prosesu iha mat\u00e9ria rekursu umanu nian, hanesan estuda no elabora proposta sira kona-ba orientasaun pol\u00edtika, jestaun organizasion\u00e1l no formasaun, inklui sistema rekrutamentu nian.<\/li>\n<\/ul>\n<p style=\"text-align: justify;\">Ita-boot bele asesu no foti-grava ka download k\u00f3pia ida husi estrutura organizasion\u00e1l nian <a href=\"https:\/\/customs.gov.tl\/tt\/doing-business\/document-database\/?search.search=Estrutura%20Organizasaun%20AA%20(Dekretu%20Lei%202_2020)\"><strong><span style=\"text-decoration: underline;\">iha ne\u2019e<\/span><\/strong><\/a>.<\/p>\n[\/vc_column_text][\/vc_column_inner][vc_column_inner width=&#8221;1\/12&#8243;][\/vc_column_inner][\/vc_row_inner][vc_row_inner remove_bottom_col_margin=&#8221;true&#8221;][vc_column_inner width=&#8221;1\/12&#8243;]<figure class=\"vcex-image vcex-module wpex-clr icon-heading\"><div class=\"vcex-image-inner wpex-inline-block wpex-relative\"><img decoding=\"async\" width=\"9999\" loading=\"lazy\" class=\"wpex-align-middle\" src=\"https:\/\/customs.gov.tl\/wp-content\/uploads\/2021\/05\/icon-donation-orange.svg\" alt=\"\" height=\"56\" \/><\/div><\/figure>[\/vc_column_inner][vc_column_inner width=&#8221;5\/6&#8243;][vc_column_text]\n<h3>Ami-nia Val\u00f3r sira<\/h3>\n<p>Autoridade Aduaneira harii tuir val\u00f3r fundament\u00e1l haat hanesan tuirmai:[\/vc_column_text][\/vc_column_inner][vc_column_inner width=&#8221;1\/12&#8243;][\/vc_column_inner][\/vc_row_inner][vc_empty_space height=&#8221;35px&#8221;][\/vc_column][vc_column width=&#8221;1\/4&#8243;]<figure class=\"vcex-image vcex-module wpex-clr\"><div class=\"vcex-image-inner wpex-inline-block wpex-relative\"><img decoding=\"async\" loading=\"lazy\" class=\"wpex-align-middle\" src=\"https:\/\/customs.gov.tl\/wp-content\/uploads\/2021\/05\/logo-circle-350x340.jpg\" alt=\"\" width=\"350\" height=\"340\" \/><\/div><\/figure>[vc_empty_space height=&#8221;80px&#8221;][vc_empty_space height=&#8221;40px&#8221;][vc_row_inner el_class=&#8221;downloads-sidebar&#8221;][vc_column_inner][vc_column_text el_class=&#8221;downloads-title&#8221; css=&#8221;.vc_custom_1623296674533{border-bottom-width: 1px !important;border-bottom-color: #0f1a3f !important;border-bottom-style: solid !important;}&#8221;]\n<h5>Downloads<\/h5>\n[\/vc_column_text]<div class=\"vcex-module vcex-list_item wpex-max-w-100 wpex-clr wpex-mb-5\"><a  href=\"https:\/\/customs.gov.tl\/tt\/doing-business\/document-database\/\" class=\"vcex-list-item-link wpex-no-underline\"><div class=\"vcex-list-item-inner wpex-inline-flex wpex-flex-no-wrap wpex-items-center\"><div class=\"vcex-list-item-icon wpex-mr-10\"><div class=\"vcex-icon-wrap wpex-inline-flex wpex-justify-center wpex-items-center\"><span class=\"ticon ticon-download\"><\/span><\/div><\/div><div class=\"vcex-list-item-text vcex-content wpex-flex-grow\"><a href=\"https:\/\/customs.gov.tl\/tt\/doing-business\/document-database\/?search.search=Estrutura Organizasaun AA (Dekretu Lei 2_2020)\">Dekretu Lei AA 2\/2020<\/a><\/div><\/div><\/a><\/div><div class=\"vcex-module vcex-list_item wpex-max-w-100 wpex-clr wpex-mb-5\"><a  href=\"https:\/\/customs.gov.tl\/tt\/doing-business\/document-database\/\" class=\"vcex-list-item-link wpex-no-underline\"><div class=\"vcex-list-item-inner wpex-inline-flex wpex-flex-no-wrap wpex-items-center\"><div class=\"vcex-list-item-icon wpex-mr-10\"><div class=\"vcex-icon-wrap wpex-inline-flex wpex-justify-center wpex-items-center\"><span class=\"ticon ticon-download\"><\/span><\/div><\/div><div class=\"vcex-list-item-text vcex-content wpex-flex-grow\"><a href=\"https:\/\/customs.gov.tl\/tt\/doing-business\/document-database\/?search.search=Estrutura Organizasaun AA (Dekretu Lei 2_2020)\">Estrutura Organizasion\u00e1l<\/a><\/div><\/div><\/a><\/div><div class=\"vcex-module vcex-list_item wpex-max-w-100 wpex-clr wpex-mb-5\"><a  href=\"https:\/\/customs.gov.tl\/tt\/doing-business\/document-database\/\" class=\"vcex-list-item-link wpex-no-underline\"><div class=\"vcex-list-item-inner wpex-inline-flex wpex-flex-no-wrap wpex-items-center\"><div class=\"vcex-list-item-icon wpex-mr-10\"><div class=\"vcex-icon-wrap wpex-inline-flex wpex-justify-center wpex-items-center\"><span class=\"ticon ticon-download\"><\/span><\/div><\/div><div class=\"vcex-list-item-text vcex-content wpex-flex-grow\"><a href=\"https:\/\/customs.gov.tl\/tt\/doing-business\/document-database\/?search.search=Autoridade Alf\u00e1ndega Planu Estrat\u00e9jiku\">Planu Estrat\u00e9jiku Autoridade Aduaneiru<\/a><\/div><\/div><\/a><\/div>[\/vc_column_inner][\/vc_row_inner][\/vc_column][\/vc_row][vc_row gap=&#8221;30&#8243; equal_height=&#8221;yes&#8221; min_height=&#8221;500px&#8221; css=&#8221;.vc_custom_1622517579409{margin-bottom: 80px !important;}&#8221;][vc_column width=&#8221;1\/2&#8243; css=&#8221;.vc_custom_1622517423330{margin-bottom: 0px !important;padding-top: 40px !important;padding-right: 40px !important;padding-bottom: 40px !important;padding-left: 40px !important;background-color: #e1ecf9 !important;}&#8221; offset=&#8221;vc_col-lg-3 vc_col-md-6 vc_col-xs-12&#8243;][vc_column_text]\n<h3>Integridade<\/h3>\n<h5>Integridade mak nu\u2019udar Autoridade Aduaneira nia fundamentu:<\/h5>\n<p style=\"text-align: left;\">Integridade katak funsion\u00e1riu hotu-hotu sei trata ema hotu ho igualdade no aplika lei ho maneira ne\u2019eb\u00e9 justu. Integridade ezije katak funsion\u00e1riu sira atua ho.<\/p>\n[\/vc_column_text][\/vc_column][vc_column width=&#8221;1\/2&#8243; css=&#8221;.vc_custom_1622517464629{margin-bottom: 0px !important;padding-top: 40px !important;padding-right: 40px !important;padding-bottom: 40px !important;padding-left: 40px !important;background-color: #e1ecf9 !important;}&#8221; offset=&#8221;vc_col-lg-3 vc_col-md-6 vc_col-xs-12&#8243;][vc_column_text]\n<h3>Profisionalizmu<\/h3>\n<h5>Profisionalizmu iha pr\u00e1tika hotu-hotu:<\/h5>\n<p>Prosedimentu sira Aduaneiru nian simplifikadu no padronizadu ona tuir pr\u00e1tika internasion\u00e1l nian. Timor-Leste nia klasifikasaun tarif\u00e1ria sira armonizada ne\u2019e fasilita sirkulasaun r\u00e1pida ba merkadoria sira hodi hakur fronteira sira internasion\u00e1l nian. Sistema TI foun, atrav\u00e9s ASYCUDA World, kria prosesu afandeg\u00e1riu sira ne\u2019eb\u00e9 r\u00e1pidu.[\/vc_column_text][\/vc_column][vc_column width=&#8221;1\/2&#8243; css=&#8221;.vc_custom_1622517476695{margin-bottom: 0px !important;padding-top: 40px !important;padding-right: 40px !important;padding-bottom: 40px !important;padding-left: 40px !important;background-color: #e1ecf9 !important;}&#8221; offset=&#8221;vc_col-lg-3 vc_col-md-6 vc_col-xs-12&#8243;][vc_column_text]\n<h3>Transpar\u00e9nsia<\/h3>\n<h5>Transpar\u00e9nsia iha ami-nia atividade sira:<\/h5>\n<p>K\u00f3digu Aduaneiru nian asegura katak Autoridade Aduaneira sei pubika regra sira, diretiva sira, ka kualk\u00e9r mudansa ba K\u00f3digu refere no permite Alf\u00e1ndega atu halo konsulta ativamente ho sekt\u00f3r sira privadu no p\u00fabliku nian kona-ba kestaun oioin. K\u00f3digu ne\u2019e m\u00f3s klarifika informasaun saida de\u2019it mak importad\u00f3r no esportad\u00f3r sira presiza.[\/vc_column_text][\/vc_column][vc_column width=&#8221;1\/2&#8243; css=&#8221;.vc_custom_1622517485729{margin-bottom: 0px !important;padding-top: 40px !important;padding-right: 40px !important;padding-bottom: 40px !important;padding-left: 40px !important;background-color: #e1ecf9 !important;}&#8221; offset=&#8221;vc_col-lg-3 vc_col-md-6 vc_col-xs-12&#8243;][vc_column_text]\n<h3>Respeitu<\/h3>\n<h5>Respeitu mak sei sai baze atu halo atendimentu ba kliente sira:<\/h5>\n<p>Respeitu signifika sai sens\u00edvel no responsivu ba ami-nia kliente sira-nia direitu no nesesidade sira. Respeitu ne\u2019e ezije katak funsion\u00e1riu sira sempre atua ho kortezia no efisi\u00e9nsia. Respeitu ba kliente sira m\u00f3s signifika oferese servisu exelente ba kliente.[\/vc_column_text][\/vc_column][\/vc_row][vc_row][vc_column width=&#8221;3\/4&#8243;][vc_row_inner][vc_column_inner width=&#8221;1\/12&#8243;][\/vc_column_inner][vc_column_inner width=&#8221;5\/6&#8243;][vc_column_text]\n<h3>Ami-nia Planu Estrat\u00e9jiku Tinan Lima<\/h3>\n<p style=\"text-align: justify;\">Iha tinan lima oinmai, ami-nia objetivu mak atu halo reforma ba ami-nia organizasaun, hadi\u2019a ami-nia servisu no asegura katak ami-nia val\u00f3r sira-ne\u2019e refletidu iha ami-nia atuasaun hotu-hotu. Ami-nia Planu Estrat\u00e9jiku 2020-2025 nian sei orienta ami hodi transforma kompletamente ba iha autoridade ida ne\u2019eb\u00e9 efisiente no profision\u00e1l liutan, iha esforsu sira atu garante katak ami bele kumpri ami-nia obrigasaun leg\u00e1l sira no presta servisu ida ho kualidade ba ami-nia kliente sira. Ita-boot bele asesu no foti-grava ka download k\u00f3pia ida husi ami-nia Planu Estrat\u00e9jiku Tinan-5 (2020-2025) <a href=\"https:\/\/customs.gov.tl\/tt\/doing-business\/document-database\/?search.search=Autoridade Alf\u00e1ndega Planu Estrat\u00e9jiku\"><strong><span style=\"text-decoration: underline;\">iha ne\u2019e<\/span><\/strong><\/a>.<\/p>\n[\/vc_column_text][\/vc_column_inner][vc_column_inner width=&#8221;1\/12&#8243;][\/vc_column_inner][\/vc_row_inner][\/vc_column][vc_column width=&#8221;1\/4&#8243;][\/vc_column][\/vc_row][vc_row remove_bottom_col_margin=&#8221;true&#8221;][vc_column width=&#8221;3\/4&#8243;][\/vc_column][vc_column width=&#8221;1\/4&#8243;][\/vc_column][\/vc_row]\n<\/div>","protected":false},"excerpt":{"rendered":"","protected":false},"author":8,"featured_media":6901,"parent":7368,"menu_order":0,"comment_status":"open","ping_status":"open","template":"","meta":{"inline_featured_image":false,"footnotes":""},"class_list":["post-7372","page","type-page","status-publish","has-post-thumbnail","hentry","entry","no-media"],"_links":{"self":[{"href":"https:\/\/customs.gov.tl\/tt\/wp-json\/wp\/v2\/pages\/7372","targetHints":{"allow":["GET"]}}],"collection":[{"href":"https:\/\/customs.gov.tl\/tt\/wp-json\/wp\/v2\/pages"}],"about":[{"href":"https:\/\/customs.gov.tl\/tt\/wp-json\/wp\/v2\/types\/page"}],"author":[{"embeddable":true,"href":"https:\/\/customs.gov.tl\/tt\/wp-json\/wp\/v2\/users\/8"}],"replies":[{"embeddable":true,"href":"https:\/\/customs.gov.tl\/tt\/wp-json\/wp\/v2\/comments?post=7372"}],"version-history":[{"count":9,"href":"https:\/\/customs.gov.tl\/tt\/wp-json\/wp\/v2\/pages\/7372\/revisions"}],"predecessor-version":[{"id":11973,"href":"https:\/\/customs.gov.tl\/tt\/wp-json\/wp\/v2\/pages\/7372\/revisions\/11973"}],"up":[{"embeddable":true,"href":"https:\/\/customs.gov.tl\/tt\/wp-json\/wp\/v2\/pages\/7368"}],"wp:featuredmedia":[{"embeddable":true,"href":"https:\/\/customs.gov.tl\/tt\/wp-json\/wp\/v2\/media\/6901"}],"wp:attachment":[{"href":"https:\/\/customs.gov.tl\/tt\/wp-json\/wp\/v2\/media?parent=7372"}],"curies":[{"name":"wp","href":"https:\/\/api.w.org\/{rel}","templated":true}]}}