{"id":7371,"date":"2021-08-01T17:32:51","date_gmt":"2021-08-01T17:32:51","guid":{"rendered":"https:\/\/sandbox.ittimor.com\/cust\/about-us\/ongoing-modernization\/"},"modified":"2022-11-23T01:57:58","modified_gmt":"2022-11-23T01:57:58","slug":"ongoing-modernization","status":"publish","type":"page","link":"https:\/\/customs.gov.tl\/tt\/about-us\/ongoing-modernization\/","title":{"rendered":"Modernizasaun Kont\u00ednua"},"content":{"rendered":"<div class=\"wpb-content-wrapper\">[vc_row][vc_column]<div class=\"templatera_shortcode\"><div class=\"vc_row wpb_row vc_row-fluid page-title-img vc_custom_1619918400247 wpex-vc_row-has-fill wpex-vc-has-custom-column-spacing wpex-vc-column-spacing-0px no-bottom-margins wpex-vc-reset-negative-margin\"><div class=\"wpb_column vc_column_container vc_col-sm-12\"><div class=\"vc_column-inner\"><div class=\"wpb_wrapper\"><div class=\"vc_row wpb_row vc_inner vc_row-fluid page-title-overlay vc_custom_1619918083982 wpex-vc_row-has-fill no-bottom-margins wpex-vc-reset-negative-margin\"><div class=\"wpb_column vc_column_container vc_col-sm-12\"><div class=\"vc_column-inner\"><div class=\"wpb_wrapper\"><\/div><\/div><\/div><\/div><\/div><\/div><\/div><\/div><div data-vc-full-width=\"true\" data-vc-full-width-init=\"false\" class=\"vc_row wpb_row vc_row-fluid page-title-background vc_custom_1619917356710 wpex-vc_row-has-fill wpex-vc-row-stretched\"><div class=\"wpb_column vc_column_container vc_col-sm-12\"><div class=\"vc_column-inner\"><div class=\"wpb_wrapper\"><\/div><\/div><\/div><\/div><div class=\"vc_row-full-width vc_clearfix\"><\/div><\/div>[\/vc_column][\/vc_row][vc_row][vc_column width=&#8221;1\/12&#8243;][\/vc_column][vc_column width=&#8221;7\/12&#8243;][vc_column_text]\n<h3>Esforsu Kont\u00ednua ba Modernizasaun nian<\/h3>\n<p>Dezde tinan 2017, Autoridade Aduaneira ultrapasa ona reforma estrutur\u00e1l no fisk\u00e1l boboot sira atu moderniza no profisionaliza maneira oins\u00e1 ami hala\u2019o sebisu. Ida-ne\u2019e inklui:<\/p>\n<ul>\n<li>Atualizasaun ba lei sira ne\u2019eb\u00e9 orienta Atividade sira Aduaneira nian;<\/li>\n<li>Inkorpora sistema TI foun ba iha atividade sira serbisu loroloron nian atu moderniza no ajiliza prosedimentu sira;<\/li>\n<li>Hamenus enkargu administrativa sira liuhusi automatizasaun ba prosedimentu sira kobransa reseita no prosesamentu ba merkadoria sira; no<\/li>\n<li>Moderniza no profisionaliza abilidade no kompet\u00e9nsia husi ami-nia forsa traballu.<\/li>\n<\/ul>\n<p style=\"text-align: justify;\">Maske halo ona progresu ne\u2019eb\u00e9 di\u2019ak, maib\u00e9 ami reko\u00f1ese katak sei iha serbisu barak atu halo, ami buka atu alkansa hirak tuimai ne\u2019e:<\/p>\n[\/vc_column_text][\/vc_column][vc_column width=&#8221;1\/4&#8243;]<div class=\"templatera_shortcode\"><div class=\"vc_row wpb_row vc_row-fluid\"><div class=\"wpb_column vc_column_container vc_col-sm-12\"><div class=\"vc_column-inner\"><div class=\"wpb_wrapper\">\n\t<div class=\"wpb_text_column wpb_content_element social-share\" >\n\t\t<div class=\"wpb_wrapper\">\n\t\t\t<h5>Fahe tutan pajina ida ne\u2019e<\/h5>\n\n\t\t<\/div>\n\t<\/div>\n\n<div class=\"vcex-module vcex-social-share\">\n\n\t<div class=\"wpex-social-share style-flat position-horizontal\" data-source=\"https%3A%2F%2Fcustoms.gov.tl%2Ftt%2F\" data-url=\"https%3A%2F%2Fcustoms.gov.tl%2Ftt%2Fwp-json%2Fwp%2Fv2%2Fpages%2F7371%2F\" data-title=\"Archives\" data-email-subject=\"I wanted you to see this link\" data-email-body=\"I wanted you to see this link https%3A%2F%2Fcustoms.gov.tl%2Ftt%2Fwp-json%2Fwp%2Fv2%2Fpages%2F7371%2F\" data-specs=\"menubar=no,toolbar=no,resizable=yes,scrollbars=yes,height=600,width=600\">\n\t<ul class=\"wpex-social-share__list\">\n\n\t\t\n\t\t\t\t<li class=\"wpex-social-share__item custom-print\">\n\n\t\t\t\t\t\n\t\t\t\t\t\t<a href=\"#print\" role=\"button\" class=\"wpex-social-share__link\">\n\n\t\t\t\t\t\n\t\t\t\t\t\t<img decoding=\"async\" src=\"http:\/\/customs.gov.tl\/wp-content\/uploads\/2021\/05\/icon-print.svg\" \/>\n\t\t\t\t\t\t\t\t\t\t\t\t\t<span class=\"wpex-social-share__label wpex-label\">Print<\/span>\n\t\t\t\t\t\t\n\t\t\t\t\t<\/a>\n\n\t\t\t\t<\/li>\n\n\t\t\t\n\t\t\t\t<li class=\"wpex-social-share__item wpex-email\">\n\n\t\t\t\t\t\n\t\t\t\t\t\t<a href=\"#\" role=\"button\" class=\"wpex-social-share__link\">\n\n\t\t\t\t\t\n\t\t\t\t\t\t<img decoding=\"async\" src=\"http:\/\/customs.gov.tl\/wp-content\/uploads\/2021\/05\/icon-envelope.svg\" \/>\n\t\t\t\t\t\t\t\t\t\t\t\t\t<span class=\"wpex-social-share__label wpex-label\">Email<\/span>\n\t\t\t\t\t\t\n\t\t\t\t\t<\/a>\n\n\t\t\t\t<\/li>\n\n\t\t\t\n\t\t\t\t<li class=\"wpex-social-share__item wpex-facebook\">\n\n\t\t\t\t\t\n\t\t\t\t\t\t<a href=\"#\" role=\"button\" class=\"wpex-social-share__link\">\n\n\t\t\t\t\t\n\t\t\t\t\t\t<img decoding=\"async\" src=\"http:\/\/customs.gov.tl\/wp-content\/uploads\/2021\/05\/icon-facebook.svg\" \/>\n\t\t\t\t\t\t\t\t\t\t\t\t\t<span class=\"wpex-social-share__label wpex-label\">Share<\/span>\n\t\t\t\t\t\t\n\t\t\t\t\t<\/a>\n\n\t\t\t\t<\/li>\n\n\t\t\t\n\t\t\t\t<li class=\"wpex-social-share__item wpex-linkedin\">\n\n\t\t\t\t\t\n\t\t\t\t\t\t<a href=\"#\" role=\"button\" class=\"wpex-social-share__link\">\n\n\t\t\t\t\t\n\t\t\t\t\t\t<img decoding=\"async\" src=\"http:\/\/customs.gov.tl\/wp-content\/uploads\/2021\/05\/icon-linkedin.svg\" \/>\n\t\t\t\t\t\t\t\t\t\t\t\t\t<span class=\"wpex-social-share__label wpex-label\">Share<\/span>\n\t\t\t\t\t\t\n\t\t\t\t\t<\/a>\n\n\t\t\t\t<\/li>\n\n\t\t\t\n\t<\/ul>\n\n\t<\/div>\n\n<\/div><\/div><\/div><\/div><\/div>\r\n<\/div>[\/vc_column][vc_column width=&#8221;1\/12&#8243;][\/vc_column][\/vc_row][vc_row][vc_column width=&#8221;1\/2&#8243;]<div class=\"vcex-module vcex-image-banner wpex-relative wpex-overflow-hidden wpex-max-w-100 wpex-bg-gray-900 wpex-text-white wpex-float-center wpex-text-center min-400\" ><span class=\"vcex-ib-img wpex-block wpex-z-1 wpex-transition-all wpex-duration-500 wpex-bg-cover wpex-absolute wpex-inset-0\" style=\"background-image:url(https:\/\/customs.gov.tl\/wp-content\/uploads\/2021\/05\/Revenue_collection.jpg);\"><\/span><div class=\"vcex-ib-overlay wpex-absolute wpex-z-5 wpex-inset-0 wpex-transition-all wpex-duration-500\"><div class=\"vcex-ib-overlay-bg wpex-absolute wpex-inset-0 wpex-bg-black wpex-opacity-30\" style=\"background:#0f1a40;opacity:.35;\"><\/div><\/div><div class=\"vcex-ib-content-wrap wpex-z-10 wpex-w-100 wpex-transition-all wpex-duration-500 wpex-relative wpex-clr\"><div class=\"vcex-ib-content wpex-mx-auto wpex-clr\"><\/div><\/div><\/div>[vc_column_text css=&#8221;.vc_custom_1669168281238{padding-top: 40px !important;padding-right: 40px !important;padding-bottom: 40px !important;padding-left: 40px !important;}&#8221;]\n<h4>1. Kobransa Reseita Adekuada<\/h4>\n<p style=\"text-align: justify;\">oins\u00e1 ami halo kobransa ba impostu, nune\u2019e empreza, komersiante no p\u00fabliku sira iha Timor-Leste bele simu rekursu no servisu adekuadu sira ne\u2019eb\u00e9 neses\u00e1riu atu harii nasaun ida ne\u2019eb\u00e9 forte no pr\u00f3speru liutan.<\/p>\n[\/vc_column_text][\/vc_column][vc_column width=&#8221;1\/2&#8243;]<div class=\"vcex-module vcex-image-banner wpex-relative wpex-overflow-hidden wpex-max-w-100 wpex-bg-gray-900 wpex-text-white wpex-float-center wpex-text-center min-400\" ><span class=\"vcex-ib-img wpex-block wpex-z-1 wpex-transition-all wpex-duration-500 wpex-bg-cover wpex-absolute wpex-inset-0\" style=\"background-image:url(https:\/\/customs.gov.tl\/wp-content\/uploads\/2021\/05\/border.jpg);\"><\/span><div class=\"vcex-ib-overlay wpex-absolute wpex-z-5 wpex-inset-0 wpex-transition-all wpex-duration-500\"><div class=\"vcex-ib-overlay-bg wpex-absolute wpex-inset-0 wpex-bg-black wpex-opacity-30\" style=\"background:#0f1a40;opacity:.35;\"><\/div><\/div><div class=\"vcex-ib-content-wrap wpex-z-10 wpex-w-100 wpex-transition-all wpex-duration-500 wpex-relative wpex-clr\"><div class=\"vcex-ib-content wpex-mx-auto wpex-clr\"><\/div><\/div><\/div>[vc_column_text css=&#8221;.vc_custom_1669168289102{padding-top: 40px !important;padding-right: 40px !important;padding-bottom: 40px !important;padding-left: 40px !important;}&#8221;]\n<h4>2. Proteje Fronteira Nasaun nian<\/h4>\n<p style=\"text-align: justify;\">Dezafiu segundu ne\u2019eb\u00e9 hasoru mak atu proteje Timor-Leste nia fronteira sira husi merkadoria sira neeb\u00e9 ileg\u00e1l no nosivu, asegura katak merkadoria sira leg\u00e1l ne\u2019e kumpri padraun sira nasion\u00e1l nian iha \u00e1rea seguransa aliment\u00e1r, produtu k\u00edmiku sira agr\u00edkola nian (inklui pestisida no fertilizante sira), medikamentu no peku\u00e1ria nian. Ami aplika ona padraun hirak ne\u2019e atu proteje flora no fauna iha Timor-Leste no m\u00f3s povu Timor-Leste. Atu proteje nasaun nia fronteira sira, ami sei kontinua serbisu hamutuk ho aj\u00e9nsia governu nian sira seluk no m\u00f3s ho p\u00fabliku atu identifika merkadoria ileg\u00e1l sira ne\u2019eb\u00e9 tama mai rai-laran, aumezmu tempu asegura katak hirak be leg\u00e1l ne\u2019e, la halo aat ba ita-nia nasaun.<\/p>\n[\/vc_column_text][\/vc_column][\/vc_row][vc_row][vc_column width=&#8221;1\/2&#8243;]<div class=\"vcex-module vcex-image-banner wpex-relative wpex-overflow-hidden wpex-max-w-100 wpex-bg-gray-900 wpex-text-white wpex-float-center wpex-text-center min-400\" ><span class=\"vcex-ib-img wpex-block wpex-z-1 wpex-transition-all wpex-duration-500 wpex-bg-cover wpex-absolute wpex-inset-0\" style=\"background-image:url(https:\/\/customs.gov.tl\/wp-content\/uploads\/2021\/05\/Mask-Group-24.jpg);\"><\/span><div class=\"vcex-ib-overlay wpex-absolute wpex-z-5 wpex-inset-0 wpex-transition-all wpex-duration-500\"><div class=\"vcex-ib-overlay-bg wpex-absolute wpex-inset-0 wpex-bg-black wpex-opacity-30\" style=\"background:#0f1a40;opacity:.35;\"><\/div><\/div><div class=\"vcex-ib-content-wrap wpex-z-10 wpex-w-100 wpex-transition-all wpex-duration-500 wpex-relative wpex-clr\"><div class=\"vcex-ib-content wpex-mx-auto wpex-clr\"><\/div><\/div><\/div>[vc_column_text css=&#8221;.vc_custom_1669168298806{padding-top: 40px !important;padding-right: 40px !important;padding-bottom: 40px !important;padding-left: 40px !important;}&#8221;]\n<h4>3. Kreximentu Ekon\u00f3miku<\/h4>\n<p style=\"text-align: justify;\">Kontribui ba kreximentu ekon\u00f3miku no diversifikasaun ne\u2019e ezije kolaborasaun besik no parseira ho parte interesadu sira, nune\u2019e bele identifika solusaun inovativu no oportunidade sira. Ind\u00fastria kom\u00e9rsiu nian, partikularmente liu, dezempe\u00f1a kna\u2019ar ida kr\u00edtiku tebes iha Timor-Leste nia kreximentu ekon\u00f3miku, no ezije Alf\u00e1ndega atu funsiona ho efisiente liutan hodi hamenus kustu sira, risku sira no garante kampu atuasaun ida justu. Ami reko\u00f1ese katak esforsu sira ne\u2019eb\u00e9 konsentradu ba kooperasaun industri\u00e1l ne\u2019e sei kontribui ba dezenvolvimentu ekon\u00f3miku no dudu sa\u2019e Timor-leste nia pozisaun nu\u2019udar parseiru kom\u00e9rsiu ida ativu no valorizadu iha n\u00edvel glob\u00e1l.<\/p>\n[\/vc_column_text][\/vc_column][vc_column width=&#8221;1\/2&#8243;]<div class=\"vcex-module vcex-image-banner wpex-relative wpex-overflow-hidden wpex-max-w-100 wpex-bg-gray-900 wpex-text-white wpex-float-center wpex-text-center min-400\" ><span class=\"vcex-ib-img wpex-block wpex-z-1 wpex-transition-all wpex-duration-500 wpex-bg-cover wpex-absolute wpex-inset-0\" style=\"background-image:url(https:\/\/customs.gov.tl\/wp-content\/uploads\/2021\/05\/stamped.jpg);\"><\/span><div class=\"vcex-ib-overlay wpex-absolute wpex-z-5 wpex-inset-0 wpex-transition-all wpex-duration-500\"><div class=\"vcex-ib-overlay-bg wpex-absolute wpex-inset-0 wpex-bg-black wpex-opacity-30\" style=\"background:#0f1a40;opacity:.35;\"><\/div><\/div><div class=\"vcex-ib-content-wrap wpex-z-10 wpex-w-100 wpex-transition-all wpex-duration-500 wpex-relative wpex-clr\"><div class=\"vcex-ib-content wpex-mx-auto wpex-clr\"><\/div><\/div><\/div>[vc_column_text css=&#8221;.vc_custom_1669168306597{padding-top: 40px !important;padding-right: 40px !important;padding-bottom: 40px !important;padding-left: 40px !important;}&#8221;]\n<h4>4. Jere movimentu ema no sasan ne\u2019ebe atrav\u00e9s husi fronteira<\/h4>\n<p style=\"text-align: justify;\">Karik ba turismu, empregu ka negosiu. Bainhira ema tama Timor-Leste, ne\u2019e papel Alfandega nian atu asegura katak ema hirak ne\u2019e hatene regra sira kona-ba importasaun sasan tama mai nasaun. Alfandega komprometidu atu hadia maneira monitoriza no jere movimentasaun ema ho sasan.<\/p>\n[\/vc_column_text][\/vc_column][\/vc_row][vc_row][vc_column width=&#8221;2\/3&#8243;][vc_column_text]\n<h3>Kooperasaun Internasion\u00e1l no Dezenvolvimentu<\/h3>\n<p style=\"text-align: justify;\">Ami serbisu iha kooperasaun besik no parseria ho aj\u00e9nsia internasion\u00e1l lubuk ida ne\u2019eb\u00e9 envolve iha prosesu moderniazaun ba kom\u00e9rsiu nian. ami hetan ona ko\u00f1esimentu no asist\u00e9nsia t\u00e9knika barak husi doad\u00f3r sira tuirmai ne\u2019e:<\/p>\n[\/vc_column_text][vc_empty_space height=&#8221;20px&#8221;][\/vc_column][vc_column width=&#8221;1\/3&#8243;][\/vc_column][\/vc_row][vc_row][vc_column width=&#8221;2\/3&#8243;][vc_column_text]\n<h4>Ajensia Estadus Unidus ba Dezenvolvimentu Internasion\u00e1l (USAID)<\/h4>\n<p style=\"text-align: justify;\">Objetivu husi United States Agency for International Development\u00a0(USAID) fundus ba Atividade Governasaun Komersiu mak atu apoiu Governu Timor-Leste hodi institusionaliza administrasaun ida diak &#8211; no sistema komersiu modernu ne\u2019ebe mak profesional, transparante, responsabilidade, efisiensia, efikasia, responde ba Timor-oan sira no kumpri tuir regra no padraun internasional sira. Atividade ida ne\u2019e, hahu iha fulan Abril 2022, no sei funsiona to\u2019o fulan Agustu 2025, sei ajuda Governu Timor-Leste haforsa governasaun ba sira nia sistema komersiu nian inklui efisiensia no efikasia ba utilizasaun rekursu sira; no estabelese, implementa no jer\u00e9 objetivu estrutura ida adekuadu ne\u2019ebe fo komersiante no set\u00f3r privadu \u2018lian\u2019 atu garante governasaun ida transparante no -responsavel ba publ\u00edku. Pr\u00e1tika fasilitasaun komersiu inklui\u00a0 operasaun Alf\u00e2ndega sei moderniza atu garante kumpri tuir norma no pr\u00e1tika diak internasional, leg\u00e1l no ambient\u00e1l, no haforsa tan kapasidade institusional no umanu. Hafoin institusionaliza ona, espera katak sistema komersiu ida ne\u2019e sei aumenta kresimentu komersial no ekon\u00f3mia, hasa\u2019e reseitas governu, hasa\u2019e integrasaun rejional no internasional, haforsa sustentabilidade, haforsa boa-governasaun no hasa\u2019e kapasidade auto-konfiansa ka moris rasik.<\/p>\n[\/vc_column_text]<div class=\"theme-button-block-wrap wpex-block wpex-clear theme-button-wrap wpex-clr\"><a href=\"https:\/\/www.usaid.gov\/\" class=\"vcex-button theme-txt-link block button-with-top-border\" target=\"_blank\" style=\"font-weight:500;\" rel=\"noopener noreferrer\"><span class=\"theme-button-inner\">Klike iha ne\u2019e atu hatene liutan kona-ba USAID Timor-Leste<span class=\"vcex-icon-wrap theme-button-icon-right\"><span class=\"ticon ticon-angle-right\" aria-hidden=\"true\"><\/span><\/span><\/span><\/a><\/div> [vc_empty_space height=&#8221;20px&#8221;][\/vc_column][vc_column width=&#8221;1\/3&#8243;][vc_row_inner][vc_column_inner width=&#8221;1\/6&#8243;][\/vc_column_inner][vc_column_inner width=&#8221;4\/6&#8243;][vc_single_image image=&#8221;3051&#8243; img_size=&#8221;&#8221;][\/vc_column_inner][vc_column_inner width=&#8221;1\/6&#8243;][\/vc_column_inner][\/vc_row_inner][\/vc_column][\/vc_row][vc_row][vc_column width=&#8221;2\/3&#8243;][vc_column_text]\n<p>&nbsp;<\/p>\n<h4>Konfer\u00e9nsia Nasoens Unidas ba Asuntu Kom\u00e9rsiu no Dezenvolvimentu (UNCTAD)<\/h4>\n<p>United Nations Conference on Trade and Development (UNCTAD) estabelesidu iha tinan 1964 nu\u2019udar \u00f3rgaun permanente ida intergovernament\u00e1l nian. Iha 2017, Governu, liuhusi Konsellu Ministru, aprova rezolusaun N\u00fa. 14\/ 2017 hodi estabelese Janela \u00danika Nasion\u00e1l atrav\u00e9s sistema ASYCUDA World ne\u2019eb\u00e9 Autoridade Aduaneira nian uza ona dezde tinan 2018. UNCTAD fornese ba Alf\u00e1ndega abilidade ka kompet\u00e9nsia sira atu garante integrasaun ekon\u00f3miku boot liu, ne\u2019eb\u00e9 inklui:<\/p>\n<ul>\n<li>Opsaun sira abranjente atu responde ba dezafiu dezenvolvimentu sira n\u00edvel makro nian.<\/li>\n<li>Alkansa integrasaun benefisi\u00e1l ba iha sistema kom\u00e9rsiu internasion\u00e1l.<\/li>\n<li>Hasa\u2019e asesu ba teknolojia dijit\u00e1l sira ne\u2019eb\u00e9 garante ali\u00f1amentu ba prosedimentu lok\u00e1l sira tuir pr\u00e1tika sira internasion\u00e1l nian hanesan ASYCUDA.<\/li>\n<li>Aselera fluxu merkadoria atrav\u00e9s fronteira sira.<\/li>\n<li>Hamenus regulamentu sira ne\u2019eb\u00e9 limita kompetisaun.<\/li>\n<\/ul>\n[\/vc_column_text]<div class=\"theme-button-block-wrap wpex-block wpex-clear theme-button-wrap wpex-clr\"><a href=\"https:\/\/unctad.org\/\" class=\"vcex-button theme-txt-link block button-with-top-border\" target=\"_blank\" rel=\"noopener noreferrer\"><span class=\"theme-button-inner\">Hatene liutan kona-ba UNCTAD iha ne\u2019e<span class=\"vcex-icon-wrap theme-button-icon-right\"><span class=\"ticon ticon-angle-right\" aria-hidden=\"true\"><\/span><\/span><\/span><\/a><\/div> [vc_empty_space height=&#8221;20px&#8221;][\/vc_column][vc_column width=&#8221;1\/3&#8243;][vc_row_inner][vc_column_inner width=&#8221;1\/6&#8243;][\/vc_column_inner][vc_column_inner width=&#8221;4\/6&#8243;][vc_single_image image=&#8221;8547&#8243; img_size=&#8221;&#8221; alignment=&#8221;center&#8221;][\/vc_column_inner][vc_column_inner width=&#8221;1\/6&#8243;][\/vc_column_inner][\/vc_row_inner][\/vc_column][\/vc_row][vc_row][vc_column width=&#8221;2\/3&#8243;][vc_column_text]\n<h4>Banku Dezenvolvimentu Azi\u00e1tiku (ADB)<\/h4>\n<p>Parseria nasion\u00e1l Banku Dezenvolvimentu Azi\u00e1tiku (ABD) ba Timor-Leste foka ba remosaun konstranjimentu sira sira iha infraestrutura nian no m\u00f3s iha kapit\u00e1l umanu. ADB fornese ona publikasaun no relat\u00f3riu lubuk ida, ne\u2019eb\u00e9 ajuda ona desiz\u00f3r-pol\u00edtiku sira hodi formula solusaun sira ne\u2019eb\u00e9 di\u2019akliu ba dezafiu boot balun ne\u2019eb\u00e9 Timor-Leste hasoru.<\/p>\n<p>Dezde 1999, ADB autoriza ona empr\u00e9stimu, subvensaun no asist\u00e9nsia t\u00e9knika sira ho val\u00f3r Dolar Amerikanu millaun $434.21 ba Timor-Leste. ADB nia asist\u00e9nsia resente ba Timor-Leste konsentradu ba melloria iha konektividade transporte atu hamenus dezigualdade, hadi\u2019ak fornesimentu bee no saneamentu hodi f\u00f3 rezultadu di\u2019ak iha \u00e1rea sa\u00fade, refinasaun ba edukasaun no formasaun hodi responde ba lakuna sira iha kompet\u00e9nsia, investe iha kadeia val\u00f3r agr\u00edkola hodi dudu prosperiedade rur\u00e1l, no habelar servisu finanseira nian sira atu estimula kreximentu inkluzivu.<\/p>\n<p>ADB ajuda ona Timor-Leste hodi halo reabilitasaun ka melloria ba estrada nasion\u00e1l kil\u00f3metru 126, no sei hadi\u2019a tan estrada distrit\u00e1l no nasion\u00e1l hamutuk kil\u00f3metru 296 at\u00e9 2022.<\/p>\n[\/vc_column_text]<div class=\"theme-button-block-wrap wpex-block wpex-clear theme-button-wrap wpex-clr\"><a href=\"https:\/\/www.adb.org\/\" class=\"vcex-button theme-txt-link block button-with-top-border\" target=\"_blank\" rel=\"noopener noreferrer\"><span class=\"theme-button-inner\">Hatene liutan kona-ba ADB iha ne\u2019e<span class=\"vcex-icon-wrap theme-button-icon-right\"><span class=\"ticon ticon-angle-right\" aria-hidden=\"true\"><\/span><\/span><\/span><\/a><\/div> [vc_empty_space height=&#8221;20px&#8221;][\/vc_column][vc_column width=&#8221;1\/3&#8243;][vc_row_inner][vc_column_inner width=&#8221;1\/6&#8243;][\/vc_column_inner][vc_column_inner width=&#8221;4\/6&#8243;][vc_single_image image=&#8221;8543&#8243;][\/vc_column_inner][vc_column_inner width=&#8221;1\/6&#8243;][\/vc_column_inner][\/vc_row_inner][\/vc_column][\/vc_row][vc_row][vc_column width=&#8221;2\/3&#8243;][vc_column_text]\n<h4>Deutsche Gesellschaft f\u016fr Internationale Zusammenarbeit (GIZ)<\/h4>\n<p style=\"text-align: justify;\">Deutsche Gesellschaft f\u016fr Internationale Zusammenarbeit (GIZ) finansia projetu Asesoria no Formasaun ba Ind\u00fastria Mar\u00edtima nian iha Timor-Leste (ATMI-TLS II) ho objetivu atu haforsa kapasidade institusion\u00e1l no peso\u00e1l ba funsion\u00e1riu sira iha jestaun mar\u00edtima nian no m\u00f3s instituisaun formasaun profision\u00e1l sira ne\u2019eb\u00e9 ligadu ba sekt\u00f3r mar\u00edtima Timor-Leste nian tuir padraun sira internasion\u00e1l nian. Projetu Asesoria no Formasaun ba Ind\u00fastria Mar\u00edtima nian, buka atu haforsa administrasaun mar\u00edtima foun iha rai-laran no melloria ba prosedimentu sira iha sekt\u00f3r mar\u00edtimu nian, ne\u2019eb\u00e9 tenki tuir padraun sira internasion\u00e1l nian. Transporte mar\u00edtima ne\u2019e estremamente importante tantu ba dezenvolvimentu ekon\u00f3miku iha Timor-Leste no m\u00f3s ba integrasaun \u00e1rea remota sira iha rai-laran. Espansaun ba infraestrutura transporte nian ne\u2019e esensi\u00e1l ba kreximentu ekon\u00f3miku iha futuru no aumentu ba empregu iha turizmu, peska no loj\u00edstika.<\/p>\n[\/vc_column_text]<div class=\"theme-button-block-wrap wpex-block wpex-clear theme-button-wrap wpex-clr\"><a href=\"https:\/\/www.giz.de\/en\/html\/index.html\" class=\"vcex-button theme-txt-link block button-with-top-border\" target=\"_blank\" rel=\"noopener noreferrer\"><span class=\"theme-button-inner\">Hatene liutan kona-ba ATMI-TLS iha ne\u2019e<span class=\"vcex-icon-wrap theme-button-icon-right\"><span class=\"ticon ticon-angle-right\" aria-hidden=\"true\"><\/span><\/span><\/span><\/a><\/div> [\/vc_column][vc_column width=&#8221;1\/3&#8243;][vc_row_inner][vc_column_inner width=&#8221;1\/6&#8243;][\/vc_column_inner][vc_column_inner width=&#8221;4\/6&#8243;][vc_single_image image=&#8221;8545&#8243;][\/vc_column_inner][vc_column_inner width=&#8221;1\/6&#8243;][\/vc_column_inner][\/vc_row_inner][\/vc_column][\/vc_row]\n<\/div>","protected":false},"excerpt":{"rendered":"Esforsu Kont\u00ednua ba Modernizasaun nian Dezde tinan 2017, Autoridade Aduaneira ultrapasa ona reforma estrutur\u00e1l no fisk\u00e1l boboot sira atu moderniza no profisionaliza maneira oins\u00e1 ami hala\u2019o sebisu. Ida-ne\u2019e inklui: Atualizasaun ba lei sira ne\u2019eb\u00e9 orienta Atividade sira Aduaneira nian; Inkorpora&hellip;","protected":false},"author":8,"featured_media":6905,"parent":7368,"menu_order":0,"comment_status":"open","ping_status":"open","template":"","meta":{"inline_featured_image":false,"footnotes":""},"class_list":["post-7371","page","type-page","status-publish","has-post-thumbnail","hentry","entry","has-media"],"_links":{"self":[{"href":"https:\/\/customs.gov.tl\/tt\/wp-json\/wp\/v2\/pages\/7371","targetHints":{"allow":["GET"]}}],"collection":[{"href":"https:\/\/customs.gov.tl\/tt\/wp-json\/wp\/v2\/pages"}],"about":[{"href":"https:\/\/customs.gov.tl\/tt\/wp-json\/wp\/v2\/types\/page"}],"author":[{"embeddable":true,"href":"https:\/\/customs.gov.tl\/tt\/wp-json\/wp\/v2\/users\/8"}],"replies":[{"embeddable":true,"href":"https:\/\/customs.gov.tl\/tt\/wp-json\/wp\/v2\/comments?post=7371"}],"version-history":[{"count":10,"href":"https:\/\/customs.gov.tl\/tt\/wp-json\/wp\/v2\/pages\/7371\/revisions"}],"predecessor-version":[{"id":11363,"href":"https:\/\/customs.gov.tl\/tt\/wp-json\/wp\/v2\/pages\/7371\/revisions\/11363"}],"up":[{"embeddable":true,"href":"https:\/\/customs.gov.tl\/tt\/wp-json\/wp\/v2\/pages\/7368"}],"wp:featuredmedia":[{"embeddable":true,"href":"https:\/\/customs.gov.tl\/tt\/wp-json\/wp\/v2\/media\/6905"}],"wp:attachment":[{"href":"https:\/\/customs.gov.tl\/tt\/wp-json\/wp\/v2\/media?parent=7371"}],"curies":[{"name":"wp","href":"https:\/\/api.w.org\/{rel}","templated":true}]}}