{"id":7370,"date":"2021-08-01T17:32:45","date_gmt":"2021-08-01T17:32:45","guid":{"rendered":"https:\/\/sandbox.ittimor.com\/cust\/about-us\/meet-the-team\/"},"modified":"2024-09-30T09:32:57","modified_gmt":"2024-09-30T00:32:57","slug":"meet-the-team","status":"publish","type":"page","link":"https:\/\/customs.gov.tl\/tt\/about-us\/meet-the-team\/","title":{"rendered":"Ko\u00f1ese Komis\u00e1riu"},"content":{"rendered":"<div class=\"wpb-content-wrapper\">[vc_row][vc_column][vc_empty_space][\/vc_column][\/vc_row][vc_row full_width=&#8221;stretch_row&#8221; content_placement=&#8221;top&#8221; gap=&#8221;30&#8243; remove_bottom_col_margin=&#8221;true&#8221; el_class=&#8221;team-row-1&#8243;][vc_column width=&#8221;5\/12&#8243;]<div class=\"vcex-module vcex-image-banner wpex-relative wpex-overflow-hidden wpex-max-w-100 wpex-bg-gray-900 wpex-text-white wpex-float-center wpex-text-center team-img\" ><span class=\"vcex-ib-img wpex-block wpex-z-1 wpex-transition-all wpex-duration-500 wpex-bg-cover wpex-absolute wpex-inset-0\" style=\"background-image:url(https:\/\/customs.gov.tl\/wp-content\/uploads\/2024\/09\/Commisisoner-Joanico-fot-scaled.jpg);background-position:center center;\"><\/span><div class=\"vcex-ib-overlay wpex-absolute wpex-z-5 wpex-inset-0 wpex-transition-all wpex-duration-500\"><div class=\"vcex-ib-overlay-bg wpex-absolute wpex-inset-0 wpex-bg-black wpex-opacity-30\" style=\"background:#0f1a40;opacity:.25;\"><\/div><\/div><div class=\"vcex-ib-content-wrap wpex-z-10 wpex-w-100 wpex-transition-all wpex-duration-500 wpex-relative wpex-clr\"><div class=\"vcex-ib-content wpex-mx-auto wpex-clr\"><\/div><\/div><\/div>[vc_row_inner remove_bottom_col_margin=&#8221;true&#8221;][vc_column_inner width=&#8221;1\/4&#8243;][\/vc_column_inner][vc_column_inner width=&#8221;1\/2&#8243; css=&#8221;.vc_custom_1620536962997{padding-bottom: 14px !important;background-color: #af1e33 !important;}&#8221;][\/vc_column_inner][vc_column_inner width=&#8221;1\/4&#8243;][\/vc_column_inner][\/vc_row_inner][vc_row_inner][vc_column_inner width=&#8221;7\/12&#8243;][\/vc_column_inner][vc_column_inner width=&#8221;5\/12&#8243; css=&#8221;.vc_custom_1621848559728{padding-top: 20px !important;}&#8221;][vc_column_text]<strong>Joanico Pinto<\/strong><br \/>\nKomis\u00e1riu[\/vc_column_text][\/vc_column_inner][\/vc_row_inner][\/vc_column][vc_column width=&#8221;7\/12&#8243; css=&#8221;.vc_custom_1626054395209{margin-top: -80px !important;}&#8221;][vc_column_text el_class=&#8221;job-title&#8221;]Komis\u00e1riu Autoridade Aduaneira [\/vc_column_text][vc_column_text el_class=&#8221;team-name&#8221;]\n<h3 style=\"text-align: justify;\">Joanico Pinto<\/h3>\n[\/vc_column_text][vc_column_text]Nomeadu nu\u2019udar Komis\u00e1riu Autoridade Aduaneira iha loron 6 fulan Setembru 2024, liuhusi Resolusaun Governu N\u00fa.48\/2024, Komis\u00e1riu Joanico Pinto lidera instituisaun nia esforsu \u00a0atu hasa\u2019e efisi\u00e9nsia no transpar\u00e9nsia\u00a0 operasaun alf\u00e2ndega nian. Ho ko\u00f1esimentu iha \u00e1rea jestaun finansa p\u00fablika, Komis\u00e1riu Pinto iha kompromisu atu hadi\u2019a prestasaun servisu, kobransa reseita, no seguransa fronteira hodi apoia Timor-Leste nia kreximentu ekon\u00f3miku.<\/p>\n<p><strong>Responsabilidade Prinsip\u00e1l sira:<\/strong><\/p>\n<ul>\n<li>Halo fiskalizasaun ba implementasaun regulamentu alf\u00e2ndega nian hanesan f\u00f3 sai ona iha Dekretu Lei N\u00fa.2\/2020.<\/li>\n<li>Jere operasaun alf\u00e2ndega nian, garante komformidade ho lei nasion\u00e1l no pol\u00edtika sira governu nian.<\/li>\n<li>Superviziona inspesaun sira no asegura adezaun ba K\u00f3digu Konduta Alf\u00e2ndega nian.<\/li>\n<li>Koordena ho entidade Nasion\u00e1l no Internasion\u00e1l kona-ba asuntu fasilitasaun kom\u00e9rsiu alf\u00e2ndega nian.<\/li>\n<\/ul>\n<p>&nbsp;<\/p>\n<p><strong>Formasaun Edukasional no Profision\u00e1l<\/strong><\/p>\n<p>Komis\u00e1riu Pinto iha Diploma Baxarelatu iha Ekonomia no kompleta ona formasaun avansadu sira iha jestaun finansa p\u00fabliku, aprovizionamentu, no lideransa, inklui programa sira ne\u2019eb\u00e9 fornese husi IMF, World Bank, KOICA, ADB, OECD, PEMNA, JICA, EU and FISC.<\/p>\n<p><strong>Vizaun<\/strong><\/p>\n<p>Komis\u00e1riu Pinto foka ba modernizasaun operasaun alf\u00e2ndega nian, introd\u00fas teknoloj\u00eda hodi hafasil atendimentu sira, no haburas kultura transpar\u00e9nsia no responsabilidade iha Autoridade Aduaneira nia laran.[\/vc_column_text]<div class=\"vcex-spacing wpex-w-100 wpex-clear\" style=\"height:30px\"><\/div>[\/vc_column][\/vc_row][vc_row][vc_column][vc_empty_space][\/vc_column][\/vc_row]\n<\/div>","protected":false},"excerpt":{"rendered":"<p>[vc_row][vc_column][vc_empty_space][\/vc_column][\/vc_row][vc_row full_width=&#8221;stretch_row&#8221; content_placement=&#8221;top&#8221; gap=&#8221;30&#8243; remove_bottom_col_margin=&#8221;true&#8221; el_class=&#8221;team-row-1&#8243;][vc_column width=&#8221;5\/12&#8243;][vc_row_inner remove_bottom_col_margin=&#8221;true&#8221;][vc_column_inner width=&#8221;1\/4&#8243;][\/vc_column_inner][vc_column_inner width=&#8221;1\/2&#8243; css=&#8221;.vc_custom_1620536962997{padding-bottom: 14px !important;background-color: #af1e33 !important;}&#8221;][\/vc_column_inner][vc_column_inner width=&#8221;1\/4&#8243;][\/vc_column_inner][\/vc_row_inner][vc_row_inner][vc_column_inner width=&#8221;7\/12&#8243;][\/vc_column_inner][vc_column_inner width=&#8221;5\/12&#8243; css=&#8221;.vc_custom_1621848559728{padding-top: 20px !important;}&#8221;][vc_column_text]Joanico Pinto Komis\u00e1riu[\/vc_column_text][\/vc_column_inner][\/vc_row_inner][\/vc_column][vc_column width=&#8221;7\/12&#8243; css=&#8221;.vc_custom_1626054395209{margin-top: -80px !important;}&#8221;][vc_column_text el_class=&#8221;job-title&#8221;]Komis\u00e1riu Autoridade Aduaneira [\/vc_column_text][vc_column_text el_class=&#8221;team-name&#8221;] Joanico Pinto [\/vc_column_text][vc_column_text]Nomeadu nu\u2019udar Komis\u00e1riu Autoridade Aduaneira iha&hellip;<\/p>\n","protected":false},"author":8,"featured_media":0,"parent":7368,"menu_order":0,"comment_status":"open","ping_status":"closed","template":"","meta":{"inline_featured_image":false,"footnotes":""},"class_list":["post-7370","page","type-page","status-publish","hentry","entry","no-media"],"_links":{"self":[{"href":"https:\/\/customs.gov.tl\/tt\/wp-json\/wp\/v2\/pages\/7370","targetHints":{"allow":["GET"]}}],"collection":[{"href":"https:\/\/customs.gov.tl\/tt\/wp-json\/wp\/v2\/pages"}],"about":[{"href":"https:\/\/customs.gov.tl\/tt\/wp-json\/wp\/v2\/types\/page"}],"author":[{"embeddable":true,"href":"https:\/\/customs.gov.tl\/tt\/wp-json\/wp\/v2\/users\/8"}],"replies":[{"embeddable":true,"href":"https:\/\/customs.gov.tl\/tt\/wp-json\/wp\/v2\/comments?post=7370"}],"version-history":[{"count":6,"href":"https:\/\/customs.gov.tl\/tt\/wp-json\/wp\/v2\/pages\/7370\/revisions"}],"predecessor-version":[{"id":16156,"href":"https:\/\/customs.gov.tl\/tt\/wp-json\/wp\/v2\/pages\/7370\/revisions\/16156"}],"up":[{"embeddable":true,"href":"https:\/\/customs.gov.tl\/tt\/wp-json\/wp\/v2\/pages\/7368"}],"wp:attachment":[{"href":"https:\/\/customs.gov.tl\/tt\/wp-json\/wp\/v2\/media?parent=7370"}],"curies":[{"name":"wp","href":"https:\/\/api.w.org\/{rel}","templated":true}]}}