{"id":7367,"date":"2021-08-01T17:32:31","date_gmt":"2021-08-01T17:32:31","guid":{"rendered":"https:\/\/sandbox.ittimor.com\/cust\/hotline\/"},"modified":"2023-04-11T07:02:04","modified_gmt":"2023-04-11T07:02:04","slug":"hotline","status":"publish","type":"page","link":"https:\/\/customs.gov.tl\/tt\/hotline\/","title":{"rendered":"Li\u00f1a Apoiu"},"content":{"rendered":"<div class=\"wpb-content-wrapper\">[vc_row full_width=&#8221;stretch_row&#8221; css=&#8221;.vc_custom_1620635346357{background-color: #e3a427 !important;}&#8221; el_class=&#8221;hotline-wrapper&#8221;][vc_column][vc_row_inner el_class=&#8221;hotline-inner-wrapper&#8221;][vc_column_inner el_class=&#8221;hotline-inner-left&#8221; width=&#8221;1\/2&#8243; css=&#8221;.vc_custom_1622700385269{background-image: url(https:\/\/customs.gov.tl\/wp-content\/uploads\/2021\/05\/hotline_key_visual.jpg?id=1234) !important;background-position: center !important;background-repeat: no-repeat !important;background-size: cover !important;}&#8221; offset=&#8221;vc_col-lg-8 vc_col-md-6&#8243;][vc_column_text]\n<h2>Tulun Ami Iha<br \/>\nLuta Kontra Krime<\/h2>\n[\/vc_column_text][\/vc_column_inner][vc_column_inner el_class=&#8221;hotline-inner-right&#8221; width=&#8221;1\/2&#8243; css=&#8221;.vc_custom_1622700411065{background-color: #0f1b3f !important;}&#8221; offset=&#8221;vc_col-lg-4 vc_col-md-6&#8243;][vc_column_text el_class=&#8221;hotline-label&#8221;]\n<p style=\"text-align: center;\">Li\u00f1a Apoiu<\/p>\n[\/vc_column_text][vc_column_text el_class=&#8221;hotline-phone&#8221;]\n<p style=\"text-align: center;\"><span class=\"ticon ticon-phone\"><\/span> Liga ba 12200<\/p>\n[\/vc_column_text][vc_column_text el_class=&#8221;hotline-subtitle&#8221;]\n<p style=\"text-align: center;\">Ligasaun hotu gratuita no ita bo\u2019ot nia identidade An\u00f4nimu<\/p>\n[\/vc_column_text][vc_single_image image=&#8221;8449&#8243; img_size=&#8221;&#8221; alignment=&#8221;center&#8221; onclick=&#8221;custom_link&#8221; link=&#8221;#hotline-play&#8221; el_class=&#8221;hotline-youtube-icon youtubeplay&#8221;][vc_column_text el_class=&#8221;youtubeplay&#8221;]\n<p style=\"text-align: center;\"><a title=\"\" href=\"https:\/\/www.youtube.com\/watch?v=71Vs3B3V2-I\" rel=\"wp-video-lightbox\">Klik iha ne\u2019e atu har\u00e9 nia video<\/a><\/p>\n[\/vc_column_text][\/vc_column_inner][\/vc_row_inner][\/vc_column][\/vc_row][vc_row content_placement=&#8221;middle&#8221; css=&#8221;.vc_custom_1621174563537{padding-top: 40px !important;}&#8221;][vc_column width=&#8221;8\/12&#8243;][vc_column_text]Al\u00e9m de tulun hodi proteze ita nia komunidade sira husi sasan ilegal no proividu, ami kolleta reseitas hodi governu nia naran ne\u2019ebe ajuda selu servisu kr\u00edtiku sira, hanesan sa\u00fade, edukasaun, no infrastrutura. Maski importador no esportador barak koko atu kumpri regra no regulamentu sira, no selu sira nia parte ho justu husi saida mak sira hetan, numeru kriminozu sira nafatin halo operasaun iha Timor-Leste ka iha rai-liur ne\u2019ebe koko no na\u2019ok millaun dollares husi ita kada tinan. Ami presija ita nia tulun atu luta kontra kriminozu sira ne\u2019e![\/vc_column_text][\/vc_column][vc_column width=&#8221;1\/12&#8243;][\/vc_column][vc_column width=&#8221;3\/12&#8243;]<div class=\"templatera_shortcode\"><div class=\"vc_row wpb_row vc_row-fluid\"><div class=\"wpb_column vc_column_container vc_col-sm-12\"><div class=\"vc_column-inner\"><div class=\"wpb_wrapper\">\n\t<div class=\"wpb_text_column wpb_content_element social-share\" >\n\t\t<div class=\"wpb_wrapper\">\n\t\t\t<h5>Fahe tutan pajina ida ne\u2019e<\/h5>\n\n\t\t<\/div>\n\t<\/div>\n\n<div class=\"vcex-module vcex-social-share\">\n\n\t<div class=\"wpex-social-share style-flat position-horizontal\" data-source=\"https%3A%2F%2Fcustoms.gov.tl%2Ftt%2F\" data-url=\"https%3A%2F%2Fcustoms.gov.tl%2Ftt%2Fwp-json%2Fwp%2Fv2%2Fpages%2F7367%2F\" data-title=\"Archives\" data-email-subject=\"I wanted you to see this link\" data-email-body=\"I wanted you to see this link https%3A%2F%2Fcustoms.gov.tl%2Ftt%2Fwp-json%2Fwp%2Fv2%2Fpages%2F7367%2F\" data-specs=\"menubar=no,toolbar=no,resizable=yes,scrollbars=yes,height=600,width=600\">\n\t<ul class=\"wpex-social-share__list\">\n\n\t\t\n\t\t\t\t<li class=\"wpex-social-share__item custom-print\">\n\n\t\t\t\t\t\n\t\t\t\t\t\t<a href=\"#print\" role=\"button\" class=\"wpex-social-share__link\">\n\n\t\t\t\t\t\n\t\t\t\t\t\t<img decoding=\"async\" src=\"http:\/\/customs.gov.tl\/wp-content\/uploads\/2021\/05\/icon-print.svg\" \/>\n\t\t\t\t\t\t\t\t\t\t\t\t\t<span class=\"wpex-social-share__label wpex-label\">Print<\/span>\n\t\t\t\t\t\t\n\t\t\t\t\t<\/a>\n\n\t\t\t\t<\/li>\n\n\t\t\t\n\t\t\t\t<li class=\"wpex-social-share__item wpex-email\">\n\n\t\t\t\t\t\n\t\t\t\t\t\t<a href=\"#\" role=\"button\" class=\"wpex-social-share__link\">\n\n\t\t\t\t\t\n\t\t\t\t\t\t<img decoding=\"async\" src=\"http:\/\/customs.gov.tl\/wp-content\/uploads\/2021\/05\/icon-envelope.svg\" \/>\n\t\t\t\t\t\t\t\t\t\t\t\t\t<span class=\"wpex-social-share__label wpex-label\">Email<\/span>\n\t\t\t\t\t\t\n\t\t\t\t\t<\/a>\n\n\t\t\t\t<\/li>\n\n\t\t\t\n\t\t\t\t<li class=\"wpex-social-share__item wpex-facebook\">\n\n\t\t\t\t\t\n\t\t\t\t\t\t<a href=\"#\" role=\"button\" class=\"wpex-social-share__link\">\n\n\t\t\t\t\t\n\t\t\t\t\t\t<img decoding=\"async\" src=\"http:\/\/customs.gov.tl\/wp-content\/uploads\/2021\/05\/icon-facebook.svg\" \/>\n\t\t\t\t\t\t\t\t\t\t\t\t\t<span class=\"wpex-social-share__label wpex-label\">Share<\/span>\n\t\t\t\t\t\t\n\t\t\t\t\t<\/a>\n\n\t\t\t\t<\/li>\n\n\t\t\t\n\t\t\t\t<li class=\"wpex-social-share__item wpex-linkedin\">\n\n\t\t\t\t\t\n\t\t\t\t\t\t<a href=\"#\" role=\"button\" class=\"wpex-social-share__link\">\n\n\t\t\t\t\t\n\t\t\t\t\t\t<img decoding=\"async\" src=\"http:\/\/customs.gov.tl\/wp-content\/uploads\/2021\/05\/icon-linkedin.svg\" \/>\n\t\t\t\t\t\t\t\t\t\t\t\t\t<span class=\"wpex-social-share__label wpex-label\">Share<\/span>\n\t\t\t\t\t\t\n\t\t\t\t\t<\/a>\n\n\t\t\t\t<\/li>\n\n\t\t\t\n\t<\/ul>\n\n\t<\/div>\n\n<\/div><\/div><\/div><\/div><\/div>\r\n<\/div>[\/vc_column][\/vc_row][vc_row full_width=&#8221;stretch_row&#8221; content_placement=&#8221;middle&#8221; remove_bottom_col_margin=&#8221;true&#8221; css=&#8221;.vc_custom_1620648592296{background-color: #e1ecf9 !important;}&#8221;][vc_column width=&#8221;3\/12&#8243; css=&#8221;.vc_custom_1622695856241{background-position: center !important;background-repeat: no-repeat !important;background-size: cover !important;}&#8221;]<figure class=\"vcex-image vcex-module wpex-clr\"><div class=\"vcex-image-inner wpex-inline-block wpex-relative\"><img decoding=\"async\" loading=\"lazy\" class=\"wpex-align-middle\" src=\"https:\/\/customs.gov.tl\/wp-content\/uploads\/2021\/05\/ramos_horta.jpg\" alt=\"\" width=\"260\" height=\"396\" \/><\/div><\/figure>[\/vc_column][vc_column width=&#8221;8\/12&#8243;][vc_column_text font_size=&#8221;21px&#8221; line_height=&#8221;36px&#8221; css=&#8221;.vc_custom_1627980534909{padding-top: 30px !important;padding-bottom: 30px !important;}&#8221;]<span style=\"font-size: 21px;\"><em><strong>\u201cHafoin ita nia luta ba independensia, ita mosu ona nu\u2019udar nasaun joven ida ne\u2019ebe nakonu ho esperansa, ideias, kultura, no ita iha futuru nabilan liu iha ita nia oin. Maibe ho ita nia servisu maka\u2019as no sakrifisiu sira hotu, atu har\u00ed moris diak ba ita nia-an no ba ita nia familia, kriminozu sira kontinua na\u2019ok millaun dollares husi ita kada tinan. Ne\u2019e osan ida ne\u2019ebe mak bele uza hodi finansia edukasaun ba oin, kuidadu sa\u00fade diak liu, Estrada ne\u2019ebe seguru no infrastrutura foun. Agora ita nia tempu. Tempu ba ita atu servisu hamutuk. Tempu ba ita atu luta hikas\u201d<\/strong><\/em><\/span><\/p>\n<p><span style=\"font-size: 21px;\"><em><strong>\u2014 Dr. Ramos-Horta<\/strong><\/em><\/span>[\/vc_column_text][\/vc_column][vc_column width=&#8221;1\/12&#8243;][\/vc_column][\/vc_row][vc_row css=&#8221;.vc_custom_1622445243235{margin-top: 50px !important;}&#8221;][vc_column width=&#8221;8\/12&#8243;][vc_column_text]\n<h4>Oinsa hau bele hato\u2019o informasaun?<\/h4>\n<p>Ita bele hato\u2019o informasaun mai ami liu husi liga ba \u201c12200\u201d. Ligasaun hotu gratuita no ita bele hili atu nafatin ho identidade an\u00f4nimu. Ita bele husik hela mensajen iha Tetun, Ingl\u00e9s ka Portug\u00e9s. Alternativamente, ita bele haruka informasaun mai ami liu husi kompleta formulariu relatoriu online.[\/vc_column_text][vc_empty_space height=&#8221;64px&#8221;][vc_column_text]\n<h4>Tipu Informasaun saida deit mak hau tenki inklui?<\/h4>\n<p>Importante mak ita inklui informasaun barak se posivel, maski ita hanoin informasaun refere karik la relevante. Iha kazu balun, atividade ida ne\u2019e karik akontese tiha ona, maibe ita nafatin tenki hato\u2019o ba. Lalika d\u00favida se karik ita laiha resposta ba sira ne\u2019e hotu, favor fornese deit informasaun saida deit mak ita iha. Karik posivel, favor ida koko atu inklui:[\/vc_column_text][\/vc_column][vc_column width=&#8221;4\/12&#8243;][\/vc_column][\/vc_row][vc_row equal_height=&#8221;yes&#8221; el_class=&#8221;hotline-iconboxes&#8221;][vc_column width=&#8221;11\/12&#8243;][vc_row_inner remove_bottom_col_margin=&#8221;true&#8221;][vc_column_inner width=&#8221;1\/3&#8243; offset=&#8221;vc_col-lg-1\/5 vc_col-md-4 vc_col-xs-4&#8243; css=&#8221;.vc_custom_1622701492650{margin-bottom: 20px !important;}&#8221;]<div class=\"vcex-module vcex-icon-box vcex-icon-box-two wpex-relative wpex-text-center\"><div class=\"vcex-icon-box-symbol wpex-mb-20\"><img decoding=\"async\" loading=\"lazy\" class=\"vcex-icon-box-image wpex-align-middle\" src=\"https:\/\/customs.gov.tl\/wp-content\/uploads\/2021\/08\/who-1.svg\" alt=\"\" width=\"126\" height=\"126\" \/><\/a><\/div><div class=\"vcex-icon-box-text\"><h2 class=\"vcex-icon-box-heading wpex-heading wpex-text-md wpex-mb-10\">S\u00e9 mak involve?<\/h2><div class=\"vcex-icon-box-content wpex-last-mb-0 wpex-clr\"><p>Favor fornese sira nia naran ka detallu husi empreza ka negosiu ruma ne\u2019ebe involve. Ita fornese detallu barak, ami iha oportunidade barak atu identifika sira ne\u2019ebe involve.<\/p>\n<\/div><\/div><\/div>[\/vc_column_inner][vc_column_inner width=&#8221;1\/3&#8243; offset=&#8221;vc_col-lg-1\/5 vc_col-md-4 vc_col-xs-4&#8243; css=&#8221;.vc_custom_1622701515988{margin-bottom: 20px !important;}&#8221;]<div class=\"vcex-module vcex-icon-box vcex-icon-box-two wpex-relative wpex-text-center\"><div class=\"vcex-icon-box-symbol wpex-mb-20\"><img decoding=\"async\" loading=\"lazy\" class=\"vcex-icon-box-image wpex-align-middle\" src=\"https:\/\/customs.gov.tl\/wp-content\/uploads\/2021\/08\/what-2.svg\" alt=\"\" width=\"126\" height=\"126\" \/><\/a><\/div><div class=\"vcex-icon-box-text\"><h2 class=\"vcex-icon-box-heading wpex-heading wpex-text-md wpex-mb-10\">Saida mak akontese?<\/h2><div class=\"vcex-icon-box-content wpex-last-mb-0 wpex-clr\"><p>Ezemplu: hatama sasan ilegal; sasan nia valor menus; dokumentu falsu; korupsaun; etc.<\/p>\n<\/div><\/div><\/div>[\/vc_column_inner][vc_column_inner width=&#8221;1\/3&#8243; offset=&#8221;vc_col-lg-1\/5 vc_col-md-4 vc_col-xs-4&#8243; css=&#8221;.vc_custom_1622701527038{margin-bottom: 20px !important;}&#8221;]<div class=\"vcex-module vcex-icon-box vcex-icon-box-two wpex-relative wpex-text-center\"><div class=\"vcex-icon-box-symbol wpex-mb-20\"><img decoding=\"async\" loading=\"lazy\" class=\"vcex-icon-box-image wpex-align-middle\" src=\"https:\/\/customs.gov.tl\/wp-content\/uploads\/2021\/08\/when-1.svg\" alt=\"\" width=\"126\" height=\"126\" \/><\/a><\/div><div class=\"vcex-icon-box-text\"><h2 class=\"vcex-icon-box-heading wpex-heading wpex-text-md wpex-mb-10\">Bainhira mak ida ne\u2019e sei akontese?<\/h2><div class=\"vcex-icon-box-content wpex-last-mb-0 wpex-clr\"><p>Favor fornese data no tempu kuandu posivel.<\/p>\n<\/div><\/div><\/div>[\/vc_column_inner][vc_column_inner width=&#8221;1\/3&#8243; offset=&#8221;vc_col-lg-1\/5 vc_col-md-4 vc_col-xs-4&#8243;]<div class=\"vcex-module vcex-icon-box vcex-icon-box-two wpex-relative wpex-text-center\"><div class=\"vcex-icon-box-symbol wpex-mb-20\"><img decoding=\"async\" loading=\"lazy\" class=\"vcex-icon-box-image wpex-align-middle\" src=\"https:\/\/customs.gov.tl\/wp-content\/uploads\/2021\/08\/where-1.svg\" alt=\"\" width=\"126\" height=\"126\" \/><\/a><\/div><div class=\"vcex-icon-box-text\"><h2 class=\"vcex-icon-box-heading wpex-heading wpex-text-md wpex-mb-10\">Akontese iha ne\u2019ebe?<\/h2><div class=\"vcex-icon-box-content wpex-last-mb-0 wpex-clr\"><p>Favor fornese enderesu ka deskrisaun kona-ba fatin.<\/p>\n<\/div><\/div><\/div>[\/vc_column_inner][vc_column_inner width=&#8221;1\/3&#8243; offset=&#8221;vc_col-lg-1\/5 vc_col-md-4 vc_col-xs-4&#8243;]<div class=\"vcex-module vcex-icon-box vcex-icon-box-two wpex-relative wpex-text-center\"><div class=\"vcex-icon-box-symbol wpex-mb-20\"><img decoding=\"async\" loading=\"lazy\" class=\"vcex-icon-box-image wpex-align-middle\" src=\"https:\/\/customs.gov.tl\/wp-content\/uploads\/2021\/08\/why-2.svg\" alt=\"\" width=\"126\" height=\"126\" \/><\/a><\/div><div class=\"vcex-icon-box-text\"><h2 class=\"vcex-icon-box-heading wpex-heading wpex-text-md wpex-mb-10\">Tanba sa ita hanoin ida ne\u2019e halo ita deskonfia?<\/h2><div class=\"vcex-icon-box-content wpex-last-mb-0 wpex-clr\"><p>Favor fornese idea ruma karik ita iha kona-ba tanba sa mak atividade ida ne\u2019e bele ilegal.<\/p>\n<\/div><\/div><\/div>[\/vc_column_inner][\/vc_row_inner][\/vc_column][vc_column width=&#8221;1\/12&#8243;][\/vc_column][\/vc_row][vc_row][vc_column width=&#8221;8\/12&#8243;][vc_column_text]\n<h4>Hau la serteza karik ida ne\u2019e ilegal?<\/h4>\n<p>Dalaruma ita har\u00e9 ka rona buat ruma ne\u2019ebe ita hatene lal\u00f3s, maibe ita labele garante katak buat ruma ilegal akontese hela. Iha kazu hirak ne\u2019e, favor ida hato\u2019o mai ami liu husi bolu ba 12200 ka uza<a href=\"https:\/\/caid.customs.gov.tl\/web-form?_ga=2.247584709.331552413.1681196460-566520261.1665992233\"> formulariu relatoriu online<\/a>[\/vc_column_text][vc_empty_space height=&#8221;64px&#8221;][vc_column_text]\n<h4>Hau la serteza karik ida ne\u2019e relasiona ho Alf\u00e2ndega ka lae?<\/h4>\n<p>Iha kazu balun, karik ita la garante ajensia lolos mak se. Iha kazu sira hanesan ne\u2019e, favor ida nafatin hato\u2019o mai ami liu husi bolu ba 12200 ka uza formulariu relatoriu online. Hanesan ajensia governu ami bele proteze informasaun ita fahe ho ami nia parseiru sira, inklui <a href=\"https:\/\/www.pntl.tl\/\">Pol\u00edcia Nacional de Timor-Leste (PNTL)<\/a>, <a href=\"https:\/\/www.facebook.com\/PCIC.TL\/\">Pol\u00edsia Sient\u00edfika ba Investigasaun Krimin\u00e1l (PSIK)<\/a> no <a href=\"http:\/\/cac.tl\/en\/\">Comiss\u00e3o Anti-Corrup\u00e7\u00e3o (CAC)<\/a>.[\/vc_column_text][\/vc_column][vc_column width=&#8221;4\/12&#8243;][\/vc_column][\/vc_row][vc_row full_width=&#8221;stretch_row&#8221; css=&#8221;.vc_custom_1620650340560{margin-bottom: 80px !important;padding-top: 10px !important;background-color: #e3a427 !important;}&#8221;][vc_column][vc_column_text]\n<h2 style=\"text-align: center;\">Se Karik Ita La Serteza \u2014 Liga Ami!<\/h2>\n[\/vc_column_text][\/vc_column][\/vc_row]\n<\/div>","protected":false},"excerpt":{"rendered":"","protected":false},"author":8,"featured_media":0,"parent":0,"menu_order":0,"comment_status":"open","ping_status":"open","template":"","meta":{"inline_featured_image":false,"footnotes":""},"class_list":["post-7367","page","type-page","status-publish","hentry","entry","no-media"],"_links":{"self":[{"href":"https:\/\/customs.gov.tl\/tt\/wp-json\/wp\/v2\/pages\/7367","targetHints":{"allow":["GET"]}}],"collection":[{"href":"https:\/\/customs.gov.tl\/tt\/wp-json\/wp\/v2\/pages"}],"about":[{"href":"https:\/\/customs.gov.tl\/tt\/wp-json\/wp\/v2\/types\/page"}],"author":[{"embeddable":true,"href":"https:\/\/customs.gov.tl\/tt\/wp-json\/wp\/v2\/users\/8"}],"replies":[{"embeddable":true,"href":"https:\/\/customs.gov.tl\/tt\/wp-json\/wp\/v2\/comments?post=7367"}],"version-history":[{"count":11,"href":"https:\/\/customs.gov.tl\/tt\/wp-json\/wp\/v2\/pages\/7367\/revisions"}],"predecessor-version":[{"id":13595,"href":"https:\/\/customs.gov.tl\/tt\/wp-json\/wp\/v2\/pages\/7367\/revisions\/13595"}],"wp:attachment":[{"href":"https:\/\/customs.gov.tl\/tt\/wp-json\/wp\/v2\/media?parent=7367"}],"curies":[{"name":"wp","href":"https:\/\/api.w.org\/{rel}","templated":true}]}}