{"id":9363,"date":"2021-08-19T00:20:32","date_gmt":"2021-08-19T00:20:32","guid":{"rendered":"https:\/\/customs.gov.tl\/?page_id=9363"},"modified":"2022-11-09T05:50:18","modified_gmt":"2022-11-09T05:50:18","slug":"tariff-finder","status":"publish","type":"page","link":"https:\/\/customs.gov.tl\/pt-pt\/tariff-finder\/","title":{"rendered":"Tariff Finder"},"content":{"rendered":"<div class=\"wpb-content-wrapper\">[vc_row][vc_column][vc_column_text]\n<div class=\"page\" title=\"Page 2\">\n<div class=\"section\">Ao importar ou exportar mercadorias comerciais, voc\u00ea deve utilizar o Sistema Harmonizado de Descri\u00e7\u00e3o e Codifica\u00e7\u00e3o de Mercadorias. Na maioria dos pa\u00edses, isso \u00e9 conhecido como \u201cHS\u201d.<\/div>\n<div><\/div>\n<div class=\"section\">Timor-Leste utiliza o formato de 8 d\u00edgitos ao aplicar o C\u00f3digo HS. Os dois primeiros d\u00edgitos categorizam o produto (cap\u00edtulo), os dois segundos definem melhor essa classifica\u00e7\u00e3o (t\u00edtulo) e o conjunto final de quatro d\u00edgitos especifica o produto com mais detalhes (Subt\u00edtulo HS e Subt\u00edtulo ASEAN). Voc\u00ea pode saber mais sobre o HS <a href=\"https:\/\/customs.gov.tl\/pt-pt\/doing-business\/hs-code-tariff-and-incoterms\/\">aqui<\/a>.<\/div>\n<\/div>\n[\/vc_column_text][\/vc_column][\/vc_row][vc_row][vc_column][vc_column_text]<div class=\"wpdt-c\">\n    <div class=\"alert alert-danger m-10\" role=\"alert\">\n        <span class=\"wdt-alert-title f-600\">Error<br><\/span>\n        <span class=\"wdt-alert-subtitle\">\/var\/www\/wordpress\/wp-content\/uploads\/2021\/09\/CSV-Finder-Page-1.csv is an Invalid Spreadsheet file.<\/span>\n    <\/div>\n<\/div>[\/vc_column_text][\/vc_column][\/vc_row][vc_row][vc_column][vc_column_text]\n<div class=\"page\" title=\"Page 2\">\n<div class=\"section\">\n<div class=\"page\" title=\"Page 2\">\n<div class=\"section\">\n<div class=\"layoutArea\">\n<div class=\"column\">\n<p>Por favor, note que a Nomenclatura da Pauta Aduaneira da ASEAN Combinada de Timor-Leste e Classifica\u00e7\u00e3o Estat\u00edstica que usamos em Timor-Leste, est\u00e1 atualmente dispon\u00edvel apenas na l\u00edngua inglesa. Certifique-se de inserir sua descri\u00e7\u00e3o de pesquisa em ingl\u00eas. Voc\u00ea tamb\u00e9m pode <a href=\"https:\/\/customs.gov.tl\/wp-content\/uploads\/formidable\/2\/TL-Tariff-HS-Codes-2017-1.pdf\">acessar e fazer download uma c\u00f3pia completa do tarif\u00e1rio aqui<\/a><\/p>\n<\/div>\n<\/div>\n<\/div>\n<\/div>\n<\/div>\n<\/div>\n[\/vc_column_text][\/vc_column][\/vc_row]\n<\/div>","protected":false},"excerpt":{"rendered":"<p>[vc_row][vc_column][vc_column_text] Ao importar ou exportar mercadorias comerciais, voc\u00ea deve utilizar o Sistema Harmonizado de Descri\u00e7\u00e3o e Codifica\u00e7\u00e3o de Mercadorias. Na maioria dos pa\u00edses, isso \u00e9 conhecido como \u201cHS\u201d. Timor-Leste utiliza o formato de 8 d\u00edgitos ao aplicar o C\u00f3digo HS.&hellip;<\/p>\n","protected":false},"author":8,"featured_media":0,"parent":0,"menu_order":0,"comment_status":"closed","ping_status":"closed","template":"","meta":{"inline_featured_image":false,"footnotes":""},"class_list":["post-9363","page","type-page","status-publish","hentry","entry","no-media"],"_links":{"self":[{"href":"https:\/\/customs.gov.tl\/pt-pt\/wp-json\/wp\/v2\/pages\/9363","targetHints":{"allow":["GET"]}}],"collection":[{"href":"https:\/\/customs.gov.tl\/pt-pt\/wp-json\/wp\/v2\/pages"}],"about":[{"href":"https:\/\/customs.gov.tl\/pt-pt\/wp-json\/wp\/v2\/types\/page"}],"author":[{"embeddable":true,"href":"https:\/\/customs.gov.tl\/pt-pt\/wp-json\/wp\/v2\/users\/8"}],"replies":[{"embeddable":true,"href":"https:\/\/customs.gov.tl\/pt-pt\/wp-json\/wp\/v2\/comments?post=9363"}],"version-history":[{"count":4,"href":"https:\/\/customs.gov.tl\/pt-pt\/wp-json\/wp\/v2\/pages\/9363\/revisions"}],"predecessor-version":[{"id":11027,"href":"https:\/\/customs.gov.tl\/pt-pt\/wp-json\/wp\/v2\/pages\/9363\/revisions\/11027"}],"wp:attachment":[{"href":"https:\/\/customs.gov.tl\/pt-pt\/wp-json\/wp\/v2\/media?parent=9363"}],"curies":[{"name":"wp","href":"https:\/\/api.w.org\/{rel}","templated":true}]}}