{"id":7518,"date":"2021-08-01T17:50:17","date_gmt":"2021-08-01T17:50:17","guid":{"rendered":"https:\/\/sandbox.ittimor.com\/cust\/news-and-media-circulars-and-publications\/"},"modified":"2021-08-08T01:18:47","modified_gmt":"2021-08-08T01:18:47","slug":"news-and-media-circulars-and-publications","status":"publish","type":"page","link":"https:\/\/customs.gov.tl\/pt-pt\/national-enquiry-point\/news-and-media-circulars-and-publications\/","title":{"rendered":"Not\u00edcia e M\u00e9dia, Circulares e Publica\u00e7\u00f5es"},"content":{"rendered":"","protected":false},"excerpt":{"rendered":"","protected":false},"author":8,"featured_media":0,"parent":7468,"menu_order":0,"comment_status":"open","ping_status":"open","template":"templates\/left-sidebar.php","meta":{"inline_featured_image":false,"footnotes":""},"class_list":["post-7518","page","type-page","status-publish","hentry","entry","no-media"],"_links":{"self":[{"href":"https:\/\/customs.gov.tl\/pt-pt\/wp-json\/wp\/v2\/pages\/7518","targetHints":{"allow":["GET"]}}],"collection":[{"href":"https:\/\/customs.gov.tl\/pt-pt\/wp-json\/wp\/v2\/pages"}],"about":[{"href":"https:\/\/customs.gov.tl\/pt-pt\/wp-json\/wp\/v2\/types\/page"}],"author":[{"embeddable":true,"href":"https:\/\/customs.gov.tl\/pt-pt\/wp-json\/wp\/v2\/users\/8"}],"replies":[{"embeddable":true,"href":"https:\/\/customs.gov.tl\/pt-pt\/wp-json\/wp\/v2\/comments?post=7518"}],"version-history":[{"count":1,"href":"https:\/\/customs.gov.tl\/pt-pt\/wp-json\/wp\/v2\/pages\/7518\/revisions"}],"predecessor-version":[{"id":9102,"href":"https:\/\/customs.gov.tl\/pt-pt\/wp-json\/wp\/v2\/pages\/7518\/revisions\/9102"}],"up":[{"embeddable":true,"href":"https:\/\/customs.gov.tl\/pt-pt\/wp-json\/wp\/v2\/pages\/7468"}],"wp:attachment":[{"href":"https:\/\/customs.gov.tl\/pt-pt\/wp-json\/wp\/v2\/media?parent=7518"}],"curies":[{"name":"wp","href":"https:\/\/api.w.org\/{rel}","templated":true}]}}