{"id":7513,"date":"2021-08-01T17:49:53","date_gmt":"2021-08-01T17:49:53","guid":{"rendered":"https:\/\/sandbox.ittimor.com\/cust\/declaring-goods-on-arrival\/"},"modified":"2021-08-08T01:18:49","modified_gmt":"2021-08-08T01:18:49","slug":"declaring-goods-on-arrival","status":"publish","type":"page","link":"https:\/\/customs.gov.tl\/pt-pt\/national-enquiry-point\/international-travellers\/declaring-goods-on-arrival\/","title":{"rendered":"Declara\u00e7\u00e3o de Mercadorias \u00e0 Chegada"},"content":{"rendered":"<div class=\"wpb-content-wrapper\">[vc_row][vc_column width=&#8221;1\/4&#8243;][\/vc_column][vc_column width=&#8221;3\/4&#8243; css=&#8221;.vc_custom_1624365629979{margin-bottom: 0px !important;}&#8221;][vc_column_text]\n<h3>FAQs<\/h3>\n[\/vc_column_text][vc_column_text]\t\t\t<!-- Flexy Breadcrumb -->\r\n\t\t\t<div class=\"fbc fbc-page\">\r\n\r\n\t\t\t\t<!-- Breadcrumb wrapper -->\r\n\t\t\t\t<div class=\"fbc-wrap\">\r\n\r\n\t\t\t\t\t<!-- Ordered list-->\r\n\t\t\t\t\t<ol class=\"fbc-items\" itemscope itemtype=\"https:\/\/schema.org\/BreadcrumbList\">\r\n\t\t\t\t\t\t<li class=\"active\" itemprop=\"itemListElement\" itemscope itemtype=\"https:\/\/schema.org\/ListItem\"><span itemprop=\"name\" title=\"Declara\u00e7\u00e3o de Mercadorias \u00e0 Chegada\">Declara\u00e7\u00e3o de Mercadorias \u00e0...<\/span><meta itemprop=\"position\" content=\"2\" \/><\/li>\t\t\t\t\t<\/ol>\r\n\t\t\t\t\t<div class=\"clearfix\"><\/div>\r\n\t\t\t\t<\/div>\r\n\t\t\t<\/div>\r\n\t\t\t[\/vc_column_text][\/vc_column][\/vc_row][vc_row][vc_column width=&#8221;1\/4&#8243;][\/vc_column][vc_column width=&#8221;3\/4&#8243;][vc_column_text]<div  class=\"ewd-ufaq-faq-list ewd-ufaq-page-type-distinct\" id='ewd-ufaq-faq-list'>\n\n\t<input type='hidden' name='show_on_load' value='' id='ewd-ufaq-show-on-load' \/>\n<input type='hidden' name='include_category' value='declaring-goods-on-arrival' id='ewd-ufaq-include-category' \/>\n<input type='hidden' name='exclude_category' value='' id='ewd-ufaq-exclude-category' \/>\n<input type='hidden' name='orderby' value='date' id='ewd-ufaq-orderby' \/>\n<input type='hidden' name='order' value='asc' id='ewd-ufaq-order' \/>\n<input type='hidden' name='post_count' value='-1' id='ewd-ufaq-post-count' \/>\n<input type='hidden' name='current_url' value='\/pt-pt\/wp-json\/wp\/v2\/pages\/7513' id='ewd-ufaq-current-url' \/>\n\t<div class='ewd-ufaq-expand-collapse-div'>\n\n\t<span class='ewd-ufaq-expand-all ' tabindex=\"0\">\n\t\t<span class='ewd-ufaq-toggle-all-symbol'>c<\/span> \n\t\tExpand All\t<\/span>\n\n\t<span class='ewd-ufaq-collapse-all ewd-ufaq-hidden' tabindex=\"0\">\n\t\t<span class='ewd-ufaq-toggle-all-symbol'>C<\/span>\n\t\tCollapse All\t<\/span>\n\n<\/div>\n\t\n\t<div class='ewd-ufaq-faqs'>\n\n\t\t<div  class=\"ewd-ufaq-faq-div ewd-ufaq-faq-column-count-one ewd-ufaq-faq-responsive-columns- ewd-ufaq-faq-display-style-default ewd-ufaq-can-be-toggled\" id='ewd-ufaq-post-4946-9H7ngtLn96' data-post_id='4946'>\n\n\t<div class='ewd-ufaq-faq-title ewd-ufaq-faq-toggle'>\n\t\n\t<a class='ewd-ufaq-post-margin'  href='#' role=\"button\">\n\n\t\t<div class='ewd-ufaq-post-margin-symbol ewd-ufaq-'>\n\t\t\t<span >b<\/span>\n\t\t<\/div>\n\n\t\t<div class='ewd-ufaq-faq-title-text'>\n\n\t\t\t<h4>\n\t\t\t\tAs Alf\u00e2ndegas podem revistar as minhas malas caso eu seja um diplomata?\t\t\t<\/h4>\n\n\t\t<\/div>\n\n\t\t<div class='ewd-ufaq-clear'><\/div>\n\n\t<\/a>\n\t\n<\/div>\n\t\n\t<div class='ewd-ufaq-faq-body ewd-ufaq-hidden' >\n\n\t\t\n\t\t\t\n\t\t\n\t\t\t<div class='ewd-ufaq-post-margin ewd-ufaq-faq-post'>\n\t<p>N\u00e3o. O Artigo 36.\u00ba da Conven\u00e7\u00e3o de Viena sobre Rela\u00e7\u00f5es Diplom\u00e1ticas, da qual Timor-Leste \u00e9 signat\u00e1rio, prev\u00ea especificamente que a bagagem pessoal de um agente diplom\u00e1tico n\u00e3o est\u00e1 sujeita a inspe\u00e7\u00e3o, o, salvo se existirem motivos s\u00e9rios para crer que a mesma cont\u00e9m objetos cuja importa\u00e7\u00e3o \u00e9 proibida por lei ou sujeita a regulamentos de quarentena. Caso seja um diplomata registado e lhe pe\u00e7amos para revistar a sua bagagem, dever\u00e1 pedir imediatamente para falar com um diretor ou supervisor.<\/p>\n<div class=\"theme-button-block-wrap wpex-block wpex-clear theme-button-wrap wpex-clr\"><a href=\"https:\/\/customs.gov.tl\/pt-pt\/travelers\/declaring-good-on-arrival\/\" class=\"vcex-button theme-txt-link block button-with-top-border right-side\" target=\"_blank\" style=\"font-weight:500\" rel=\"noopener noreferrer\"><span class=\"theme-button-inner\"> Pode aceder \u00e0 Conven\u00e7\u00e3o de Viena sobre Rela\u00e7\u00f5es Diplom\u00e1ticas e descarregar uma c\u00f3pia aqui<span class=\"vcex-icon-wrap theme-button-icon-right\"><span class=\"ticon ticon-angle-right\" aria-hidden=\"true\"><\/span><\/span><\/span><\/a><\/div> \n<\/div>\n\t\t\n\t\t\t\n\t\t\n\t\t\t\n\t\t\n\t\t\t\n\t\t\n\t\t\t\n\t\t\n\t\t\t\n\t\t\n\t\t\t\n\t\t\n\t\t\t\n\t\t\n\t\t\t\n\t\t\n\t<\/div>\n\n<\/div><div  class=\"ewd-ufaq-faq-div ewd-ufaq-faq-column-count-one ewd-ufaq-faq-responsive-columns- ewd-ufaq-faq-display-style-default ewd-ufaq-can-be-toggled\" id='ewd-ufaq-post-4948-5NXuevXr7H' data-post_id='4948'>\n\n\t<div class='ewd-ufaq-faq-title ewd-ufaq-faq-toggle'>\n\t\n\t<a class='ewd-ufaq-post-margin'  href='#' role=\"button\">\n\n\t\t<div class='ewd-ufaq-post-margin-symbol ewd-ufaq-'>\n\t\t\t<span >b<\/span>\n\t\t<\/div>\n\n\t\t<div class='ewd-ufaq-faq-title-text'>\n\n\t\t\t<h4>\n\t\t\t\tAs Alf\u00e2ndegas podem deter-me e interrogar-me caso eu seja um diplomata?\t\t\t<\/h4>\n\n\t\t<\/div>\n\n\t\t<div class='ewd-ufaq-clear'><\/div>\n\n\t<\/a>\n\t\n<\/div>\n\t\n\t<div class='ewd-ufaq-faq-body ewd-ufaq-hidden' >\n\n\t\t\n\t\t\t\n\t\t\n\t\t\t<div class='ewd-ufaq-post-margin ewd-ufaq-faq-post'>\n\t<p>Sim. Podemos inicialmente det\u00ea-lo e interrog\u00e1-lo. Na maior parte dos casos n\u00e3o saberemos necessariamente que o leitor \u00e9 um diplomata, pelo que pedimos que se identifique junto de n\u00f3s como tal. Caso tentemos continuar a interrog\u00e1-lo ap\u00f3s se ter identificado como diplomata, dever\u00e1 pedir imediatamente para falar com um diretor ou supervisor.<\/p>\n<div class=\"theme-button-block-wrap wpex-block wpex-clear theme-button-wrap wpex-clr\"><a href=\"https:\/\/customs.gov.tl\/pt-pt\/travelers\/declaring-good-on-arrival\/\" class=\"vcex-button theme-txt-link block button-with-top-border right-side\" target=\"_blank\" style=\"font-weight:500\" rel=\"noopener noreferrer\"><span class=\"theme-button-inner\"> Pode aceder \u00e0 Conven\u00e7\u00e3o de Viena sobre Rela\u00e7\u00f5es Diplom\u00e1ticas e descarregar uma c\u00f3pia aqui<span class=\"vcex-icon-wrap theme-button-icon-right\"><span class=\"ticon ticon-angle-right\" aria-hidden=\"true\"><\/span><\/span><\/span><\/a><\/div> \n<\/div>\n\t\t\n\t\t\t\n\t\t\n\t\t\t\n\t\t\n\t\t\t\n\t\t\n\t\t\t\n\t\t\n\t\t\t\n\t\t\n\t\t\t\n\t\t\n\t\t\t\n\t\t\n\t\t\t\n\t\t\n\t<\/div>\n\n<\/div><div  class=\"ewd-ufaq-faq-div ewd-ufaq-faq-column-count-one ewd-ufaq-faq-responsive-columns- ewd-ufaq-faq-display-style-default ewd-ufaq-can-be-toggled\" id='ewd-ufaq-post-4944-kq6ekNglxL' data-post_id='4944'>\n\n\t<div class='ewd-ufaq-faq-title ewd-ufaq-faq-toggle'>\n\t\n\t<a class='ewd-ufaq-post-margin'  href='#' role=\"button\">\n\n\t\t<div class='ewd-ufaq-post-margin-symbol ewd-ufaq-'>\n\t\t\t<span >b<\/span>\n\t\t<\/div>\n\n\t\t<div class='ewd-ufaq-faq-title-text'>\n\n\t\t\t<h4>\n\t\t\t\tAs Alf\u00e2ndegas podem revistar as minhas malas?\t\t\t<\/h4>\n\n\t\t<\/div>\n\n\t\t<div class='ewd-ufaq-clear'><\/div>\n\n\t<\/a>\n\t\n<\/div>\n\t\n\t<div class='ewd-ufaq-faq-body ewd-ufaq-hidden' >\n\n\t\t\n\t\t\t\n\t\t\n\t\t\t<div class='ewd-ufaq-post-margin ewd-ufaq-faq-post'>\n\t<p>Segundo as provis\u00f5es contidas no C\u00f3digo Aduaneiro (Decreto-Lei N.\u00ba 14\/2017), a Autoridade Aduaneira tem o direito legal de revistar qualquer mercadoria, pessoa, ve\u00edculo ou outro transporte \u00e0 entrada ou sa\u00edda do territ\u00f3rio de Timor-Leste. Este \u00e9 um poder que levamos muito a s\u00e9rio, sendo que o nosso objetivo \u00e9 apenas deter e revistar as pessoas ou remessas (mercadorias) que consideramos apresentarem algum n\u00edvel de risco. Nesta avalia\u00e7\u00e3o levamos em conta diversos fatores, incluindo a hist\u00f3ria pr\u00e9via de cumprimento junto a n\u00f3s e a outras institui\u00e7\u00f5es governamentais relevantes, o tipo de mercadorias e a sua origem ou destino, e quaisquer informa\u00e7\u00f5es recebidas de outras institui\u00e7\u00f5es parceiras. Por vezes poderemos det\u00ea-lo e revist\u00e1-lo a si ou \u00e0s suas mercadorias para confirmar que est\u00e1 a seguir as regras. <\/p>\n<div class=\"theme-button-block-wrap wpex-block wpex-clear theme-button-wrap wpex-clr\"><a href=\"https:\/\/customs.gov.tl\/pt-pt\/doing-business\/trade-compliance\/\" class=\"vcex-button theme-txt-link block button-with-top-border right-side\" target=\"_blank\" style=\"font-weight:500\" rel=\"noopener noreferrer\"><span class=\"theme-button-inner\"> Pode aceder ao C\u00f3digo Aduaneiro e descarregar uma c\u00f3pia aqui<span class=\"vcex-icon-wrap theme-button-icon-right\"><span class=\"ticon ticon-angle-right\" aria-hidden=\"true\"><\/span><\/span><\/span><\/a><\/div> \n<\/div>\n\t\t\n\t\t\t\n\t\t\n\t\t\t\n\t\t\n\t\t\t\n\t\t\n\t\t\t\n\t\t\n\t\t\t\n\t\t\n\t\t\t\n\t\t\n\t\t\t\n\t\t\n\t\t\t\n\t\t\n\t<\/div>\n\n<\/div><div  class=\"ewd-ufaq-faq-div ewd-ufaq-faq-column-count-one ewd-ufaq-faq-responsive-columns- ewd-ufaq-faq-display-style-default ewd-ufaq-can-be-toggled\" id='ewd-ufaq-post-4966-JZMRaPvsRj' data-post_id='4966'>\n\n\t<div class='ewd-ufaq-faq-title ewd-ufaq-faq-toggle'>\n\t\n\t<a class='ewd-ufaq-post-margin'  href='#' role=\"button\">\n\n\t\t<div class='ewd-ufaq-post-margin-symbol ewd-ufaq-'>\n\t\t\t<span >b<\/span>\n\t\t<\/div>\n\n\t\t<div class='ewd-ufaq-faq-title-text'>\n\n\t\t\t<h4>\n\t\t\t\tPosso ser revistado pelas Alf\u00e2ndegas \u00e0 chegada ou \u00e0 sa\u00edda de Timor-Leste?\t\t\t<\/h4>\n\n\t\t<\/div>\n\n\t\t<div class='ewd-ufaq-clear'><\/div>\n\n\t<\/a>\n\t\n<\/div>\n\t\n\t<div class='ewd-ufaq-faq-body ewd-ufaq-hidden' >\n\n\t\t\n\t\t\t\n\t\t\n\t\t\t<div class='ewd-ufaq-post-margin ewd-ufaq-faq-post'>\n\t<p>Segundo as provis\u00f5es contidas no C\u00f3digo Aduaneiro (Decreto-Lei N.\u00ba 14\/2017), a Autoridade Aduaneira tem o direito legal de revistar qualquer mercadoria, pessoa, ve\u00edculo ou outro transporte \u00e0 entrada ou sa\u00edda do territ\u00f3rio de Timor-Leste. Este \u00e9 um poder que levamos muito a s\u00e9rio, sendo que o nosso objetivo \u00e9 apenas deter e revistar as pessoas ou remessas (mercadorias) que consideramos apresentarem algum n\u00edvel de risco. Nesta avalia\u00e7\u00e3o levamos em conta diversos fatores, incluindo a hist\u00f3ria pr\u00e9via de cumprimento junto a n\u00f3s e a outras institui\u00e7\u00f5es governamentais relevantes, o tipo de mercadorias e a sua origem ou destino, e quaisquer informa\u00e7\u00f5es recebidas de outras institui\u00e7\u00f5es parceiras. Por vezes poderemos det\u00ea-lo e revist\u00e1-lo a si ou \u00e0s suas mercadorias para confirmar que est\u00e1 a seguir as regras. <\/p>\n<div class=\"theme-button-block-wrap wpex-block wpex-clear theme-button-wrap wpex-clr\"><a href=\"https:\/\/customs.gov.tl\/pt-pt\/travelers\/declaring-good-on-arrival\/\" class=\"vcex-button theme-txt-link block button-with-top-border right-side\" target=\"_blank\" style=\"font-weight:500\" rel=\"noopener noreferrer\"><span class=\"theme-button-inner\"> Pode aceder ao C\u00f3digo Aduaneiro e descarregar uma c\u00f3pia aqui<span class=\"vcex-icon-wrap theme-button-icon-right\"><span class=\"ticon ticon-angle-right\" aria-hidden=\"true\"><\/span><\/span><\/span><\/a><\/div> \n<\/div>\n\t\t\n\t\t\t\n\t\t\n\t\t\t\n\t\t\n\t\t\t\n\t\t\n\t\t\t\n\t\t\n\t\t\t\n\t\t\n\t\t\t\n\t\t\n\t\t\t\n\t\t\n\t\t\t\n\t\t\n\t<\/div>\n\n<\/div><div  class=\"ewd-ufaq-faq-div ewd-ufaq-faq-column-count-one ewd-ufaq-faq-responsive-columns- ewd-ufaq-faq-display-style-default ewd-ufaq-can-be-toggled\" id='ewd-ufaq-post-4952-DQdfaOBg3W' data-post_id='4952'>\n\n\t<div class='ewd-ufaq-faq-title ewd-ufaq-faq-toggle'>\n\t\n\t<a class='ewd-ufaq-post-margin'  href='#' role=\"button\">\n\n\t\t<div class='ewd-ufaq-post-margin-symbol ewd-ufaq-'>\n\t\t\t<span >b<\/span>\n\t\t<\/div>\n\n\t\t<div class='ewd-ufaq-faq-title-text'>\n\n\t\t\t<h4>\n\t\t\t\tAs Alf\u00e2ndegas podem deter-me e interrogar-me \u00e0 entrada ou \u00e0 sa\u00edda de Timor-Leste?\t\t\t<\/h4>\n\n\t\t<\/div>\n\n\t\t<div class='ewd-ufaq-clear'><\/div>\n\n\t<\/a>\n\t\n<\/div>\n\t\n\t<div class='ewd-ufaq-faq-body ewd-ufaq-hidden' >\n\n\t\t\n\t\t\t\n\t\t\n\t\t\t<div class='ewd-ufaq-post-margin ewd-ufaq-faq-post'>\n\t<p>Sim. Segundo o Artigo 57.\u00ba do C\u00f3digo Aduaneiro (Decreto-Lei N.\u00ba 14\/2017), temos o direito legal de deter e interrogar qualquer pessoa \u00e0 entrada ou \u00e0 sa\u00edda de Timor-Leste. Podemos perguntar por exemplo quais as raz\u00f5es da sua desloca\u00e7\u00e3o e que bens est\u00e1 a carregar consigo. <\/p>\n<div class=\"theme-button-block-wrap wpex-block wpex-clear theme-button-wrap wpex-clr\"><a href=\"https:\/\/customs.gov.tl\/pt-pt\/travelers\/declaring-good-on-arrival\/\" class=\"vcex-button theme-txt-link block button-with-top-border right-side\" target=\"_blank\" style=\"font-weight:500\" rel=\"noopener noreferrer\"><span class=\"theme-button-inner\"> Pode aceder ao C\u00f3digo Aduaneiro e descarregar uma c\u00f3pia aqui<span class=\"vcex-icon-wrap theme-button-icon-right\"><span class=\"ticon ticon-angle-right\" aria-hidden=\"true\"><\/span><\/span><\/span><\/a><\/div> \n<\/div>\n\t\t\n\t\t\t\n\t\t\n\t\t\t\n\t\t\n\t\t\t\n\t\t\n\t\t\t\n\t\t\n\t\t\t\n\t\t\n\t\t\t\n\t\t\n\t\t\t\n\t\t\n\t\t\t\n\t\t\n\t<\/div>\n\n<\/div><div  class=\"ewd-ufaq-faq-div ewd-ufaq-faq-column-count-one ewd-ufaq-faq-responsive-columns- ewd-ufaq-faq-display-style-default ewd-ufaq-can-be-toggled\" id='ewd-ufaq-post-4950-2tRredKjYh' data-post_id='4950'>\n\n\t<div class='ewd-ufaq-faq-title ewd-ufaq-faq-toggle'>\n\t\n\t<a class='ewd-ufaq-post-margin'  href='#' role=\"button\">\n\n\t\t<div class='ewd-ufaq-post-margin-symbol ewd-ufaq-'>\n\t\t\t<span >b<\/span>\n\t\t<\/div>\n\n\t\t<div class='ewd-ufaq-faq-title-text'>\n\n\t\t\t<h4>\n\t\t\t\tO que \u00e9 o formul\u00e1rio de Declara\u00e7\u00e3o Aduaneira \u00e0 Chegada?\t\t\t<\/h4>\n\n\t\t<\/div>\n\n\t\t<div class='ewd-ufaq-clear'><\/div>\n\n\t<\/a>\n\t\n<\/div>\n\t\n\t<div class='ewd-ufaq-faq-body ewd-ufaq-hidden' >\n\n\t\t\n\t\t\t\n\t\t\n\t\t\t<div class='ewd-ufaq-post-margin ewd-ufaq-faq-post'>\n\t<p>O formul\u00e1rio de Declara\u00e7\u00e3o Aduaneira \u00e0 Chegada \u00e9 um documento que o leitor est\u00e1 legalmente obrigado a preencher e assinar aquando da sua entrada em Timor-Leste. Este formul\u00e1rio deve incluir detalhes sobre quaisquer Mercadorias Proibidas ou Restritas, montantes volumosos de dinheiro, mercadorias comerciais ou quaisquer mercadorias de valor superior a USD 300 que transporte na sua bagagem ou na sua pessoa. <\/p>\n<div class=\"theme-button-block-wrap wpex-block wpex-clear theme-button-wrap wpex-clr\"><a href=\"https:\/\/customs.gov.tl\/pt-pt\/travelers\/declaring-good-on-arrival\/\" class=\"vcex-button theme-txt-link block button-with-top-border right-side\" target=\"_blank\" style=\"font-weight:500\" rel=\"noopener noreferrer\"><span class=\"theme-button-inner\"> Pode aceder a este formul\u00e1rio e descarregar uma c\u00f3pia aqui<span class=\"vcex-icon-wrap theme-button-icon-right\"><span class=\"ticon ticon-angle-right\" aria-hidden=\"true\"><\/span><\/span><\/span><\/a><\/div> \n<\/div>\n\t\t\n\t\t\t\n\t\t\n\t\t\t\n\t\t\n\t\t\t\n\t\t\n\t\t\t\n\t\t\n\t\t\t\n\t\t\n\t\t\t\n\t\t\n\t\t\t\n\t\t\n\t\t\t\n\t\t\n\t<\/div>\n\n<\/div>\n\t<\/div>\n\n\t\n<\/div>[\/vc_column_text][\/vc_column][\/vc_row]\n<\/div>","protected":false},"excerpt":{"rendered":"<p>B O que \u00e9 o formul\u00e1rio de Declara\u00e7\u00e3o Aduaneira \u00e0 Chegada? O formul\u00e1rio de Declara\u00e7\u00e3o Aduaneira \u00e0 Chegada \u00e9 um documento que o leitor est\u00e1 legalmente obrigado a preencher e assinar aquando da sua entrada em Timor-Leste. Este formul\u00e1rio deve&hellip;<\/p>\n","protected":false},"author":8,"featured_media":0,"parent":7512,"menu_order":0,"comment_status":"open","ping_status":"open","template":"templates\/left-sidebar.php","meta":{"inline_featured_image":false,"footnotes":""},"class_list":["post-7513","page","type-page","status-publish","hentry","entry","no-media"],"_links":{"self":[{"href":"https:\/\/customs.gov.tl\/pt-pt\/wp-json\/wp\/v2\/pages\/7513","targetHints":{"allow":["GET"]}}],"collection":[{"href":"https:\/\/customs.gov.tl\/pt-pt\/wp-json\/wp\/v2\/pages"}],"about":[{"href":"https:\/\/customs.gov.tl\/pt-pt\/wp-json\/wp\/v2\/types\/page"}],"author":[{"embeddable":true,"href":"https:\/\/customs.gov.tl\/pt-pt\/wp-json\/wp\/v2\/users\/8"}],"replies":[{"embeddable":true,"href":"https:\/\/customs.gov.tl\/pt-pt\/wp-json\/wp\/v2\/comments?post=7513"}],"version-history":[{"count":1,"href":"https:\/\/customs.gov.tl\/pt-pt\/wp-json\/wp\/v2\/pages\/7513\/revisions"}],"predecessor-version":[{"id":9097,"href":"https:\/\/customs.gov.tl\/pt-pt\/wp-json\/wp\/v2\/pages\/7513\/revisions\/9097"}],"up":[{"embeddable":true,"href":"https:\/\/customs.gov.tl\/pt-pt\/wp-json\/wp\/v2\/pages\/7512"}],"wp:attachment":[{"href":"https:\/\/customs.gov.tl\/pt-pt\/wp-json\/wp\/v2\/media?parent=7513"}],"curies":[{"name":"wp","href":"https:\/\/api.w.org\/{rel}","templated":true}]}}