{"id":7511,"date":"2021-08-01T17:49:42","date_gmt":"2021-08-01T17:49:42","guid":{"rendered":"https:\/\/sandbox.ittimor.com\/cust\/trade-organizations\/"},"modified":"2021-08-08T01:18:48","modified_gmt":"2021-08-08T01:18:48","slug":"trade-organizations","status":"publish","type":"page","link":"https:\/\/customs.gov.tl\/pt-pt\/national-enquiry-point\/doing-business-enq\/trade-organizations\/","title":{"rendered":"Organiza\u00e7\u00f5es Comerciais"},"content":{"rendered":"<div class=\"wpb-content-wrapper\">[vc_row][vc_column width=&#8221;1\/4&#8243;][\/vc_column][vc_column width=&#8221;3\/4&#8243; css=&#8221;.vc_custom_1624365629979{margin-bottom: 0px !important;}&#8221;][vc_column_text]\n<h3>FAQs<\/h3>\n[\/vc_column_text][vc_column_text]\t\t\t<!-- Flexy Breadcrumb -->\r\n\t\t\t<div class=\"fbc fbc-page\">\r\n\r\n\t\t\t\t<!-- Breadcrumb wrapper -->\r\n\t\t\t\t<div class=\"fbc-wrap\">\r\n\r\n\t\t\t\t\t<!-- Ordered list-->\r\n\t\t\t\t\t<ol class=\"fbc-items\" itemscope itemtype=\"https:\/\/schema.org\/BreadcrumbList\">\r\n\t\t\t\t\t\t<li class=\"active\" itemprop=\"itemListElement\" itemscope itemtype=\"https:\/\/schema.org\/ListItem\"><span itemprop=\"name\" title=\"Organiza\u00e7\u00f5es Comerciais\">Organiza\u00e7\u00f5es Comerciais<\/span><meta itemprop=\"position\" content=\"2\" \/><\/li>\t\t\t\t\t<\/ol>\r\n\t\t\t\t\t<div class=\"clearfix\"><\/div>\r\n\t\t\t\t<\/div>\r\n\t\t\t<\/div>\r\n\t\t\t[\/vc_column_text][\/vc_column][\/vc_row][vc_row][vc_column width=&#8221;1\/4&#8243;][\/vc_column][vc_column width=&#8221;3\/4&#8243;][vc_column_text]\n<div  class=\"ewd-ufaq-faq-list ewd-ufaq-page-type-distinct\" id='ewd-ufaq-faq-list'>\n\n\t<input type='hidden' name='show_on_load' value='' id='ewd-ufaq-show-on-load' \/>\n<input type='hidden' name='include_category' value='trade-organizations' id='ewd-ufaq-include-category' \/>\n<input type='hidden' name='exclude_category' value='' id='ewd-ufaq-exclude-category' \/>\n<input type='hidden' name='orderby' value='date' id='ewd-ufaq-orderby' \/>\n<input type='hidden' name='order' value='asc' id='ewd-ufaq-order' \/>\n<input type='hidden' name='post_count' value='-1' id='ewd-ufaq-post-count' \/>\n<input type='hidden' name='current_url' value='\/pt-pt\/wp-json\/wp\/v2\/pages\/7511' id='ewd-ufaq-current-url' \/>\n\t<div class='ewd-ufaq-expand-collapse-div'>\n\n\t<span class='ewd-ufaq-expand-all ' tabindex=\"0\">\n\t\t<span class='ewd-ufaq-toggle-all-symbol'>c<\/span> \n\t\tExpand All\t<\/span>\n\n\t<span class='ewd-ufaq-collapse-all ewd-ufaq-hidden' tabindex=\"0\">\n\t\t<span class='ewd-ufaq-toggle-all-symbol'>C<\/span>\n\t\tCollapse All\t<\/span>\n\n<\/div>\n\t\n\t<div class='ewd-ufaq-faqs'>\n\n\t\t<div  class=\"ewd-ufaq-faq-div ewd-ufaq-faq-column-count-one ewd-ufaq-faq-responsive-columns- ewd-ufaq-faq-display-style-default ewd-ufaq-can-be-toggled\" id='ewd-ufaq-post-4884-saSYJkddjF' data-post_id='4884'>\n\n\t<div class='ewd-ufaq-faq-title ewd-ufaq-faq-toggle'>\n\t\n\t<a class='ewd-ufaq-post-margin'  href='#' role=\"button\">\n\n\t\t<div class='ewd-ufaq-post-margin-symbol ewd-ufaq-'>\n\t\t\t<span >b<\/span>\n\t\t<\/div>\n\n\t\t<div class='ewd-ufaq-faq-title-text'>\n\n\t\t\t<h4>\n\t\t\t\tO que \u00e9 a TradeInvest?\t\t\t<\/h4>\n\n\t\t<\/div>\n\n\t\t<div class='ewd-ufaq-clear'><\/div>\n\n\t<\/a>\n\t\n<\/div>\n\t\n\t<div class='ewd-ufaq-faq-body ewd-ufaq-hidden' >\n\n\t\t\n\t\t\t\n\t\t\n\t\t\t<div class='ewd-ufaq-post-margin ewd-ufaq-faq-post'>\n\t<p>A TradeInvest \u00e9 a ag\u00eancia oficial de promo\u00e7\u00e3o do investimento e das exporta\u00e7\u00f5es em Timor-Leste, prestando uma gama de servi\u00e7os a empresas nacionais e estrangeiras. <\/p>\n<div class=\"theme-button-block-wrap wpex-block wpex-clear theme-button-wrap wpex-clr\"><a href=\"https:\/\/customs.gov.tl\/pt-pt\/enquiry-point\/doing-business\/trade-organizations\/\" class=\"vcex-button theme-txt-link block button-with-top-border right-side\" target=\"_blank\" style=\"font-weight:500\" rel=\"noopener noreferrer\"><span class=\"theme-button-inner\"> Pode encontrar mais informa\u00e7\u00f5es sobre a TradeInvest aqui<span class=\"vcex-icon-wrap theme-button-icon-right\"><span class=\"ticon ticon-angle-right\" aria-hidden=\"true\"><\/span><\/span><\/span><\/a><\/div> \n<\/div>\n\t\t\n\t\t\t\n\t\t\n\t\t\t\n\t\t\n\t\t\t\n\t\t\n\t\t\t\n\t\t\n\t\t\t\n\t\t\n\t\t\t\n\t\t\n\t\t\t\n\t\t\n\t\t\t\n\t\t\n\t<\/div>\n\n<\/div><div  class=\"ewd-ufaq-faq-div ewd-ufaq-faq-column-count-one ewd-ufaq-faq-responsive-columns- ewd-ufaq-faq-display-style-default ewd-ufaq-can-be-toggled\" id='ewd-ufaq-post-4882-zt7CcDg2N1' data-post_id='4882'>\n\n\t<div class='ewd-ufaq-faq-title ewd-ufaq-faq-toggle'>\n\t\n\t<a class='ewd-ufaq-post-margin'  href='#' role=\"button\">\n\n\t\t<div class='ewd-ufaq-post-margin-symbol ewd-ufaq-'>\n\t\t\t<span >b<\/span>\n\t\t<\/div>\n\n\t\t<div class='ewd-ufaq-faq-title-text'>\n\n\t\t\t<h4>\n\t\t\t\tO que \u00e9 a C\u00e2mara de Com\u00e9rcio e Ind\u00fastria de Timor-Leste (CCI-TL)?\t\t\t<\/h4>\n\n\t\t<\/div>\n\n\t\t<div class='ewd-ufaq-clear'><\/div>\n\n\t<\/a>\n\t\n<\/div>\n\t\n\t<div class='ewd-ufaq-faq-body ewd-ufaq-hidden' >\n\n\t\t\n\t\t\t\n\t\t\n\t\t\t<div class='ewd-ufaq-post-margin ewd-ufaq-faq-post'>\n\t<p>Criada em 2010, a C\u00e2mara de Com\u00e9rcio de Commerce Timor-Leste (CCI-TL) \u00e9 o representante reconhecido do setor privado em Timor-Leste e um parceiro estrat\u00e9gico de confian\u00e7a do Governo. A Resolu\u00e7\u00e3o Governamental N.\u00ba 17\/2017 reconhece a CCI-TL como parceiro estrat\u00e9gico oficial. Os objetivos da CCI-TL s\u00e3o consolidar e criar redes da CCI-TL nos 13 Munic\u00edpios, providenciar forma\u00e7\u00e3o e defesa dos direitos, e representar as necessidades dos membros ao representar a comunidade empresarial em todos os n\u00edveis de atividade.<\/p>\n<div class=\"theme-button-block-wrap wpex-block wpex-clear theme-button-wrap wpex-clr\"><a href=\"https:\/\/customs.gov.tl\/pt-pt\/enquiry-point\/doing-business\/trade-organizations\/\" class=\"vcex-button theme-txt-link block button-with-top-border right-side\" target=\"_blank\" style=\"font-weight:500\" rel=\"noopener noreferrer\"><span class=\"theme-button-inner\"> Pode encontrar mais informa\u00e7\u00f5es sobre a CCI-TL aqui<span class=\"vcex-icon-wrap theme-button-icon-right\"><span class=\"ticon ticon-angle-right\" aria-hidden=\"true\"><\/span><\/span><\/span><\/a><\/div> \n<\/div>\n\t\t\n\t\t\t\n\t\t\n\t\t\t\n\t\t\n\t\t\t\n\t\t\n\t\t\t\n\t\t\n\t\t\t\n\t\t\n\t\t\t\n\t\t\n\t\t\t\n\t\t\n\t\t\t\n\t\t\n\t<\/div>\n\n<\/div>\n\t<\/div>\n\n\t\n<\/div>\n[\/vc_column_text][\/vc_column][\/vc_row]\n<\/div>","protected":false},"excerpt":{"rendered":"<p>B O que \u00e9 a C\u00e2mara de Com\u00e9rcio e Ind\u00fastria de Timor-Leste (CCI-TL)? Criada em 2010, a C\u00e2mara de Com\u00e9rcio de Commerce Timor-Leste (CCI-TL) \u00e9 o representante reconhecido do setor privado em Timor-Leste e um parceiro estrat\u00e9gico de confian\u00e7a do&hellip;<\/p>\n","protected":false},"author":8,"featured_media":0,"parent":7499,"menu_order":0,"comment_status":"open","ping_status":"open","template":"templates\/left-sidebar.php","meta":{"inline_featured_image":false,"footnotes":""},"class_list":["post-7511","page","type-page","status-publish","hentry","entry","no-media"],"_links":{"self":[{"href":"https:\/\/customs.gov.tl\/pt-pt\/wp-json\/wp\/v2\/pages\/7511","targetHints":{"allow":["GET"]}}],"collection":[{"href":"https:\/\/customs.gov.tl\/pt-pt\/wp-json\/wp\/v2\/pages"}],"about":[{"href":"https:\/\/customs.gov.tl\/pt-pt\/wp-json\/wp\/v2\/types\/page"}],"author":[{"embeddable":true,"href":"https:\/\/customs.gov.tl\/pt-pt\/wp-json\/wp\/v2\/users\/8"}],"replies":[{"embeddable":true,"href":"https:\/\/customs.gov.tl\/pt-pt\/wp-json\/wp\/v2\/comments?post=7511"}],"version-history":[{"count":1,"href":"https:\/\/customs.gov.tl\/pt-pt\/wp-json\/wp\/v2\/pages\/7511\/revisions"}],"predecessor-version":[{"id":9095,"href":"https:\/\/customs.gov.tl\/pt-pt\/wp-json\/wp\/v2\/pages\/7511\/revisions\/9095"}],"up":[{"embeddable":true,"href":"https:\/\/customs.gov.tl\/pt-pt\/wp-json\/wp\/v2\/pages\/7499"}],"wp:attachment":[{"href":"https:\/\/customs.gov.tl\/pt-pt\/wp-json\/wp\/v2\/media?parent=7511"}],"curies":[{"name":"wp","href":"https:\/\/api.w.org\/{rel}","templated":true}]}}