{"id":7498,"date":"2021-08-01T17:48:43","date_gmt":"2021-08-01T17:48:43","guid":{"rendered":"https:\/\/sandbox.ittimor.com\/cust\/how-to-report-information\/"},"modified":"2021-08-08T01:18:48","modified_gmt":"2021-08-08T01:18:48","slug":"how-to-report-information","status":"publish","type":"page","link":"https:\/\/customs.gov.tl\/pt-pt\/national-enquiry-point\/customs-hotline\/how-to-report-information\/","title":{"rendered":"How to Report Information"},"content":{"rendered":"<div class=\"wpb-content-wrapper\">[vc_row][vc_column width=&#8221;1\/4&#8243;][\/vc_column][vc_column width=&#8221;3\/4&#8243; css=&#8221;.vc_custom_1624365629979{margin-bottom: 0px !important;}&#8221;][vc_column_text]\n<h3>FAQs<\/h3>\n[\/vc_column_text][vc_column_text]\t\t\t<!-- Flexy Breadcrumb -->\r\n\t\t\t<div class=\"fbc fbc-page\">\r\n\r\n\t\t\t\t<!-- Breadcrumb wrapper -->\r\n\t\t\t\t<div class=\"fbc-wrap\">\r\n\r\n\t\t\t\t\t<!-- Ordered list-->\r\n\t\t\t\t\t<ol class=\"fbc-items\" itemscope itemtype=\"https:\/\/schema.org\/BreadcrumbList\">\r\n\t\t\t\t\t\t<li class=\"active\" itemprop=\"itemListElement\" itemscope itemtype=\"https:\/\/schema.org\/ListItem\"><span itemprop=\"name\" title=\"How to Report Information\">How to Report Information<\/span><meta itemprop=\"position\" content=\"2\" \/><\/li>\t\t\t\t\t<\/ol>\r\n\t\t\t\t\t<div class=\"clearfix\"><\/div>\r\n\t\t\t\t<\/div>\r\n\t\t\t<\/div>\r\n\t\t\t[\/vc_column_text][\/vc_column][\/vc_row][vc_row][vc_column width=&#8221;1\/4&#8243;][\/vc_column][vc_column width=&#8221;3\/4&#8243;][vc_column_text]\n<div  class=\"ewd-ufaq-faq-list ewd-ufaq-page-type-distinct\" id='ewd-ufaq-faq-list'>\n\n\t<input type='hidden' name='show_on_load' value='' id='ewd-ufaq-show-on-load' \/>\n<input type='hidden' name='include_category' value='how-to-report-information' id='ewd-ufaq-include-category' \/>\n<input type='hidden' name='exclude_category' value='' id='ewd-ufaq-exclude-category' \/>\n<input type='hidden' name='orderby' value='date' id='ewd-ufaq-orderby' \/>\n<input type='hidden' name='order' value='asc' id='ewd-ufaq-order' \/>\n<input type='hidden' name='post_count' value='-1' id='ewd-ufaq-post-count' \/>\n<input type='hidden' name='current_url' value='\/pt-pt\/wp-json\/wp\/v2\/pages\/7498' id='ewd-ufaq-current-url' \/>\n\t<div class='ewd-ufaq-expand-collapse-div'>\n\n\t<span class='ewd-ufaq-expand-all ' tabindex=\"0\">\n\t\t<span class='ewd-ufaq-toggle-all-symbol'>c<\/span> \n\t\tExpand All\t<\/span>\n\n\t<span class='ewd-ufaq-collapse-all ewd-ufaq-hidden' tabindex=\"0\">\n\t\t<span class='ewd-ufaq-toggle-all-symbol'>C<\/span>\n\t\tCollapse All\t<\/span>\n\n<\/div>\n\t\n\t<div class='ewd-ufaq-faqs'>\n\n\t\t<div  class=\"ewd-ufaq-faq-div ewd-ufaq-faq-column-count-one ewd-ufaq-faq-responsive-columns- ewd-ufaq-faq-display-style-default ewd-ufaq-can-be-toggled\" id='ewd-ufaq-post-4763-yec436DRxB' data-post_id='4763'>\n\n\t<div class='ewd-ufaq-faq-title ewd-ufaq-faq-toggle'>\n\t\n\t<a class='ewd-ufaq-post-margin'  href='#' role=\"button\">\n\n\t\t<div class='ewd-ufaq-post-margin-symbol ewd-ufaq-'>\n\t\t\t<span >b<\/span>\n\t\t<\/div>\n\n\t\t<div class='ewd-ufaq-faq-title-text'>\n\n\t\t\t<h4>\n\t\t\t\tQue devo fazer se n\u00e3o tiver a certeza se algo \u00e9 ilegal?\t\t\t<\/h4>\n\n\t\t<\/div>\n\n\t\t<div class='ewd-ufaq-clear'><\/div>\n\n\t<\/a>\n\t\n<\/div>\n\t\n\t<div class='ewd-ufaq-faq-body ewd-ufaq-hidden' >\n\n\t\t\n\t\t\t\n\t\t\n\t\t\t<div class='ewd-ufaq-post-margin ewd-ufaq-faq-post'>\n\t<p>Por vezes vemos ou ouvimos coisas que sabemos n\u00e3o erem corretas, por\u00e9m n\u00e3o temos a certeza se estamos a presenciar algo ilegal. Caso isso aconte\u00e7a, por favor informe-nos na mesma. Em alguns casos poder\u00e1 n\u00e3o ter a certeza sobre qual a institui\u00e7\u00e3o a que se deve dirigir. Enquanto institui\u00e7\u00e3o governamental temos a possibilidade de partilhar informa\u00e7\u00f5es de forma segura com os nossos parceiros, incluindo a Pol\u00edcia Nacional de Timor-Leste (PNTL), a Pol\u00edcia Cient\u00edfica de Investiga\u00e7\u00e3o Criminal (PSIK) e a Comiss\u00e3o Anticorrup\u00e7\u00e3o (Comiss\u00e3o Anticorrup\u00e7\u00e3o). <\/p>\n<div class=\"theme-button-block-wrap wpex-block wpex-clear theme-button-wrap wpex-clr\"><a href=\"https:\/\/customs.gov.tl\/pt-pt\/hotline\/\" class=\"vcex-button theme-txt-link block button-with-top-border right-side\" target=\"_blank\" style=\"font-weight:500\" rel=\"noopener noreferrer\"><span class=\"theme-button-inner\"> Pode encontrar mais informa\u00e7\u00f5es sobre a Linha Direta para as Alf\u00e2ndegas aqui<span class=\"vcex-icon-wrap theme-button-icon-right\"><span class=\"ticon ticon-angle-right\" aria-hidden=\"true\"><\/span><\/span><\/span><\/a><\/div> \n<\/div>\n\t\t\n\t\t\t\n\t\t\n\t\t\t\n\t\t\n\t\t\t\n\t\t\n\t\t\t\n\t\t\n\t\t\t\n\t\t\n\t\t\t\n\t\t\n\t\t\t\n\t\t\n\t\t\t\n\t\t\n\t<\/div>\n\n<\/div><div  class=\"ewd-ufaq-faq-div ewd-ufaq-faq-column-count-one ewd-ufaq-faq-responsive-columns- ewd-ufaq-faq-display-style-default ewd-ufaq-can-be-toggled\" id='ewd-ufaq-post-4780-x6RJaRFYgi' data-post_id='4780'>\n\n\t<div class='ewd-ufaq-faq-title ewd-ufaq-faq-toggle'>\n\t\n\t<a class='ewd-ufaq-post-margin'  href='#' role=\"button\">\n\n\t\t<div class='ewd-ufaq-post-margin-symbol ewd-ufaq-'>\n\t\t\t<span >b<\/span>\n\t\t<\/div>\n\n\t\t<div class='ewd-ufaq-faq-title-text'>\n\n\t\t\t<h4>\n\t\t\t\tO que \u00e9 a Linha Direta para as Alf\u00e2ndegas?\t\t\t<\/h4>\n\n\t\t<\/div>\n\n\t\t<div class='ewd-ufaq-clear'><\/div>\n\n\t<\/a>\n\t\n<\/div>\n\t\n\t<div class='ewd-ufaq-faq-body ewd-ufaq-hidden' >\n\n\t\t\n\t\t\t\n\t\t\n\t\t\t<div class='ewd-ufaq-post-margin ewd-ufaq-faq-post'>\n\t<p>A Linha Direta para as Alf\u00e2ndegas, com o telefone \u201c<a href=\"tel:12200\">12200<\/a>\u201d, \u00e9 uma via atrav\u00e9s da qual nos pode contactar 24 horas por dia para prestar informa\u00e7\u00f5es. Todas as chamadas s\u00e3o gratuitas e poder\u00e1 manter o anonimato caso assim o desejar. Pode deixar a sua mensagem em t\u00e9tum, ingl\u00eas ou portugu\u00eas. Em alternativa pode enviar-nos informa\u00e7\u00f5es atrav\u00e9s do preenchimento de um formul\u00e1rio de reporte na internet. <\/p>\n<div class=\"theme-button-block-wrap wpex-block wpex-clear theme-button-wrap wpex-clr\"><a href=\"https:\/\/customs.gov.tl\/pt-pt\/hotline\/\" class=\"vcex-button theme-txt-link block button-with-top-border right-side\" target=\"_blank\" style=\"font-weight:500\" rel=\"noopener noreferrer\"><span class=\"theme-button-inner\"> Pode encontrar mais informa\u00e7\u00f5es sobre a Linha Direta para as Alf\u00e2ndegas aqui<span class=\"vcex-icon-wrap theme-button-icon-right\"><span class=\"ticon ticon-angle-right\" aria-hidden=\"true\"><\/span><\/span><\/span><\/a><\/div> \n<\/div>\n\t\t\n\t\t\t\n\t\t\n\t\t\t\n\t\t\n\t\t\t\n\t\t\n\t\t\t\n\t\t\n\t\t\t\n\t\t\n\t\t\t\n\t\t\n\t\t\t\n\t\t\n\t\t\t\n\t\t\n\t<\/div>\n\n<\/div><div  class=\"ewd-ufaq-faq-div ewd-ufaq-faq-column-count-one ewd-ufaq-faq-responsive-columns- ewd-ufaq-faq-display-style-default ewd-ufaq-can-be-toggled\" id='ewd-ufaq-post-4782-lgY0So1QcJ' data-post_id='4782'>\n\n\t<div class='ewd-ufaq-faq-title ewd-ufaq-faq-toggle'>\n\t\n\t<a class='ewd-ufaq-post-margin'  href='#' role=\"button\">\n\n\t\t<div class='ewd-ufaq-post-margin-symbol ewd-ufaq-'>\n\t\t\t<span >b<\/span>\n\t\t<\/div>\n\n\t\t<div class='ewd-ufaq-faq-title-text'>\n\n\t\t\t<h4>\n\t\t\t\tQue tipo de informa\u00e7\u00f5es devo reportar \u00e0 Linha Direta para as Alf\u00e2ndegas?\t\t\t<\/h4>\n\n\t\t<\/div>\n\n\t\t<div class='ewd-ufaq-clear'><\/div>\n\n\t<\/a>\n\t\n<\/div>\n\t\n\t<div class='ewd-ufaq-faq-body ewd-ufaq-hidden' >\n\n\t\t\n\t\t\t\n\t\t\n\t\t\t<div class='ewd-ufaq-post-margin ewd-ufaq-faq-post'>\n\t<p>\u00c9 importante incluir o m\u00e1ximo poss\u00edvel de informa\u00e7\u00f5es, mesmo que pense que possam n\u00e3o ser relevantes. Tente por exemplo incluir Quem, o Qu\u00ea, Quando, Onde e Porqu\u00ea. <\/p>\n<div class=\"theme-button-block-wrap wpex-block wpex-clear theme-button-wrap wpex-clr\"><a href=\"https:\/\/customs.gov.tl\/pt-pt\/hotline\/\" class=\"vcex-button theme-txt-link block button-with-top-border right-side\" target=\"_blank\" style=\"font-weight:500\" rel=\"noopener noreferrer\"><span class=\"theme-button-inner\"> Pode encontrar mais informa\u00e7\u00f5es sobre a Linha Direta para as Alf\u00e2ndegas e os tipos de informa\u00e7\u00f5es de que necessitamos aqui<span class=\"vcex-icon-wrap theme-button-icon-right\"><span class=\"ticon ticon-angle-right\" aria-hidden=\"true\"><\/span><\/span><\/span><\/a><\/div> \n<\/div>\n\t\t\n\t\t\t\n\t\t\n\t\t\t\n\t\t\n\t\t\t\n\t\t\n\t\t\t\n\t\t\n\t\t\t\n\t\t\n\t\t\t\n\t\t\n\t\t\t\n\t\t\n\t\t\t\n\t\t\n\t<\/div>\n\n<\/div>\n\t<\/div>\n\n\t\n<\/div>\n[\/vc_column_text][\/vc_column][\/vc_row]\n<\/div>","protected":false},"excerpt":{"rendered":"<p>B Que tipo de informa\u00e7\u00f5es devo reportar \u00e0 Linha Direta para as Alf\u00e2ndegas? \u00c9 importante incluir o m\u00e1ximo poss\u00edvel de informa\u00e7\u00f5es, mesmo que pense que possam n\u00e3o ser relevantes. Tente por exemplo incluir Quem, o Qu\u00ea, Quando, Onde e Porqu\u00ea.&hellip;<\/p>\n","protected":false},"author":8,"featured_media":0,"parent":7497,"menu_order":0,"comment_status":"open","ping_status":"open","template":"templates\/left-sidebar.php","meta":{"inline_featured_image":false,"footnotes":""},"class_list":["post-7498","page","type-page","status-publish","hentry","entry","no-media"],"_links":{"self":[{"href":"https:\/\/customs.gov.tl\/pt-pt\/wp-json\/wp\/v2\/pages\/7498","targetHints":{"allow":["GET"]}}],"collection":[{"href":"https:\/\/customs.gov.tl\/pt-pt\/wp-json\/wp\/v2\/pages"}],"about":[{"href":"https:\/\/customs.gov.tl\/pt-pt\/wp-json\/wp\/v2\/types\/page"}],"author":[{"embeddable":true,"href":"https:\/\/customs.gov.tl\/pt-pt\/wp-json\/wp\/v2\/users\/8"}],"replies":[{"embeddable":true,"href":"https:\/\/customs.gov.tl\/pt-pt\/wp-json\/wp\/v2\/comments?post=7498"}],"version-history":[{"count":1,"href":"https:\/\/customs.gov.tl\/pt-pt\/wp-json\/wp\/v2\/pages\/7498\/revisions"}],"predecessor-version":[{"id":9119,"href":"https:\/\/customs.gov.tl\/pt-pt\/wp-json\/wp\/v2\/pages\/7498\/revisions\/9119"}],"up":[{"embeddable":true,"href":"https:\/\/customs.gov.tl\/pt-pt\/wp-json\/wp\/v2\/pages\/7497"}],"wp:attachment":[{"href":"https:\/\/customs.gov.tl\/pt-pt\/wp-json\/wp\/v2\/media?parent=7498"}],"curies":[{"name":"wp","href":"https:\/\/api.w.org\/{rel}","templated":true}]}}