{"id":7490,"date":"2021-08-01T17:48:04","date_gmt":"2021-08-01T17:48:04","guid":{"rendered":"https:\/\/sandbox.ittimor.com\/cust\/ministry-of-transport-comm\/"},"modified":"2023-07-28T19:05:48","modified_gmt":"2023-07-28T10:05:48","slug":"ministry-of-transport-comm","status":"publish","type":"page","link":"https:\/\/customs.gov.tl\/pt-pt\/other-gov-agencies\/ministry-of-transport-comm\/","title":{"rendered":"Minist\u00e9rio dos Transportes e Comunica\u00e7\u00f5es"},"content":{"rendered":"<div class=\"wpb-content-wrapper\">[vc_row gap=&#8221;10&#8243; remove_bottom_col_margin=&#8221;true&#8221;][vc_column width=&#8221;3\/12&#8243;]<div class=\"vcex-module vcex-image-banner wpex-relative wpex-overflow-hidden wpex-max-w-100 wpex-bg-gray-900 wpex-text-white wpex-float-center wpex-text-center other-agencies-image\" ><span class=\"vcex-ib-img wpex-block wpex-z-1 wpex-transition-all wpex-duration-500 wpex-bg-cover wpex-absolute wpex-inset-0\" style=\"background-image:url(https:\/\/customs.gov.tl\/wp-content\/uploads\/2023\/07\/Minister.png);\"><\/span><div class=\"vcex-ib-overlay wpex-absolute wpex-z-5 wpex-inset-0 wpex-transition-all wpex-duration-500\"><div class=\"vcex-ib-overlay-bg wpex-absolute wpex-inset-0 wpex-bg-black wpex-opacity-30\" style=\"background:#0f1a40;opacity:.25;\"><\/div><\/div><div class=\"vcex-ib-content-wrap wpex-z-10 wpex-w-100 wpex-transition-all wpex-duration-500 wpex-relative wpex-clr\"><div class=\"vcex-ib-content wpex-mx-auto wpex-clr\"><\/div><\/div><\/div>[vc_row_inner remove_bottom_col_margin=&#8221;true&#8221;][vc_column_inner width=&#8221;1\/4&#8243;][\/vc_column_inner][vc_column_inner width=&#8221;1\/2&#8243; css=&#8221;.vc_custom_1620536962997{padding-bottom: 14px !important;background-color: #af1e33 !important;}&#8221;][\/vc_column_inner][vc_column_inner width=&#8221;1\/4&#8243;][\/vc_column_inner][\/vc_row_inner][vc_row_inner remove_bottom_col_margin=&#8221;true&#8221;][vc_column_inner width=&#8221;1\/4&#8243;][\/vc_column_inner][vc_column_inner width=&#8221;3\/4&#8243; css=&#8221;.vc_custom_1623636378099{padding-right: 0px !important;padding-left: 0px !important;}&#8221;][vc_column_text]<strong>Miguel Marques Gon\u00e7alves Manetelu<\/strong>[\/vc_column_text][vc_column_text line_height=&#8221;17px&#8221;]Ministro dos Transportes e Comunica\u00e7\u00f5es[\/vc_column_text][\/vc_column_inner][\/vc_row_inner][\/vc_column][vc_column width=&#8221;6\/12&#8243;][vc_column_text]<strong>O Minist\u00e9rio dos Transportes e Comunica\u00e7\u00f5es (MTC) \u00e9 o departamento do governo respons\u00e1vel pela pol\u00edtica de conce\u00e7\u00e3o, implementa\u00e7\u00e3o, coordena\u00e7\u00e3o e avalia\u00e7\u00e3o, definido pelo Conselho de Ministros, para as \u00e1reas de transporte e comunica\u00e7\u00f5es.<\/strong><\/p>\n<p style=\"text-align: justify;\">A Administra\u00e7\u00e3o do Porto de Timor-Leste &#8211; APORTIL, a Administra\u00e7\u00e3o de Navega\u00e7\u00e3o A\u00e9rea &#8211; ANATL EP, a Autoridade da Avia\u00e7\u00e3o Civil de Timor-Leste, AACTL e a AANC- Autoridade Nacional de Comunica\u00e7\u00f5es, dependem do Minist\u00e9rio de Transportes e Comunica\u00e7\u00f5es.<\/p>\n[\/vc_column_text][vc_empty_space height=&#8221;40px&#8221;][vc_column_text]\n<h4>Requisitos Regulamentares<\/h4>\n<p style=\"text-align: justify;\">O MTC tem a responsabilidade regulamentar de ajudar a controlar a importa\u00e7\u00e3o e exporta\u00e7\u00e3o de certos bens. O Artigo 2 das Condi\u00e7\u00f5es e Procedimentos a observar em rela\u00e7\u00e3o \u00e0s Proibi\u00e7\u00f5es na Importa\u00e7\u00e3o de Ve\u00edculos (Decreto Lei 30\/2011), pro\u00edbe a importa\u00e7\u00e3o de ve\u00edculos com mais de cinco anos.<\/p>\n[\/vc_column_text]<div class=\"vc_custom_1627722361904 wpex-clr\"><div class=\"theme-button-block-wrap wpex-block wpex-clear theme-button-wrap wpex-clr\"><a href=\"https:\/\/www.ms.gov.tl\/en?page=1\" class=\"vcex-button theme-txt-link block button-with-top-border\" style=\"font-weight:500;\"><span class=\"theme-button-inner\">Poder\u00e1 saber mais sobre esta lei aqui<span class=\"vcex-icon-wrap theme-button-icon-right\"><span class=\"ticon ticon-angle-right\" aria-hidden=\"true\"><\/span><\/span><\/span><\/a><\/div><\/div> [vc_column_text]\n<h4>Tipo de Bens<\/h4>\n<p style=\"text-align: justify;\">Os Bens s\u00e3o identificados por 8 d\u00edgitos num\u00e9ricos conhecidos como n\u00famero do Sistema Harmonizado (HS).<\/p>\n[\/vc_column_text]<div class=\"vc_custom_1627722483217 wpex-clr\"><div class=\"theme-button-block-wrap wpex-block wpex-clear theme-button-wrap wpex-clr\"><a href=\"https:\/\/customs.gov.tl\/hs-code-tariff-and-incoterms\/\" class=\"vcex-button theme-txt-link block button-with-top-border\" style=\"font-weight:500;\"><span class=\"theme-button-inner\">Conhe\u00e7a mais acerca dos n\u00fameros HS aqui<span class=\"vcex-icon-wrap theme-button-icon-right\"><span class=\"ticon ticon-angle-right\" aria-hidden=\"true\"><\/span><\/span><\/span><\/a><\/div><\/div> [vc_column_text css=&#8221;.vc_custom_1669191640886{margin-bottom: 40px !important;}&#8221;]A Lei n\u00e3o permite a importa\u00e7\u00e3o de ve\u00edculos mistos e ve\u00edculos ligeiros de passageiros, com mais de 5 anos da data sua fabrica\u00e7\u00e3o.<\/p>\n<p style=\"text-align: justify;\">Este tipo de ve\u00edculos inclui:<\/p>\n[\/vc_column_text][vc_row_inner equal_height=&#8221;yes&#8221; css=&#8221;.vc_custom_1623647088432{border-bottom-width: 1px !important;border-bottom-color: #c9c9c9 !important;border-bottom-style: solid !important;}&#8221; el_class=&#8221;vehicle-row&#8221;][vc_column_inner width=&#8221;1\/3&#8243; css=&#8221;.vc_custom_1623647473040{padding-bottom: 20px !important;}&#8221; offset=&#8221;vc_col-lg-4 vc_col-md-4 vc_col-xs-4&#8243;]<figure class=\"vcex-image vcex-module wpex-clr\"><div class=\"vcex-image-inner wpex-inline-block wpex-relative\"><img decoding=\"async\" width=\"9999\" loading=\"lazy\" class=\"wpex-align-middle\" src=\"https:\/\/customs.gov.tl\/wp-content\/uploads\/2021\/06\/cars-4.svg\" alt=\"\" height=\"61\" \/><\/div><\/figure>[vc_column_text]\n<p style=\"text-align: center;\"><strong>Carros<\/strong><\/p>\n[\/vc_column_text][\/vc_column_inner][vc_column_inner width=&#8221;1\/3&#8243; css=&#8221;.vc_custom_1623647491268{border-right-width: 1px !important;border-left-width: 1px !important;padding-bottom: 20px !important;border-left-color: #c9c9c9 !important;border-left-style: solid !important;border-right-color: #c9c9c9 !important;border-right-style: solid !important;}&#8221; offset=&#8221;vc_col-lg-4 vc_col-md-4 vc_col-xs-4&#8243;]<figure class=\"vcex-image vcex-module wpex-clr\"><div class=\"vcex-image-inner wpex-inline-block wpex-relative\"><img decoding=\"async\" width=\"9999\" loading=\"lazy\" class=\"wpex-align-middle\" src=\"https:\/\/customs.gov.tl\/wp-content\/uploads\/2021\/06\/pick-up.svg\" alt=\"\" height=\"66\" \/><\/div><\/figure>[vc_column_text]\n<p style=\"text-align: center;\"><strong>Pick-ups<\/strong><\/p>\n[\/vc_column_text][\/vc_column_inner][vc_column_inner width=&#8221;1\/3&#8243; css=&#8221;.vc_custom_1623647505995{padding-bottom: 20px !important;}&#8221; offset=&#8221;vc_col-lg-4 vc_col-md-4 vc_col-xs-4&#8243;]<figure class=\"vcex-image vcex-module wpex-clr\"><div class=\"vcex-image-inner wpex-inline-block wpex-relative\"><img decoding=\"async\" width=\"9999\" loading=\"lazy\" class=\"wpex-align-middle\" src=\"https:\/\/customs.gov.tl\/wp-content\/uploads\/2021\/06\/mini-van.svg\" alt=\"\" height=\"62\" \/><\/div><\/figure>[vc_column_text]\n<p style=\"text-align: center;\"><strong>Carrinhas<\/strong><br \/>\n(Transporte pessoas)[\/vc_column_text][\/vc_column_inner][\/vc_row_inner][vc_row_inner equal_height=&#8221;yes&#8221; el_class=&#8221;vehicle-row&#8221; css=&#8221;.vc_custom_1623743894915{margin-right: 0px !important;margin-left: 0px !important;}&#8221;][vc_column_inner width=&#8221;1\/3&#8243; css=&#8221;.vc_custom_1623647593519{padding-top: 20px !important;padding-bottom: 20px !important;}&#8221; offset=&#8221;vc_col-lg-4 vc_col-md-4 vc_col-xs-4&#8243;]<figure class=\"vcex-image vcex-module wpex-clr\"><div class=\"vcex-image-inner wpex-inline-block wpex-relative\"><img decoding=\"async\" width=\"9999\" loading=\"lazy\" class=\"wpex-align-middle\" src=\"https:\/\/customs.gov.tl\/wp-content\/uploads\/2021\/06\/mini-bus.svg\" alt=\"\" height=\"62\" \/><\/div><\/figure>[vc_column_text]\n<p style=\"text-align: center;\"><strong>Camioneta<\/strong><br \/>\n(menos de 20 lugares sentados)[\/vc_column_text][\/vc_column_inner][vc_column_inner width=&#8221;1\/3&#8243; css=&#8221;.vc_custom_1623647606696{border-right-width: 1px !important;border-left-width: 1px !important;padding-top: 20px !important;padding-bottom: 20px !important;border-left-color: #c9c9c9 !important;border-left-style: solid !important;border-right-color: #c9c9c9 !important;border-right-style: solid !important;}&#8221; offset=&#8221;vc_col-lg-4 vc_col-md-4 vc_col-xs-4&#8243;]<figure class=\"vcex-image vcex-module wpex-clr\"><div class=\"vcex-image-inner wpex-inline-block wpex-relative\"><img decoding=\"async\" width=\"9999\" loading=\"lazy\" class=\"wpex-align-middle\" src=\"https:\/\/customs.gov.tl\/wp-content\/uploads\/2021\/06\/light-commercial.svg\" alt=\"\" height=\"61\" \/><\/div><\/figure>[vc_column_text]\n<p style=\"text-align: center;\"><strong>Comerciais ligeiros<\/strong><\/p>\n[\/vc_column_text][\/vc_column_inner][vc_column_inner width=&#8221;1\/3&#8243; css=&#8221;.vc_custom_1623647618485{padding-top: 20px !important;padding-bottom: 20px !important;}&#8221; offset=&#8221;vc_col-lg-4 vc_col-md-4 vc_col-xs-4&#8243;]<figure class=\"vcex-image vcex-module wpex-clr\"><div class=\"vcex-image-inner wpex-inline-block wpex-relative\"><img decoding=\"async\" width=\"9999\" loading=\"lazy\" class=\"wpex-align-middle\" src=\"https:\/\/customs.gov.tl\/wp-content\/uploads\/2021\/06\/light-truck.svg\" alt=\"\" height=\"76\" \/><\/div><\/figure>[vc_column_text]\n<p style=\"text-align: center;\"><strong>Cami\u00f5es<\/strong><br \/>\n(menos de 4 toneladas)[\/vc_column_text][\/vc_column_inner][\/vc_row_inner][vc_column_text css=&#8221;.vc_custom_1627722669179{margin-top: 40px !important;margin-bottom: 40px !important;}&#8221;]\n<h4>Exce\u00e7\u00f5es<\/h4>\n<p>Existem v\u00e1rias exce\u00e7\u00f5es a esta lei, tais como:[\/vc_column_text][vc_row_inner equal_height=&#8221;yes&#8221; css=&#8221;.vc_custom_1623647088432{border-bottom-width: 1px !important;border-bottom-color: #c9c9c9 !important;border-bottom-style: solid !important;}&#8221; el_class=&#8221;vehicle-row&#8221;][vc_column_inner width=&#8221;1\/3&#8243; css=&#8221;.vc_custom_1623648128269{padding-bottom: 20px !important;padding-left: 0px !important;}&#8221; offset=&#8221;vc_col-lg-4 vc_col-md-4 vc_col-xs-4&#8243;][vc_column_text]Ve\u00edculos motorizados importados por residentes de Timor-Leste que tenham estado ausentes do Pa\u00eds durante 12 meses ou mais.<\/p>\n<p>O ve\u00edculo tem de ter sido comprado e registrado no nome da pessoa que o importou e ter\u00e1 de se ter mantido na posse dessa pessoa no estrangeiro, por um per\u00edodo m\u00ednimo de 12 meses antes de ser importado para Timor-Leste.[\/vc_column_text][\/vc_column_inner][vc_column_inner width=&#8221;1\/3&#8243; css=&#8221;.vc_custom_1623647491268{border-right-width: 1px !important;border-left-width: 1px !important;padding-bottom: 20px !important;border-left-color: #c9c9c9 !important;border-left-style: solid !important;border-right-color: #c9c9c9 !important;border-right-style: solid !important;}&#8221; offset=&#8221;vc_col-lg-4 vc_col-md-4 vc_col-xs-4&#8243;][vc_column_text css=&#8221;.vc_custom_1627722812672{margin-bottom: 20px !important;}&#8221;]Ve\u00edculos pesados de passageiros com capacidade de mais de 20 lugares sentados[\/vc_column_text]<figure class=\"vcex-image vcex-module wpex-clr\"><div class=\"vcex-image-inner wpex-inline-block wpex-relative\"><img decoding=\"async\" width=\"9999\" loading=\"lazy\" class=\"wpex-align-middle\" src=\"https:\/\/customs.gov.tl\/wp-content\/uploads\/2021\/06\/heavy-passanger.svg\" alt=\"\" height=\"72\" \/><\/div><\/figure>[\/vc_column_inner][vc_column_inner width=&#8221;1\/3&#8243; css=&#8221;.vc_custom_1623647505995{padding-bottom: 20px !important;}&#8221; offset=&#8221;vc_col-lg-4 vc_col-md-4 vc_col-xs-4&#8243;][vc_column_text css=&#8221;.vc_custom_1627722836462{margin-bottom: 20px !important;}&#8221;]Ve\u00edculos pesados de mercadorias incluindo carrinhas e cami\u00f5es com capacidade superior a 4 toneladas, ve\u00edculos agr\u00edcolas, e ve\u00edculos de constru\u00e7\u00e3o e de transporte de materiais;[\/vc_column_text]<figure class=\"vcex-image vcex-module wpex-clr\"><div class=\"vcex-image-inner wpex-inline-block wpex-relative vc_custom_1623672279006\"><img decoding=\"async\" width=\"9999\" loading=\"lazy\" class=\"wpex-align-middle\" src=\"https:\/\/customs.gov.tl\/wp-content\/uploads\/2021\/06\/dump-truck.svg\" alt=\"\" height=\"99\" \/><\/div><\/figure><figure class=\"vcex-image vcex-module wpex-clr\"><div class=\"vcex-image-inner wpex-inline-block wpex-relative vc_custom_1623672294421\"><img decoding=\"async\" width=\"9999\" loading=\"lazy\" class=\"wpex-align-middle\" src=\"https:\/\/customs.gov.tl\/wp-content\/uploads\/2021\/06\/tractor.svg\" alt=\"\" height=\"93\" \/><\/div><\/figure><figure class=\"vcex-image vcex-module wpex-clr\"><div class=\"vcex-image-inner wpex-inline-block wpex-relative\"><img decoding=\"async\" width=\"9999\" loading=\"lazy\" class=\"wpex-align-middle\" src=\"https:\/\/customs.gov.tl\/wp-content\/uploads\/2021\/06\/scoop.svg\" alt=\"\" height=\"88\" \/><\/div><\/figure>[\/vc_column_inner][\/vc_row_inner][vc_row_inner equal_height=&#8221;yes&#8221; el_class=&#8221;vehicle-row&#8221; css=&#8221;.vc_custom_1623743923764{margin-right: 0px !important;margin-left: 0px !important;}&#8221;][vc_column_inner width=&#8221;1\/3&#8243; css=&#8221;.vc_custom_1623743987457{padding-top: 20px !important;padding-bottom: 20px !important;padding-left: 0px !important;}&#8221; offset=&#8221;vc_col-lg-4 vc_col-md-4 vc_col-xs-4&#8243;][vc_column_text]Ve\u00edculos motorizados importados no \u00e2mbito de acordos internacionais[\/vc_column_text][\/vc_column_inner][vc_column_inner width=&#8221;1\/3&#8243; css=&#8221;.vc_custom_1623744018970{border-right-width: 1px !important;border-left-width: 1px !important;padding-top: 20px !important;padding-bottom: 20px !important;border-left-color: #c9c9c9 !important;border-left-style: solid !important;border-right-color: #c9c9c9 !important;border-right-style: solid !important;}&#8221; offset=&#8221;vc_col-lg-4 vc_col-md-4 vc_col-xs-4&#8243;][vc_column_text css=&#8221;.vc_custom_1627722981009{margin-bottom: 20px !important;}&#8221;]Ve\u00edculos motorizados importados para uso pessoal e identificados como itens de colecionador nomeadamente:<\/p>\n<p>Ve\u00edculos motorizados \u201cVeteranos\u201d (item de colecionador) Constru\u00eddo antes de 1909[\/vc_column_text]<figure class=\"vcex-image vcex-module wpex-clr\"><div class=\"vcex-image-inner wpex-inline-block wpex-relative vc_custom_1623672768733\"><img decoding=\"async\" width=\"9999\" loading=\"lazy\" class=\"wpex-align-middle\" src=\"https:\/\/customs.gov.tl\/wp-content\/uploads\/2021\/06\/veteran.svg\" alt=\"\" height=\"77\" \/><\/div><\/figure>[vc_column_text css=&#8221;.vc_custom_1627722999333{margin-bottom: 20px !important;}&#8221;]Ve\u00edculos motorizados \u201cde \u00e9poca\u201d (item de colecionador) constru\u00eddo antes 1930[\/vc_column_text]<figure class=\"vcex-image vcex-module wpex-clr\"><div class=\"vcex-image-inner wpex-inline-block wpex-relative vc_custom_1623672836059\"><img decoding=\"async\" width=\"9999\" loading=\"lazy\" class=\"wpex-align-middle\" src=\"https:\/\/customs.gov.tl\/wp-content\/uploads\/2021\/06\/veteran.svg\" alt=\"\" height=\"77\" \/><\/div><\/figure>[vc_column_text css=&#8221;.vc_custom_1627723019147{margin-bottom: 20px !important;}&#8221;]Ve\u00edculos motorizados \u201cCl\u00e1ssico\u201d (item de colecionador) constru\u00eddo antes de 1980.[\/vc_column_text]<figure class=\"vcex-image vcex-module wpex-clr\"><div class=\"vcex-image-inner wpex-inline-block wpex-relative\"><img decoding=\"async\" width=\"9999\" loading=\"lazy\" class=\"wpex-align-middle\" src=\"https:\/\/customs.gov.tl\/wp-content\/uploads\/2021\/06\/classic.svg\" alt=\"\" height=\"55\" \/><\/div><\/figure>[\/vc_column_inner][vc_column_inner width=&#8221;1\/3&#8243; css=&#8221;.vc_custom_1623744046488{padding-top: 20px !important;padding-bottom: 20px !important;}&#8221; offset=&#8221;vc_col-lg-4 vc_col-md-4 vc_col-xs-4&#8243;][vc_column_text css=&#8221;.vc_custom_1627723075051{margin-bottom: 20px !important;}&#8221;]Ve\u00edculos motorizados que possam ser utilizados para assist\u00eancia \u00e0 comunidade, que ser\u00e3o doados e registados a organiza\u00e7\u00f5es de caridade.[\/vc_column_text]<figure class=\"vcex-image vcex-module wpex-clr\"><div class=\"vcex-image-inner wpex-inline-block wpex-relative vc_custom_1623672541087\"><img decoding=\"async\" width=\"9999\" loading=\"lazy\" class=\"wpex-align-middle\" src=\"https:\/\/customs.gov.tl\/wp-content\/uploads\/2021\/06\/ambulance.svg\" alt=\"\" height=\"78\" \/><\/div><\/figure><figure class=\"vcex-image vcex-module wpex-clr\"><div class=\"vcex-image-inner wpex-inline-block wpex-relative vc_custom_1623672562582\"><img decoding=\"async\" width=\"9999\" loading=\"lazy\" class=\"wpex-align-middle\" src=\"https:\/\/customs.gov.tl\/wp-content\/uploads\/2021\/06\/fire.svg\" alt=\"\" height=\"60\" \/><\/div><\/figure><figure class=\"vcex-image vcex-module wpex-clr\"><div class=\"vcex-image-inner wpex-inline-block wpex-relative\"><img decoding=\"async\" width=\"9999\" loading=\"lazy\" class=\"wpex-align-middle\" src=\"https:\/\/customs.gov.tl\/wp-content\/uploads\/2021\/06\/police.svg\" alt=\"\" height=\"59\" \/><\/div><\/figure>[\/vc_column_inner][\/vc_row_inner][vc_column_text css=&#8221;.vc_custom_1669191655758{margin-top: 40px !important;}&#8221;]\n<h4>Objetivos Comerciais<\/h4>\n<p style=\"text-align: justify;\">Se estiver a importar carros com fins comerciais, para venda, aluguer, contratar ou para troca, necessita de consentimento escrito do Departamento do Com\u00e9rcio Exterior e do Departamento de Transportes Terrestres.<\/p>\n[\/vc_column_text]<div class=\"theme-button-block-wrap wpex-block wpex-clear theme-button-wrap wpex-clr\"><a href=\"http:\/\/www.mtc.gov.tl\/mtc\/index.php\/en\/\" class=\"vcex-button theme-txt-link block button-with-top-border\" target=\"_blank\" style=\"font-weight:500;\" rel=\"noopener noreferrer\"><span class=\"theme-button-inner\">Poder\u00e1 saber mais sobre o Minist\u00e9rio dos Transportes e Comunica\u00e7\u00f5es aqui<span class=\"vcex-icon-wrap theme-button-icon-right\"><span class=\"ticon ticon-angle-right\" aria-hidden=\"true\"><\/span><\/span><\/span><\/a><\/div> [\/vc_column][vc_column width=&#8221;3\/12&#8243;]<div class=\"templatera_shortcode\"><div class=\"vc_row wpb_row vc_row-fluid\"><div class=\"wpb_column vc_column_container vc_col-sm-12\"><div class=\"vc_column-inner\"><div class=\"wpb_wrapper\">\n\t<div class=\"wpb_text_column wpb_content_element social-share\" >\n\t\t<div class=\"wpb_wrapper\">\n\t\t\t<h5>Partilhe esta p\u00e1gina<\/h5>\n\n\t\t<\/div>\n\t<\/div>\n\n<div class=\"vcex-module vcex-social-share\">\n\n\t<div class=\"wpex-social-share style-flat position-horizontal\" data-source=\"https%3A%2F%2Fcustoms.gov.tl%2Fpt-pt%2F\" data-url=\"https%3A%2F%2Fcustoms.gov.tl%2Fpt-pt%2Fwp-json%2Fwp%2Fv2%2Fpages%2F7490%2F\" data-title=\"Archives\" data-email-subject=\"I wanted you to see this link\" data-email-body=\"I wanted you to see this link https%3A%2F%2Fcustoms.gov.tl%2Fpt-pt%2Fwp-json%2Fwp%2Fv2%2Fpages%2F7490%2F\" data-specs=\"menubar=no,toolbar=no,resizable=yes,scrollbars=yes,height=600,width=600\">\n\t<ul class=\"wpex-social-share__list\">\n\n\t\t\n\t\t\t\t<li class=\"wpex-social-share__item custom-print\">\n\n\t\t\t\t\t\n\t\t\t\t\t\t<a href=\"#print\" role=\"button\" class=\"wpex-social-share__link\">\n\n\t\t\t\t\t\n\t\t\t\t\t\t<img decoding=\"async\" src=\"http:\/\/customs.gov.tl\/wp-content\/uploads\/2021\/05\/icon-print.svg\" \/>\n\t\t\t\t\t\t\t\t\t\t\t\t\t<span class=\"wpex-social-share__label wpex-label\">Print<\/span>\n\t\t\t\t\t\t\n\t\t\t\t\t<\/a>\n\n\t\t\t\t<\/li>\n\n\t\t\t\n\t\t\t\t<li class=\"wpex-social-share__item wpex-email\">\n\n\t\t\t\t\t\n\t\t\t\t\t\t<a href=\"#\" role=\"button\" class=\"wpex-social-share__link\">\n\n\t\t\t\t\t\n\t\t\t\t\t\t<img decoding=\"async\" src=\"http:\/\/customs.gov.tl\/wp-content\/uploads\/2021\/05\/icon-envelope.svg\" \/>\n\t\t\t\t\t\t\t\t\t\t\t\t\t<span class=\"wpex-social-share__label wpex-label\">Email<\/span>\n\t\t\t\t\t\t\n\t\t\t\t\t<\/a>\n\n\t\t\t\t<\/li>\n\n\t\t\t\n\t\t\t\t<li class=\"wpex-social-share__item wpex-facebook\">\n\n\t\t\t\t\t\n\t\t\t\t\t\t<a href=\"#\" role=\"button\" class=\"wpex-social-share__link\">\n\n\t\t\t\t\t\n\t\t\t\t\t\t<img decoding=\"async\" src=\"http:\/\/customs.gov.tl\/wp-content\/uploads\/2021\/05\/icon-facebook.svg\" \/>\n\t\t\t\t\t\t\t\t\t\t\t\t\t<span class=\"wpex-social-share__label wpex-label\">Share<\/span>\n\t\t\t\t\t\t\n\t\t\t\t\t<\/a>\n\n\t\t\t\t<\/li>\n\n\t\t\t\n\t\t\t\t<li class=\"wpex-social-share__item wpex-linkedin\">\n\n\t\t\t\t\t\n\t\t\t\t\t\t<a href=\"#\" role=\"button\" class=\"wpex-social-share__link\">\n\n\t\t\t\t\t\n\t\t\t\t\t\t<img decoding=\"async\" src=\"http:\/\/customs.gov.tl\/wp-content\/uploads\/2021\/05\/icon-linkedin.svg\" \/>\n\t\t\t\t\t\t\t\t\t\t\t\t\t<span class=\"wpex-social-share__label wpex-label\">Share<\/span>\n\t\t\t\t\t\t\n\t\t\t\t\t<\/a>\n\n\t\t\t\t<\/li>\n\n\t\t\t\n\t<\/ul>\n\n\t<\/div>\n\n<\/div><\/div><\/div><\/div><\/div>\r\n<\/div>[vc_empty_space height=&#8221;80px&#8221;][vc_row_inner el_class=&#8221;contact-sidebar&#8221;][vc_column_inner][vc_column_text el_class=&#8221;contact-details&#8221; css=&#8221;.vc_custom_1627723883619{margin-bottom: 5px !important;border-bottom-width: 1px !important;border-bottom-color: #000000 !important;border-bottom-style: solid !important;}&#8221;]\n<h5>Contatos<\/h5>\n[\/vc_column_text]<div class=\"vcex-module vcex-list_item wpex-max-w-100 wpex-clr wpex-mb-5 no-border\"><div class=\"vcex-list-item-inner wpex-inline-flex wpex-flex-no-wrap wpex-items-center\"><div class=\"vcex-list-item-icon wpex-mr-10\"><div class=\"vcex-icon-wrap wpex-inline-flex wpex-justify-center wpex-items-center\"><span class=\"ticon ticon-map-marker\"><\/span><\/div><\/div><div class=\"vcex-list-item-text vcex-content wpex-flex-grow\">Rua Avenida Fransisco Xavier do Amaral, No 8, Ex.Telecom Mercado Lama,<br \/>\nDili, Timor-Leste<\/div><\/div><\/div><div class=\"vcex-module vcex-list_item wpex-max-w-100 wpex-clr wpex-mb-5\"><div class=\"vcex-list-item-inner wpex-inline-flex wpex-flex-no-wrap wpex-items-center\"><div class=\"vcex-list-item-icon wpex-mr-10\"><div class=\"vcex-icon-wrap wpex-inline-flex wpex-justify-center wpex-items-center\"><span class=\"ticon ticon-phone-square\"><\/span><\/div><\/div><div class=\"vcex-list-item-text vcex-content wpex-flex-grow\">(+670) 333 9355 \/ 333 9353<\/div><\/div><\/div><div class=\"vcex-module vcex-list_item wpex-max-w-100 wpex-clr wpex-mb-5\"><a  href=\"mailto:info@mof.gov.tl\" class=\"vcex-list-item-link wpex-no-underline\"><div class=\"vcex-list-item-inner wpex-inline-flex wpex-flex-no-wrap wpex-items-center\"><div class=\"vcex-list-item-icon wpex-mr-10\"><div class=\"vcex-icon-wrap wpex-inline-flex wpex-justify-center wpex-items-center\"><span class=\"ticon ticon-envelope-o\"><\/span><\/div><\/div><div class=\"vcex-list-item-text vcex-content wpex-flex-grow\">info@mof.gov.tl<\/div><\/div><\/a><\/div>[\/vc_column_inner][\/vc_row_inner][vc_empty_space height=&#8221;80px&#8221;][vc_row_inner el_class=&#8221;downloads-sidebar&#8221;][vc_column_inner][vc_column_text el_class=&#8221;downloads-title&#8221; css=&#8221;.vc_custom_1623296674533{border-bottom-width: 1px !important;border-bottom-color: #0f1a3f !important;border-bottom-style: solid !important;}&#8221;]\n<h5>Downloads<\/h5>\n[\/vc_column_text]<div class=\"vcex-module vcex-list_item wpex-max-w-100 wpex-clr wpex-mb-5\"><a  href=\"https:\/\/customs.gov.tl\/pt-pt\/doing-business\/document-database\/\" class=\"vcex-list-item-link wpex-no-underline\"><div class=\"vcex-list-item-inner wpex-inline-flex wpex-flex-no-wrap wpex-items-center\"><div class=\"vcex-list-item-icon wpex-mr-10\"><div class=\"vcex-icon-wrap wpex-inline-flex wpex-justify-center wpex-items-center\"><span class=\"ticon ticon-download\"><\/span><\/div><\/div><div class=\"vcex-list-item-text vcex-content wpex-flex-grow\"><a href=\"https:\/\/customs.gov.tl\/pt-pt\/doing-business\/document-database\/?search.search=Condi\u00e7\u00f5es e procedimentos a observar relativamente \u00e0 importa\u00e7\u00e3o de ve\u00edculos motorizados (Decreto-Lei: 30\/2011)\">Decreto Lei 30\/2011<\/a><\/div><\/div><\/a><\/div>[\/vc_column_inner][\/vc_row_inner][\/vc_column][\/vc_row]\n<\/div>","protected":false},"excerpt":{"rendered":"","protected":false},"author":8,"featured_media":0,"parent":7475,"menu_order":0,"comment_status":"open","ping_status":"closed","template":"","meta":{"inline_featured_image":false,"footnotes":""},"class_list":["post-7490","page","type-page","status-publish","hentry","entry","no-media"],"_links":{"self":[{"href":"https:\/\/customs.gov.tl\/pt-pt\/wp-json\/wp\/v2\/pages\/7490","targetHints":{"allow":["GET"]}}],"collection":[{"href":"https:\/\/customs.gov.tl\/pt-pt\/wp-json\/wp\/v2\/pages"}],"about":[{"href":"https:\/\/customs.gov.tl\/pt-pt\/wp-json\/wp\/v2\/types\/page"}],"author":[{"embeddable":true,"href":"https:\/\/customs.gov.tl\/pt-pt\/wp-json\/wp\/v2\/users\/8"}],"replies":[{"embeddable":true,"href":"https:\/\/customs.gov.tl\/pt-pt\/wp-json\/wp\/v2\/comments?post=7490"}],"version-history":[{"count":6,"href":"https:\/\/customs.gov.tl\/pt-pt\/wp-json\/wp\/v2\/pages\/7490\/revisions"}],"predecessor-version":[{"id":14102,"href":"https:\/\/customs.gov.tl\/pt-pt\/wp-json\/wp\/v2\/pages\/7490\/revisions\/14102"}],"up":[{"embeddable":true,"href":"https:\/\/customs.gov.tl\/pt-pt\/wp-json\/wp\/v2\/pages\/7475"}],"wp:attachment":[{"href":"https:\/\/customs.gov.tl\/pt-pt\/wp-json\/wp\/v2\/media?parent=7490"}],"curies":[{"name":"wp","href":"https:\/\/api.w.org\/{rel}","templated":true}]}}