{"id":7488,"date":"2021-08-01T17:47:55","date_gmt":"2021-08-01T17:47:55","guid":{"rendered":"https:\/\/sandbox.ittimor.com\/cust\/ministry-of-health\/"},"modified":"2023-07-28T00:53:45","modified_gmt":"2023-07-27T15:53:45","slug":"ministry-of-health","status":"publish","type":"page","link":"https:\/\/customs.gov.tl\/pt-pt\/other-gov-agencies\/ministry-of-health\/","title":{"rendered":"Minist\u00e9rio da Sa\u00fade"},"content":{"rendered":"<div class=\"wpb-content-wrapper\">[vc_row][vc_column][vc_column_text]\n<p style=\"text-align: justify;\">[\/vc_column_text][\/vc_column][\/vc_row][vc_row gap=&#8221;10&#8243; remove_bottom_col_margin=&#8221;true&#8221;][vc_column width=&#8221;3\/12&#8243;]<div class=\"vcex-module vcex-image-banner wpex-relative wpex-overflow-hidden wpex-max-w-100 wpex-bg-gray-900 wpex-text-white wpex-float-center wpex-text-center other-agencies-image\" ><span class=\"vcex-ib-img wpex-block wpex-z-1 wpex-transition-all wpex-duration-500 wpex-bg-cover wpex-absolute wpex-inset-0\" style=\"background-image:url(https:\/\/customs.gov.tl\/wp-content\/uploads\/2023\/07\/Minister-of-Health-Elia-A-A-dos-Reis-Amaral.png);\"><\/span><div class=\"vcex-ib-overlay wpex-absolute wpex-z-5 wpex-inset-0 wpex-transition-all wpex-duration-500\"><div class=\"vcex-ib-overlay-bg wpex-absolute wpex-inset-0 wpex-bg-black wpex-opacity-30\" style=\"background:#0f1a40;opacity:.25;\"><\/div><\/div><div class=\"vcex-ib-content-wrap wpex-z-10 wpex-w-100 wpex-transition-all wpex-duration-500 wpex-relative wpex-clr\"><div class=\"vcex-ib-content wpex-mx-auto wpex-clr\"><\/div><\/div><\/div>[vc_row_inner remove_bottom_col_margin=&#8221;true&#8221;][vc_column_inner width=&#8221;1\/4&#8243;][\/vc_column_inner][vc_column_inner width=&#8221;1\/2&#8243; css=&#8221;.vc_custom_1620536962997{padding-bottom: 14px !important;background-color: #af1e33 !important;}&#8221;][\/vc_column_inner][vc_column_inner width=&#8221;1\/4&#8243;][\/vc_column_inner][\/vc_row_inner][vc_row_inner remove_bottom_col_margin=&#8221;true&#8221;][vc_column_inner width=&#8221;1\/4&#8243;][\/vc_column_inner][vc_column_inner width=&#8221;3\/4&#8243; css=&#8221;.vc_custom_1623636378099{padding-right: 0px !important;padding-left: 0px !important;}&#8221;][vc_column_text]<strong>Elia A. A. dos Reis Amaral<\/strong><br \/>\nMinistra da Sa\u00fade[\/vc_column_text][\/vc_column_inner][\/vc_row_inner][\/vc_column][vc_column width=&#8221;6\/12&#8243;][vc_column_text css=&#8221;.vc_custom_1669190823034{margin-bottom: 60px !important;}&#8221;]<strong>O Minist\u00e9rio da Sa\u00fade (MdS) \u00e9 o departamento do governo respons\u00e1vel pela conce\u00e7\u00e3o, implementa\u00e7\u00e3o, coordena\u00e7\u00e3o e avalia\u00e7\u00e3o da pol\u00edtica definida e aprovada pelo Conselho de Ministros, para a \u00e1rea da sa\u00fade e farm\u00e1cia.<\/strong><\/p>\n<p style=\"text-align: justify;\">O MdS tem sob a sua tutela os hospitais da Seguran\u00e7a Social, os Servi\u00e7os Aut\u00f4nomos de Medicinas e de Equipamentos M\u00e9dicos, E.P. (SAMES), o Instituto Nacional de Sa\u00fade, o Laborat\u00f3rio Nacional de Sa\u00fade, o Servi\u00e7o Nacional de Ambul\u00e2ncias e a Urg\u00eancia M\u00e9dica.<\/p>\n[\/vc_column_text][vc_column_text]\n<h4>Requisitos Regulamentares<\/h4>\n<p style=\"text-align: justify;\">O Minist\u00e9rio da Sa\u00fade tem a responsabilidade regulamentar de ajudar a controlar a importa\u00e7\u00e3o e exporta\u00e7\u00e3o de certos medicamentos e qu\u00edmicos. Um fornecimento seguro destas drogas \u00e9 um requisito fundamental a fim de garantir uma sa\u00fade p\u00fablica adequada. Medica\u00e7\u00e3o falsa ou ilegal pode conter doses toxicas de ingredientes perigosos, que podem causar envenenamento. Medicamentos de fraca qualidade podem tamb\u00e9m comprometer o tratamento de doen\u00e7as cr\u00f4nicas e infecciosas que podem agravar as doen\u00e7as, causar resist\u00eancia \u00e0 droga e causar a morte. O MdS tem tamb\u00e9m a responsabilidade de garantir que certos percussores qu\u00edmicos n\u00e3o sejam importados para uso ilegal, tais como o fabrico de narc\u00f3ticos e substancias hipn\u00f3ticas.<\/p>\n[\/vc_column_text][vc_empty_space height=&#8221;20px&#8221;][vc_column_text]\n<div class=\"page\" title=\"Page 1\">\n<div class=\"section\">\n<div class=\"layoutArea\">\n<div class=\"column\">\n<p style=\"text-align: justify;\">O departamento respons\u00e1vel pelo controlo deste tipo de bens \u00e9 a Direc\u00e7\u00e3o Nacional da Farm\u00e1cia e Medicamentos (DNFM). Este departamento \u00e9 respons\u00e1vel por definir, regulamentar, implementar e avaliar as pol\u00edticas nacionais de medicamentos, atividade farmac\u00eautica e laborat\u00f3rio de sa\u00fade.<\/p>\n<\/div>\n<\/div>\n<\/div>\n<\/div>\n[\/vc_column_text]<div class=\"vc_custom_1627646446068 wpex-clr\"><div class=\"theme-button-block-wrap wpex-block wpex-clear theme-button-wrap wpex-clr\"><a href=\"https:\/\/www.ms.gov.tl\/en?page=1\" class=\"vcex-button theme-txt-link block button-with-top-border\" target=\"_blank\" style=\"font-weight:500;\" rel=\"noopener noreferrer\"><span class=\"theme-button-inner\">Saiba mais sobre o DNFM aqui<span class=\"vcex-icon-wrap theme-button-icon-right\"><span class=\"ticon ticon-angle-right\" aria-hidden=\"true\"><\/span><\/span><\/span><\/a><\/div><\/div> [vc_empty_space height=&#8221;20px&#8221;][vc_column_text]\n<h4>Tipo de Bens<\/h4>\n<p style=\"text-align: justify;\">Poder\u00e1 ter de obter uma autoriza\u00e7\u00e3o do MdS para certos bens. Estes tipos de bens est\u00e3o identificados com 8 d\u00edgitos num\u00e9ricos conhecidos como o n\u00famero de Sistema Harmonizado (HS).<\/p>\n[\/vc_column_text]<div class=\"vc_custom_1627646514181 wpex-clr\"><div class=\"theme-button-block-wrap wpex-block wpex-clear theme-button-wrap wpex-clr\"><a href=\"https:\/\/customs.gov.tl\/hs-code-tariff-and-incoterms\/\" class=\"vcex-button theme-txt-link block button-with-top-border\" style=\"font-weight:500;\"><span class=\"theme-button-inner\">Veja mais sobre do HS aqui<span class=\"vcex-icon-wrap theme-button-icon-right\"><span class=\"ticon ticon-angle-right\" aria-hidden=\"true\"><\/span><\/span><\/span><\/a><\/div><\/div> [vc_column_text]Poder\u00e1 aceder e fazer download da lista de bens, que necessitam de algum controlo pela DNFM <a href=\"https:\/\/www.ms.gov.tl\/en?page=1\">aqui<\/a>. Os requisitos regulat\u00f3rios \u00e0s vezes alteram a curto prazo, portanto dever\u00e1 sempre confirmar os poss\u00edveis requisitos de autoriza\u00e7\u00e3o diretamente na DNFN antes da importa\u00e7\u00e3o e exporta\u00e7\u00e3o.<\/p>\n<p>Todas as importa\u00e7\u00f5es e exporta\u00e7\u00f5es em nome do governo s\u00e3o tratados no Servi\u00e7o Aut\u00f4nomo de Medicamentos e Equipamentos de Sa\u00fade (SAMS), que faz a liga\u00e7\u00e3o direta com o DNFM.<\/p>\n<p style=\"text-align: justify;\">Pode consultar e fazer download da c\u00f3pia da Atividade Formas Farmac\u00eauticas (Decreto Lei 12\/2004) <a href=\"https:\/\/customs.gov.tl\/pt-pt\/doing-business\/document-database\/\">aqui<\/a>.<\/p>\n[\/vc_column_text][\/vc_column][vc_column width=&#8221;3\/12&#8243;]<div class=\"templatera_shortcode\"><div class=\"vc_row wpb_row vc_row-fluid\"><div class=\"wpb_column vc_column_container vc_col-sm-12\"><div class=\"vc_column-inner\"><div class=\"wpb_wrapper\">\n\t<div class=\"wpb_text_column wpb_content_element social-share\" >\n\t\t<div class=\"wpb_wrapper\">\n\t\t\t<h5>Partilhe esta p\u00e1gina<\/h5>\n\n\t\t<\/div>\n\t<\/div>\n\n<div class=\"vcex-module vcex-social-share\">\n\n\t<div class=\"wpex-social-share style-flat position-horizontal\" data-source=\"https%3A%2F%2Fcustoms.gov.tl%2Fpt-pt%2F\" data-url=\"https%3A%2F%2Fcustoms.gov.tl%2Fpt-pt%2Fwp-json%2Fwp%2Fv2%2Fpages%2F7488%2F\" data-title=\"Archives\" data-email-subject=\"I wanted you to see this link\" data-email-body=\"I wanted you to see this link https%3A%2F%2Fcustoms.gov.tl%2Fpt-pt%2Fwp-json%2Fwp%2Fv2%2Fpages%2F7488%2F\" data-specs=\"menubar=no,toolbar=no,resizable=yes,scrollbars=yes,height=600,width=600\">\n\t<ul class=\"wpex-social-share__list\">\n\n\t\t\n\t\t\t\t<li class=\"wpex-social-share__item custom-print\">\n\n\t\t\t\t\t\n\t\t\t\t\t\t<a href=\"#print\" role=\"button\" class=\"wpex-social-share__link\">\n\n\t\t\t\t\t\n\t\t\t\t\t\t<img decoding=\"async\" src=\"http:\/\/customs.gov.tl\/wp-content\/uploads\/2021\/05\/icon-print.svg\" \/>\n\t\t\t\t\t\t\t\t\t\t\t\t\t<span class=\"wpex-social-share__label wpex-label\">Print<\/span>\n\t\t\t\t\t\t\n\t\t\t\t\t<\/a>\n\n\t\t\t\t<\/li>\n\n\t\t\t\n\t\t\t\t<li class=\"wpex-social-share__item wpex-email\">\n\n\t\t\t\t\t\n\t\t\t\t\t\t<a href=\"#\" role=\"button\" class=\"wpex-social-share__link\">\n\n\t\t\t\t\t\n\t\t\t\t\t\t<img decoding=\"async\" src=\"http:\/\/customs.gov.tl\/wp-content\/uploads\/2021\/05\/icon-envelope.svg\" \/>\n\t\t\t\t\t\t\t\t\t\t\t\t\t<span class=\"wpex-social-share__label wpex-label\">Email<\/span>\n\t\t\t\t\t\t\n\t\t\t\t\t<\/a>\n\n\t\t\t\t<\/li>\n\n\t\t\t\n\t\t\t\t<li class=\"wpex-social-share__item wpex-facebook\">\n\n\t\t\t\t\t\n\t\t\t\t\t\t<a href=\"#\" role=\"button\" class=\"wpex-social-share__link\">\n\n\t\t\t\t\t\n\t\t\t\t\t\t<img decoding=\"async\" src=\"http:\/\/customs.gov.tl\/wp-content\/uploads\/2021\/05\/icon-facebook.svg\" \/>\n\t\t\t\t\t\t\t\t\t\t\t\t\t<span class=\"wpex-social-share__label wpex-label\">Share<\/span>\n\t\t\t\t\t\t\n\t\t\t\t\t<\/a>\n\n\t\t\t\t<\/li>\n\n\t\t\t\n\t\t\t\t<li class=\"wpex-social-share__item wpex-linkedin\">\n\n\t\t\t\t\t\n\t\t\t\t\t\t<a href=\"#\" role=\"button\" class=\"wpex-social-share__link\">\n\n\t\t\t\t\t\n\t\t\t\t\t\t<img decoding=\"async\" src=\"http:\/\/customs.gov.tl\/wp-content\/uploads\/2021\/05\/icon-linkedin.svg\" \/>\n\t\t\t\t\t\t\t\t\t\t\t\t\t<span class=\"wpex-social-share__label wpex-label\">Share<\/span>\n\t\t\t\t\t\t\n\t\t\t\t\t<\/a>\n\n\t\t\t\t<\/li>\n\n\t\t\t\n\t<\/ul>\n\n\t<\/div>\n\n<\/div><\/div><\/div><\/div><\/div>\r\n<\/div>[vc_empty_space height=&#8221;80px&#8221;][vc_row_inner el_class=&#8221;contact-sidebar&#8221;][vc_column_inner][vc_column_text el_class=&#8221;contact-details&#8221; css=&#8221;.vc_custom_1627646612311{margin-bottom: 5px !important;border-bottom-width: 1px !important;border-bottom-color: #000000 !important;border-bottom-style: solid !important;}&#8221;]\n<h5>Contatos<\/h5>\n[\/vc_column_text]<div class=\"vcex-module vcex-list_item wpex-max-w-100 wpex-clr wpex-mb-5 no-border\"><div class=\"vcex-list-item-inner wpex-inline-flex wpex-flex-no-wrap wpex-items-center\"><div class=\"vcex-list-item-icon wpex-mr-10\"><div class=\"vcex-icon-wrap wpex-inline-flex wpex-justify-center wpex-items-center\"><span class=\"ticon ticon-map-marker\"><\/span><\/div><\/div><div class=\"vcex-list-item-text vcex-content wpex-flex-grow\">Building #5, Palaco do Governo,<br \/>\nDili, Timor-Leste<\/div><\/div><\/div><div class=\"vcex-module vcex-list_item wpex-max-w-100 wpex-clr wpex-mb-5\"><div class=\"vcex-list-item-inner wpex-inline-flex wpex-flex-no-wrap wpex-items-center\"><div class=\"vcex-list-item-icon wpex-mr-10\"><div class=\"vcex-icon-wrap wpex-inline-flex wpex-justify-center wpex-items-center\"><span class=\"ticon ticon-phone-square\"><\/span><\/div><\/div><div class=\"vcex-list-item-text vcex-content wpex-flex-grow\">(+670) 333 9694<\/div><\/div><\/div><div class=\"vcex-module vcex-list_item wpex-max-w-100 wpex-clr wpex-mb-5\"><a  href=\"mailto:info@mof.gov.tl\" class=\"vcex-list-item-link wpex-no-underline\"><div class=\"vcex-list-item-inner wpex-inline-flex wpex-flex-no-wrap wpex-items-center\"><div class=\"vcex-list-item-icon wpex-mr-10\"><div class=\"vcex-icon-wrap wpex-inline-flex wpex-justify-center wpex-items-center\"><span class=\"ticon ticon-envelope-o\"><\/span><\/div><\/div><div class=\"vcex-list-item-text vcex-content wpex-flex-grow\">info@mof.gov.tl<\/div><\/div><\/a><\/div>[\/vc_column_inner][\/vc_row_inner][vc_empty_space height=&#8221;80px&#8221;][vc_row_inner el_class=&#8221;downloads-sidebar&#8221;][vc_column_inner][vc_column_text el_class=&#8221;downloads-title&#8221; css=&#8221;.vc_custom_1623296674533{border-bottom-width: 1px !important;border-bottom-color: #0f1a3f !important;border-bottom-style: solid !important;}&#8221;]\n<h5>Downloads<\/h5>\n[\/vc_column_text]<div class=\"vcex-module vcex-list_item wpex-max-w-100 wpex-clr wpex-mb-5\"><a  href=\"https:\/\/customs.gov.tl\/pt-pt\/doing-business\/document-database\/\" class=\"vcex-list-item-link wpex-no-underline\"><div class=\"vcex-list-item-inner wpex-inline-flex wpex-flex-no-wrap wpex-items-center\"><div class=\"vcex-list-item-icon wpex-mr-10\"><div class=\"vcex-icon-wrap wpex-inline-flex wpex-justify-center wpex-items-center\"><span class=\"ticon ticon-download\"><\/span><\/div><\/div><div class=\"vcex-list-item-text vcex-content wpex-flex-grow\"><a href=\"https:\/\/customs.gov.tl\/pt-pt\/doing-business\/document-database\/?search.search=Decreto Lei 12\/2004\">Decreto Lei 12\/2004<\/a><\/div><\/div><\/a><\/div><div class=\"vcex-module vcex-list_item wpex-max-w-100 wpex-clr wpex-mb-5\"><a  href=\"https:\/\/customs.gov.tl\/pt-pt\/doing-business\/document-database\/\" class=\"vcex-list-item-link wpex-no-underline\"><div class=\"vcex-list-item-inner wpex-inline-flex wpex-flex-no-wrap wpex-items-center\"><div class=\"vcex-list-item-icon wpex-mr-10\"><div class=\"vcex-icon-wrap wpex-inline-flex wpex-justify-center wpex-items-center\"><span class=\"ticon ticon-download\"><\/span><\/div><\/div><div class=\"vcex-list-item-text vcex-content wpex-flex-grow\">N\u00fameros DNFN HS<\/div><\/div><\/a><\/div>[\/vc_column_inner][\/vc_row_inner][\/vc_column][\/vc_row]\n<\/div>","protected":false},"excerpt":{"rendered":"Elia A. A. dos Reis Amaral Ministra da Sa\u00fade O Minist\u00e9rio da Sa\u00fade (MdS) \u00e9 o departamento do governo respons\u00e1vel pela conce\u00e7\u00e3o, implementa\u00e7\u00e3o, coordena\u00e7\u00e3o e avalia\u00e7\u00e3o da pol\u00edtica definida e aprovada pelo Conselho de Ministros, para a \u00e1rea da sa\u00fade&hellip;","protected":false},"author":8,"featured_media":0,"parent":7475,"menu_order":0,"comment_status":"open","ping_status":"closed","template":"","meta":{"inline_featured_image":false,"footnotes":""},"class_list":["post-7488","page","type-page","status-publish","hentry","entry","no-media"],"_links":{"self":[{"href":"https:\/\/customs.gov.tl\/pt-pt\/wp-json\/wp\/v2\/pages\/7488","targetHints":{"allow":["GET"]}}],"collection":[{"href":"https:\/\/customs.gov.tl\/pt-pt\/wp-json\/wp\/v2\/pages"}],"about":[{"href":"https:\/\/customs.gov.tl\/pt-pt\/wp-json\/wp\/v2\/types\/page"}],"author":[{"embeddable":true,"href":"https:\/\/customs.gov.tl\/pt-pt\/wp-json\/wp\/v2\/users\/8"}],"replies":[{"embeddable":true,"href":"https:\/\/customs.gov.tl\/pt-pt\/wp-json\/wp\/v2\/comments?post=7488"}],"version-history":[{"count":7,"href":"https:\/\/customs.gov.tl\/pt-pt\/wp-json\/wp\/v2\/pages\/7488\/revisions"}],"predecessor-version":[{"id":14056,"href":"https:\/\/customs.gov.tl\/pt-pt\/wp-json\/wp\/v2\/pages\/7488\/revisions\/14056"}],"up":[{"embeddable":true,"href":"https:\/\/customs.gov.tl\/pt-pt\/wp-json\/wp\/v2\/pages\/7475"}],"wp:attachment":[{"href":"https:\/\/customs.gov.tl\/pt-pt\/wp-json\/wp\/v2\/media?parent=7488"}],"curies":[{"name":"wp","href":"https:\/\/api.w.org\/{rel}","templated":true}]}}