{"id":7484,"date":"2021-08-01T17:47:39","date_gmt":"2021-08-01T17:47:39","guid":{"rendered":"https:\/\/sandbox.ittimor.com\/cust\/prohibited-or-restricted-goods\/"},"modified":"2022-11-25T06:31:46","modified_gmt":"2022-11-25T06:31:46","slug":"prohibited-or-restricted-goods","status":"publish","type":"page","link":"https:\/\/customs.gov.tl\/pt-pt\/travelers\/prohibited-or-restricted-goods\/","title":{"rendered":"Bens Proibidos ou Restritos"},"content":{"rendered":"<div class=\"wpb-content-wrapper\">[vc_row][vc_column]<div class=\"templatera_shortcode\"><div class=\"vc_row wpb_row vc_row-fluid page-title-img vc_custom_1619918400247 wpex-vc_row-has-fill wpex-vc-has-custom-column-spacing wpex-vc-column-spacing-0px no-bottom-margins wpex-vc-reset-negative-margin\"><div class=\"wpb_column vc_column_container vc_col-sm-12\"><div class=\"vc_column-inner\"><div class=\"wpb_wrapper\"><div class=\"vc_row wpb_row vc_inner vc_row-fluid page-title-overlay vc_custom_1619918083982 wpex-vc_row-has-fill no-bottom-margins wpex-vc-reset-negative-margin\"><div class=\"wpb_column vc_column_container vc_col-sm-12\"><div class=\"vc_column-inner\"><div class=\"wpb_wrapper\"><\/div><\/div><\/div><\/div><\/div><\/div><\/div><\/div><div data-vc-full-width=\"true\" data-vc-full-width-init=\"false\" class=\"vc_row wpb_row vc_row-fluid page-title-background vc_custom_1619917356710 wpex-vc_row-has-fill wpex-vc-row-stretched\"><div class=\"wpb_column vc_column_container vc_col-sm-12\"><div class=\"vc_column-inner\"><div class=\"wpb_wrapper\"><\/div><\/div><\/div><\/div><div class=\"vc_row-full-width vc_clearfix\"><\/div><\/div>[\/vc_column][\/vc_row][vc_row remove_bottom_col_margin=&#8221;true&#8221;][vc_column width=&#8221;3\/4&#8243;][vc_row_inner remove_bottom_col_margin=&#8221;true&#8221; css=&#8221;.vc_custom_1622514608869{margin-bottom: 80px !important;}&#8221;][vc_column_inner][vc_column_text]Existe uma liga\u00e7\u00e3o clara entre o com\u00e9rcio il\u00edcito e outros tipos de crimes, como o tr\u00e1fico de seres humanos, corrup\u00e7\u00e3o, suborno e branqueamento de capitais. O com\u00e9rcio il\u00edcito prejudica a economia global e prejudica a sa\u00fade p\u00fablica em todo o mundo.<\/p>\n<p style=\"text-align: justify;\">Todas as regi\u00f5es do mundo e todos os sectores da ind\u00fastria s\u00e3o afetados. As empresas il\u00edcitas n\u00e3o s\u00f3 desviam oportunidades da economia legal, como tamb\u00e9m desviam as receitas, amea\u00e7ando o crescimento e desenvolvimento econ\u00f3mico. Enquanto posto fronteiri\u00e7o, estamos empenhados em combater este tipo de com\u00e9rcio il\u00edcito, identificando e impedindo aqueles que tentam importar ou exportar, mercadorias proibidas ou restritas.<\/p>\n[\/vc_column_text][\/vc_column_inner][\/vc_row_inner][vc_row_inner remove_bottom_col_margin=&#8221;true&#8221; css=&#8221;.vc_custom_1622181178665{margin-bottom: 40px !important;}&#8221;][vc_column_inner width=&#8221;1\/12&#8243;]<figure class=\"vcex-image vcex-module wpex-clr icon-heading\"><div class=\"vcex-image-inner wpex-inline-block wpex-relative\"><img decoding=\"async\" width=\"9999\" loading=\"lazy\" class=\"wpex-align-middle\" src=\"https:\/\/customs.gov.tl\/wp-content\/uploads\/2021\/05\/prohibited.svg\" alt=\"\" height=\"56\" \/><\/div><\/figure>[\/vc_column_inner][vc_column_inner width=&#8221;5\/6&#8243;][vc_column_text]\n<h3>Mercadorias Proibidas<\/h3>\n<p style=\"text-align: justify;\">Mercadorias proibidas, s\u00e3o as mercadorias para as quais a importa\u00e7\u00e3o e a exporta\u00e7\u00e3o foram completamente proibidas, por raz\u00f5es relacionadas com a sa\u00fade, o ambiente, a prote\u00e7\u00e3o das esp\u00e9cies amea\u00e7adas, da flora e fauna, seguran\u00e7a, legisla\u00e7\u00e3o, etc. Estes itens s\u00e3o suscet\u00edveis de ser retidos por n\u00f3s, e voc\u00ea tamb\u00e9m poder\u00e1 estar sujeito a uma san\u00e7\u00e3o financeira, a pris\u00e3o e, posteriormente, a processo judicial. As mercadorias proibidas podem incluir, mas n\u00e3o se limitam a:<\/p>\n[\/vc_column_text][\/vc_column_inner][vc_column_inner width=&#8221;1\/12&#8243;][\/vc_column_inner][\/vc_row_inner][\/vc_column][vc_column width=&#8221;1\/4&#8243;]<div class=\"templatera_shortcode\"><div class=\"vc_row wpb_row vc_row-fluid\"><div class=\"wpb_column vc_column_container vc_col-sm-12\"><div class=\"vc_column-inner\"><div class=\"wpb_wrapper\">\n\t<div class=\"wpb_text_column wpb_content_element social-share\" >\n\t\t<div class=\"wpb_wrapper\">\n\t\t\t<h5>Partilhe esta p\u00e1gina<\/h5>\n\n\t\t<\/div>\n\t<\/div>\n\n<div class=\"vcex-module vcex-social-share\">\n\n\t<div class=\"wpex-social-share style-flat position-horizontal\" data-source=\"https%3A%2F%2Fcustoms.gov.tl%2Fpt-pt%2F\" data-url=\"https%3A%2F%2Fcustoms.gov.tl%2Fpt-pt%2Fwp-json%2Fwp%2Fv2%2Fpages%2F7484%2F\" data-title=\"Archives\" data-email-subject=\"I wanted you to see this link\" data-email-body=\"I wanted you to see this link https%3A%2F%2Fcustoms.gov.tl%2Fpt-pt%2Fwp-json%2Fwp%2Fv2%2Fpages%2F7484%2F\" data-specs=\"menubar=no,toolbar=no,resizable=yes,scrollbars=yes,height=600,width=600\">\n\t<ul class=\"wpex-social-share__list\">\n\n\t\t\n\t\t\t\t<li class=\"wpex-social-share__item custom-print\">\n\n\t\t\t\t\t\n\t\t\t\t\t\t<a href=\"#print\" role=\"button\" class=\"wpex-social-share__link\">\n\n\t\t\t\t\t\n\t\t\t\t\t\t<img decoding=\"async\" src=\"http:\/\/customs.gov.tl\/wp-content\/uploads\/2021\/05\/icon-print.svg\" \/>\n\t\t\t\t\t\t\t\t\t\t\t\t\t<span class=\"wpex-social-share__label wpex-label\">Print<\/span>\n\t\t\t\t\t\t\n\t\t\t\t\t<\/a>\n\n\t\t\t\t<\/li>\n\n\t\t\t\n\t\t\t\t<li class=\"wpex-social-share__item wpex-email\">\n\n\t\t\t\t\t\n\t\t\t\t\t\t<a href=\"#\" role=\"button\" class=\"wpex-social-share__link\">\n\n\t\t\t\t\t\n\t\t\t\t\t\t<img decoding=\"async\" src=\"http:\/\/customs.gov.tl\/wp-content\/uploads\/2021\/05\/icon-envelope.svg\" \/>\n\t\t\t\t\t\t\t\t\t\t\t\t\t<span class=\"wpex-social-share__label wpex-label\">Email<\/span>\n\t\t\t\t\t\t\n\t\t\t\t\t<\/a>\n\n\t\t\t\t<\/li>\n\n\t\t\t\n\t\t\t\t<li class=\"wpex-social-share__item wpex-facebook\">\n\n\t\t\t\t\t\n\t\t\t\t\t\t<a href=\"#\" role=\"button\" class=\"wpex-social-share__link\">\n\n\t\t\t\t\t\n\t\t\t\t\t\t<img decoding=\"async\" src=\"http:\/\/customs.gov.tl\/wp-content\/uploads\/2021\/05\/icon-facebook.svg\" \/>\n\t\t\t\t\t\t\t\t\t\t\t\t\t<span class=\"wpex-social-share__label wpex-label\">Share<\/span>\n\t\t\t\t\t\t\n\t\t\t\t\t<\/a>\n\n\t\t\t\t<\/li>\n\n\t\t\t\n\t\t\t\t<li class=\"wpex-social-share__item wpex-linkedin\">\n\n\t\t\t\t\t\n\t\t\t\t\t\t<a href=\"#\" role=\"button\" class=\"wpex-social-share__link\">\n\n\t\t\t\t\t\n\t\t\t\t\t\t<img decoding=\"async\" src=\"http:\/\/customs.gov.tl\/wp-content\/uploads\/2021\/05\/icon-linkedin.svg\" \/>\n\t\t\t\t\t\t\t\t\t\t\t\t\t<span class=\"wpex-social-share__label wpex-label\">Share<\/span>\n\t\t\t\t\t\t\n\t\t\t\t\t<\/a>\n\n\t\t\t\t<\/li>\n\n\t\t\t\n\t<\/ul>\n\n\t<\/div>\n\n<\/div><\/div><\/div><\/div><\/div>\r\n<\/div>[\/vc_column][\/vc_row][vc_row remove_bottom_col_margin=&#8221;true&#8221;][vc_column width=&#8221;1\/12&#8243;][\/vc_column][vc_column width=&#8221;2\/3&#8243;][vc_row_inner content_placement=&#8221;bottom&#8221; gap=&#8221;10&#8243;][vc_column_inner width=&#8221;1\/4&#8243;]<figure class=\"vcex-image vcex-module wpex-clr body-icons\"><div class=\"vcex-image-inner wpex-inline-block wpex-relative\"><img decoding=\"async\" width=\"9999\" loading=\"lazy\" class=\"wpex-align-middle\" src=\"https:\/\/customs.gov.tl\/wp-content\/uploads\/2021\/05\/narcotics.svg\" alt=\"\" height=\"89\" \/><\/div><\/figure>[vc_column_text css=&#8221;.vc_custom_1627528071367{margin-top: 10px !important;}&#8221;]Narc\u00f3ticos[\/vc_column_text][\/vc_column_inner][vc_column_inner width=&#8221;1\/4&#8243;]<figure class=\"vcex-image vcex-module wpex-clr body-icons\"><div class=\"vcex-image-inner wpex-inline-block wpex-relative\"><img decoding=\"async\" width=\"9999\" loading=\"lazy\" class=\"wpex-align-middle\" src=\"https:\/\/customs.gov.tl\/wp-content\/uploads\/2021\/05\/Firearms.svg\" alt=\"\" height=\"71\" \/><\/div><\/figure>[vc_column_text css=&#8221;.vc_custom_1627528089374{margin-top: 10px !important;}&#8221;]explosivos[\/vc_column_text][\/vc_column_inner][vc_column_inner width=&#8221;1\/4&#8243;]<figure class=\"vcex-image vcex-module wpex-clr body-icons\"><div class=\"vcex-image-inner wpex-inline-block wpex-relative\"><img decoding=\"async\" width=\"9999\" loading=\"lazy\" class=\"wpex-align-middle\" src=\"https:\/\/customs.gov.tl\/wp-content\/uploads\/2021\/05\/Explosives.svg\" alt=\"\" height=\"86\" \/><\/div><\/figure>[vc_column_text css=&#8221;.vc_custom_1627528105965{margin-top: 10px !important;}&#8221;]armas de\u00a0fogo[\/vc_column_text][\/vc_column_inner][vc_column_inner width=&#8221;1\/4&#8243;]<figure class=\"vcex-image vcex-module wpex-clr body-icons\"><div class=\"vcex-image-inner wpex-inline-block wpex-relative\"><img decoding=\"async\" width=\"9999\" loading=\"lazy\" class=\"wpex-align-middle\" src=\"https:\/\/customs.gov.tl\/wp-content\/uploads\/2021\/05\/Knifes.svg\" alt=\"\" height=\"86\" \/><\/div><\/figure>[vc_column_text css=&#8221;.vc_custom_1627529043723{margin-top: 10px !important;}&#8221;]armas brancas<br \/>\u00a0 \u00a0 \u00a0 \u00a0 ilegais[\/vc_column_text][\/vc_column_inner][\/vc_row_inner][vc_empty_space height=&#8221;50px&#8221;][\/vc_column][vc_column width=&#8221;1\/4&#8243;][\/vc_column][\/vc_row][vc_row remove_bottom_col_margin=&#8221;true&#8221;][vc_column width=&#8221;3\/4&#8243;][vc_row_inner remove_bottom_col_margin=&#8221;true&#8221; css=&#8221;.vc_custom_1622514621648{margin-bottom: 80px !important;}&#8221;][vc_column_inner width=&#8221;1\/12&#8243;][\/vc_column_inner][vc_column_inner width=&#8221;5\/6&#8243;][vc_column_text]\n<p style=\"text-align: justify;\">\u00c9 da sua responsabilidade garantir que n\u00e3o transporta bens proibidos. Em caso de d\u00favida, dever\u00e1 contactar-nos antes de viajar ou antes de tentar importar ou exportar quaisquer bens desta natureza.<\/p>\n[\/vc_column_text]<div class=\"theme-button-block-wrap wpex-block wpex-clear theme-button-wrap wpex-clr\"><a href=\"https:\/\/customs.gov.tl\/pt-pt\/about-us\/contact-us\/\" class=\"vcex-button theme-txt-link block button-with-top-border\" style=\"font-weight:500;\"><span class=\"theme-button-inner\">Saiba mais sobre como nos contactar aqui<span class=\"vcex-icon-wrap theme-button-icon-right\"><span class=\"ticon ticon-angle-right\" aria-hidden=\"true\"><\/span><\/span><\/span><\/a><\/div> [\/vc_column_inner][vc_column_inner width=&#8221;1\/12&#8243;][\/vc_column_inner][\/vc_row_inner][\/vc_column][vc_column width=&#8221;1\/4&#8243;][\/vc_column][\/vc_row][vc_row remove_bottom_col_margin=&#8221;true&#8221;][vc_column width=&#8221;3\/4&#8243;][vc_row_inner remove_bottom_col_margin=&#8221;true&#8221; css=&#8221;.vc_custom_1622181178665{margin-bottom: 40px !important;}&#8221;][vc_column_inner width=&#8221;1\/12&#8243;]<figure class=\"vcex-image vcex-module wpex-clr icon-heading\"><div class=\"vcex-image-inner wpex-inline-block wpex-relative\"><img decoding=\"async\" width=\"9999\" loading=\"lazy\" class=\"wpex-align-middle\" src=\"https:\/\/customs.gov.tl\/wp-content\/uploads\/2021\/05\/restricted.svg\" alt=\"\" height=\"49\" \/><\/div><\/figure>[\/vc_column_inner][vc_column_inner width=&#8221;5\/6&#8243;][vc_column_text]\n<h3>Bens Restritos<\/h3>\n<p style=\"text-align: justify;\">As mercadorias restritas, que tamb\u00e9m s\u00e3o por vezes referidas como Bens Controlados, podem ser importadas ou exportadas desde que disponham das autoriza\u00e7\u00f5es\/permiss\u00f5es necess\u00e1rias. Por exemplo, pode importar certos medicamentos, mas pode ter que requerer a autoriza\u00e7\u00e3o necess\u00e1ria do Minist\u00e9rio da Sa\u00fade antes de o fazer. As mercadorias restritas podem incluir, mas n\u00e3o se limitam a, certos tipos de:<\/p>\n[\/vc_column_text][\/vc_column_inner][vc_column_inner width=&#8221;1\/12&#8243;][\/vc_column_inner][\/vc_row_inner][\/vc_column][vc_column width=&#8221;1\/4&#8243;][\/vc_column][\/vc_row][vc_row remove_bottom_col_margin=&#8221;true&#8221;][vc_column width=&#8221;1\/12&#8243;][\/vc_column][vc_column width=&#8221;2\/3&#8243;][vc_row_inner content_placement=&#8221;bottom&#8221; gap=&#8221;10&#8243;][vc_column_inner width=&#8221;1\/4&#8243;]<figure class=\"vcex-image vcex-module wpex-clr body-icons\"><div class=\"vcex-image-inner wpex-inline-block wpex-relative\"><img decoding=\"async\" width=\"9999\" loading=\"lazy\" class=\"wpex-align-middle\" src=\"https:\/\/customs.gov.tl\/wp-content\/uploads\/2021\/05\/medications.svg\" alt=\"\" height=\"75\" \/><\/div><\/figure>[vc_column_text css=&#8221;.vc_custom_1627528150162{margin-top: 10px !important;}&#8221;]Medicamentos[\/vc_column_text][\/vc_column_inner][vc_column_inner width=&#8221;1\/4&#8243;]<figure class=\"vcex-image vcex-module wpex-clr body-icons\"><div class=\"vcex-image-inner wpex-inline-block wpex-relative\"><img decoding=\"async\" width=\"9999\" loading=\"lazy\" class=\"wpex-align-middle\" src=\"https:\/\/customs.gov.tl\/wp-content\/uploads\/2021\/05\/Vehicles.svg\" alt=\"\" height=\"60\" \/><\/div><\/figure>[vc_column_text css=&#8221;.vc_custom_1627528192839{margin-top: 10px !important;}&#8221;]Ve\u00edculos[\/vc_column_text][\/vc_column_inner][vc_column_inner width=&#8221;1\/4&#8243;]<figure class=\"vcex-image vcex-module wpex-clr body-icons\"><div class=\"vcex-image-inner wpex-inline-block wpex-relative\"><img decoding=\"async\" width=\"9999\" loading=\"lazy\" class=\"wpex-align-middle\" src=\"https:\/\/customs.gov.tl\/wp-content\/uploads\/2021\/05\/Plastics.svg\" alt=\"\" height=\"79\" \/><\/div><\/figure>[vc_column_text css=&#8221;.vc_custom_1627528208105{margin-top: 10px !important;}&#8221;]Pl\u00e1sticos[\/vc_column_text][\/vc_column_inner][vc_column_inner width=&#8221;1\/4&#8243;]<figure class=\"vcex-image vcex-module wpex-clr body-icons\"><div class=\"vcex-image-inner wpex-inline-block wpex-relative\"><img decoding=\"async\" width=\"9999\" loading=\"lazy\" class=\"wpex-align-middle\" src=\"https:\/\/customs.gov.tl\/wp-content\/uploads\/2021\/05\/Foodstuffs.svg\" alt=\"\" height=\"63\" \/><\/div><\/figure>[vc_column_text css=&#8221;.vc_custom_1627528241219{margin-top: 10px !important;}&#8221;]Alimenta\u00e7\u00e3o[\/vc_column_text][\/vc_column_inner][\/vc_row_inner][vc_empty_space height=&#8221;50px&#8221;][\/vc_column][vc_column width=&#8221;1\/4&#8243;][\/vc_column][\/vc_row][vc_row remove_bottom_col_margin=&#8221;true&#8221;][vc_column width=&#8221;3\/4&#8243;][vc_row_inner remove_bottom_col_margin=&#8221;true&#8221; css=&#8221;.vc_custom_1622514634319{margin-bottom: 80px !important;}&#8221;][vc_column_inner width=&#8221;1\/12&#8243;][\/vc_column_inner][vc_column_inner width=&#8221;5\/6&#8243;][vc_column_text]\n<p style=\"text-align: justify;\">\u00c9 da sua responsabilidade assegurar que tem a licen\u00e7a adequada antes de tentar importar qualquer tipo de mercadorias restritas.<\/p>\n[\/vc_column_text]<div class=\"theme-button-block-wrap wpex-block wpex-clear theme-button-wrap wpex-clr\"><a href=\"https:\/\/customs.gov.tl\/pt-pt\/other-gov-agencies\/others\/\" class=\"vcex-button theme-txt-link block button-with-top-border\" style=\"font-weight:500;\"><span class=\"theme-button-inner\">Saiba mais sobre outras Ag\u00eancias Governamentais, aqui<span class=\"vcex-icon-wrap theme-button-icon-right\"><span class=\"ticon ticon-angle-right\" aria-hidden=\"true\"><\/span><\/span><\/span><\/a><\/div> [\/vc_column_inner][vc_column_inner width=&#8221;1\/12&#8243;][\/vc_column_inner][\/vc_row_inner][\/vc_column][vc_column width=&#8221;1\/4&#8243;][\/vc_column][\/vc_row][vc_row remove_bottom_col_margin=&#8221;true&#8221;][vc_column width=&#8221;3\/4&#8243;][vc_row_inner remove_bottom_col_margin=&#8221;true&#8221; css=&#8221;.vc_custom_1622181178665{margin-bottom: 40px !important;}&#8221;][vc_column_inner width=&#8221;1\/12&#8243;]<figure class=\"vcex-image vcex-module wpex-clr icon-heading\"><div class=\"vcex-image-inner wpex-inline-block wpex-relative\"><img decoding=\"async\" width=\"9999\" loading=\"lazy\" class=\"wpex-align-middle\" src=\"https:\/\/customs.gov.tl\/wp-content\/uploads\/2021\/05\/phone-1.svg\" alt=\"\" height=\"46\" \/><\/div><\/figure>[\/vc_column_inner][vc_column_inner width=&#8221;5\/6&#8243;][vc_column_text]\n<h3>Den\u00fancia de Criminalidade<\/h3>\n<p style=\"text-align: justify;\">Se tiver conhecimento de qualquer pessoa que tente importar ou exportar mercadorias proibidas ou restritas, por favor ligue para a Linha de Apoio das Alf\u00e2ndegas atrav\u00e9s do n\u00famero 12200 ou preencha um formul\u00e1rio de den\u00fancia online.<\/p>\n[\/vc_column_text]<div class=\"theme-button-block-wrap wpex-block wpex-clear theme-button-wrap wpex-clr\"><a href=\"https:\/\/customs.gov.tl\/pt-pt\/hotline-pt\/\" class=\"vcex-button theme-txt-link block button-with-top-border\" style=\"font-weight:500;\"><span class=\"theme-button-inner\">Saiba mais sobre a Linha Direta Aduaneira aqui<span class=\"vcex-icon-wrap theme-button-icon-right\"><span class=\"ticon ticon-angle-right\" aria-hidden=\"true\"><\/span><\/span><\/span><\/a><\/div> [\/vc_column_inner][vc_column_inner width=&#8221;1\/12&#8243;][\/vc_column_inner][\/vc_row_inner][\/vc_column][vc_column width=&#8221;1\/4&#8243;][\/vc_column][\/vc_row]\n<\/div>","protected":false},"excerpt":{"rendered":"","protected":false},"author":8,"featured_media":6918,"parent":7480,"menu_order":0,"comment_status":"open","ping_status":"open","template":"","meta":{"inline_featured_image":false,"footnotes":""},"class_list":["post-7484","page","type-page","status-publish","has-post-thumbnail","hentry","entry","no-media"],"_links":{"self":[{"href":"https:\/\/customs.gov.tl\/pt-pt\/wp-json\/wp\/v2\/pages\/7484","targetHints":{"allow":["GET"]}}],"collection":[{"href":"https:\/\/customs.gov.tl\/pt-pt\/wp-json\/wp\/v2\/pages"}],"about":[{"href":"https:\/\/customs.gov.tl\/pt-pt\/wp-json\/wp\/v2\/types\/page"}],"author":[{"embeddable":true,"href":"https:\/\/customs.gov.tl\/pt-pt\/wp-json\/wp\/v2\/users\/8"}],"replies":[{"embeddable":true,"href":"https:\/\/customs.gov.tl\/pt-pt\/wp-json\/wp\/v2\/comments?post=7484"}],"version-history":[{"count":4,"href":"https:\/\/customs.gov.tl\/pt-pt\/wp-json\/wp\/v2\/pages\/7484\/revisions"}],"predecessor-version":[{"id":11572,"href":"https:\/\/customs.gov.tl\/pt-pt\/wp-json\/wp\/v2\/pages\/7484\/revisions\/11572"}],"up":[{"embeddable":true,"href":"https:\/\/customs.gov.tl\/pt-pt\/wp-json\/wp\/v2\/pages\/7480"}],"wp:featuredmedia":[{"embeddable":true,"href":"https:\/\/customs.gov.tl\/pt-pt\/wp-json\/wp\/v2\/media\/6918"}],"wp:attachment":[{"href":"https:\/\/customs.gov.tl\/pt-pt\/wp-json\/wp\/v2\/media?parent=7484"}],"curies":[{"name":"wp","href":"https:\/\/api.w.org\/{rel}","templated":true}]}}