{"id":7479,"date":"2021-08-01T17:47:19","date_gmt":"2021-08-01T17:47:19","guid":{"rendered":"https:\/\/sandbox.ittimor.com\/cust\/trade-compliance\/"},"modified":"2022-11-25T07:07:06","modified_gmt":"2022-11-25T07:07:06","slug":"trade-compliance","status":"publish","type":"page","link":"https:\/\/customs.gov.tl\/pt-pt\/doing-business\/trade-compliance\/","title":{"rendered":"Conformidade Comercial"},"content":{"rendered":"<div class=\"wpb-content-wrapper\">[vc_row][vc_column]<div class=\"templatera_shortcode\"><div class=\"vc_row wpb_row vc_row-fluid page-title-img vc_custom_1619918400247 wpex-vc_row-has-fill wpex-vc-has-custom-column-spacing wpex-vc-column-spacing-0px no-bottom-margins wpex-vc-reset-negative-margin\"><div class=\"wpb_column vc_column_container vc_col-sm-12\"><div class=\"vc_column-inner\"><div class=\"wpb_wrapper\"><div class=\"vc_row wpb_row vc_inner vc_row-fluid page-title-overlay vc_custom_1619918083982 wpex-vc_row-has-fill no-bottom-margins wpex-vc-reset-negative-margin\"><div class=\"wpb_column vc_column_container vc_col-sm-12\"><div class=\"vc_column-inner\"><div class=\"wpb_wrapper\"><\/div><\/div><\/div><\/div><\/div><\/div><\/div><\/div><div data-vc-full-width=\"true\" data-vc-full-width-init=\"false\" class=\"vc_row wpb_row vc_row-fluid page-title-background vc_custom_1619917356710 wpex-vc_row-has-fill wpex-vc-row-stretched\"><div class=\"wpb_column vc_column_container vc_col-sm-12\"><div class=\"vc_column-inner\"><div class=\"wpb_wrapper\"><\/div><\/div><\/div><\/div><div class=\"vc_row-full-width vc_clearfix\"><\/div><\/div>[\/vc_column][\/vc_row][vc_row remove_bottom_col_margin=&#8221;true&#8221;][vc_column width=&#8221;3\/4&#8243;][vc_row_inner css=&#8221;.vc_custom_1621494620839{margin-bottom: 80px !important;}&#8221;][vc_column_inner width=&#8221;10\/12&#8243;][vc_column_text]\n<p style=\"text-align: justify;\">Estamos empenhados em apoiar a economia nacional, incentivando e facilitando o com\u00e9rcio leg\u00edtimo. Enquanto ag\u00eancia governamental encarregue da circula\u00e7\u00e3o de mercadorias nas nossas fronteiras, desempenhamos um papel fundamental na prote\u00e7\u00e3o da importa\u00e7\u00e3o e exporta\u00e7\u00e3o de bens ilegais e restritos, e na garantia de que todos os deveres e impostos adequados, sejam cobrados em nome do governo.<\/p>\n[\/vc_column_text][\/vc_column_inner][vc_column_inner width=&#8221;2\/12&#8243;][\/vc_column_inner][\/vc_row_inner][vc_row_inner remove_bottom_col_margin=&#8221;true&#8221; css=&#8221;.vc_custom_1621494676020{margin-bottom: 80px !important;}&#8221;][vc_column_inner width=&#8221;1\/12&#8243;]<figure class=\"vcex-image vcex-module wpex-clr icon-heading\"><div class=\"vcex-image-inner wpex-inline-block wpex-relative\"><img decoding=\"async\" width=\"58\" height=\"65\" src=\"https:\/\/customs.gov.tl\/wp-content\/uploads\/2021\/05\/customs-controls.svg\" class=\"wpex-align-middle\" alt=\"\" width=\"9999\" loading=\"lazy\" \/><\/div><\/figure>[\/vc_column_inner][vc_column_inner width=&#8221;10\/12&#8243;][vc_column_text]\n<h3>Controlo Aduaneiro<\/h3>\n<p>De acordo com os termos contidos no C\u00f3digo Aduaneiro (Decreto-Lei 14\/2017), temos o direito legal de pesquisar quaisquer Bens, pessoas, ve\u00edculos ou outros transportes que entrem ou saiam do territ\u00f3rio de Timor-Leste.<\/p>\n<p>O nosso objetivo \u00e9 revistar as pessoas ou remessas (mercadorias) que consideramos poderem representar algum n\u00edvel de risco. Ao fazer esta avalia\u00e7\u00e3o, consideramos uma s\u00e9rie de fatores, incluindo:<\/p>\n<ul>\n<li>O seu registo hist\u00f3rico connosco e noutras Ag\u00eancias Governamentais relevantes<\/li>\n<li>O tipo de mercadorias, a sua proveni\u00eancia e proced\u00eancia<\/li>\n<li>Informa\u00e7\u00e3o recebida de outras ag\u00eancias parceiras<\/li>\n<\/ul>\n<p style=\"text-align: justify;\">Em algumas ocasi\u00f5es, podemos revistar a sua remessa e confirmar se est\u00e1 a seguir as regras estabelecidas.<\/p>\n[\/vc_column_text][\/vc_column_inner][vc_column_inner width=&#8221;1\/12&#8243;][\/vc_column_inner][\/vc_row_inner][vc_row_inner remove_bottom_col_margin=&#8221;true&#8221; css=&#8221;.vc_custom_1623221188795{margin-bottom: 40px !important;}&#8221;][vc_column_inner width=&#8221;1\/12&#8243;]<figure class=\"vcex-image vcex-module wpex-clr icon-heading\"><div class=\"vcex-image-inner wpex-inline-block wpex-relative\"><img decoding=\"async\" width=\"9999\" loading=\"lazy\" class=\"wpex-align-middle\" src=\"https:\/\/customs.gov.tl\/wp-content\/uploads\/2021\/05\/types-of-controls.svg\" alt=\"\" height=\"56\" \/><\/div><\/figure>[\/vc_column_inner][vc_column_inner width=&#8221;5\/6&#8243;][vc_column_text]\n<h3>Tipo de Controlo<\/h3>\n<p style=\"text-align: justify;\">Ap\u00f3s ter apresentado a sua declara\u00e7\u00e3o no MUNDO ASYCUDA, a sua remessa ser\u00e1 encaminhada de uma de quatro maneiras:<\/p>\n[\/vc_column_text][\/vc_column_inner][vc_column_inner width=&#8221;1\/12&#8243;][\/vc_column_inner][\/vc_row_inner][\/vc_column][vc_column width=&#8221;1\/4&#8243;]<div class=\"templatera_shortcode\"><div class=\"vc_row wpb_row vc_row-fluid\"><div class=\"wpb_column vc_column_container vc_col-sm-12\"><div class=\"vc_column-inner\"><div class=\"wpb_wrapper\">\n\t<div class=\"wpb_text_column wpb_content_element social-share\" >\n\t\t<div class=\"wpb_wrapper\">\n\t\t\t<h5>Partilhe esta p\u00e1gina<\/h5>\n\n\t\t<\/div>\n\t<\/div>\n\n<div class=\"vcex-module vcex-social-share\">\n\n\t<div class=\"wpex-social-share style-flat position-horizontal\" data-source=\"https%3A%2F%2Fcustoms.gov.tl%2Fpt-pt%2F\" data-url=\"https%3A%2F%2Fcustoms.gov.tl%2Fpt-pt%2Fwp-json%2Fwp%2Fv2%2Fpages%2F7479%2F\" data-title=\"Archives\" data-email-subject=\"I wanted you to see this link\" data-email-body=\"I wanted you to see this link https%3A%2F%2Fcustoms.gov.tl%2Fpt-pt%2Fwp-json%2Fwp%2Fv2%2Fpages%2F7479%2F\" data-specs=\"menubar=no,toolbar=no,resizable=yes,scrollbars=yes,height=600,width=600\">\n\t<ul class=\"wpex-social-share__list\">\n\n\t\t\n\t\t\t\t<li class=\"wpex-social-share__item custom-print\">\n\n\t\t\t\t\t\n\t\t\t\t\t\t<a href=\"#print\" role=\"button\" class=\"wpex-social-share__link\">\n\n\t\t\t\t\t\n\t\t\t\t\t\t<img decoding=\"async\" src=\"http:\/\/customs.gov.tl\/wp-content\/uploads\/2021\/05\/icon-print.svg\" \/>\n\t\t\t\t\t\t\t\t\t\t\t\t\t<span class=\"wpex-social-share__label wpex-label\">Print<\/span>\n\t\t\t\t\t\t\n\t\t\t\t\t<\/a>\n\n\t\t\t\t<\/li>\n\n\t\t\t\n\t\t\t\t<li class=\"wpex-social-share__item wpex-email\">\n\n\t\t\t\t\t\n\t\t\t\t\t\t<a href=\"#\" role=\"button\" class=\"wpex-social-share__link\">\n\n\t\t\t\t\t\n\t\t\t\t\t\t<img decoding=\"async\" src=\"http:\/\/customs.gov.tl\/wp-content\/uploads\/2021\/05\/icon-envelope.svg\" \/>\n\t\t\t\t\t\t\t\t\t\t\t\t\t<span class=\"wpex-social-share__label wpex-label\">Email<\/span>\n\t\t\t\t\t\t\n\t\t\t\t\t<\/a>\n\n\t\t\t\t<\/li>\n\n\t\t\t\n\t\t\t\t<li class=\"wpex-social-share__item wpex-facebook\">\n\n\t\t\t\t\t\n\t\t\t\t\t\t<a href=\"#\" role=\"button\" class=\"wpex-social-share__link\">\n\n\t\t\t\t\t\n\t\t\t\t\t\t<img decoding=\"async\" src=\"http:\/\/customs.gov.tl\/wp-content\/uploads\/2021\/05\/icon-facebook.svg\" \/>\n\t\t\t\t\t\t\t\t\t\t\t\t\t<span class=\"wpex-social-share__label wpex-label\">Share<\/span>\n\t\t\t\t\t\t\n\t\t\t\t\t<\/a>\n\n\t\t\t\t<\/li>\n\n\t\t\t\n\t\t\t\t<li class=\"wpex-social-share__item wpex-linkedin\">\n\n\t\t\t\t\t\n\t\t\t\t\t\t<a href=\"#\" role=\"button\" class=\"wpex-social-share__link\">\n\n\t\t\t\t\t\n\t\t\t\t\t\t<img decoding=\"async\" src=\"http:\/\/customs.gov.tl\/wp-content\/uploads\/2021\/05\/icon-linkedin.svg\" \/>\n\t\t\t\t\t\t\t\t\t\t\t\t\t<span class=\"wpex-social-share__label wpex-label\">Share<\/span>\n\t\t\t\t\t\t\n\t\t\t\t\t<\/a>\n\n\t\t\t\t<\/li>\n\n\t\t\t\n\t<\/ul>\n\n\t<\/div>\n\n<\/div><\/div><\/div><\/div><\/div>\r\n<\/div>[vc_empty_space height=&#8221;80px&#8221;][vc_row_inner el_class=&#8221;downloads-sidebar&#8221;][vc_column_inner][vc_column_text el_class=&#8221;downloads-title&#8221; css=&#8221;.vc_custom_1623296674533{border-bottom-width: 1px !important;border-bottom-color: #0f1a3f !important;border-bottom-style: solid !important;}&#8221;]\n<h5>Downloads<\/h5>\n[\/vc_column_text]<div class=\"vcex-module vcex-list_item wpex-max-w-100 wpex-clr wpex-mb-5\"><a  href=\"https:\/\/customs.gov.tl\/pt-pt\/doing-business\/document-database\/\" class=\"vcex-list-item-link wpex-no-underline\"><div class=\"vcex-list-item-inner wpex-inline-flex wpex-flex-no-wrap wpex-items-center\"><div class=\"vcex-list-item-icon wpex-mr-10\"><div class=\"vcex-icon-wrap wpex-inline-flex wpex-justify-center wpex-items-center\"><span class=\"ticon ticon-download\"><\/span><\/div><\/div><div class=\"vcex-list-item-text vcex-content wpex-flex-grow\"><a href=\"https:\/\/customs.gov.tl\/pt-pt\/doing-business\/document-database\/?search.search=Um breve guia sobre conformidade com os regulamentos\">Brochura \u201cCumprir com o Regulamento<\/a>\u201d<\/div><\/div><\/a><\/div>[\/vc_column_inner][\/vc_row_inner][\/vc_column][\/vc_row][vc_row gap=&#8221;20&#8243; equal_height=&#8221;yes&#8221;][vc_column width=&#8221;1\/4&#8243; css=&#8221;.vc_custom_1622178529360{padding-top: 20px !important;padding-right: 20px !important;padding-bottom: 20px !important;padding-left: 20px !important;background-color: #e6b4b8 !important;}&#8221; offset=&#8221;vc_col-lg-3 vc_col-md-6 vc_col-xs-12&#8243;][vc_column_text]\n<h3 style=\"color: #af1d33;\">VIA ENCARNADA<\/h3>\n<p>A sua remessa ser\u00e1 inspecionada fisicamente por um oficial da alf\u00e2ndega. Em alguns casos, e dependendo do tipo de bens, poder\u00e1 ser necess\u00e1rio incluir um representante de outra ag\u00eancia governamental.[\/vc_column_text][\/vc_column][vc_column width=&#8221;1\/4&#8243; css=&#8221;.vc_custom_1622178577494{padding-top: 20px !important;padding-right: 20px !important;padding-bottom: 20px !important;padding-left: 20px !important;background-color: #f5e0ba !important;}&#8221; offset=&#8221;vc_col-lg-3 vc_col-md-6 vc_col-xs-12&#8243;][vc_column_text]\n<h3 style=\"color: #e3a426;\">VIA AMARELA<\/h3>\n<p>A sua declara\u00e7\u00e3o, e os documentos que submeteu com a mercadoria, ser\u00e3o examinados por um oficial da alf\u00e2ndega. No caso de serem identificadas irregularidades, a sua remessa pode ser encaminhada para a via encarnada para inspe\u00e7\u00e3o. Na via encarnada, o controlo pode ser realizado em nome de outra Ag\u00eancia Governamental.[\/vc_column_text][\/vc_column][vc_column width=&#8221;1\/4&#8243; css=&#8221;.vc_custom_1622178589999{padding-top: 20px !important;padding-right: 20px !important;padding-bottom: 20px !important;padding-left: 20px !important;background-color: #afc3cd !important;}&#8221; offset=&#8221;vc_col-lg-3 vc_col-md-6 vc_col-xs-12&#8243;][vc_column_text]\n<h3 style=\"color: #0f1a3f;\">VIA AZUL<\/h3>\n<p>A sua remessa ser\u00e1 imediatamente libertada ap\u00f3s o pagamento dos direitos alfandeg\u00e1rios e os impostos, no entanto, iremos examinar os documentos posteriormente a fim de confirmar se estava em ordem.[\/vc_column_text][\/vc_column][vc_column width=&#8221;1\/4&#8243; css=&#8221;.vc_custom_1622178606922{padding-top: 20px !important;padding-right: 20px !important;padding-bottom: 20px !important;padding-left: 20px !important;background-color: #b7deb3 !important;}&#8221; offset=&#8221;vc_col-lg-3 vc_col-md-6 vc_col-xs-12&#8243;][vc_column_text]\n<h3 style=\"color: #5ea75e;\">VIA VERDE<\/h3>\n<p>Qualquer remessa n\u00e3o selecionada por uma das tr\u00eas vias acima, \u00e9 enviada para a Via Verde. Isto significa que uma vez que tenham sido pagos os direitos alfandeg\u00e1rios e os impostos, os seus bens ser\u00e3o imediatamente libertados sem a necessidade de qualquer tipo de inspe\u00e7\u00e3o.[\/vc_column_text][\/vc_column][\/vc_row][vc_row][vc_column width=&#8221;3\/4&#8243;][vc_row_inner][vc_column_inner width=&#8221;1\/12&#8243;][\/vc_column_inner][vc_column_inner width=&#8221;5\/6&#8243;][vc_column_text]Em alguns casos, poderemos ainda querer inspecionar as mercadorias que entraram pela via verde, no entanto,\u00a0isto n\u00e3o dever\u00e1 acontecer por norma, se for o caso,\u00a0dever\u00e1 pedir para falar com um gestor aduaneiro ou um supervisor.<\/p>\n<p>Os Bens comerciais que entram em Timor-Leste, s\u00e3o por via a\u00e9rea, mar\u00edtima ou terrestre. Ap\u00f3s a chegada, existem procedimentos legais a serem respeitados para a coloca\u00e7\u00e3o das mercadorias em &#8220;tratamento aduaneiro&#8221; dentro de um\u00a0prazo determinado. Isto significa simplesmente que as mercadorias devem ser declaradas como uma importa\u00e7\u00e3o, reexportada, ou colocadas em armaz\u00e9ns autorizados.<\/p>\n<p>\u00c9 Importante que\u00a0o processo seja\u00a0conclu\u00eddo num curto prazo de tempo, \u00a0uma vez que, se n\u00e3o o fizer, resultar\u00e1 na aplica\u00e7\u00e3o autom\u00e1tica de uma san\u00e7\u00e3o financeira:<\/p>\n<ul>\n<li>Chegada por via mar\u00edtima: 30 dias \u00fateis<\/li>\n<li style=\"text-align: justify;\">Chegada por via a\u00e9rea ou terrestre: 20 dias \u00fateis<\/li>\n<\/ul>\n[\/vc_column_text][\/vc_column_inner][vc_column_inner width=&#8221;1\/12&#8243;][\/vc_column_inner][\/vc_row_inner][\/vc_column][vc_column width=&#8221;1\/4&#8243;][\/vc_column][\/vc_row][vc_row remove_bottom_col_margin=&#8221;true&#8221;][vc_column width=&#8221;3\/4&#8243;][vc_row_inner remove_bottom_col_margin=&#8221;true&#8221; css=&#8221;.vc_custom_1621494676020{margin-bottom: 80px !important;}&#8221;][vc_column_inner width=&#8221;1\/12&#8243;]<figure class=\"vcex-image vcex-module wpex-clr icon-heading\"><div class=\"vcex-image-inner wpex-inline-block wpex-relative\"><img decoding=\"async\" width=\"54\" height=\"71\" src=\"https:\/\/customs.gov.tl\/wp-content\/uploads\/2021\/05\/voluntarily-report-errors.svg\" class=\"wpex-align-middle\" alt=\"\" width=\"9999\" loading=\"lazy\" \/><\/div><\/figure>[\/vc_column_inner][vc_column_inner width=&#8221;5\/6&#8243;][vc_column_text]\n<h3>Comunica\u00e7\u00e3o volunt\u00e1ria de erros<\/h3>\n<p style=\"text-align: justify;\">Se notou que cometeu um erro numa declara\u00e7\u00e3o, por favor, diga-nos para que possamos fazer a altera\u00e7\u00e3o adequada. Ao informar-nos, demonstra boa vontade em colaborar. Mesmo que a sua remessa j\u00e1 tenha sido libertada n\u00f3s, ainda podemos fazer uma emenda p\u00f3s-libera\u00e7\u00e3o.<\/p>\n[\/vc_column_text][\/vc_column_inner][vc_column_inner width=&#8221;1\/12&#8243;][\/vc_column_inner][\/vc_row_inner][vc_row_inner remove_bottom_col_margin=&#8221;true&#8221; css=&#8221;.vc_custom_1621494684062{margin-bottom: 80px !important;}&#8221;][vc_column_inner width=&#8221;1\/12&#8243;]<figure class=\"vcex-image vcex-module wpex-clr icon-heading\"><div class=\"vcex-image-inner wpex-inline-block wpex-relative\"><img decoding=\"async\" width=\"9999\" loading=\"lazy\" class=\"wpex-align-middle\" src=\"https:\/\/customs.gov.tl\/wp-content\/uploads\/2021\/05\/maintain-accurate-records.svg\" alt=\"\" height=\"56\" \/><\/div><\/figure>[\/vc_column_inner][vc_column_inner width=&#8221;5\/6&#8243;][vc_column_text]\n<h3>Manter Registos Precisos<\/h3>\n<p style=\"text-align: justify;\">Por lei, \u00e9 obrigado a manter atualizados os registos relativos \u00e0s suas atividades comerciais, por um per\u00edodo de cinco anos. Certifique-se de que os mant\u00e9m atualizados e devidamente arquivados para que possam ser facilmente consultados. Em alguns casos, podemos querer consultar estes documentos afim de confirmar o seu n\u00edvel de cumprimento.<\/p>\n[\/vc_column_text][\/vc_column_inner][vc_column_inner width=&#8221;1\/12&#8243;][\/vc_column_inner][\/vc_row_inner][vc_row_inner remove_bottom_col_margin=&#8221;true&#8221; css=&#8221;.vc_custom_1621494684062{margin-bottom: 80px !important;}&#8221;][vc_column_inner width=&#8221;1\/12&#8243;]<figure class=\"vcex-image vcex-module wpex-clr icon-heading\"><div class=\"vcex-image-inner wpex-inline-block wpex-relative\"><img decoding=\"async\" width=\"9999\" loading=\"lazy\" class=\"wpex-align-middle\" src=\"https:\/\/customs.gov.tl\/wp-content\/uploads\/2021\/05\/submit-accurate.svg\" alt=\"\" height=\"56\" \/><\/div><\/figure>[\/vc_column_inner][vc_column_inner width=&#8221;5\/6&#8243;][vc_column_text]\n<h3>Apresentar Declara\u00e7\u00f5es Precisas e Documentos Comprovativos<\/h3>\n<p>\u00c9 da sua responsabilidade apresentar declara\u00e7\u00f5es de importa\u00e7\u00e3o ou exporta\u00e7\u00e3o, verdadeiras e precisas, e incluir os documentos certos:<\/p>\n<ul>\n<li>Fatura (fatura pr\u00f3-forma n\u00e3o ser\u00e1 aceite).<\/li>\n<li>Lista das embalagens.<\/li>\n<li>Nota de Embarque.<\/li>\n<li style=\"text-align: justify;\">Licen\u00e7a\/ Autoriza\u00e7\u00e3o de outra Ag\u00eancia (se for caso disso).<\/li>\n<\/ul>\n[\/vc_column_text][\/vc_column_inner][vc_column_inner width=&#8221;1\/12&#8243;][\/vc_column_inner][\/vc_row_inner][vc_row_inner remove_bottom_col_margin=&#8221;true&#8221; css=&#8221;.vc_custom_1621494684062{margin-bottom: 80px !important;}&#8221;][vc_column_inner width=&#8221;1\/12&#8243;]<figure class=\"vcex-image vcex-module wpex-clr icon-heading\"><div class=\"vcex-image-inner wpex-inline-block wpex-relative\"><img decoding=\"async\" width=\"9999\" loading=\"lazy\" class=\"wpex-align-middle\" src=\"https:\/\/customs.gov.tl\/wp-content\/uploads\/2021\/05\/invest.svg\" alt=\"\" height=\"55\" \/><\/div><\/figure>[\/vc_column_inner][vc_column_inner width=&#8221;5\/6&#8243;][vc_column_text]\n<h3>Invista na sua Conformidade<\/h3>\n<p>\u00c9 da sua responsabilidade garantir cumprir as regras e regulamentos adequados, e o incumprimento resultar\u00e1 numa a\u00e7\u00e3o judicial contra si. Em alguns casos, isto pode implicar ter de investir tempo e dinheiro na forma\u00e7\u00e3o dos seus funcion\u00e1rios, assim como na atualiza\u00e7\u00e3o das suas instala\u00e7\u00f5es, na manuten\u00e7\u00e3o de contas e registos.<br \/>\nSempre que poss\u00edvel, tentaremos ajud\u00e1-lo a reduzir as despesas de funcionamento. Ser cumpridor requer que verifique proactivamente se os seus sistemas internos est\u00e3o a funcionar corretamente. Isto deve incluir:<\/p>\n<ul>\n<li>Permanecer atualizado acerca de regulamentos, pol\u00edticas ou procedimentos novos ou revistos<\/li>\n<li>Desenvolver procedimentos internos para garantir o cumprimento adequado dos servi\u00e7os, pelos funcion\u00e1rios<\/li>\n<li>Formar os funcion\u00e1rios para garantir o correto funcionamento do sistema<\/li>\n<li>Adotar e aplicar mecanismos internos no intuito de reduzir erros, duplica\u00e7\u00f5es e perda de informa\u00e7\u00e3o importante.<\/li>\n<\/ul>\n<p style=\"text-align: justify;\">Poder\u00e1 saber mais sobre o acordo comercial, fazendo o download da nossa brochura \u201cCumprir com o Regulamento\u201d, <a href=\"https:\/\/customs.gov.tl\/pt-pt\/doing-business\/document-database\/?search.search=Um%20breve%20guia%20sobre%20conformidade%20com%20os%20regulamentos\">aqui<\/a>.<\/p>\n[\/vc_column_text][\/vc_column_inner][vc_column_inner width=&#8221;1\/12&#8243;][\/vc_column_inner][\/vc_row_inner][\/vc_column][vc_column width=&#8221;1\/4&#8243;][\/vc_column][\/vc_row]\n<\/div>","protected":false},"excerpt":{"rendered":"","protected":false},"author":8,"featured_media":6968,"parent":7457,"menu_order":0,"comment_status":"open","ping_status":"open","template":"","meta":{"inline_featured_image":false,"footnotes":""},"class_list":["post-7479","page","type-page","status-publish","has-post-thumbnail","hentry","entry","no-media"],"_links":{"self":[{"href":"https:\/\/customs.gov.tl\/pt-pt\/wp-json\/wp\/v2\/pages\/7479","targetHints":{"allow":["GET"]}}],"collection":[{"href":"https:\/\/customs.gov.tl\/pt-pt\/wp-json\/wp\/v2\/pages"}],"about":[{"href":"https:\/\/customs.gov.tl\/pt-pt\/wp-json\/wp\/v2\/types\/page"}],"author":[{"embeddable":true,"href":"https:\/\/customs.gov.tl\/pt-pt\/wp-json\/wp\/v2\/users\/8"}],"replies":[{"embeddable":true,"href":"https:\/\/customs.gov.tl\/pt-pt\/wp-json\/wp\/v2\/comments?post=7479"}],"version-history":[{"count":6,"href":"https:\/\/customs.gov.tl\/pt-pt\/wp-json\/wp\/v2\/pages\/7479\/revisions"}],"predecessor-version":[{"id":11583,"href":"https:\/\/customs.gov.tl\/pt-pt\/wp-json\/wp\/v2\/pages\/7479\/revisions\/11583"}],"up":[{"embeddable":true,"href":"https:\/\/customs.gov.tl\/pt-pt\/wp-json\/wp\/v2\/pages\/7457"}],"wp:featuredmedia":[{"embeddable":true,"href":"https:\/\/customs.gov.tl\/pt-pt\/wp-json\/wp\/v2\/media\/6968"}],"wp:attachment":[{"href":"https:\/\/customs.gov.tl\/pt-pt\/wp-json\/wp\/v2\/media?parent=7479"}],"curies":[{"name":"wp","href":"https:\/\/api.w.org\/{rel}","templated":true}]}}