{"id":7460,"date":"2021-08-01T17:44:17","date_gmt":"2021-08-01T17:44:17","guid":{"rendered":"https:\/\/sandbox.ittimor.com\/cust\/duties-taxes\/"},"modified":"2023-02-10T02:58:46","modified_gmt":"2023-02-10T02:58:46","slug":"duties-taxes","status":"publish","type":"page","link":"https:\/\/customs.gov.tl\/pt-pt\/doing-business\/duties-taxes\/","title":{"rendered":"Taxas e Impostos"},"content":{"rendered":"<div class=\"wpb-content-wrapper\">[vc_row][vc_column]<div class=\"templatera_shortcode\"><div class=\"vc_row wpb_row vc_row-fluid page-title-img vc_custom_1619918400247 wpex-vc_row-has-fill wpex-vc-has-custom-column-spacing wpex-vc-column-spacing-0px no-bottom-margins wpex-vc-reset-negative-margin\"><div class=\"wpb_column vc_column_container vc_col-sm-12\"><div class=\"vc_column-inner\"><div class=\"wpb_wrapper\"><div class=\"vc_row wpb_row vc_inner vc_row-fluid page-title-overlay vc_custom_1619918083982 wpex-vc_row-has-fill no-bottom-margins wpex-vc-reset-negative-margin\"><div class=\"wpb_column vc_column_container vc_col-sm-12\"><div class=\"vc_column-inner\"><div class=\"wpb_wrapper\"><\/div><\/div><\/div><\/div><\/div><\/div><\/div><\/div><div data-vc-full-width=\"true\" data-vc-full-width-init=\"false\" class=\"vc_row wpb_row vc_row-fluid page-title-background vc_custom_1619917356710 wpex-vc_row-has-fill wpex-vc-row-stretched\"><div class=\"wpb_column vc_column_container vc_col-sm-12\"><div class=\"vc_column-inner\"><div class=\"wpb_wrapper\"><\/div><\/div><\/div><\/div><div class=\"vc_row-full-width vc_clearfix\"><\/div><\/div>[\/vc_column][\/vc_row][vc_row remove_bottom_col_margin=&#8221;true&#8221;][vc_column width=&#8221;3\/4&#8243;][vc_row_inner remove_bottom_col_margin=&#8221;true&#8221; css=&#8221;.vc_custom_1621494676020{margin-bottom: 80px !important;}&#8221;][vc_column_inner width=&#8221;1\/12&#8243;]<figure class=\"vcex-image vcex-module wpex-clr hidden icon-heading\"><div class=\"vcex-image-inner wpex-inline-block wpex-relative\"><img decoding=\"async\" loading=\"lazy\" class=\"wpex-align-middle\" src=\"https:\/\/customs.gov.tl\/wp-content\/uploads\/2023\/01\/icons8-calculator-80-1.png\" alt=\"\" width=\"80\" height=\"80\" \/><\/div><\/figure>[\/vc_column_inner][vc_column_inner width=&#8221;5\/6&#8243;][vc_column_text visibility=&#8221;hidden&#8221;]\n<h3>Calculadora de taxas sobre Direito Aduaneiro, Vendas e Impostos Especiais de Consumo<\/h3>\n<p>Para sua conveni\u00eancia, desenvolvemos uma maneira f\u00e1cil de calcular os Direitos Aduaneiros, Impostos de venda e Impostos especiais de consumo que voc\u00ea deve pagar. Esta calculadora deve ser usada apenas como um guia, e este total pode mudar dependendo como a sua mercadorias \u00e9 classificada, quantidades ou peso associado.[\/vc_column_text][\/vc_column_inner][vc_column_inner width=&#8221;1\/12&#8243;][\/vc_column_inner][\/vc_row_inner][vc_row_inner remove_bottom_col_margin=&#8221;true&#8221; css=&#8221;.vc_custom_1621494676020{margin-bottom: 80px !important;}&#8221;][vc_column_inner width=&#8221;1\/12&#8243;]<figure class=\"vcex-image vcex-module wpex-clr icon-heading\"><div class=\"vcex-image-inner wpex-inline-block wpex-relative\"><img decoding=\"async\" width=\"61\" height=\"55\" src=\"https:\/\/customs.gov.tl\/wp-content\/uploads\/2021\/05\/invest.svg\" class=\"wpex-align-middle\" alt=\"\" width=\"9999\" loading=\"lazy\" \/><\/div><\/figure>[\/vc_column_inner][vc_column_inner width=&#8221;5\/6&#8243;][vc_column_text]\n<h3>Taxas e Impostos aplic\u00e1veis aos Bens Importados<\/h3>\n<p>Se importar bens comerciais para Timor-Leste, ter\u00e1 de pagar as taxas e direitos aplic\u00e1veis por lei.<\/p>\n<p>Existem tr\u00eas tipos de taxas ou direitos sobre as importa\u00e7\u00f5es, como segue:<\/p>\n<ul>\n<li>O <strong>Direito de Importa\u00e7\u00e3o<\/strong>, que tamb\u00e9m \u00e9 vulgarmente conhecido como &#8220;direito aduaneiro&#8221;, \u00e9 calculado \u00e0 taxa de 5% do valor das mercadorias.<br \/><br \/><\/li>\n<li>O <strong>Imposto sobre As Vendas<\/strong> \u00e9 cobrado \u00e0 taxa de 2,5% dos seguintes montantes:<br \/><br \/>(A) O valor aduaneiro das mercadorias<br \/>\n(B) O montante do imposto de direitos de importa\u00e7\u00e3o institu\u00eddo<br \/>\n(C) O montante de qualquer imposto especial de consumo pago<\/li>\n<\/ul>\n<p>Por outras palavras, o valor base para o Imposto de Venda = A+B+C<\/p>\n<ul>\n<li>O <strong>Imposto Especial de Consumo<\/strong> \u00e9 cobrado a diferentes taxas percentuais ou unidades espec\u00edficas, dependendo do tipo de bens.<br \/>\nO valor base do imposto especial de consumo \u00e9 o Custo dos Produtos.<\/li>\n<\/ul>\n[\/vc_column_text][\/vc_column_inner][vc_column_inner width=&#8221;1\/12&#8243;][\/vc_column_inner][\/vc_row_inner][vc_row_inner remove_bottom_col_margin=&#8221;true&#8221; css=&#8221;.vc_custom_1621494684062{margin-bottom: 80px !important;}&#8221;][vc_column_inner width=&#8221;1\/12&#8243;]<figure class=\"vcex-image vcex-module wpex-clr icon-heading\"><div class=\"vcex-image-inner wpex-inline-block wpex-relative\"><img decoding=\"async\" width=\"9999\" loading=\"lazy\" class=\"wpex-align-middle\" src=\"https:\/\/customs.gov.tl\/wp-content\/uploads\/2021\/05\/excisable.svg\" alt=\"\" height=\"62\" \/><\/div><\/figure>[\/vc_column_inner][vc_column_inner width=&#8221;5\/6&#8243;][vc_column_text visibility=&#8221;hidden&#8221;]\n<h3>Bens De Consumo<\/h3>\n<p>De momento estamos a atualizar estas taxas. Obrigado pela sua paci\u00eancia![\/vc_column_text][vc_column_text]\n<h3>Bens De Consumo<\/h3>\n<p>De acordo com as <a href=\"https:\/\/customs.gov.tl\/pt-pt\/doing-business\/document-database\/?search.search=Novas%20taxas%20do%20imposto%20seletivo%20de%20consumo\"><strong>Taxas para o Imposto Seletivo de Consumo de 2023<\/strong><\/a>\u00a0 est\u00e3o sujeitos ao pagamento do imposto especial de consumo os seguintes bens:[\/vc_column_text][vc_empty_space height=&#8221;50px&#8221;][vc_column_text]\n<table id=\"tablepress-27\" class=\"tablepress tablepress-id-27 extra-table tbody-has-connected-cells\">\n<thead>\n<tr class=\"row-1\">\n\t<th class=\"column-1\">Rubrica<\/th><th class=\"column-2\">Descri\u00e7\u00e3o geral das mercadorias<\/th><th class=\"column-3\">Imposto aplic\u00e1vel (USD)<\/th>\n<\/tr>\n<\/thead>\n<tbody class=\"row-striping\">\n<tr class=\"row-2\">\n\t<td class=\"column-1\">1701-1704<\/td><td class=\"column-2\">A\u00e7\u00facares e confeitaria<\/td><td class=\"column-3\">$1.00 por Kg<\/td>\n<\/tr>\n<tr class=\"row-3\">\n\t<td class=\"column-1\">2202<\/td><td class=\"column-2\">\u00c1guas, inclu\u00eddas as \u00e1guas minerais e as \u00e1guas aeradas, adicionadas de a\u00e7\u00facar ou de outros edulcorantes ou doces e outras bebidas n\u00e3o alco\u00f3licas, exceto sumos de frutas ou de produtos hort\u00edcolas, da posi\u00e7\u00e3o 20.09<\/td><td class=\"column-3\">$3.00 por litro<\/td>\n<\/tr>\n<tr class=\"row-4\">\n\t<td class=\"column-1\">2203.00.10<\/td><td class=\"column-2\">Cerveja, com teor alco\u00f3lico inferior a 4,5%<\/td><td class=\"column-3\">$2.70 por litro<\/td>\n<\/tr>\n<tr class=\"row-5\">\n\t<td class=\"column-1\">2203.00.20<\/td><td class=\"column-2\">Cerveja com teor alco\u00f3lico de 4,5% ou mais<\/td><td class=\"column-3\">$4.50 por litro<\/td>\n<\/tr>\n<tr class=\"row-6\">\n\t<td class=\"column-1\">2204-2206<\/td><td class=\"column-2\">Vinho, Vermute e outras bebidas fermentadas (por exemplo, cidra, perada)<\/td><td class=\"column-3\">$4.50 por litro<\/td>\n<\/tr>\n<tr class=\"row-7\">\n\t<td class=\"column-1\">2207,2208<\/td><td class=\"column-2\">\u00c1lcool et\u00edlico (outro que n\u00e3o desnaturado) e outras bebidas alco\u00f3licas<\/td><td class=\"column-3\">$8.90 por litro<\/td>\n<\/tr>\n<tr class=\"row-8\">\n\t<td class=\"column-1\">2401-2403<\/td><td class=\"column-2\">Tabaco e produtos do tabaco<\/td><td class=\"column-3\">$100.00 por Kg<\/td>\n<\/tr>\n<tr class=\"row-9\">\n\t<td class=\"column-1\">2710<\/td><td class=\"column-2\">Gasolina, gas\u00f3leo e outros produtos petrol\u00edferos<\/td><td class=\"column-3\">$0.06 por litro<\/td>\n<\/tr>\n<tr class=\"row-10\">\n\t<td rowspan=\"4\" class=\"column-1\">8703<\/td><td class=\"column-2\">Autom\u00f3veis Ligeiros de Passageiro cujo valor seja menos de  $10.000<\/td><td class=\"column-3\">0%<\/td>\n<\/tr>\n<tr class=\"row-11\">\n\t<td class=\"column-2\">&emsp;&emsp; a.\tDo Valor que Exceda $10.000<\/td><td class=\"column-3\">10% do valor do imposto especial de consumo<\/td>\n<\/tr>\n<tr class=\"row-12\">\n\t<td class=\"column-2\">&emsp;&emsp; b.\tDo Valor que Exceda $25.000<\/td><td class=\"column-3\">20% do valor do imposto especial de consumo<\/td>\n<\/tr>\n<tr class=\"row-13\">\n\t<td class=\"column-2\">&emsp;&emsp; c.\tDo Valor que Exceda $50.000<\/td><td class=\"column-3\">30% do valor do imposto especial de consumo<\/td>\n<\/tr>\n<tr class=\"row-14\">\n\t<td class=\"column-1\">9301-9307<\/td><td class=\"column-2\">Armas e muni\u00e7\u00f5es<\/td><td class=\"column-3\">200% do valor do imposto especial de consumo<\/td>\n<\/tr>\n<tr class=\"row-15\">\n\t<td class=\"column-1\">9303.90.00<\/td><td class=\"column-2\"> Pistolas de \u00eambolo cativo para abater animais<\/td><td class=\"column-3\">10% do valor do imposto especial de consumo<\/td>\n<\/tr>\n<tr class=\"row-16\">\n\t<td class=\"column-1\">9613<\/td><td class=\"column-2\">Isqueiros<\/td><td class=\"column-3\">12% do valor do imposto especial de consumo<\/td>\n<\/tr>\n<tr class=\"row-17\">\n\t<td class=\"column-1\">9614<\/td><td class=\"column-2\">Cachimbos<\/td><td class=\"column-3\">12% do valor do imposto especial de consumo<\/td>\n<\/tr>\n<tr class=\"row-18\">\n\t<td class=\"column-1\">9706<\/td><td class=\"column-2\">Barcos de recreio e avi\u00f5es privados<\/td><td class=\"column-3\">20% do valor do imposto especial de consumo<\/td>\n<\/tr>\n<\/tbody>\n<\/table>\n<!-- #tablepress-27 from cache -->[\/vc_column_text][\/vc_column_inner][vc_column_inner width=&#8221;1\/12&#8243;][\/vc_column_inner][\/vc_row_inner][vc_row_inner remove_bottom_col_margin=&#8221;true&#8221; css=&#8221;.vc_custom_1621494676020{margin-bottom: 80px !important;}&#8221;][vc_column_inner width=&#8221;1\/12&#8243;]<figure class=\"vcex-image vcex-module wpex-clr icon-heading\"><div class=\"vcex-image-inner wpex-inline-block wpex-relative\"><img decoding=\"async\" width=\"61\" height=\"63\" src=\"https:\/\/customs.gov.tl\/wp-content\/uploads\/2021\/05\/exempt.svg\" class=\"wpex-align-middle\" alt=\"\" width=\"9999\" loading=\"lazy\" \/><\/div><\/figure>[\/vc_column_inner][vc_column_inner width=&#8221;5\/6&#8243;][vc_column_text]\n<h3>Mercadorias isentas de Imposto de importa\u00e7\u00e3o?<\/h3>\n<p>Determinados bens est\u00e3o isentos de impostos se satisfizerem determinadas condi\u00e7\u00f5es, incluindo:<\/p>\n<p><strong>a) Bens que acompanham um viajante de outro pa\u00eds, \u00e0 chegada a Timor-Leste<br \/>\n<\/strong>Saiba mais sobre este tipo de Bens <a href=\"https:\/\/customs.gov.tl\/pt-pt\/travelers\/duty-free-allowances\/\">aqui<\/a>.<\/p>\n<p><strong>b) Mercadorias importadas que se insiram nos seguintes tipos:<\/strong><\/p>\n<ul>\n<li>Isentos ao abrigo das Conven\u00e7\u00f5es de Viena sobre Rela\u00e7\u00f5es Diplom\u00e1ticas de 1961 e Rela\u00e7\u00f5es Consulares de 1963;<\/li>\n<li>Isentos ao abrigo da Conven\u00e7\u00e3o sobre os Privil\u00e9gios e Imunidades das Na\u00e7\u00f5es Unidas;<\/li>\n<li>Isento ao abrigo da Conven\u00e7\u00e3o sobre os Privil\u00e9gios e Imunidades das Ag\u00eancias Especializadas;<\/li>\n<li>Bens reimportados nas mesmas condi\u00e7\u00f5es em que foram exportados;<\/li>\n<li>Bens importadas por organiza\u00e7\u00f5es de Caridade registadas em Timor-Leste, com exce\u00e7\u00e3o do \u00e1lcool ou do tabaco, se os Bens forem utilizados para fins de caridade ou assist\u00eancia humanit\u00e1ria e de socorro, educa\u00e7\u00e3o ou cuidados de sa\u00fade;<\/li>\n<li>Bens para admiss\u00e3o tempor\u00e1ria, como m\u00e1quinas de grande porte para a conclus\u00e3o de projetos. O importador ser\u00e1 obrigado a fornecer uma garantia banc\u00e1ria;<\/li>\n<li>Bens para consumo dos funcion\u00e1rios Internacionais na UNMIT ou membros da For\u00e7a de Manuten\u00e7\u00e3o da Paz de pa\u00edses contingentes, se os bens forem vendidos em conformidade com as regras de venda prescritas;<\/li>\n<li>Alimentos especialmente concebidos para beb\u00e9s com menos de um (1) ano de idade para posterior prepara\u00e7\u00e3o e que s\u00e3o consumidos em forma l\u00edquida equivalente ao leite humano, que normalmente seria fornecido a um beb\u00e9 amamentado pela sua m\u00e3e;<\/li>\n<li>Tamp\u00f5es e guardanapos sanit\u00e1rios<\/li>\n<\/ul>\n<p><strong>c) Mercadorias n\u00e3o descritas nas al\u00edneas A e B acima, se:<\/strong><\/p>\n<p style=\"text-align: justify;\">Os bens importados para Timor-Leste que n\u00e3o sejam bens pessoais que acompanham um viajante, e o direito de importa\u00e7\u00e3o que seria cobrado na importa\u00e7\u00e3o, se n\u00e3o fosse este par\u00e1grafo, seria de $10 ou menos.<\/p>\n[\/vc_column_text][\/vc_column_inner][vc_column_inner width=&#8221;1\/12&#8243;][\/vc_column_inner][\/vc_row_inner][\/vc_column][vc_column width=&#8221;1\/4&#8243;]<div class=\"templatera_shortcode\"><div class=\"vc_row wpb_row vc_row-fluid\"><div class=\"wpb_column vc_column_container vc_col-sm-12\"><div class=\"vc_column-inner\"><div class=\"wpb_wrapper\">\n\t<div class=\"wpb_text_column wpb_content_element social-share\" >\n\t\t<div class=\"wpb_wrapper\">\n\t\t\t<h5>Partilhe esta p\u00e1gina<\/h5>\n\n\t\t<\/div>\n\t<\/div>\n\n<div class=\"vcex-module vcex-social-share\">\n\n\t<div class=\"wpex-social-share style-flat position-horizontal\" data-source=\"https%3A%2F%2Fcustoms.gov.tl%2Fpt-pt%2F\" data-url=\"https%3A%2F%2Fcustoms.gov.tl%2Fpt-pt%2Fwp-json%2Fwp%2Fv2%2Fpages%2F7460%2F\" data-title=\"Archives\" data-email-subject=\"I wanted you to see this link\" data-email-body=\"I wanted you to see this link https%3A%2F%2Fcustoms.gov.tl%2Fpt-pt%2Fwp-json%2Fwp%2Fv2%2Fpages%2F7460%2F\" data-specs=\"menubar=no,toolbar=no,resizable=yes,scrollbars=yes,height=600,width=600\">\n\t<ul class=\"wpex-social-share__list\">\n\n\t\t\n\t\t\t\t<li class=\"wpex-social-share__item custom-print\">\n\n\t\t\t\t\t\n\t\t\t\t\t\t<a href=\"#print\" role=\"button\" class=\"wpex-social-share__link\">\n\n\t\t\t\t\t\n\t\t\t\t\t\t<img decoding=\"async\" src=\"http:\/\/customs.gov.tl\/wp-content\/uploads\/2021\/05\/icon-print.svg\" \/>\n\t\t\t\t\t\t\t\t\t\t\t\t\t<span class=\"wpex-social-share__label wpex-label\">Print<\/span>\n\t\t\t\t\t\t\n\t\t\t\t\t<\/a>\n\n\t\t\t\t<\/li>\n\n\t\t\t\n\t\t\t\t<li class=\"wpex-social-share__item wpex-email\">\n\n\t\t\t\t\t\n\t\t\t\t\t\t<a href=\"#\" role=\"button\" class=\"wpex-social-share__link\">\n\n\t\t\t\t\t\n\t\t\t\t\t\t<img decoding=\"async\" src=\"http:\/\/customs.gov.tl\/wp-content\/uploads\/2021\/05\/icon-envelope.svg\" \/>\n\t\t\t\t\t\t\t\t\t\t\t\t\t<span class=\"wpex-social-share__label wpex-label\">Email<\/span>\n\t\t\t\t\t\t\n\t\t\t\t\t<\/a>\n\n\t\t\t\t<\/li>\n\n\t\t\t\n\t\t\t\t<li class=\"wpex-social-share__item wpex-facebook\">\n\n\t\t\t\t\t\n\t\t\t\t\t\t<a href=\"#\" role=\"button\" class=\"wpex-social-share__link\">\n\n\t\t\t\t\t\n\t\t\t\t\t\t<img decoding=\"async\" src=\"http:\/\/customs.gov.tl\/wp-content\/uploads\/2021\/05\/icon-facebook.svg\" \/>\n\t\t\t\t\t\t\t\t\t\t\t\t\t<span class=\"wpex-social-share__label wpex-label\">Share<\/span>\n\t\t\t\t\t\t\n\t\t\t\t\t<\/a>\n\n\t\t\t\t<\/li>\n\n\t\t\t\n\t\t\t\t<li class=\"wpex-social-share__item wpex-linkedin\">\n\n\t\t\t\t\t\n\t\t\t\t\t\t<a href=\"#\" role=\"button\" class=\"wpex-social-share__link\">\n\n\t\t\t\t\t\n\t\t\t\t\t\t<img decoding=\"async\" src=\"http:\/\/customs.gov.tl\/wp-content\/uploads\/2021\/05\/icon-linkedin.svg\" \/>\n\t\t\t\t\t\t\t\t\t\t\t\t\t<span class=\"wpex-social-share__label wpex-label\">Share<\/span>\n\t\t\t\t\t\t\n\t\t\t\t\t<\/a>\n\n\t\t\t\t<\/li>\n\n\t\t\t\n\t<\/ul>\n\n\t<\/div>\n\n<\/div><\/div><\/div><\/div><\/div>\r\n<\/div>[vc_empty_space height=&#8221;80px&#8221;][vc_row_inner el_class=&#8221;downloads-sidebar&#8221;][vc_column_inner][vc_column_text el_class=&#8221;downloads-title&#8221; css=&#8221;.vc_custom_1623296674533{border-bottom-width: 1px !important;border-bottom-color: #0f1a3f !important;border-bottom-style: solid !important;}&#8221;]\n<h5>Downloads<\/h5>\n[\/vc_column_text]<div class=\"vcex-module vcex-list_item wpex-max-w-100 wpex-clr wpex-mb-5\"><a  href=\"https:\/\/customs.gov.tl\/pt-pt\/doing-business\/document-database\/\" class=\"vcex-list-item-link wpex-no-underline\"><div class=\"vcex-list-item-inner wpex-inline-flex wpex-flex-no-wrap wpex-items-center\"><div class=\"vcex-list-item-icon wpex-mr-10\"><div class=\"vcex-icon-wrap wpex-inline-flex wpex-justify-center wpex-items-center\"><span class=\"ticon ticon-download\"><\/span><\/div><\/div><div class=\"vcex-list-item-text vcex-content wpex-flex-grow\"><a href=\"https:\/\/customs.gov.tl\/pt-pt\/doing-business\/document-database\/?search.search=Or%C3%A7amento%20Geral%20do%20Estado%20para%202023\">Or\u00e7amento Geral do Estado para 2023 (Lei 15\/2022)<\/a><\/div><\/div><\/a><\/div><div class=\"vcex-module vcex-list_item wpex-max-w-100 wpex-clr wpex-mb-5\"><a  href=\"https:\/\/customs.gov.tl\/pt-pt\/doing-business\/document-database\/\" class=\"vcex-list-item-link wpex-no-underline\"><div class=\"vcex-list-item-inner wpex-inline-flex wpex-flex-no-wrap wpex-items-center\"><div class=\"vcex-list-item-icon wpex-mr-10\"><div class=\"vcex-icon-wrap wpex-inline-flex wpex-justify-center wpex-items-center\"><span class=\"ticon ticon-download\"><\/span><\/div><\/div><div class=\"vcex-list-item-text vcex-content wpex-flex-grow\"><a href=\"https:\/\/customs.gov.tl\/pt-pt\/doing-business\/document-database\/?search.search=Novas%20taxas%20do%20imposto%20seletivo%20de%20consumo\">Taxas para o Imposto Seletivo de Consumo 2023<\/a><\/div><\/div><\/a><\/div>[\/vc_column_inner][\/vc_row_inner][\/vc_column][\/vc_row]\n<\/div>","protected":false},"excerpt":{"rendered":"","protected":false},"author":8,"featured_media":6933,"parent":7457,"menu_order":0,"comment_status":"open","ping_status":"open","template":"","meta":{"inline_featured_image":false,"footnotes":""},"class_list":["post-7460","page","type-page","status-publish","has-post-thumbnail","hentry","entry","no-media"],"_links":{"self":[{"href":"https:\/\/customs.gov.tl\/pt-pt\/wp-json\/wp\/v2\/pages\/7460","targetHints":{"allow":["GET"]}}],"collection":[{"href":"https:\/\/customs.gov.tl\/pt-pt\/wp-json\/wp\/v2\/pages"}],"about":[{"href":"https:\/\/customs.gov.tl\/pt-pt\/wp-json\/wp\/v2\/types\/page"}],"author":[{"embeddable":true,"href":"https:\/\/customs.gov.tl\/pt-pt\/wp-json\/wp\/v2\/users\/8"}],"replies":[{"embeddable":true,"href":"https:\/\/customs.gov.tl\/pt-pt\/wp-json\/wp\/v2\/comments?post=7460"}],"version-history":[{"count":19,"href":"https:\/\/customs.gov.tl\/pt-pt\/wp-json\/wp\/v2\/pages\/7460\/revisions"}],"predecessor-version":[{"id":13004,"href":"https:\/\/customs.gov.tl\/pt-pt\/wp-json\/wp\/v2\/pages\/7460\/revisions\/13004"}],"up":[{"embeddable":true,"href":"https:\/\/customs.gov.tl\/pt-pt\/wp-json\/wp\/v2\/pages\/7457"}],"wp:featuredmedia":[{"embeddable":true,"href":"https:\/\/customs.gov.tl\/pt-pt\/wp-json\/wp\/v2\/media\/6933"}],"wp:attachment":[{"href":"https:\/\/customs.gov.tl\/pt-pt\/wp-json\/wp\/v2\/media?parent=7460"}],"curies":[{"name":"wp","href":"https:\/\/api.w.org\/{rel}","templated":true}]}}