{"id":7459,"date":"2021-08-01T17:44:06","date_gmt":"2021-08-01T17:44:06","guid":{"rendered":"https:\/\/sandbox.ittimor.com\/cust\/customs-brokers\/"},"modified":"2023-05-16T00:15:37","modified_gmt":"2023-05-16T00:15:37","slug":"customs-brokers","status":"publish","type":"page","link":"https:\/\/customs.gov.tl\/pt-pt\/doing-business\/customs-brokers\/","title":{"rendered":"Despachantes Aduaneiros"},"content":{"rendered":"<div class=\"wpb-content-wrapper\">[vc_row][vc_column]<div class=\"templatera_shortcode\"><div class=\"vc_row wpb_row vc_row-fluid page-title-img vc_custom_1619918400247 wpex-vc_row-has-fill wpex-vc-has-custom-column-spacing wpex-vc-column-spacing-0px no-bottom-margins wpex-vc-reset-negative-margin\"><div class=\"wpb_column vc_column_container vc_col-sm-12\"><div class=\"vc_column-inner\"><div class=\"wpb_wrapper\"><div class=\"vc_row wpb_row vc_inner vc_row-fluid page-title-overlay vc_custom_1619918083982 wpex-vc_row-has-fill no-bottom-margins wpex-vc-reset-negative-margin\"><div class=\"wpb_column vc_column_container vc_col-sm-12\"><div class=\"vc_column-inner\"><div class=\"wpb_wrapper\"><\/div><\/div><\/div><\/div><\/div><\/div><\/div><\/div><div data-vc-full-width=\"true\" data-vc-full-width-init=\"false\" class=\"vc_row wpb_row vc_row-fluid page-title-background vc_custom_1619917356710 wpex-vc_row-has-fill wpex-vc-row-stretched\"><div class=\"wpb_column vc_column_container vc_col-sm-12\"><div class=\"vc_column-inner\"><div class=\"wpb_wrapper\"><\/div><\/div><\/div><\/div><div class=\"vc_row-full-width vc_clearfix\"><\/div><\/div>[\/vc_column][\/vc_row][vc_row remove_bottom_col_margin=&#8221;true&#8221;][vc_column width=&#8221;3\/4&#8243;][vc_row_inner remove_bottom_col_margin=&#8221;true&#8221; css=&#8221;.vc_custom_1625463852695{margin-bottom: 40px !important;}&#8221;][vc_column_inner width=&#8221;11\/12&#8243;][vc_column_text]Um Despachante aduaneiro \u00e9 um profissional do sector privado, licenciado pela Autoridade Aduaneira de Timor-Leste para agir em nome de um importador ou exportador, no desalfandegamento das suas remessas. De acordo com o C\u00f3digo Aduaneiro de Timor-Leste, os despachantes s\u00e3o licenciados ap\u00f3s completarem um per\u00edodo de forma\u00e7\u00e3o t\u00e9cnica, passando com sucesso num exame final e submetendo um dep\u00f3sito de seguran\u00e7a. Este dep\u00f3sito pode variar entre $ 10.000 e $40.000 para particulares, e at\u00e9 $150.000 para empresas.<\/p>\n<p>O papel principal do despachante, \u00e9 ajudar e garantir que a sua remessa satisfa\u00e7a todos os requisitos de importa\u00e7\u00e3o ou exporta\u00e7\u00e3o, conforme exigido por lei. Isto inclui assegurar que a documenta\u00e7\u00e3o correta seja apresentada, e que todos as obriga\u00e7\u00f5es, impostos e taxas relevantes tenham sido pagos. Ao faz\u00ea-lo, o seu despachante ir\u00e1 submeter eletronicamente a sua &#8220;Declara\u00e7\u00e3o de Bens&#8221;, tamb\u00e9m conhecida como &#8220;Declara\u00e7\u00e3o Aduaneira \u00danica&#8221; (DAU), para uso no ASYCUDA World. Pode saber mais sobre o ASYCUDA World <a href=\"https:\/\/customs.gov.tl\/doing-business\/asycuda-world\/\">aqui<\/a>.[\/vc_column_text][\/vc_column_inner][vc_column_inner width=&#8221;1\/12&#8243;][\/vc_column_inner][\/vc_row_inner][vc_row_inner remove_bottom_col_margin=&#8221;true&#8221;][vc_column_inner width=&#8221;1\/12&#8243;]<figure class=\"vcex-image vcex-module wpex-clr\"><div class=\"vcex-image-inner wpex-inline-block wpex-relative\"><img decoding=\"async\" width=\"9999\" loading=\"lazy\" class=\"wpex-align-middle\" src=\"https:\/\/customs.gov.tl\/wp-content\/uploads\/2021\/05\/icon-custom-interview-yellow.svg\" alt=\"\" height=\"61\" \/><\/div><\/figure>[\/vc_column_inner][vc_column_inner width=&#8221;10\/12&#8243;][vc_column_text css=&#8221;.vc_custom_1669187390514{margin-bottom: 40px !important;}&#8221;]\n<h4>Quando usar um Despachante Aduaneiro?<\/h4>\n<p>Um Despachante aduaneiro \u00e9 geralmente necess\u00e1rio quando n\u00e3o temos conhecimentos e compet\u00eancias suficientes, para preencher corretamente uma declara\u00e7\u00e3o comercial. Ao faz\u00ea-lo, \u00e9 necess\u00e1rio compreender completamente quais os documentos ou autoriza\u00e7\u00f5es que podem ser necess\u00e1rias e como classificar os seus bens utilizando o c\u00f3digo do Sistema Harmonizado (SH). A falha de n\u00e3o preencher corretamente a sua declara\u00e7\u00e3o, incorre numa penaliza\u00e7\u00e3o financeira.<\/p>\n<p>Al\u00e9m disso, precisar\u00e1 de acesso ao ASYCUDA World para que possa preencher a declara\u00e7\u00e3o eletr\u00f3nica. Tal como acontece com os despachantes, tamb\u00e9m poder\u00e1 ser obrigado a submeter um dep\u00f3sito de seguran\u00e7a m\u00ednima de $10.000.[\/vc_column_text][\/vc_column_inner][vc_column_inner width=&#8221;1\/12&#8243;][\/vc_column_inner][\/vc_row_inner][vc_row_inner remove_bottom_col_margin=&#8221;true&#8221;][vc_column_inner width=&#8221;1\/12&#8243;]<figure class=\"vcex-image vcex-module wpex-clr\"><div class=\"vcex-image-inner wpex-inline-block wpex-relative\"><img decoding=\"async\" width=\"9999\" loading=\"lazy\" class=\"wpex-align-middle\" src=\"https:\/\/customs.gov.tl\/wp-content\/uploads\/2021\/05\/icon-hand-checked-yellow.svg\" alt=\"\" height=\"55\" \/><\/div><\/figure>[\/vc_column_inner][vc_column_inner width=&#8221;10\/12&#8243;][vc_column_text css=&#8221;.vc_custom_1669187402272{margin-bottom: 40px !important;}&#8221;]\n<h4>Qual \u00e9 o papel de um Despachante Aduaneiro?<\/h4>\n<p>Abaixo encontrar\u00e1 uma lista de tarefas geralmente realizadas por Despachantes aduaneiros:<\/p>\n<ul>\n<li>Obter informa\u00e7\u00f5es, documentos e as autoriza\u00e7\u00f5es necess\u00e1rias.<\/li>\n<li>Classificar os seus bens utilizando o c\u00f3digo do Sistema Harmonizado (tarifas).<\/li>\n<li>Preparar e apresentar uma declara\u00e7\u00e3o de bens eletr\u00f3nica atrav\u00e9s da ASYCUDA World.<\/li>\n<li>Represent\u00e1-lo e agir em seu nome, se n\u00f3s ou outras ag\u00eancias governamentais precisarem de inspecionar os seus bens.<\/li>\n<li>Organizar com outras entidades, como empresas de estivadores, para que os seus bens sejam disponibilizados para inspe\u00e7\u00e3o (se necess\u00e1rio).<\/li>\n<li>Pagar direitos, impostos e outros encargos relevantes em seu nome.<\/li>\n<li>Recolher do Porto ou do armaz\u00e9m privado os bens em seu nome e entreg\u00e1-los num local \u00e0 sua escolha.<\/li>\n<\/ul>\n[\/vc_column_text][\/vc_column_inner][vc_column_inner width=&#8221;1\/12&#8243;][\/vc_column_inner][\/vc_row_inner][vc_row_inner remove_bottom_col_margin=&#8221;true&#8221;][vc_column_inner width=&#8221;1\/12&#8243;]<figure class=\"vcex-image vcex-module wpex-clr\"><div class=\"vcex-image-inner wpex-inline-block wpex-relative\"><img decoding=\"async\" width=\"9999\" loading=\"lazy\" class=\"wpex-align-middle\" src=\"https:\/\/customs.gov.tl\/wp-content\/uploads\/2021\/05\/icon-document-checklist-yellow.svg\" alt=\"\" height=\"56\" \/><\/div><\/figure>[\/vc_column_inner][vc_column_inner width=&#8221;10\/12&#8243;][vc_column_text css=&#8221;.vc_custom_1669187414478{margin-bottom: 40px !important;}&#8221;]\n<h4>Que documento devo submeter ao meu despachante?<\/h4>\n<p>Abaixo est\u00e1 uma lista de documentos normalmente exigidos pelos despachantes:<\/p>\n<ul>\n<li>Fatura comercial (a fatura fornecida pelo vendedor dos bens na altura de venda)<\/li>\n<li>Lista de Remessa<\/li>\n<li>Guia de Embarque<\/li>\n<li>Quaisquer autoriza\u00e7\u00f5es ou licen\u00e7as necess\u00e1rias (dependentes do tipo de mercadorias)<\/li>\n<\/ul>\n<p>Antes de entregar estes documentos ao seu Despachante, deve verificar se est\u00e3o em conformidade. \u00c9 respons\u00e1vel pela submiss\u00e3o correta e precisa da documenta\u00e7\u00e3o, a sua falta pode resultar numa penalidade ou noutras medidas tomadas contra si.[\/vc_column_text][\/vc_column_inner][vc_column_inner width=&#8221;1\/12&#8243;][\/vc_column_inner][\/vc_row_inner][vc_row_inner remove_bottom_col_margin=&#8221;true&#8221;][vc_column_inner width=&#8221;1\/12&#8243;]<figure class=\"vcex-image vcex-module wpex-clr\"><div class=\"vcex-image-inner wpex-inline-block wpex-relative\"><img decoding=\"async\" width=\"9999\" loading=\"lazy\" class=\"wpex-align-middle\" src=\"https:\/\/customs.gov.tl\/wp-content\/uploads\/2021\/05\/icon-download-yellow.svg\" alt=\"\" height=\"56\" \/><\/div><\/figure>[\/vc_column_inner][vc_column_inner width=&#8221;10\/12&#8243;][vc_column_text css=&#8221;.vc_custom_1669187423865{margin-bottom: 40px !important;}&#8221;]\n<h4>Diret\u00f3rio de Despachantes Aduaneiros<\/h4>\n<p>Pode aceder e baixar uma lista de Despachantes Alfandeg\u00e1rios licenciados existentes, <a href=\"https:\/\/customs.gov.tl\/pt-pt\/doing-business\/document-database\/?search.search=Diret\u00f3rio de Despachantes Aduaneiros\">aqui<\/a>.[\/vc_column_text][\/vc_column_inner][vc_column_inner width=&#8221;1\/12&#8243;][\/vc_column_inner][\/vc_row_inner][\/vc_column][vc_column width=&#8221;1\/4&#8243;]<div class=\"templatera_shortcode\"><div class=\"vc_row wpb_row vc_row-fluid\"><div class=\"wpb_column vc_column_container vc_col-sm-12\"><div class=\"vc_column-inner\"><div class=\"wpb_wrapper\">\n\t<div class=\"wpb_text_column wpb_content_element social-share\" >\n\t\t<div class=\"wpb_wrapper\">\n\t\t\t<h5>Partilhe esta p\u00e1gina<\/h5>\n\n\t\t<\/div>\n\t<\/div>\n\n<div class=\"vcex-module vcex-social-share\">\n\n\t<div class=\"wpex-social-share style-flat position-horizontal\" data-source=\"https%3A%2F%2Fcustoms.gov.tl%2Fpt-pt%2F\" data-url=\"https%3A%2F%2Fcustoms.gov.tl%2Fpt-pt%2Fwp-json%2Fwp%2Fv2%2Fpages%2F7459%2F\" data-title=\"Archives\" data-email-subject=\"I wanted you to see this link\" data-email-body=\"I wanted you to see this link https%3A%2F%2Fcustoms.gov.tl%2Fpt-pt%2Fwp-json%2Fwp%2Fv2%2Fpages%2F7459%2F\" data-specs=\"menubar=no,toolbar=no,resizable=yes,scrollbars=yes,height=600,width=600\">\n\t<ul class=\"wpex-social-share__list\">\n\n\t\t\n\t\t\t\t<li class=\"wpex-social-share__item custom-print\">\n\n\t\t\t\t\t\n\t\t\t\t\t\t<a href=\"#print\" role=\"button\" class=\"wpex-social-share__link\">\n\n\t\t\t\t\t\n\t\t\t\t\t\t<img decoding=\"async\" src=\"http:\/\/customs.gov.tl\/wp-content\/uploads\/2021\/05\/icon-print.svg\" \/>\n\t\t\t\t\t\t\t\t\t\t\t\t\t<span class=\"wpex-social-share__label wpex-label\">Print<\/span>\n\t\t\t\t\t\t\n\t\t\t\t\t<\/a>\n\n\t\t\t\t<\/li>\n\n\t\t\t\n\t\t\t\t<li class=\"wpex-social-share__item wpex-email\">\n\n\t\t\t\t\t\n\t\t\t\t\t\t<a href=\"#\" role=\"button\" class=\"wpex-social-share__link\">\n\n\t\t\t\t\t\n\t\t\t\t\t\t<img decoding=\"async\" src=\"http:\/\/customs.gov.tl\/wp-content\/uploads\/2021\/05\/icon-envelope.svg\" \/>\n\t\t\t\t\t\t\t\t\t\t\t\t\t<span class=\"wpex-social-share__label wpex-label\">Email<\/span>\n\t\t\t\t\t\t\n\t\t\t\t\t<\/a>\n\n\t\t\t\t<\/li>\n\n\t\t\t\n\t\t\t\t<li class=\"wpex-social-share__item wpex-facebook\">\n\n\t\t\t\t\t\n\t\t\t\t\t\t<a href=\"#\" role=\"button\" class=\"wpex-social-share__link\">\n\n\t\t\t\t\t\n\t\t\t\t\t\t<img decoding=\"async\" src=\"http:\/\/customs.gov.tl\/wp-content\/uploads\/2021\/05\/icon-facebook.svg\" \/>\n\t\t\t\t\t\t\t\t\t\t\t\t\t<span class=\"wpex-social-share__label wpex-label\">Share<\/span>\n\t\t\t\t\t\t\n\t\t\t\t\t<\/a>\n\n\t\t\t\t<\/li>\n\n\t\t\t\n\t\t\t\t<li class=\"wpex-social-share__item wpex-linkedin\">\n\n\t\t\t\t\t\n\t\t\t\t\t\t<a href=\"#\" role=\"button\" class=\"wpex-social-share__link\">\n\n\t\t\t\t\t\n\t\t\t\t\t\t<img decoding=\"async\" src=\"http:\/\/customs.gov.tl\/wp-content\/uploads\/2021\/05\/icon-linkedin.svg\" \/>\n\t\t\t\t\t\t\t\t\t\t\t\t\t<span class=\"wpex-social-share__label wpex-label\">Share<\/span>\n\t\t\t\t\t\t\n\t\t\t\t\t<\/a>\n\n\t\t\t\t<\/li>\n\n\t\t\t\n\t<\/ul>\n\n\t<\/div>\n\n<\/div><\/div><\/div><\/div><\/div>\r\n<\/div>[vc_empty_space height=&#8221;80px&#8221;][vc_row_inner el_class=&#8221;contact-sidebar&#8221;][vc_column_inner][vc_column_text el_class=&#8221;contact-details&#8221; css=&#8221;.vc_custom_1627546376471{border-bottom-width: 1px !important;border-bottom-color: #0f1a3f !important;border-bottom-style: solid !important;}&#8221;]\n<h5>Contactos<\/h5>\n[\/vc_column_text][vc_column_text css=&#8221;.vc_custom_1627546397781{margin-top: 5px !important;margin-left: 35px !important;}&#8221;]\n<h5>Presidente da Associa\u00e7\u00e3o de Despachantes<\/h5>\n[\/vc_column_text]<div class=\"vcex-module vcex-list_item wpex-max-w-100 wpex-clr wpex-mb-5\"><div class=\"vcex-list-item-inner wpex-inline-flex wpex-flex-no-wrap wpex-items-center\"><div class=\"vcex-list-item-icon wpex-mr-10\"><div class=\"vcex-icon-wrap wpex-inline-flex wpex-justify-center wpex-items-center\"><span class=\"ticon ticon-male\"><\/span><\/div><\/div><div class=\"vcex-list-item-text vcex-content wpex-flex-grow\">Hilario Correia Barros<\/div><\/div><\/div><div class=\"vcex-module vcex-list_item wpex-max-w-100 wpex-clr wpex-mb-5\"><div class=\"vcex-list-item-inner wpex-inline-flex wpex-flex-no-wrap wpex-items-center\"><div class=\"vcex-list-item-icon wpex-mr-10\"><div class=\"vcex-icon-wrap wpex-inline-flex wpex-justify-center wpex-items-center\"><span class=\"ticon ticon-phone-square\"><\/span><\/div><\/div><div class=\"vcex-list-item-text vcex-content wpex-flex-grow\">(+670) 77250987<\/div><\/div><\/div><div class=\"vcex-module vcex-list_item wpex-max-w-100 wpex-clr wpex-mb-5\"><a  href=\"mailto:informacaosm@gmail.com\" class=\"vcex-list-item-link wpex-no-underline\"><div class=\"vcex-list-item-inner wpex-inline-flex wpex-flex-no-wrap wpex-items-center\"><div class=\"vcex-list-item-icon wpex-mr-10\"><div class=\"vcex-icon-wrap wpex-inline-flex wpex-justify-center wpex-items-center\"><span class=\"ticon ticon-envelope-o\"><\/span><\/div><\/div><div class=\"vcex-list-item-text vcex-content wpex-flex-grow\">lea.services15@yahoo.com<\/div><\/div><\/a><\/div>[vc_empty_space][vc_column_text css=&#8221;.vc_custom_1627546414403{margin-top: 5px !important;margin-left: 35px !important;}&#8221;]\n<h5>Vice-Presidente da Associa\u00e7\u00e3o de Despachantes<\/h5>\n[\/vc_column_text]<div class=\"vcex-module vcex-list_item wpex-max-w-100 wpex-clr wpex-mb-5\"><div class=\"vcex-list-item-inner wpex-inline-flex wpex-flex-no-wrap wpex-items-center\"><div class=\"vcex-list-item-icon wpex-mr-10\"><div class=\"vcex-icon-wrap wpex-inline-flex wpex-justify-center wpex-items-center\"><span class=\"ticon ticon-male\"><\/span><\/div><\/div><div class=\"vcex-list-item-text vcex-content wpex-flex-grow\">Zeca Guterres<\/div><\/div><\/div><div class=\"vcex-module vcex-list_item wpex-max-w-100 wpex-clr wpex-mb-5\"><div class=\"vcex-list-item-inner wpex-inline-flex wpex-flex-no-wrap wpex-items-center\"><div class=\"vcex-list-item-icon wpex-mr-10\"><div class=\"vcex-icon-wrap wpex-inline-flex wpex-justify-center wpex-items-center\"><span class=\"ticon ticon-phone-square\"><\/span><\/div><\/div><div class=\"vcex-list-item-text vcex-content wpex-flex-grow\">(+670) 77258920<\/div><\/div><\/div><div class=\"vcex-module vcex-list_item wpex-max-w-100 wpex-clr wpex-mb-5\"><a  href=\"mailto:informacaosm@gmail.com\" class=\"vcex-list-item-link wpex-no-underline\"><div class=\"vcex-list-item-inner wpex-inline-flex wpex-flex-no-wrap wpex-items-center\"><div class=\"vcex-list-item-icon wpex-mr-10\"><div class=\"vcex-icon-wrap wpex-inline-flex wpex-justify-center wpex-items-center\"><span class=\"ticon ticon-envelope-o\"><\/span><\/div><\/div><div class=\"vcex-list-item-text vcex-content wpex-flex-grow\">zeca.guterres@bollore.com<\/div><\/div><\/a><\/div>[\/vc_column_inner][\/vc_row_inner][vc_empty_space height=&#8221;80px&#8221;][vc_row_inner el_class=&#8221;downloads-sidebar&#8221;][vc_column_inner][vc_column_text el_class=&#8221;downloads-title&#8221; css=&#8221;.vc_custom_1623296674533{border-bottom-width: 1px !important;border-bottom-color: #0f1a3f !important;border-bottom-style: solid !important;}&#8221;]\n<h5>Downloads<\/h5>\n[\/vc_column_text]<div class=\"vcex-module vcex-list_item wpex-max-w-100 wpex-clr wpex-mb-5\"><a  href=\"https:\/\/customs.gov.tl\/pt-pt\/doing-business\/document-database\/\" class=\"vcex-list-item-link wpex-no-underline\"><div class=\"vcex-list-item-inner wpex-inline-flex wpex-flex-no-wrap wpex-items-center\"><div class=\"vcex-list-item-icon wpex-mr-10\"><div class=\"vcex-icon-wrap wpex-inline-flex wpex-justify-center wpex-items-center\"><span class=\"ticon ticon-download\"><\/span><\/div><\/div><div class=\"vcex-list-item-text vcex-content wpex-flex-grow\"><a href=\"https:\/\/customs.gov.tl\/pt-pt\/doing-business\/document-database\/?search.search=Diret\u00f3rio de Despachantes Aduaneiros\">Lista de Despachantes Alfandeg\u00e1rios licenciados<\/a><\/div><\/div><\/a><\/div>[\/vc_column_inner][\/vc_row_inner][\/vc_column][\/vc_row]\n<\/div>","protected":false},"excerpt":{"rendered":"","protected":false},"author":8,"featured_media":6930,"parent":7457,"menu_order":0,"comment_status":"open","ping_status":"open","template":"","meta":{"inline_featured_image":false,"footnotes":""},"class_list":["post-7459","page","type-page","status-publish","has-post-thumbnail","hentry","entry","no-media"],"_links":{"self":[{"href":"https:\/\/customs.gov.tl\/pt-pt\/wp-json\/wp\/v2\/pages\/7459","targetHints":{"allow":["GET"]}}],"collection":[{"href":"https:\/\/customs.gov.tl\/pt-pt\/wp-json\/wp\/v2\/pages"}],"about":[{"href":"https:\/\/customs.gov.tl\/pt-pt\/wp-json\/wp\/v2\/types\/page"}],"author":[{"embeddable":true,"href":"https:\/\/customs.gov.tl\/pt-pt\/wp-json\/wp\/v2\/users\/8"}],"replies":[{"embeddable":true,"href":"https:\/\/customs.gov.tl\/pt-pt\/wp-json\/wp\/v2\/comments?post=7459"}],"version-history":[{"count":7,"href":"https:\/\/customs.gov.tl\/pt-pt\/wp-json\/wp\/v2\/pages\/7459\/revisions"}],"predecessor-version":[{"id":13860,"href":"https:\/\/customs.gov.tl\/pt-pt\/wp-json\/wp\/v2\/pages\/7459\/revisions\/13860"}],"up":[{"embeddable":true,"href":"https:\/\/customs.gov.tl\/pt-pt\/wp-json\/wp\/v2\/pages\/7457"}],"wp:featuredmedia":[{"embeddable":true,"href":"https:\/\/customs.gov.tl\/pt-pt\/wp-json\/wp\/v2\/media\/6930"}],"wp:attachment":[{"href":"https:\/\/customs.gov.tl\/pt-pt\/wp-json\/wp\/v2\/media?parent=7459"}],"curies":[{"name":"wp","href":"https:\/\/api.w.org\/{rel}","templated":true}]}}