{"id":7458,"date":"2021-08-01T17:43:58","date_gmt":"2021-08-01T17:43:58","guid":{"rendered":"https:\/\/sandbox.ittimor.com\/cust\/asycuda-world\/"},"modified":"2022-11-23T03:16:28","modified_gmt":"2022-11-23T03:16:28","slug":"asycuda-world","status":"publish","type":"page","link":"https:\/\/customs.gov.tl\/pt-pt\/doing-business\/asycuda-world\/","title":{"rendered":"Mundo ASYCUDA"},"content":{"rendered":"<div class=\"wpb-content-wrapper\">[vc_row column_spacing=&#8221;0px&#8221; remove_bottom_col_margin=&#8221;true&#8221; wpex_post_thumbnail_bg=&#8221;true&#8221; css=&#8221;.vc_custom_1619918400247{background-position: center !important;background-repeat: no-repeat !important;background-size: cover !important;}&#8221; el_class=&#8221;page-title-img&#8221;][vc_column][vc_row_inner remove_bottom_col_margin=&#8221;true&#8221; el_class=&#8221;page-title-overlay&#8221;][vc_column_inner][\/vc_column_inner][\/vc_row_inner][\/vc_column][\/vc_row][vc_row full_width=&#8221;stretch_row&#8221; el_class=&#8221;page-title-background&#8221;][vc_column][\/vc_column][\/vc_row][vc_row remove_bottom_col_margin=&#8221;true&#8221;][vc_column width=&#8221;8\/12&#8243;][vc_column_text css=&#8221;.vc_custom_1669172112803{margin-bottom: 40px !important;}&#8221;]O Sistema Automatizado de Dados Aduaneiros (ASYCUDA) \u00e9 um sistema moderno de gest\u00e3o aduaneira de com\u00e9rcio e transportes internacional. O sistema trata de manifestos e declara\u00e7\u00f5es aduaneiras, procedimentos contabil\u00edsticos<br \/>\ne procedimentos em suspenso. Gera dados comerciais que podem ser usados para an\u00e1lise de estat\u00edstica econ\u00f3mica.<\/p>\n<p style=\"text-align: justify;\">O sistema utiliza as regras e padr\u00f5es internacionais estabelecidos pela ISO, a Organiza\u00e7\u00e3o Internacional para a Normaliza\u00e7\u00e3o, o Modelo de Dados da WCO e as Na\u00e7\u00f5es Unidas. Pode ser configurado, de acordo com regimes aduaneiros individuais, caracter\u00edsticas nacionais, tarifas nacionais e legisla\u00e7\u00e3o. A ASYCUDA fornece o Interc\u00e2mbio eletr\u00f3nico de Dados (EDI) entre comerciantes e alf\u00e2ndegas utilizando normas prevalecentes, tais como XML.<\/p>\n[\/vc_column_text][vc_column_text css=&#8221;.vc_custom_1669172121031{margin-bottom: 40px !important;}&#8221;]\n<h4>Atrav\u00e9s do programa ASYCUDA, a UNCTAD visa:<\/h4>\n<ul>\n<li>Modernizar as opera\u00e7\u00f5es aduaneiras e ajudar a melhorar a cobran\u00e7a de receitas;<\/li>\n<li>Facilitar a efici\u00eancia e a competitividade do com\u00e9rcio, reduzindo substancialmente o tempo e os custos das transa\u00e7\u00f5es;<\/li>\n<li>Melhorar a seguran\u00e7a, racionalizando os procedimentos de controlo da carga, tr\u00e2nsito de mercadorias e o desalfandegamento de mercadorias;<\/li>\n<li>Ajudar a combater a corrup\u00e7\u00e3o, aumentando a transpar\u00eancia das transa\u00e7\u00f5es; e<\/li>\n<li style=\"text-align: justify;\">Promover o desenvolvimento sustent\u00e1vel reduzindo a utiliza\u00e7\u00e3o de papel atrav\u00e9s de transa\u00e7\u00f5es e documentos eletr\u00f3nicos.<\/li>\n<\/ul>\n[\/vc_column_text][vc_column_text css=&#8221;.vc_custom_1627531720195{margin-bottom: 20px !important;}&#8221;]\n<h4>Uma breve Hist\u00f3ria do uso da ASYCUDA em Timor-Leste<\/h4>\n[\/vc_column_text]<figure class=\"vcex-image vcex-module wpex-clr\"><div class=\"vcex-image-inner wpex-inline-block wpex-relative\"><img decoding=\"async\" width=\"9999\" loading=\"lazy\" class=\"wpex-align-middle\" src=\"https:\/\/customs.gov.tl\/wp-content\/uploads\/2022\/11\/Group-1723_PT-1.svg\" alt=\"\" height=\"1\" \/><\/div><\/figure>[vc_empty_space height=&#8221;20px&#8221;]<div class=\"theme-button-block-wrap wpex-block wpex-clear theme-button-wrap wpex-clr\"><a href=\"https:\/\/asycuda.org\/en\/\" class=\"vcex-button theme-txt-link block button-with-top-border\" target=\"_blank\" style=\"font-weight:500;\" rel=\"noopener noreferrer\"><span class=\"theme-button-inner\">Saiba mais sobre a ASYCUDA em Timor-Leste aqui<span class=\"vcex-icon-wrap theme-button-icon-right\"><span class=\"ticon ticon-angle-right\" aria-hidden=\"true\"><\/span><\/span><\/span><\/a><\/div> [vc_empty_space height=&#8221;30px&#8221;][vc_column_text css=&#8221;.vc_custom_1669172130215{margin-top: 40px !important;margin-bottom: 40px !important;}&#8221;]\n<h4>Como posso aceder \u00e0 ASYCUDA?<\/h4>\n<p style=\"text-align: justify;\">Para aceder \u00e0 ASYCUDA tem de se registar como usu\u00e1rio do sistema. O registo \u00e9 concedido aos despachantes e importadores para o upload, registo, declara\u00e7\u00f5es de impostos e taxas aduaneiras de importa\u00e7\u00e3o\/exporta\u00e7\u00e3o, e intervir eletronicamente noutras processos de desalfandegamento de mercadorias. Tamb\u00e9m pode ser concedido o acesso \u00e0 visualiza\u00e7\u00e3o, a organiza\u00e7\u00f5es governamentais para efeitos de recolha e an\u00e1lise estat\u00edstica.<\/p>\n[\/vc_column_text][\/vc_column][vc_column width=&#8221;1\/12&#8243;][\/vc_column][vc_column width=&#8221;3\/12&#8243;]<div class=\"templatera_shortcode\"><div class=\"vc_row wpb_row vc_row-fluid\"><div class=\"wpb_column vc_column_container vc_col-sm-12\"><div class=\"vc_column-inner\"><div class=\"wpb_wrapper\">\n\t<div class=\"wpb_text_column wpb_content_element social-share\" >\n\t\t<div class=\"wpb_wrapper\">\n\t\t\t<h5>Partilhe esta p\u00e1gina<\/h5>\n\n\t\t<\/div>\n\t<\/div>\n\n<div class=\"vcex-module vcex-social-share\">\n\n\t<div class=\"wpex-social-share style-flat position-horizontal\" data-source=\"https%3A%2F%2Fcustoms.gov.tl%2Fpt-pt%2F\" data-url=\"https%3A%2F%2Fcustoms.gov.tl%2Fpt-pt%2Fwp-json%2Fwp%2Fv2%2Fpages%2F7458%2F\" data-title=\"Archives\" data-email-subject=\"I wanted you to see this link\" data-email-body=\"I wanted you to see this link https%3A%2F%2Fcustoms.gov.tl%2Fpt-pt%2Fwp-json%2Fwp%2Fv2%2Fpages%2F7458%2F\" data-specs=\"menubar=no,toolbar=no,resizable=yes,scrollbars=yes,height=600,width=600\">\n\t<ul class=\"wpex-social-share__list\">\n\n\t\t\n\t\t\t\t<li class=\"wpex-social-share__item custom-print\">\n\n\t\t\t\t\t\n\t\t\t\t\t\t<a href=\"#print\" role=\"button\" class=\"wpex-social-share__link\">\n\n\t\t\t\t\t\n\t\t\t\t\t\t<img decoding=\"async\" src=\"http:\/\/customs.gov.tl\/wp-content\/uploads\/2021\/05\/icon-print.svg\" \/>\n\t\t\t\t\t\t\t\t\t\t\t\t\t<span class=\"wpex-social-share__label wpex-label\">Print<\/span>\n\t\t\t\t\t\t\n\t\t\t\t\t<\/a>\n\n\t\t\t\t<\/li>\n\n\t\t\t\n\t\t\t\t<li class=\"wpex-social-share__item wpex-email\">\n\n\t\t\t\t\t\n\t\t\t\t\t\t<a href=\"#\" role=\"button\" class=\"wpex-social-share__link\">\n\n\t\t\t\t\t\n\t\t\t\t\t\t<img decoding=\"async\" src=\"http:\/\/customs.gov.tl\/wp-content\/uploads\/2021\/05\/icon-envelope.svg\" \/>\n\t\t\t\t\t\t\t\t\t\t\t\t\t<span class=\"wpex-social-share__label wpex-label\">Email<\/span>\n\t\t\t\t\t\t\n\t\t\t\t\t<\/a>\n\n\t\t\t\t<\/li>\n\n\t\t\t\n\t\t\t\t<li class=\"wpex-social-share__item wpex-facebook\">\n\n\t\t\t\t\t\n\t\t\t\t\t\t<a href=\"#\" role=\"button\" class=\"wpex-social-share__link\">\n\n\t\t\t\t\t\n\t\t\t\t\t\t<img decoding=\"async\" src=\"http:\/\/customs.gov.tl\/wp-content\/uploads\/2021\/05\/icon-facebook.svg\" \/>\n\t\t\t\t\t\t\t\t\t\t\t\t\t<span class=\"wpex-social-share__label wpex-label\">Share<\/span>\n\t\t\t\t\t\t\n\t\t\t\t\t<\/a>\n\n\t\t\t\t<\/li>\n\n\t\t\t\n\t\t\t\t<li class=\"wpex-social-share__item wpex-linkedin\">\n\n\t\t\t\t\t\n\t\t\t\t\t\t<a href=\"#\" role=\"button\" class=\"wpex-social-share__link\">\n\n\t\t\t\t\t\n\t\t\t\t\t\t<img decoding=\"async\" src=\"http:\/\/customs.gov.tl\/wp-content\/uploads\/2021\/05\/icon-linkedin.svg\" \/>\n\t\t\t\t\t\t\t\t\t\t\t\t\t<span class=\"wpex-social-share__label wpex-label\">Share<\/span>\n\t\t\t\t\t\t\n\t\t\t\t\t<\/a>\n\n\t\t\t\t<\/li>\n\n\t\t\t\n\t<\/ul>\n\n\t<\/div>\n\n<\/div><\/div><\/div><\/div><\/div>\r\n<\/div>[vc_empty_space height=&#8221;52px&#8221;][vc_column_text el_class=&#8221;contact-details&#8221; css=&#8221;.vc_custom_1627531837650{border-bottom-width: 1px !important;padding-bottom: 5px !important;border-bottom-color: #0f1a3f !important;border-bottom-style: solid !important;}&#8221;]\n<h5>Contactos<\/h5>\n[\/vc_column_text][vc_row_inner][vc_column_inner width=&#8221;1\/12&#8243;][\/vc_column_inner][vc_column_inner width=&#8221;11\/12&#8243; css=&#8221;.vc_custom_1623200472486{padding-top: 10px !important;padding-bottom: 10px !important;}&#8221;][vc_column_text css=&#8221;.vc_custom_1627531853131{border-bottom-width: 1px !important;padding-top: 8px !important;padding-bottom: 8px !important;border-bottom-color: #0f1a3f !important;border-bottom-style: solid !important;}&#8221;]Equipa ASYCUDA[\/vc_column_text][\/vc_column_inner][\/vc_row_inner]<div class=\"vcex-module vcex-list_item wpex-max-w-100 wpex-clr wpex-mb-5\"><div class=\"vcex-list-item-inner wpex-inline-flex wpex-flex-no-wrap wpex-items-center\"><div class=\"vcex-list-item-icon wpex-mr-10\"><div class=\"vcex-icon-wrap wpex-inline-flex wpex-justify-center wpex-items-center\"><span class=\"ticon ticon-phone-square\"><\/span><\/div><\/div><div class=\"vcex-list-item-text vcex-content wpex-flex-grow\">(+670) 331 0369<\/div><\/div><\/div>[vc_empty_space height=&#8221;52px&#8221;]<figure class=\"vcex-image vcex-module wpex-clr\"><div class=\"vcex-image-inner wpex-inline-block wpex-relative\"><img decoding=\"async\" loading=\"lazy\" class=\"wpex-align-middle\" src=\"https:\/\/customs.gov.tl\/wp-content\/uploads\/2021\/06\/pngaaa.com-2856508@2x.png\" alt=\"\" width=\"208\" height=\"258\" \/><\/div><\/figure>[\/vc_column][\/vc_row]\n<\/div>","protected":false},"excerpt":{"rendered":"","protected":false},"author":8,"featured_media":6922,"parent":7457,"menu_order":0,"comment_status":"open","ping_status":"open","template":"","meta":{"inline_featured_image":false,"footnotes":""},"class_list":["post-7458","page","type-page","status-publish","has-post-thumbnail","hentry","entry","no-media"],"_links":{"self":[{"href":"https:\/\/customs.gov.tl\/pt-pt\/wp-json\/wp\/v2\/pages\/7458","targetHints":{"allow":["GET"]}}],"collection":[{"href":"https:\/\/customs.gov.tl\/pt-pt\/wp-json\/wp\/v2\/pages"}],"about":[{"href":"https:\/\/customs.gov.tl\/pt-pt\/wp-json\/wp\/v2\/types\/page"}],"author":[{"embeddable":true,"href":"https:\/\/customs.gov.tl\/pt-pt\/wp-json\/wp\/v2\/users\/8"}],"replies":[{"embeddable":true,"href":"https:\/\/customs.gov.tl\/pt-pt\/wp-json\/wp\/v2\/comments?post=7458"}],"version-history":[{"count":4,"href":"https:\/\/customs.gov.tl\/pt-pt\/wp-json\/wp\/v2\/pages\/7458\/revisions"}],"predecessor-version":[{"id":11421,"href":"https:\/\/customs.gov.tl\/pt-pt\/wp-json\/wp\/v2\/pages\/7458\/revisions\/11421"}],"up":[{"embeddable":true,"href":"https:\/\/customs.gov.tl\/pt-pt\/wp-json\/wp\/v2\/pages\/7457"}],"wp:featuredmedia":[{"embeddable":true,"href":"https:\/\/customs.gov.tl\/pt-pt\/wp-json\/wp\/v2\/media\/6922"}],"wp:attachment":[{"href":"https:\/\/customs.gov.tl\/pt-pt\/wp-json\/wp\/v2\/media?parent=7458"}],"curies":[{"name":"wp","href":"https:\/\/api.w.org\/{rel}","templated":true}]}}