{"id":7453,"date":"2021-08-01T17:43:04","date_gmt":"2021-08-01T17:43:04","guid":{"rendered":"https:\/\/sandbox.ittimor.com\/cust\/ongoing-modernization\/"},"modified":"2022-11-23T01:50:08","modified_gmt":"2022-11-23T01:50:08","slug":"ongoing-modernization","status":"publish","type":"page","link":"https:\/\/customs.gov.tl\/pt-pt\/about-us\/ongoing-modernization\/","title":{"rendered":"Moderniza\u00e7\u00e3o Cont\u00ednua"},"content":{"rendered":"<div class=\"wpb-content-wrapper\">[vc_row][vc_column]<div class=\"templatera_shortcode\"><div class=\"vc_row wpb_row vc_row-fluid page-title-img vc_custom_1619918400247 wpex-vc_row-has-fill wpex-vc-has-custom-column-spacing wpex-vc-column-spacing-0px no-bottom-margins wpex-vc-reset-negative-margin\"><div class=\"wpb_column vc_column_container vc_col-sm-12\"><div class=\"vc_column-inner\"><div class=\"wpb_wrapper\"><div class=\"vc_row wpb_row vc_inner vc_row-fluid page-title-overlay vc_custom_1619918083982 wpex-vc_row-has-fill no-bottom-margins wpex-vc-reset-negative-margin\"><div class=\"wpb_column vc_column_container vc_col-sm-12\"><div class=\"vc_column-inner\"><div class=\"wpb_wrapper\"><\/div><\/div><\/div><\/div><\/div><\/div><\/div><\/div><div data-vc-full-width=\"true\" data-vc-full-width-init=\"false\" class=\"vc_row wpb_row vc_row-fluid page-title-background vc_custom_1619917356710 wpex-vc_row-has-fill wpex-vc-row-stretched\"><div class=\"wpb_column vc_column_container vc_col-sm-12\"><div class=\"vc_column-inner\"><div class=\"wpb_wrapper\"><\/div><\/div><\/div><\/div><div class=\"vc_row-full-width vc_clearfix\"><\/div><\/div>[\/vc_column][\/vc_row][vc_row][vc_column width=&#8221;1\/12&#8243;][\/vc_column][vc_column width=&#8221;7\/12&#8243;][vc_column_text]\n<h3>Moderniza\u00e7\u00e3o em curso<\/h3>\n<p>Desde 2017, a Autoridade Aduaneira tem sofrido grandes reformas estruturais e fiscais, para modernizar e profissionalizar o modo de trabalhar. Isto inclui:<\/p>\n<ul>\n<li>Atualiza\u00e7\u00e3o das leis que governam as Atividades Aduaneiras<\/li>\n<li>Incorporar novos sistemas IT nas atividades de trabalho di\u00e1rio, para modernizar a fluidez dos procedimentos<\/li>\n<li>Reduzir o fardo administrativo, automatizando os procedimentos de coleta de receita e de processamento de mercadorias; e<\/li>\n<li>Modernizar e profissionalizar as compet\u00eancias dos nossos trabalhadores.<\/li>\n<\/ul>\n<p style=\"text-align: justify;\">Embora j\u00e1 tenha havido bons progressos, reconhecemos que h\u00e1 mais trabalho a fazer e propomo-nos a atingir o seguinte:<\/p>\n[\/vc_column_text][\/vc_column][vc_column width=&#8221;1\/4&#8243;]<div class=\"templatera_shortcode\"><div class=\"vc_row wpb_row vc_row-fluid\"><div class=\"wpb_column vc_column_container vc_col-sm-12\"><div class=\"vc_column-inner\"><div class=\"wpb_wrapper\">\n\t<div class=\"wpb_text_column wpb_content_element social-share\" >\n\t\t<div class=\"wpb_wrapper\">\n\t\t\t<h5>Partilhe esta p\u00e1gina<\/h5>\n\n\t\t<\/div>\n\t<\/div>\n\n<div class=\"vcex-module vcex-social-share\">\n\n\t<div class=\"wpex-social-share style-flat position-horizontal\" data-source=\"https%3A%2F%2Fcustoms.gov.tl%2Fpt-pt%2F\" data-url=\"https%3A%2F%2Fcustoms.gov.tl%2Fpt-pt%2Fwp-json%2Fwp%2Fv2%2Fpages%2F7453%2F\" data-title=\"Archives\" data-email-subject=\"I wanted you to see this link\" data-email-body=\"I wanted you to see this link https%3A%2F%2Fcustoms.gov.tl%2Fpt-pt%2Fwp-json%2Fwp%2Fv2%2Fpages%2F7453%2F\" data-specs=\"menubar=no,toolbar=no,resizable=yes,scrollbars=yes,height=600,width=600\">\n\t<ul class=\"wpex-social-share__list\">\n\n\t\t\n\t\t\t\t<li class=\"wpex-social-share__item custom-print\">\n\n\t\t\t\t\t\n\t\t\t\t\t\t<a href=\"#print\" role=\"button\" class=\"wpex-social-share__link\">\n\n\t\t\t\t\t\n\t\t\t\t\t\t<img decoding=\"async\" src=\"http:\/\/customs.gov.tl\/wp-content\/uploads\/2021\/05\/icon-print.svg\" \/>\n\t\t\t\t\t\t\t\t\t\t\t\t\t<span class=\"wpex-social-share__label wpex-label\">Print<\/span>\n\t\t\t\t\t\t\n\t\t\t\t\t<\/a>\n\n\t\t\t\t<\/li>\n\n\t\t\t\n\t\t\t\t<li class=\"wpex-social-share__item wpex-email\">\n\n\t\t\t\t\t\n\t\t\t\t\t\t<a href=\"#\" role=\"button\" class=\"wpex-social-share__link\">\n\n\t\t\t\t\t\n\t\t\t\t\t\t<img decoding=\"async\" src=\"http:\/\/customs.gov.tl\/wp-content\/uploads\/2021\/05\/icon-envelope.svg\" \/>\n\t\t\t\t\t\t\t\t\t\t\t\t\t<span class=\"wpex-social-share__label wpex-label\">Email<\/span>\n\t\t\t\t\t\t\n\t\t\t\t\t<\/a>\n\n\t\t\t\t<\/li>\n\n\t\t\t\n\t\t\t\t<li class=\"wpex-social-share__item wpex-facebook\">\n\n\t\t\t\t\t\n\t\t\t\t\t\t<a href=\"#\" role=\"button\" class=\"wpex-social-share__link\">\n\n\t\t\t\t\t\n\t\t\t\t\t\t<img decoding=\"async\" src=\"http:\/\/customs.gov.tl\/wp-content\/uploads\/2021\/05\/icon-facebook.svg\" \/>\n\t\t\t\t\t\t\t\t\t\t\t\t\t<span class=\"wpex-social-share__label wpex-label\">Share<\/span>\n\t\t\t\t\t\t\n\t\t\t\t\t<\/a>\n\n\t\t\t\t<\/li>\n\n\t\t\t\n\t\t\t\t<li class=\"wpex-social-share__item wpex-linkedin\">\n\n\t\t\t\t\t\n\t\t\t\t\t\t<a href=\"#\" role=\"button\" class=\"wpex-social-share__link\">\n\n\t\t\t\t\t\n\t\t\t\t\t\t<img decoding=\"async\" src=\"http:\/\/customs.gov.tl\/wp-content\/uploads\/2021\/05\/icon-linkedin.svg\" \/>\n\t\t\t\t\t\t\t\t\t\t\t\t\t<span class=\"wpex-social-share__label wpex-label\">Share<\/span>\n\t\t\t\t\t\t\n\t\t\t\t\t<\/a>\n\n\t\t\t\t<\/li>\n\n\t\t\t\n\t<\/ul>\n\n\t<\/div>\n\n<\/div><\/div><\/div><\/div><\/div>\r\n<\/div>[\/vc_column][vc_column width=&#8221;1\/12&#8243;][\/vc_column][\/vc_row][vc_row][vc_column width=&#8221;1\/2&#8243;]<div class=\"vcex-module vcex-image-banner wpex-relative wpex-overflow-hidden wpex-max-w-100 wpex-bg-gray-900 wpex-text-white wpex-float-center wpex-text-center min-400\" ><span class=\"vcex-ib-img wpex-block wpex-z-1 wpex-transition-all wpex-duration-500 wpex-bg-cover wpex-absolute wpex-inset-0\" style=\"background-image:url(https:\/\/customs.gov.tl\/wp-content\/uploads\/2021\/05\/Revenue_collection.jpg);\"><\/span><div class=\"vcex-ib-overlay wpex-absolute wpex-z-5 wpex-inset-0 wpex-transition-all wpex-duration-500\"><div class=\"vcex-ib-overlay-bg wpex-absolute wpex-inset-0 wpex-bg-black wpex-opacity-30\" style=\"background:#0f1a40;opacity:.35;\"><\/div><\/div><div class=\"vcex-ib-content-wrap wpex-z-10 wpex-w-100 wpex-transition-all wpex-duration-500 wpex-relative wpex-clr\"><div class=\"vcex-ib-content wpex-mx-auto wpex-clr\"><\/div><\/div><\/div>[vc_column_text css=&#8221;.vc_custom_1669168128174{padding-top: 40px !important;padding-right: 40px !important;padding-bottom: 40px !important;padding-left: 40px !important;}&#8221;]\n<h4>1. Coleta de Receita Adequada<\/h4>\n<p style=\"text-align: justify;\">As complexidades na cobran\u00e7a de impostos e forma justa e transparente continuam a ser um desafio para as Alf\u00e2ndegas. Os impostos s\u00e3o uma importante fonte de receita para o Estado e prov\u00ea o Governo com fundos para investimentos p\u00fablicos, tais como a melhoria das estradas, a moderniza\u00e7\u00e3o de escolas e o desenvolvimento um sistema de sa\u00fade mais robusto. Estamos determinados a melhorar o modo com coletamos impostos de modo a que as empresas, comerciantes e o p\u00fablico de Timor-Leste, possam receber os recursos e servi\u00e7os adequados e necess\u00e1rios, para construir uma na\u00e7\u00e3o forte e pr\u00f3spera.<\/p>\n[\/vc_column_text][\/vc_column][vc_column width=&#8221;1\/2&#8243;]<div class=\"vcex-module vcex-image-banner wpex-relative wpex-overflow-hidden wpex-max-w-100 wpex-bg-gray-900 wpex-text-white wpex-float-center wpex-text-center min-400\" ><span class=\"vcex-ib-img wpex-block wpex-z-1 wpex-transition-all wpex-duration-500 wpex-bg-cover wpex-absolute wpex-inset-0\" style=\"background-image:url(https:\/\/customs.gov.tl\/wp-content\/uploads\/2021\/05\/border.jpg);\"><\/span><div class=\"vcex-ib-overlay wpex-absolute wpex-z-5 wpex-inset-0 wpex-transition-all wpex-duration-500\"><div class=\"vcex-ib-overlay-bg wpex-absolute wpex-inset-0 wpex-bg-black wpex-opacity-30\" style=\"background:#0f1a40;opacity:.35;\"><\/div><\/div><div class=\"vcex-ib-content-wrap wpex-z-10 wpex-w-100 wpex-transition-all wpex-duration-500 wpex-relative wpex-clr\"><div class=\"vcex-ib-content wpex-mx-auto wpex-clr\"><\/div><\/div><\/div>[vc_column_text css=&#8221;.vc_custom_1669168135646{padding-top: 40px !important;padding-right: 40px !important;padding-bottom: 40px !important;padding-left: 40px !important;}&#8221;]\n<h4>2. Segurar as fronteiras da Na\u00e7\u00e3o<\/h4>\n<p style=\"text-align: justify;\">O segundo desafio \u00e9 proteger as fronteiras de Timor-Leste da entrada ilegal e danosa de mercadorias, assegurando que as mercadorias legais cumprem os padr\u00f5es nacionais de seguran\u00e7a alimentar, produtos qu\u00edmicos agr\u00edcolas (incluindo pesticidas e fertilizantes) medicamentos e gado.<\/p>\n[\/vc_column_text][\/vc_column][\/vc_row][vc_row][vc_column width=&#8221;1\/2&#8243;]<div class=\"vcex-module vcex-image-banner wpex-relative wpex-overflow-hidden wpex-max-w-100 wpex-bg-gray-900 wpex-text-white wpex-float-center wpex-text-center min-400\" ><span class=\"vcex-ib-img wpex-block wpex-z-1 wpex-transition-all wpex-duration-500 wpex-bg-cover wpex-absolute wpex-inset-0\" style=\"background-image:url(https:\/\/customs.gov.tl\/wp-content\/uploads\/2021\/05\/Mask-Group-24.jpg);\"><\/span><div class=\"vcex-ib-overlay wpex-absolute wpex-z-5 wpex-inset-0 wpex-transition-all wpex-duration-500\"><div class=\"vcex-ib-overlay-bg wpex-absolute wpex-inset-0 wpex-bg-black wpex-opacity-30\" style=\"background:#0f1a40;opacity:.35;\"><\/div><\/div><div class=\"vcex-ib-content-wrap wpex-z-10 wpex-w-100 wpex-transition-all wpex-duration-500 wpex-relative wpex-clr\"><div class=\"vcex-ib-content wpex-mx-auto wpex-clr\"><\/div><\/div><\/div>[vc_column_text css=&#8221;.vc_custom_1669168144887{padding-top: 40px !important;padding-right: 40px !important;padding-bottom: 40px !important;padding-left: 40px !important;}&#8221;]\n<h4>3. Crescimento Econ\u00f4mico<\/h4>\n<p style=\"text-align: justify;\">Contribuir para o crescimento econ\u00f3mico e diversifica\u00e7\u00e3o, requerem estreita colabora\u00e7\u00e3o e parceria com as partes interessadas, de modo a identificar solu\u00e7\u00f5es e oportunidades inovadoras. A industria do com\u00e9rcio em particular, desempenha um papel fundamental no crescimento econ\u00f3mico de Timor-Leste, e requer que as Alfandegas operem de forma eficiente para reduzir custos, riscos e assegurarem um ambiente de trabalho justo. Reconhecemos que os esfor\u00e7os focados na coopera\u00e7\u00e3o industrial, podem contribuir grandemente para o desenvolvimento econ\u00f3mico de Timor-Leste, posicionando-o no mercado global como um parceiro comercial valioso e ativo.<\/p>\n[\/vc_column_text][\/vc_column][vc_column width=&#8221;1\/2&#8243;]<div class=\"vcex-module vcex-image-banner wpex-relative wpex-overflow-hidden wpex-max-w-100 wpex-bg-gray-900 wpex-text-white wpex-float-center wpex-text-center min-400\" ><span class=\"vcex-ib-img wpex-block wpex-z-1 wpex-transition-all wpex-duration-500 wpex-bg-cover wpex-absolute wpex-inset-0\" style=\"background-image:url(https:\/\/customs.gov.tl\/wp-content\/uploads\/2021\/05\/stamped.jpg);\"><\/span><div class=\"vcex-ib-overlay wpex-absolute wpex-z-5 wpex-inset-0 wpex-transition-all wpex-duration-500\"><div class=\"vcex-ib-overlay-bg wpex-absolute wpex-inset-0 wpex-bg-black wpex-opacity-30\" style=\"background:#0f1a40;opacity:.35;\"><\/div><\/div><div class=\"vcex-ib-content-wrap wpex-z-10 wpex-w-100 wpex-transition-all wpex-duration-500 wpex-relative wpex-clr\"><div class=\"vcex-ib-content wpex-mx-auto wpex-clr\"><\/div><\/div><\/div>[vc_column_text css=&#8221;.vc_custom_1669168152070{padding-top: 40px !important;padding-right: 40px !important;padding-bottom: 40px !important;padding-left: 40px !important;}&#8221;]\n<h4>4. Gerir o tr\u00e2nsito fronteiri\u00e7o de pessoas e mercadorias<\/h4>\n<p style=\"text-align: justify;\">Quer seja para turismo, trabalho ou neg\u00f3cios. Quando as pessoas entram em Timor-Leste, \u00e9 papel das Alf\u00e2ndegas garantir que essas pessoas est\u00e3o cientes das regras de importa\u00e7\u00e3o de bens para o pa\u00eds. A Alf\u00e2ndega est\u00e1 empenhada em melhorar a forma como monitoriza e gere o fluxo de pessoas e mercadorias.<\/p>\n[\/vc_column_text][\/vc_column][\/vc_row][vc_row][vc_column width=&#8221;2\/3&#8243;][vc_column_text]\n<h3>Coopera\u00e7\u00e3o Internacional e Desenvolvimento<\/h3>\n<p style=\"text-align: justify;\">Trabalhamos em parceria e coopera\u00e7\u00e3o pr\u00f3xima com uma s\u00e9rie de ag\u00eancias internacionais envolvidas no processo da moderniza\u00e7\u00e3o do mercado. Adquirimos amplo conhecimento e assist\u00eancia t\u00e9cnica dos seguintes doadores:<\/p>\n[\/vc_column_text][vc_empty_space height=&#8221;20px&#8221;][\/vc_column][vc_column width=&#8221;1\/3&#8243;][\/vc_column][\/vc_row][vc_row][vc_column width=&#8221;2\/3&#8243;][vc_column_text]\n<h4>Estados Unidos para o Desenvolvimento Internacional (USAID)<\/h4>\n<p style=\"text-align: justify;\">O objectivo da Actividade de Governa\u00e7\u00e3o do Com\u00e9rcio financiada pela Ag\u00eancia dos Estados Unidos para o Desenvolvimento Internacional (USAID) \u00e9 apoiar o Governo de Timor-Leste a institucionalizar um sistema de com\u00e9rcio moderno e bem governado que seja profissional, transparente, respons\u00e1vel, eficiente, eficaz, receptivo a Timorenses, e em conformidade com as normas e obriga\u00e7\u00f5es internacionais. Esta atividade, que teve in\u00edcio em abril de 2022 e funcionar\u00e1 at\u00e9 agosto de 2025, ajudar\u00e1 o Governo de Timor-Leste a fortalecer a governa\u00e7\u00e3o dos seus sistemas comerciais, incluindo a utiliza\u00e7\u00e3o eficiente e eficaz dos recursos; e estabelecer, implantar e gerenciar uma estrutura adequada \u00e0 finalidade que d\u00ea aos comerciantes e ao setor privado &#8216;voz&#8217; para garantir que o governo seja transparente e respons\u00e1vel perante o p\u00fablico. As pr\u00e1ticas de facilita\u00e7\u00e3o do com\u00e9rcio, incluindo as opera\u00e7\u00f5es alfandeg\u00e1rias, ser\u00e3o modernizadas para garantir a conformidade com as normas e melhores pr\u00e1ticas internacionais, o ambiente legal e regulat\u00f3rio e aumentar ainda mais a capacidade institucional e humana. Uma vez institucionalizado, espera-se que este sistema comercial impulsione o com\u00e9rcio e o crescimento econ\u00f4mico, aumente as receitas do governo, aumente a integra\u00e7\u00e3o regional e internacional, melhore a sustentabilidade, fortale\u00e7a a boa governan\u00e7a e aumente a capacidade de autossufici\u00eancia.<\/p>\n[\/vc_column_text]<div class=\"theme-button-block-wrap wpex-block wpex-clear theme-button-wrap wpex-clr\"><a href=\"https:\/\/www.usaid.gov\/\" class=\"vcex-button theme-txt-link block button-with-top-border\" target=\"_blank\" style=\"font-weight:500;\" rel=\"noopener noreferrer\"><span class=\"theme-button-inner\">Click aqui para saber mais sobre USAID Timor-Leste<span class=\"vcex-icon-wrap theme-button-icon-right\"><span class=\"ticon ticon-angle-right\" aria-hidden=\"true\"><\/span><\/span><\/span><\/a><\/div> [vc_empty_space height=&#8221;20px&#8221;][\/vc_column][vc_column width=&#8221;1\/3&#8243;][vc_row_inner][vc_column_inner width=&#8221;1\/6&#8243;][\/vc_column_inner][vc_column_inner width=&#8221;4\/6&#8243;][vc_single_image image=&#8221;3051&#8243; img_size=&#8221;&#8221;][\/vc_column_inner][vc_column_inner width=&#8221;1\/6&#8243;][\/vc_column_inner][\/vc_row_inner][\/vc_column][\/vc_row][vc_row][vc_column width=&#8221;2\/3&#8243;][vc_column_text]\n<h4>A Confer\u00eancia das Na\u00e7\u00f5es Unidas sobre Com\u00e9rcio e Desenvolvimento (UNCTAD)<\/h4>\n<p>A Confer\u00eancia das Na\u00e7\u00f5es Unidas sobre Com\u00e9rcio e Desenvolvimento (UNCTAD) foi estabelecida em 1964 como \u00f3rg\u00e3o intergovernamental permanente. Em 2017 o Governo, atrav\u00e9s do Conselho de Ministros, aprovou a resolu\u00e7\u00e3o N\u00ba 14\/2017 para estabelecer a Janela \u00danica Nacional, atrav\u00e9s do ASYCUDA world system, que tem sido usado pela Autoridade Aduaneira desde 2018. A UNCTAD fornece \u00e0s Alf\u00e2ndegas as compet\u00eancias para garantir uma maior integra\u00e7\u00e3o econ\u00f3mica, que incluem:<\/p>\n<ul>\n<li>Op\u00e7\u00f5es abrangentes para enfrentar os desafios de desenvolvimento de n\u00edvel macro.<\/li>\n<li>Alcan\u00e7ar uma integra\u00e7\u00e3o ben\u00e9fica no sistema de com\u00e9rcio internacional.<\/li>\n<li>Aumentar acesso a tecnologias digitais que asseguram o alinhamento dos procedimentos locais com as pr\u00e1ticas internacionais, tais como a ASYCUDA.<\/li>\n<li>Aceleramento do fluxo de mercadorias nas fronteiras.<\/li>\n<li style=\"text-align: justify;\">Limitar os regulamentos que travam a concorr\u00eancia.<\/li>\n<\/ul>\n[\/vc_column_text]<div class=\"theme-button-block-wrap wpex-block wpex-clear theme-button-wrap wpex-clr\"><a href=\"https:\/\/unctad.org\/\" class=\"vcex-button theme-txt-link block button-with-top-border\" target=\"_blank\" rel=\"noopener noreferrer\"><span class=\"theme-button-inner\">Click aqui para saber mais sobre a UNCTAD<span class=\"vcex-icon-wrap theme-button-icon-right\"><span class=\"ticon ticon-angle-right\" aria-hidden=\"true\"><\/span><\/span><\/span><\/a><\/div> [vc_empty_space height=&#8221;20px&#8221;][\/vc_column][vc_column width=&#8221;1\/3&#8243;][vc_row_inner][vc_column_inner width=&#8221;1\/6&#8243;][\/vc_column_inner][vc_column_inner width=&#8221;4\/6&#8243;][vc_single_image image=&#8221;1894&#8243; img_size=&#8221;&#8221; alignment=&#8221;center&#8221;][\/vc_column_inner][vc_column_inner width=&#8221;1\/6&#8243;][\/vc_column_inner][\/vc_row_inner][\/vc_column][\/vc_row][vc_row][vc_column width=&#8221;2\/3&#8243;][vc_column_text]\n<h4>Asian Development Bank (ADB)<\/h4>\n<p>A parceria nacional do Banco de Desenvolvimento Asi\u00e1tico (ADB) com Timor-Leste, foca-se na remo\u00e7\u00e3o das restri\u00e7\u00f5es infraestruturais bem como no capital humano. O ADB forneceu in\u00fameras publica\u00e7\u00f5es e relat\u00f3rios, que t\u00eam ajudado os criadores de politicas a formular melhores solu\u00e7\u00f5es para alguns dos principais desafios de Timor-Leste.<\/p>\n<p style=\"text-align: justify;\">Desde 1999 que o ADB concedeu empr\u00e9stimos, garantias e assist\u00eancia t\u00e9cnica no valor de $434.21 milh\u00f5es de d\u00f3lares, a Timor-Leste. A colabora\u00e7\u00e3o recente do ADB a Timor Leste centrou-se na melhoria da conectividade de transportes, de modo a reduzir as desigualdades, melhorando o fornecimento de \u00e1gua e saneamento para melhorar das condi\u00e7\u00f5es de sa\u00fade, refinando a educa\u00e7\u00e3o e a forma\u00e7\u00e3o para localizar a escassez de compet\u00eancias, investimento em cadeias de valor agr\u00edcola, para impulsionar a prosperidade rural e expandir servi\u00e7os financeiros para estimular um crescimento inclusivo. O ADB auxiliou Timor Leste na reabilita\u00e7\u00e3o ou melhoria, de 126 km de estradas nacionais, e mais 202 km de estradas nacionais e distritais, ser\u00e3o melhoradas em 2022.<\/p>\n[\/vc_column_text]<div class=\"theme-button-block-wrap wpex-block wpex-clear theme-button-wrap wpex-clr\"><a href=\"https:\/\/www.adb.org\/\" class=\"vcex-button theme-txt-link block button-with-top-border\" target=\"_blank\" rel=\"noopener noreferrer\"><span class=\"theme-button-inner\">Saiba mais sobre ADB aqui<span class=\"vcex-icon-wrap theme-button-icon-right\"><span class=\"ticon ticon-angle-right\" aria-hidden=\"true\"><\/span><\/span><\/span><\/a><\/div> [vc_empty_space height=&#8221;20px&#8221;][\/vc_column][vc_column width=&#8221;1\/3&#8243;][vc_row_inner][vc_column_inner width=&#8221;1\/6&#8243;][\/vc_column_inner][vc_column_inner width=&#8221;4\/6&#8243;][vc_single_image image=&#8221;1892&#8243;][\/vc_column_inner][vc_column_inner width=&#8221;1\/6&#8243;][\/vc_column_inner][\/vc_row_inner][\/vc_column][\/vc_row][vc_row][vc_column width=&#8221;2\/3&#8243;][vc_column_text]\n<h4>Deutsche Gesellschaft f\u016fr Internationale Zusammenarbeit (GIZ)<\/h4>\n<p style=\"text-align: justify;\">TO Deutsche Gesellschaft f\u00fcr Internationale Zusammenarbeit (GIZ) dotou fundos ao projeto de Aconselhamento e Treino das Ind\u00fastrias Mar\u00edtimas de Timor-Leste (ATMI-TLS II), que visa fortalecer as capacidades institucionais e pessoais dos quadros de gest\u00e3o mar\u00edtima e das institui\u00e7\u00f5es de forma\u00e7\u00e3oprofissional ligadas ao sector mar\u00edtimo timorense em concord\u00e2ncia com os padr\u00f5es internacionais. O projecto de Assessoria e Forma\u00e7\u00e3o \u00e0s Ind\u00fastrias Relacionadas com o Mar, visa o refor\u00e7o da nova administra\u00e7\u00e3o mar\u00edtima do pa\u00eds e a melhoria dos procedimentos do sector mar\u00edtimo, de acordo com os padr\u00f5es internacionais. O transporte mar\u00edtimo \u00e9 extremamente importante para o desenvolvimento econ\u00f3mico de Timor-Leste e para a integra\u00e7\u00e3o de \u00e1reas remotas do pa\u00eds. A expans\u00e3o da infraestrutura de transportes \u00e9 essencial para o crescimento econ\u00f3mico e aumento do emprego no turismo, na pesca e log\u00edstica.<\/p>\n[\/vc_column_text]<div class=\"theme-button-block-wrap wpex-block wpex-clear theme-button-wrap wpex-clr\"><a href=\"https:\/\/www.giz.de\/en\/html\/index.html\" class=\"vcex-button theme-txt-link block button-with-top-border\" target=\"_blank\" rel=\"noopener noreferrer\"><span class=\"theme-button-inner\">Saiba mais sobre a ATMI-TLS aqui<span class=\"vcex-icon-wrap theme-button-icon-right\"><span class=\"ticon ticon-angle-right\" aria-hidden=\"true\"><\/span><\/span><\/span><\/a><\/div> [\/vc_column][vc_column width=&#8221;1\/3&#8243;][vc_row_inner][vc_column_inner width=&#8221;1\/6&#8243;][\/vc_column_inner][vc_column_inner width=&#8221;4\/6&#8243;][vc_single_image image=&#8221;1893&#8243;][\/vc_column_inner][vc_column_inner width=&#8221;1\/6&#8243;][\/vc_column_inner][\/vc_row_inner][\/vc_column][\/vc_row][vc_row][vc_column][vc_column_text]\n[\/vc_column_text][\/vc_column][\/vc_row]\n<\/div>","protected":false},"excerpt":{"rendered":"Moderniza\u00e7\u00e3o em curso Desde 2017, a Autoridade Aduaneira tem sofrido grandes reformas estruturais e fiscais, para modernizar e profissionalizar o modo de trabalhar. Isto inclui: Atualiza\u00e7\u00e3o das leis que governam as Atividades Aduaneiras Incorporar novos sistemas IT nas atividades de&hellip;","protected":false},"author":8,"featured_media":6904,"parent":7450,"menu_order":0,"comment_status":"open","ping_status":"open","template":"","meta":{"inline_featured_image":false,"footnotes":""},"class_list":["post-7453","page","type-page","status-publish","has-post-thumbnail","hentry","entry","has-media"],"_links":{"self":[{"href":"https:\/\/customs.gov.tl\/pt-pt\/wp-json\/wp\/v2\/pages\/7453","targetHints":{"allow":["GET"]}}],"collection":[{"href":"https:\/\/customs.gov.tl\/pt-pt\/wp-json\/wp\/v2\/pages"}],"about":[{"href":"https:\/\/customs.gov.tl\/pt-pt\/wp-json\/wp\/v2\/types\/page"}],"author":[{"embeddable":true,"href":"https:\/\/customs.gov.tl\/pt-pt\/wp-json\/wp\/v2\/users\/8"}],"replies":[{"embeddable":true,"href":"https:\/\/customs.gov.tl\/pt-pt\/wp-json\/wp\/v2\/comments?post=7453"}],"version-history":[{"count":4,"href":"https:\/\/customs.gov.tl\/pt-pt\/wp-json\/wp\/v2\/pages\/7453\/revisions"}],"predecessor-version":[{"id":11359,"href":"https:\/\/customs.gov.tl\/pt-pt\/wp-json\/wp\/v2\/pages\/7453\/revisions\/11359"}],"up":[{"embeddable":true,"href":"https:\/\/customs.gov.tl\/pt-pt\/wp-json\/wp\/v2\/pages\/7450"}],"wp:featuredmedia":[{"embeddable":true,"href":"https:\/\/customs.gov.tl\/pt-pt\/wp-json\/wp\/v2\/media\/6904"}],"wp:attachment":[{"href":"https:\/\/customs.gov.tl\/pt-pt\/wp-json\/wp\/v2\/media?parent=7453"}],"curies":[{"name":"wp","href":"https:\/\/api.w.org\/{rel}","templated":true}]}}