{"id":7452,"date":"2021-08-01T17:42:52","date_gmt":"2021-08-01T17:42:52","guid":{"rendered":"https:\/\/sandbox.ittimor.com\/cust\/meet-the-team\/"},"modified":"2024-09-30T09:40:36","modified_gmt":"2024-09-30T00:40:36","slug":"meet-the-team","status":"publish","type":"page","link":"https:\/\/customs.gov.tl\/pt-pt\/about-us\/meet-the-team\/","title":{"rendered":"Conhe\u00e7a o Comiss\u00e1rio"},"content":{"rendered":"<div class=\"wpb-content-wrapper\">[vc_row][vc_column][vc_empty_space][\/vc_column][\/vc_row][vc_row full_width=&#8221;stretch_row&#8221; content_placement=&#8221;top&#8221; gap=&#8221;30&#8243; remove_bottom_col_margin=&#8221;true&#8221; el_class=&#8221;team-row-1&#8243;][vc_column width=&#8221;5\/12&#8243;]<div class=\"vcex-module vcex-image-banner wpex-relative wpex-overflow-hidden wpex-max-w-100 wpex-bg-gray-900 wpex-text-white wpex-float-center wpex-text-center team-img\" ><span class=\"vcex-ib-img wpex-block wpex-z-1 wpex-transition-all wpex-duration-500 wpex-bg-cover wpex-absolute wpex-inset-0\" style=\"background-image:url(https:\/\/customs.gov.tl\/wp-content\/uploads\/2024\/09\/Commisisoner-Joanico-fot-scaled.jpg);background-position:center center;\"><\/span><div class=\"vcex-ib-overlay wpex-absolute wpex-z-5 wpex-inset-0 wpex-transition-all wpex-duration-500\"><div class=\"vcex-ib-overlay-bg wpex-absolute wpex-inset-0 wpex-bg-black wpex-opacity-30\" style=\"background:#0f1a40;opacity:.25;\"><\/div><\/div><div class=\"vcex-ib-content-wrap wpex-z-10 wpex-w-100 wpex-transition-all wpex-duration-500 wpex-relative wpex-clr\"><div class=\"vcex-ib-content wpex-mx-auto wpex-clr\"><\/div><\/div><\/div>[vc_row_inner remove_bottom_col_margin=&#8221;true&#8221;][vc_column_inner width=&#8221;1\/4&#8243;][\/vc_column_inner][vc_column_inner width=&#8221;1\/2&#8243; css=&#8221;.vc_custom_1620536962997{padding-bottom: 14px !important;background-color: #af1e33 !important;}&#8221;][\/vc_column_inner][vc_column_inner width=&#8221;1\/4&#8243;][\/vc_column_inner][\/vc_row_inner][vc_row_inner][vc_column_inner width=&#8221;7\/12&#8243;][\/vc_column_inner][vc_column_inner width=&#8221;5\/12&#8243; css=&#8221;.vc_custom_1621848559728{padding-top: 20px !important;}&#8221;][vc_column_text]<strong>Joanico Pinto<\/strong><br \/>\nComiss\u00e1rio[\/vc_column_text][\/vc_column_inner][\/vc_row_inner][\/vc_column][vc_column width=&#8221;7\/12&#8243; css=&#8221;.vc_custom_1626054395209{margin-top: -80px !important;}&#8221;][vc_column_text el_class=&#8221;job-title&#8221;]Comiss\u00e1rio da Autoridade Aduaneira[\/vc_column_text][vc_column_text el_class=&#8221;team-name&#8221;]\n<h3 style=\"text-align: justify;\">Joanico Pinto<\/h3>\n[\/vc_column_text][vc_column_text]Nomeado Comiss\u00e1rio da Autoridade Aduaneira em 6 de Setembro de 2024, sob a Resolu\u00e7\u00e3o do Governo N\u00ba 48\/2024, o Comiss\u00e1rio Joanico Pinto lidera os esfor\u00e7os da institui\u00e7\u00e3o para melhorar a efici\u00eancia e transpar\u00eancia das opera\u00e7\u00f5es aduaneiras. Com forma\u00e7\u00e3o em gest\u00e3o financeira p\u00fablica, o Comiss\u00e1rio Pinto est\u00e1 comprometido com a melhoria da presta\u00e7\u00e3o de servi\u00e7os, cole\u00e7\u00e3o de receitas e seguran\u00e7a nas fronteiras para apoiar o crescimento econ\u00f4mico de Timor-Leste.<\/p>\n<p><strong>Principais Responsabilidades:<\/strong><\/p>\n<ul>\n<li>Supervisionar a implementa\u00e7\u00e3o das regulamenta\u00e7\u00f5es aduaneiras conforme estabelecido no Decreto-Lei N\u00ba 2\/2020.<\/li>\n<li>Gerir as opera\u00e7\u00f5es aduaneiras, garantindo a conformidade com as leis nacionais e pol\u00edticas governamentais.<\/li>\n<li>Supervisionar inspe\u00e7\u00f5es e garantir a ades\u00e3o ao C\u00f3digo de Conduta Aduaneira.<\/li>\n<li>Coordenar com \u00f3rg\u00e3os nacionais e internacionais em quest\u00f5es de alf\u00e2ndega e facilita\u00e7\u00e3o do com\u00e9rcio.<\/li>\n<\/ul>\n<p><strong>Forma\u00e7\u00e3o e Antecedentes Profissionais<\/strong><\/p>\n<p>O Comiss\u00e1rio Pinto possui uma licenciatura em Economia e concluiu forma\u00e7\u00f5es avan\u00e7adas em gest\u00e3o financeira p\u00fablica, aquisi\u00e7\u00f5es e lideran\u00e7a, incluindo programas do FMI, Banco Mundial, KOICA, ADB, OCDE, PEMNA, JICA, UE e FISC.<\/p>\n<p><strong>Vis\u00e3o<\/strong><\/p>\n<p>O Comiss\u00e1rio Pinto foca-se na moderniza\u00e7\u00e3o das opera\u00e7\u00f5es aduaneiras, na introdu\u00e7\u00e3o de tecnologia para otimizar servi\u00e7os e na promo\u00e7\u00e3o de uma cultura de transpar\u00eancia e responsabilidade dentro da Autoridade Aduaneira.[\/vc_column_text]<div class=\"vcex-spacing wpex-w-100 wpex-clear\" style=\"height:30px\"><\/div>[\/vc_column][\/vc_row][vc_row][vc_column][vc_empty_space][\/vc_column][\/vc_row]\n<\/div>","protected":false},"excerpt":{"rendered":"<p>[vc_row][vc_column][vc_empty_space][\/vc_column][\/vc_row][vc_row full_width=&#8221;stretch_row&#8221; content_placement=&#8221;top&#8221; gap=&#8221;30&#8243; remove_bottom_col_margin=&#8221;true&#8221; el_class=&#8221;team-row-1&#8243;][vc_column width=&#8221;5\/12&#8243;][vc_row_inner remove_bottom_col_margin=&#8221;true&#8221;][vc_column_inner width=&#8221;1\/4&#8243;][\/vc_column_inner][vc_column_inner width=&#8221;1\/2&#8243; css=&#8221;.vc_custom_1620536962997{padding-bottom: 14px !important;background-color: #af1e33 !important;}&#8221;][\/vc_column_inner][vc_column_inner width=&#8221;1\/4&#8243;][\/vc_column_inner][\/vc_row_inner][vc_row_inner][vc_column_inner width=&#8221;7\/12&#8243;][\/vc_column_inner][vc_column_inner width=&#8221;5\/12&#8243; css=&#8221;.vc_custom_1621848559728{padding-top: 20px !important;}&#8221;][vc_column_text]Joanico Pinto Comiss\u00e1rio[\/vc_column_text][\/vc_column_inner][\/vc_row_inner][\/vc_column][vc_column width=&#8221;7\/12&#8243; css=&#8221;.vc_custom_1626054395209{margin-top: -80px !important;}&#8221;][vc_column_text el_class=&#8221;job-title&#8221;]Comiss\u00e1rio da Autoridade Aduaneira[\/vc_column_text][vc_column_text el_class=&#8221;team-name&#8221;] Joanico Pinto [\/vc_column_text][vc_column_text]Nomeado Comiss\u00e1rio da Autoridade Aduaneira em&hellip;<\/p>\n","protected":false},"author":8,"featured_media":0,"parent":7450,"menu_order":0,"comment_status":"open","ping_status":"closed","template":"","meta":{"inline_featured_image":false,"footnotes":""},"class_list":["post-7452","page","type-page","status-publish","hentry","entry","no-media"],"_links":{"self":[{"href":"https:\/\/customs.gov.tl\/pt-pt\/wp-json\/wp\/v2\/pages\/7452","targetHints":{"allow":["GET"]}}],"collection":[{"href":"https:\/\/customs.gov.tl\/pt-pt\/wp-json\/wp\/v2\/pages"}],"about":[{"href":"https:\/\/customs.gov.tl\/pt-pt\/wp-json\/wp\/v2\/types\/page"}],"author":[{"embeddable":true,"href":"https:\/\/customs.gov.tl\/pt-pt\/wp-json\/wp\/v2\/users\/8"}],"replies":[{"embeddable":true,"href":"https:\/\/customs.gov.tl\/pt-pt\/wp-json\/wp\/v2\/comments?post=7452"}],"version-history":[{"count":7,"href":"https:\/\/customs.gov.tl\/pt-pt\/wp-json\/wp\/v2\/pages\/7452\/revisions"}],"predecessor-version":[{"id":16157,"href":"https:\/\/customs.gov.tl\/pt-pt\/wp-json\/wp\/v2\/pages\/7452\/revisions\/16157"}],"up":[{"embeddable":true,"href":"https:\/\/customs.gov.tl\/pt-pt\/wp-json\/wp\/v2\/pages\/7450"}],"wp:attachment":[{"href":"https:\/\/customs.gov.tl\/pt-pt\/wp-json\/wp\/v2\/media?parent=7452"}],"curies":[{"name":"wp","href":"https:\/\/api.w.org\/{rel}","templated":true}]}}