{"id":7449,"date":"2021-08-01T17:42:26","date_gmt":"2021-08-01T17:42:26","guid":{"rendered":"https:\/\/sandbox.ittimor.com\/cust\/hotline-pt\/"},"modified":"2022-12-21T06:44:58","modified_gmt":"2022-12-21T06:44:58","slug":"hotline-pt","status":"publish","type":"page","link":"https:\/\/customs.gov.tl\/pt-pt\/hotline-pt\/","title":{"rendered":"Linha de Apoio"},"content":{"rendered":"<div class=\"wpb-content-wrapper\">[vc_row full_width=&#8221;stretch_row&#8221; css=&#8221;.vc_custom_1620635346357{background-color: #e3a427 !important;}&#8221; el_class=&#8221;hotline-wrapper&#8221;][vc_column][vc_row_inner el_class=&#8221;hotline-inner-wrapper&#8221;][vc_column_inner el_class=&#8221;hotline-inner-left&#8221; width=&#8221;1\/2&#8243; css=&#8221;.vc_custom_1622700385269{background-image: url(https:\/\/customs.gov.tl\/wp-content\/uploads\/2021\/05\/hotline_key_visual.jpg?id=1234) !important;background-position: center !important;background-repeat: no-repeat !important;background-size: cover !important;}&#8221; offset=&#8221;vc_col-lg-8 vc_col-md-6&#8243;][vc_column_text]\n<h2>Ajude-nos na Luta<br \/>\nContra o Crime.<\/h2>\n[\/vc_column_text][\/vc_column_inner][vc_column_inner el_class=&#8221;hotline-inner-right&#8221; width=&#8221;1\/2&#8243; css=&#8221;.vc_custom_1622700411065{background-color: #0f1b3f !important;}&#8221; offset=&#8221;vc_col-lg-4 vc_col-md-6&#8243;][vc_column_text el_class=&#8221;hotline-label&#8221;]\n<p style=\"text-align: center;\">Linha de Apoio<\/p>\n[\/vc_column_text][vc_column_text el_class=&#8221;hotline-phone&#8221;]\n<p style=\"text-align: center;\"><span class=\"ticon ticon-phone\"><\/span> Ligue <strong>12200<\/strong><\/p>\n[\/vc_column_text][vc_column_text el_class=&#8221;hotline-subtitle&#8221;]\n<p style=\"text-align: center;\">Todas as chamadas s\u00e3o gr\u00e1tis e An\u00f3nimas<\/p>\n[\/vc_column_text][vc_single_image image=&#8221;8448&#8243; img_size=&#8221;&#8221; alignment=&#8221;center&#8221; onclick=&#8221;custom_link&#8221; link=&#8221;#hotline-play&#8221; el_class=&#8221;hotline-youtube-icon youtubeplay&#8221;][vc_column_text el_class=&#8221;youtubeplay&#8221;]\n<p style=\"text-align: center;\"><a title=\"\" href=\"https:\/\/www.youtube.com\/watch?v=71Vs3B3V2-I\" rel=\"wp-video-lightbox\">Clique aqui para ver o v\u00eddeo<\/a><\/p>\n[\/vc_column_text][\/vc_column_inner][\/vc_row_inner][\/vc_column][\/vc_row][vc_row content_placement=&#8221;middle&#8221; css=&#8221;.vc_custom_1621174563537{padding-top: 40px !important;}&#8221;][vc_column width=&#8221;8\/12&#8243;][vc_column_text]Bem como ajudar a proteger a nossa sociedade de produtos proibidos e ilegais, recolhemos receitas em nome do governo que permitem pagar por servi\u00e7os essenciais, tais como a Sa\u00fade, Educa\u00e7\u00e3o e Infraestruturas. Apesar de muitos importadores ou exportadores tentarem cumprir as regras e regulamentos, e de pagarem a sua quota parte do que \u00e9 devido, alguns criminosos continuam a operar em Timor-Leste e no estrangeiro, tentando roubar-nos milh\u00f5es de d\u00f3lares todos os anos. Precisamos da sua ajuda para combater estes criminosos![\/vc_column_text][\/vc_column][vc_column width=&#8221;1\/12&#8243;][\/vc_column][vc_column width=&#8221;3\/12&#8243;]<div class=\"templatera_shortcode\"><div class=\"vc_row wpb_row vc_row-fluid\"><div class=\"wpb_column vc_column_container vc_col-sm-12\"><div class=\"vc_column-inner\"><div class=\"wpb_wrapper\">\n\t<div class=\"wpb_text_column wpb_content_element social-share\" >\n\t\t<div class=\"wpb_wrapper\">\n\t\t\t<h5>Partilhe esta p\u00e1gina<\/h5>\n\n\t\t<\/div>\n\t<\/div>\n\n<div class=\"vcex-module vcex-social-share\">\n\n\t<div class=\"wpex-social-share style-flat position-horizontal\" data-source=\"https%3A%2F%2Fcustoms.gov.tl%2Fpt-pt%2F\" data-url=\"https%3A%2F%2Fcustoms.gov.tl%2Fpt-pt%2Fwp-json%2Fwp%2Fv2%2Fpages%2F7449%2F\" data-title=\"Archives\" data-email-subject=\"I wanted you to see this link\" data-email-body=\"I wanted you to see this link https%3A%2F%2Fcustoms.gov.tl%2Fpt-pt%2Fwp-json%2Fwp%2Fv2%2Fpages%2F7449%2F\" data-specs=\"menubar=no,toolbar=no,resizable=yes,scrollbars=yes,height=600,width=600\">\n\t<ul class=\"wpex-social-share__list\">\n\n\t\t\n\t\t\t\t<li class=\"wpex-social-share__item custom-print\">\n\n\t\t\t\t\t\n\t\t\t\t\t\t<a href=\"#print\" role=\"button\" class=\"wpex-social-share__link\">\n\n\t\t\t\t\t\n\t\t\t\t\t\t<img decoding=\"async\" src=\"http:\/\/customs.gov.tl\/wp-content\/uploads\/2021\/05\/icon-print.svg\" \/>\n\t\t\t\t\t\t\t\t\t\t\t\t\t<span class=\"wpex-social-share__label wpex-label\">Print<\/span>\n\t\t\t\t\t\t\n\t\t\t\t\t<\/a>\n\n\t\t\t\t<\/li>\n\n\t\t\t\n\t\t\t\t<li class=\"wpex-social-share__item wpex-email\">\n\n\t\t\t\t\t\n\t\t\t\t\t\t<a href=\"#\" role=\"button\" class=\"wpex-social-share__link\">\n\n\t\t\t\t\t\n\t\t\t\t\t\t<img decoding=\"async\" src=\"http:\/\/customs.gov.tl\/wp-content\/uploads\/2021\/05\/icon-envelope.svg\" \/>\n\t\t\t\t\t\t\t\t\t\t\t\t\t<span class=\"wpex-social-share__label wpex-label\">Email<\/span>\n\t\t\t\t\t\t\n\t\t\t\t\t<\/a>\n\n\t\t\t\t<\/li>\n\n\t\t\t\n\t\t\t\t<li class=\"wpex-social-share__item wpex-facebook\">\n\n\t\t\t\t\t\n\t\t\t\t\t\t<a href=\"#\" role=\"button\" class=\"wpex-social-share__link\">\n\n\t\t\t\t\t\n\t\t\t\t\t\t<img decoding=\"async\" src=\"http:\/\/customs.gov.tl\/wp-content\/uploads\/2021\/05\/icon-facebook.svg\" \/>\n\t\t\t\t\t\t\t\t\t\t\t\t\t<span class=\"wpex-social-share__label wpex-label\">Share<\/span>\n\t\t\t\t\t\t\n\t\t\t\t\t<\/a>\n\n\t\t\t\t<\/li>\n\n\t\t\t\n\t\t\t\t<li class=\"wpex-social-share__item wpex-linkedin\">\n\n\t\t\t\t\t\n\t\t\t\t\t\t<a href=\"#\" role=\"button\" class=\"wpex-social-share__link\">\n\n\t\t\t\t\t\n\t\t\t\t\t\t<img decoding=\"async\" src=\"http:\/\/customs.gov.tl\/wp-content\/uploads\/2021\/05\/icon-linkedin.svg\" \/>\n\t\t\t\t\t\t\t\t\t\t\t\t\t<span class=\"wpex-social-share__label wpex-label\">Share<\/span>\n\t\t\t\t\t\t\n\t\t\t\t\t<\/a>\n\n\t\t\t\t<\/li>\n\n\t\t\t\n\t<\/ul>\n\n\t<\/div>\n\n<\/div><\/div><\/div><\/div><\/div>\r\n<\/div>[\/vc_column][\/vc_row][vc_row full_width=&#8221;stretch_row&#8221; content_placement=&#8221;middle&#8221; remove_bottom_col_margin=&#8221;true&#8221; css=&#8221;.vc_custom_1620648592296{background-color: #e1ecf9 !important;}&#8221;][vc_column width=&#8221;3\/12&#8243; css=&#8221;.vc_custom_1622695856241{background-position: center !important;background-repeat: no-repeat !important;background-size: cover !important;}&#8221;]<figure class=\"vcex-image vcex-module wpex-clr\"><div class=\"vcex-image-inner wpex-inline-block wpex-relative\"><img decoding=\"async\" loading=\"lazy\" class=\"wpex-align-middle\" src=\"https:\/\/customs.gov.tl\/wp-content\/uploads\/2021\/05\/ramos_horta.jpg\" alt=\"\" width=\"260\" height=\"396\" \/><\/div><\/figure>[\/vc_column][vc_column width=&#8221;8\/12&#8243;][vc_column_text font_size=&#8221;21px&#8221; line_height=&#8221;36px&#8221; css=&#8221;.vc_custom_1622696296141{padding-top: 30px !important;padding-bottom: 30px !important;}&#8221;]<strong><em><span style=\"font-size: 21px;\">\u201cDepois da nossa luta pela independ\u00eancia, emergimos como uma nova na\u00e7\u00e3o cheia de esperan\u00e7as, ideias, cultura, e temos um futuro risonho \u00e0 nossa frente. Mas apesar de todo o nosso esfor\u00e7o e sacrif\u00edcios para construir uma vida melhor para n\u00f3s e para as nossas fam\u00edlias, criminosos continuam a roubar-nos milh\u00f5es de d\u00f3lares todos os anos. Este dinheiro poderia ser usado para custear melhor Educa\u00e7\u00e3o, melhores cuidados de sa\u00fade, estradas mais seguras e novas infraestruturas. Est\u00e1 na nossa hora. \u00c9 tempo de trabalharmos juntos. \u00c9 tempo de ripostarmos.\u201d<\/span><\/em><\/strong><\/p>\n<p><span style=\"font-size: 21px;\">\u2014 Dr. Ramos-Horta<\/span>[\/vc_column_text][\/vc_column][vc_column width=&#8221;1\/12&#8243;][\/vc_column][\/vc_row][vc_row css=&#8221;.vc_custom_1622445243235{margin-top: 50px !important;}&#8221;][vc_column width=&#8221;8\/12&#8243;][vc_column_text]\n<h4>N\u00e3o tenho a certeza de ser ilegal!<\/h4>\n<p>\u00c0s vezes, vemos ou ouvimos coisas que sabemos que n\u00e3o s\u00e3o corretas, mas n\u00e3o podemos Por vezes assistimos a coisas que sabemos n\u00e3o serem corretas, mas que n\u00e3o temos a certeza de serem ilegais. Nestes casos, denuncie de qualquer forma atrav\u00e9s do n\u00famero 12200 ou atrav\u00e9s do <a href=\"https:\/\/caid.customs.gov.tl\/web-form\" target=\"_blank\" rel=\"noopener\"><strong>formul\u00e1rio online<\/strong><\/a>.[\/vc_column_text][vc_empty_space height=&#8221;64px&#8221;][vc_column_text]\n<h4>Que tipo de informa\u00e7\u00e3o devo incluir?<\/h4>\n<p>\u00c9 importante que inclua o m\u00e1ximo de informa\u00e7\u00e3o poss\u00edvel, mesmo que n\u00e3o a considere relevante. Mesmo que estas actividades j\u00e1 tenham sucedido, deve na mesma report\u00e1-las. N\u00e3o se preocupe de n\u00e3o ter todas as respostas, reporte apenas a informa\u00e7\u00e3o que possa ter. Sempre que poss\u00edvel, por favor inclua:[\/vc_column_text][\/vc_column][vc_column width=&#8221;4\/12&#8243;][\/vc_column][\/vc_row][vc_row equal_height=&#8221;yes&#8221; el_class=&#8221;hotline-iconboxes&#8221;][vc_column width=&#8221;11\/12&#8243;][vc_row_inner remove_bottom_col_margin=&#8221;true&#8221;][vc_column_inner width=&#8221;1\/3&#8243; offset=&#8221;vc_col-lg-1\/5 vc_col-md-4 vc_col-xs-4&#8243; css=&#8221;.vc_custom_1622701492650{margin-bottom: 20px !important;}&#8221;]<div class=\"vcex-module vcex-icon-box vcex-icon-box-two wpex-relative wpex-text-center\"><div class=\"vcex-icon-box-symbol wpex-mb-20\"><img decoding=\"async\" loading=\"lazy\" class=\"vcex-icon-box-image wpex-align-middle\" src=\"https:\/\/customs.gov.tl\/wp-content\/uploads\/2021\/08\/who-2.svg\" alt=\"\" width=\"126\" height=\"126\" \/><\/a><\/div><div class=\"vcex-icon-box-text\"><h2 class=\"vcex-icon-box-heading wpex-heading wpex-text-md wpex-mb-10\">Quem est\u00e1 envolvido?<\/h2><div class=\"vcex-icon-box-content wpex-last-mb-0 wpex-clr\"><p>Por favor indique os nomes ou detalhes de empresas ou neg\u00f3cios envolvidos. Quantos mais detalhes nos providenciar, melhores hip\u00f3teses teremos de identificar quem esteja envolvido.<\/p>\n<\/div><\/div><\/div>[\/vc_column_inner][vc_column_inner width=&#8221;1\/3&#8243; offset=&#8221;vc_col-lg-1\/5 vc_col-md-4 vc_col-xs-4&#8243; css=&#8221;.vc_custom_1622701515988{margin-bottom: 20px !important;}&#8221;]<div class=\"vcex-module vcex-icon-box vcex-icon-box-two wpex-relative wpex-text-center\"><div class=\"vcex-icon-box-symbol wpex-mb-20\"><img decoding=\"async\" loading=\"lazy\" class=\"vcex-icon-box-image wpex-align-middle\" src=\"https:\/\/customs.gov.tl\/wp-content\/uploads\/2021\/08\/what-3.svg\" alt=\"\" width=\"126\" height=\"126\" \/><\/a><\/div><div class=\"vcex-icon-box-text\"><h2 class=\"vcex-icon-box-heading wpex-heading wpex-text-md wpex-mb-10\">O que est\u00e1 a acontecer?<\/h2><div class=\"vcex-icon-box-content wpex-last-mb-0 wpex-clr\"><p>Por exemplo: tr\u00e1fico; sub-valoriza\u00e7\u00e3o de produtos; Documentos falsos; corrup\u00e7\u00e3o; etc.<\/p>\n<\/div><\/div><\/div>[\/vc_column_inner][vc_column_inner width=&#8221;1\/3&#8243; offset=&#8221;vc_col-lg-1\/5 vc_col-md-4 vc_col-xs-4&#8243; css=&#8221;.vc_custom_1622701527038{margin-bottom: 20px !important;}&#8221;]<div class=\"vcex-module vcex-icon-box vcex-icon-box-two wpex-relative wpex-text-center\"><div class=\"vcex-icon-box-symbol wpex-mb-20\"><img decoding=\"async\" loading=\"lazy\" class=\"vcex-icon-box-image wpex-align-middle\" src=\"https:\/\/customs.gov.tl\/wp-content\/uploads\/2021\/08\/when-2.svg\" alt=\"\" width=\"126\" height=\"126\" \/><\/a><\/div><div class=\"vcex-icon-box-text\"><h2 class=\"vcex-icon-box-heading wpex-heading wpex-text-md wpex-mb-10\">Quando aconteceu\/ acontecer\u00e1?<\/h2><div class=\"vcex-icon-box-content wpex-last-mb-0 wpex-clr\"><p>Por favor,indique datas e horas se poss\u00edvel.<\/p>\n<\/div><\/div><\/div>[\/vc_column_inner][vc_column_inner width=&#8221;1\/3&#8243; offset=&#8221;vc_col-lg-1\/5 vc_col-md-4 vc_col-xs-4&#8243;]<div class=\"vcex-module vcex-icon-box vcex-icon-box-two wpex-relative wpex-text-center\"><div class=\"vcex-icon-box-symbol wpex-mb-20\"><img decoding=\"async\" loading=\"lazy\" class=\"vcex-icon-box-image wpex-align-middle\" src=\"https:\/\/customs.gov.tl\/wp-content\/uploads\/2021\/08\/where-2.svg\" alt=\"\" width=\"126\" height=\"126\" \/><\/a><\/div><div class=\"vcex-icon-box-text\"><h2 class=\"vcex-icon-box-heading wpex-heading wpex-text-md wpex-mb-10\">Onde aconteceu ou ir\u00e1 acontecer?<\/h2><div class=\"vcex-icon-box-content wpex-last-mb-0 wpex-clr\"><p>Por favor, indique uma morada ou uma descri\u00e7\u00e3o do local.<\/p>\n<\/div><\/div><\/div>[\/vc_column_inner][vc_column_inner width=&#8221;1\/3&#8243; offset=&#8221;vc_col-lg-1\/5 vc_col-md-4 vc_col-xs-4&#8243;]<div class=\"vcex-module vcex-icon-box vcex-icon-box-two wpex-relative wpex-text-center\"><div class=\"vcex-icon-box-symbol wpex-mb-20\"><img decoding=\"async\" loading=\"lazy\" class=\"vcex-icon-box-image wpex-align-middle\" src=\"https:\/\/customs.gov.tl\/wp-content\/uploads\/2021\/08\/why-3.svg\" alt=\"\" width=\"126\" height=\"126\" \/><\/a><\/div><div class=\"vcex-icon-box-text\"><h2 class=\"vcex-icon-box-heading wpex-heading wpex-text-md wpex-mb-10\">Porque considera a a\u00e7\u00e3o suspeita?<\/h2><div class=\"vcex-icon-box-content wpex-last-mb-0 wpex-clr\"><p>Por favor, indique porque considera que esta atividade possa ser ilegal.<\/p>\n<\/div><\/div><\/div>[\/vc_column_inner][\/vc_row_inner][\/vc_column][vc_column width=&#8221;1\/12&#8243;][\/vc_column][\/vc_row][vc_row][vc_column width=&#8221;8\/12&#8243;][vc_column_text]\n<h4>N\u00e3o tenho a certeza de ser ilegal!<\/h4>\n<p>\u00c0s vezes, vemos ou ouvimos coisas que sabemos que n\u00e3o s\u00e3o corretas, mas n\u00e3o podemos Por vezes assistimos a coisas que sabemos n\u00e3o serem corretas, mas que n\u00e3o temos a certeza de serem ilegais. Nestes casos, denuncie de qualquer forma atrav\u00e9s do n\u00famero 12200 ou atrav\u00e9s do <a href=\"https:\/\/caid.customs.gov.tl\/web-form\" target=\"_blank\" rel=\"noopener\"><strong>formul\u00e1rio online<\/strong><\/a>.[\/vc_column_text][vc_empty_space height=&#8221;64px&#8221;][vc_column_text]\n<h4>N\u00e3o tenho a certeza se est\u00e1 relacionado com as alf\u00e2ndegas!<\/h4>\n<p>Em alguns casos, poder\u00e1 n\u00e3o ter a certeza de qual \u00e9 a institui\u00e7\u00e3o que deve contactar. Como uma institui\u00e7\u00e3o governamental, partilharemos a informa\u00e7\u00e3o aos nossos parceiros, com toda a seguran\u00e7a, incluindo a <a href=\"https:\/\/www.pntl.tl\/\">Pol\u00edcia Nacional de Timor-Leste (PNTL)<\/a>, <a href=\"https:\/\/www.facebook.com\/PCIC.TL\/\">Pol\u00edsia Sient\u00edfika ba Investigasaun Krimin\u00e1l (PSIK)<\/a> e a <a href=\"http:\/\/cac.tl\/en\/\">Comiss\u00e3o Anticorrup\u00e7\u00e3o (Anti-Corruption Commission)<\/a>.[\/vc_column_text][\/vc_column][vc_column width=&#8221;4\/12&#8243;][\/vc_column][\/vc_row][vc_row full_width=&#8221;stretch_row&#8221; css=&#8221;.vc_custom_1620650340560{margin-bottom: 80px !important;padding-top: 10px !important;background-color: #e3a427 !important;}&#8221;][vc_column][vc_column_text]\n<h2 style=\"text-align: center;\">N\u00e3o tem certeza \u2013 Ligue-nos!<\/h2>\n[\/vc_column_text][\/vc_column][\/vc_row]\n<\/div>","protected":false},"excerpt":{"rendered":"","protected":false},"author":8,"featured_media":0,"parent":0,"menu_order":0,"comment_status":"open","ping_status":"open","template":"","meta":{"inline_featured_image":false,"footnotes":""},"class_list":["post-7449","page","type-page","status-publish","hentry","entry","no-media"],"_links":{"self":[{"href":"https:\/\/customs.gov.tl\/pt-pt\/wp-json\/wp\/v2\/pages\/7449","targetHints":{"allow":["GET"]}}],"collection":[{"href":"https:\/\/customs.gov.tl\/pt-pt\/wp-json\/wp\/v2\/pages"}],"about":[{"href":"https:\/\/customs.gov.tl\/pt-pt\/wp-json\/wp\/v2\/types\/page"}],"author":[{"embeddable":true,"href":"https:\/\/customs.gov.tl\/pt-pt\/wp-json\/wp\/v2\/users\/8"}],"replies":[{"embeddable":true,"href":"https:\/\/customs.gov.tl\/pt-pt\/wp-json\/wp\/v2\/comments?post=7449"}],"version-history":[{"count":7,"href":"https:\/\/customs.gov.tl\/pt-pt\/wp-json\/wp\/v2\/pages\/7449\/revisions"}],"predecessor-version":[{"id":11985,"href":"https:\/\/customs.gov.tl\/pt-pt\/wp-json\/wp\/v2\/pages\/7449\/revisions\/11985"}],"wp:attachment":[{"href":"https:\/\/customs.gov.tl\/pt-pt\/wp-json\/wp\/v2\/media?parent=7449"}],"curies":[{"name":"wp","href":"https:\/\/api.w.org\/{rel}","templated":true}]}}