{"id":14888,"date":"2024-03-07T14:02:56","date_gmt":"2024-03-07T05:02:56","guid":{"rendered":"https:\/\/ctp.tlictprojects.com\/?page_id=14888"},"modified":"2024-03-07T14:02:56","modified_gmt":"2024-03-07T05:02:56","slug":"perguntas-frequentes","status":"publish","type":"page","link":"https:\/\/customs.gov.tl\/pt-pt\/national-enquiry-point\/perguntas-frequentes\/","title":{"rendered":"Perguntas Frequentes"},"content":{"rendered":"<div class=\"wpb-content-wrapper\">[vc_row][vc_column][vc_column_text]\n<h3>Perguntas Frequentes<\/h3>\n[\/vc_column_text][vc_column_text]<div  class=\"ewd-ufaq-faq-list ewd-ufaq-page-type-distinct\" id='ewd-ufaq-faq-list'>\n\n\t<input type='hidden' name='show_on_load' value='' id='ewd-ufaq-show-on-load' \/>\n<input type='hidden' name='include_category' value='' id='ewd-ufaq-include-category' \/>\n<input type='hidden' name='exclude_category' value='' id='ewd-ufaq-exclude-category' \/>\n<input type='hidden' name='orderby' value='popular' id='ewd-ufaq-orderby' \/>\n<input type='hidden' name='order' value='DESC' id='ewd-ufaq-order' \/>\n<input type='hidden' name='post_count' value='5' id='ewd-ufaq-post-count' \/>\n<input type='hidden' name='current_url' value='\/pt-pt\/wp-json\/wp\/v2\/pages\/14888' id='ewd-ufaq-current-url' \/>\n\t<div class='ewd-ufaq-expand-collapse-div'>\n\n\t<span class='ewd-ufaq-expand-all ' tabindex=\"0\">\n\t\t<span class='ewd-ufaq-toggle-all-symbol'>c<\/span> \n\t\tExpand All\t<\/span>\n\n\t<span class='ewd-ufaq-collapse-all ewd-ufaq-hidden' tabindex=\"0\">\n\t\t<span class='ewd-ufaq-toggle-all-symbol'>C<\/span>\n\t\tCollapse All\t<\/span>\n\n<\/div>\n\t\n\t<div class='ewd-ufaq-faqs'>\n\n\t\t<div  class=\"ewd-ufaq-faq-div ewd-ufaq-faq-column-count-one ewd-ufaq-faq-responsive-columns- ewd-ufaq-faq-display-style-default ewd-ufaq-can-be-toggled\" id='ewd-ufaq-post-4994-rM2MkLsdDH' data-post_id='4994'>\n\n\t<div class='ewd-ufaq-faq-title ewd-ufaq-faq-toggle'>\n\t\n\t<a class='ewd-ufaq-post-margin'  href='#' role=\"button\">\n\n\t\t<div class='ewd-ufaq-post-margin-symbol ewd-ufaq-'>\n\t\t\t<span >b<\/span>\n\t\t<\/div>\n\n\t\t<div class='ewd-ufaq-faq-title-text'>\n\n\t\t\t<h4>\n\t\t\t\tPosso estar presente aquando da inspe\u00e7\u00e3o dos meus bens pelas Alf\u00e2ndegas?\t\t\t<\/h4>\n\n\t\t<\/div>\n\n\t\t<div class='ewd-ufaq-clear'><\/div>\n\n\t<\/a>\n\t\n<\/div>\n\t\n\t<div class='ewd-ufaq-faq-body ewd-ufaq-hidden' >\n\n\t\t\n\t\t\t\n\t\t\n\t\t\t<div class='ewd-ufaq-post-margin ewd-ufaq-faq-post'>\n\t<p>Sim, segundo o Artigo 164.\u00ba do C\u00f3digo Aduaneiro (Decreto-Lei N.\u00ba 14\/2017) o titular dos bens tem direito a estar presente durante a inspe\u00e7\u00e3o dos mesmos. Por norma notific\u00e1-lo-emos a si ou ao seu despachante aduaneiro quando estivermos prontos para realizar a inspe\u00e7\u00e3o, para que possa estar presente caso assim o deseje. <\/p>\n<div class=\"theme-button-block-wrap wpex-block wpex-clear theme-button-wrap wpex-clr\"><a href=\"https:\/\/customs.gov.tl\/pt-pt\/doing-business\/importing-exporting-goods\/\" class=\"vcex-button theme-txt-link block button-with-top-border right-side\" target=\"_blank\" style=\"font-weight:500\" rel=\"noopener noreferrer\"><span class=\"theme-button-inner\"> Pode encontrar mais informa\u00e7\u00f5es aqui<span class=\"vcex-icon-wrap theme-button-icon-right\"><span class=\"ticon ticon-angle-right\" aria-hidden=\"true\"><\/span><\/span><\/span><\/a><\/div> \n<\/div>\n\t\t\n\t\t\t\n\t\t\n\t\t\t\n\t\t\n\t\t\t\n\t\t\n\t\t\t\n\t\t\n\t\t\t\n\t\t\n\t\t\t\n\t\t\n\t\t\t\n\t\t\n\t\t\t\n\t\t\n\t<\/div>\n\n<\/div><div  class=\"ewd-ufaq-faq-div ewd-ufaq-faq-column-count-one ewd-ufaq-faq-responsive-columns- ewd-ufaq-faq-display-style-default ewd-ufaq-can-be-toggled\" id='ewd-ufaq-post-4984-ylJXycd5H8' data-post_id='4984'>\n\n\t<div class='ewd-ufaq-faq-title ewd-ufaq-faq-toggle'>\n\t\n\t<a class='ewd-ufaq-post-margin'  href='#' role=\"button\">\n\n\t\t<div class='ewd-ufaq-post-margin-symbol ewd-ufaq-'>\n\t\t\t<span >b<\/span>\n\t\t<\/div>\n\n\t\t<div class='ewd-ufaq-faq-title-text'>\n\n\t\t\t<h4>\n\t\t\t\tPreciso de um N\u00famero de Identifica\u00e7\u00e3o Fiscal para importar ou exportar mercadorias?\t\t\t<\/h4>\n\n\t\t<\/div>\n\n\t\t<div class='ewd-ufaq-clear'><\/div>\n\n\t<\/a>\n\t\n<\/div>\n\t\n\t<div class='ewd-ufaq-faq-body ewd-ufaq-hidden' >\n\n\t\t\n\t\t\t\n\t\t\n\t\t\t<div class='ewd-ufaq-post-margin ewd-ufaq-faq-post'>\n\t<p>Sim: Qualquer pessoa ou empresa que importe ou exporte mercadorias precisa possuir um N\u00famero de Identifica\u00e7\u00e3o Fiscal (NIF). <\/p>\n<div class=\"theme-button-block-wrap wpex-block wpex-clear theme-button-wrap wpex-clr\"><a href=\"https:\/\/customs.gov.tl\/pt-pt\/doing-business\/importing-exporting-goods\/\" class=\"vcex-button theme-txt-link block button-with-top-border right-side\" target=\"_blank\" style=\"font-weight:500\" rel=\"noopener noreferrer\"><span class=\"theme-button-inner\"> Pode encontrar mais informa\u00e7\u00f5es sobre NIFs aqui<span class=\"vcex-icon-wrap theme-button-icon-right\"><span class=\"ticon ticon-angle-right\" aria-hidden=\"true\"><\/span><\/span><\/span><\/a><\/div> \n<\/div>\n\t\t\n\t\t\t\n\t\t\n\t\t\t\n\t\t\n\t\t\t\n\t\t\n\t\t\t\n\t\t\n\t\t\t\n\t\t\n\t\t\t\n\t\t\n\t\t\t\n\t\t\n\t\t\t\n\t\t\n\t<\/div>\n\n<\/div><div  class=\"ewd-ufaq-faq-div ewd-ufaq-faq-column-count-one ewd-ufaq-faq-responsive-columns- ewd-ufaq-faq-display-style-default ewd-ufaq-can-be-toggled\" id='ewd-ufaq-post-4802-cG5GUwMRsi' data-post_id='4802'>\n\n\t<div class='ewd-ufaq-faq-title ewd-ufaq-faq-toggle'>\n\t\n\t<a class='ewd-ufaq-post-margin'  href='#' role=\"button\">\n\n\t\t<div class='ewd-ufaq-post-margin-symbol ewd-ufaq-'>\n\t\t\t<span >b<\/span>\n\t\t<\/div>\n\n\t\t<div class='ewd-ufaq-faq-title-text'>\n\n\t\t\t<h4>\n\t\t\t\tExistem restri\u00e7\u00f5es sobre o tipo de carros que posso importar?\t\t\t<\/h4>\n\n\t\t<\/div>\n\n\t\t<div class='ewd-ufaq-clear'><\/div>\n\n\t<\/a>\n\t\n<\/div>\n\t\n\t<div class='ewd-ufaq-faq-body ewd-ufaq-hidden' >\n\n\t\t\n\t\t\t\n\t\t\n\t\t\t<div class='ewd-ufaq-post-margin ewd-ufaq-faq-post'>\n\t<p>Sim. O Artigo 2.\u00ba das Condi\u00e7\u00f5es e Procedimentos a Observar relativamente \u00e0 Importa\u00e7\u00e3o de Ve\u00edculos Motores (Decreto-Lei N.\u00ba 30\/2011) pro\u00edbe a importa\u00e7\u00e3o de ve\u00edculos com mais de cinco anos. Isto inclui ve\u00edculos ligeiros de passageiros e mistos, ve\u00edculos de recreio, carrinhas, microletes, ve\u00edculos de transporte de passageiros com 20 ou menos lugares sentados e ve\u00edculos comerciais ligeiros e cami\u00f5es com capacidade de carga inferior a quatro (4) toneladas. <\/p>\n<div class=\"theme-button-block-wrap wpex-block wpex-clear theme-button-wrap wpex-clr\"><a href=\"https:\/\/customs.gov.tl\/pt-pt\/other-gov-agencies\/ministry-of-transport-comm\/\" class=\"vcex-button theme-txt-link block button-with-top-border right-side\" target=\"_blank\" style=\"font-weight:500\" rel=\"noopener noreferrer\"><span class=\"theme-button-inner\"> Pode encontrar mais informa\u00e7\u00f5es sobre ve\u00edculos aqui<span class=\"vcex-icon-wrap theme-button-icon-right\"><span class=\"ticon ticon-angle-right\" aria-hidden=\"true\"><\/span><\/span><\/span><\/a><\/div> \n<\/div>\n\t\t\n\t\t\t\n\t\t\n\t\t\t\n\t\t\n\t\t\t\n\t\t\n\t\t\t\n\t\t\n\t\t\t\n\t\t\n\t\t\t\n\t\t\n\t\t\t\n\t\t\n\t\t\t\n\t\t\n\t<\/div>\n\n<\/div><div  class=\"ewd-ufaq-faq-div ewd-ufaq-faq-column-count-one ewd-ufaq-faq-responsive-columns- ewd-ufaq-faq-display-style-default ewd-ufaq-can-be-toggled\" id='ewd-ufaq-post-4786-EkdXPSGRk2' data-post_id='4786'>\n\n\t<div class='ewd-ufaq-faq-title ewd-ufaq-faq-toggle'>\n\t\n\t<a class='ewd-ufaq-post-margin'  href='#' role=\"button\">\n\n\t\t<div class='ewd-ufaq-post-margin-symbol ewd-ufaq-'>\n\t\t\t<span >b<\/span>\n\t\t<\/div>\n\n\t\t<div class='ewd-ufaq-faq-title-text'>\n\n\t\t\t<h4>\n\t\t\t\tPreciso obter uma licen\u00e7a de importa\u00e7\u00e3o ou exporta\u00e7\u00e3o junto Minist\u00e9rio do Petr\u00f3leo e Recursos Naturais?\t\t\t<\/h4>\n\n\t\t<\/div>\n\n\t\t<div class='ewd-ufaq-clear'><\/div>\n\n\t<\/a>\n\t\n<\/div>\n\t\n\t<div class='ewd-ufaq-faq-body ewd-ufaq-hidden' >\n\n\t\t\n\t\t\t\n\t\t\n\t\t\t<div class='ewd-ufaq-post-margin ewd-ufaq-faq-post'>\n\t<p>Em alguns casos poder\u00e1 precisar de uma licen\u00e7a de importa\u00e7\u00e3o ou exporta\u00e7\u00e3o do Minist\u00e9rio do Petr\u00f3leo e Recursos Naturais (MPRN), por\u00e9m isso depender\u00e1 do tipo de mercadorias. Por exemplo, \u00e9 necess\u00e1ria uma licen\u00e7a para importar quantidades comerciais de petr\u00f3leo ou \u00f3leos. <\/p>\n<div class=\"theme-button-block-wrap wpex-block wpex-clear theme-button-wrap wpex-clr\"><a href=\"https:\/\/customs.gov.tl\/pt-pt\/other-gov-agencies\/others\/\" class=\"vcex-button theme-txt-link block button-with-top-border right-side\" target=\"_blank\" style=\"font-weight:500\" rel=\"noopener noreferrer\"><span class=\"theme-button-inner\"> Pode encontrar mais informa\u00e7\u00f5es sobre o MPRN aqui<span class=\"vcex-icon-wrap theme-button-icon-right\"><span class=\"ticon ticon-angle-right\" aria-hidden=\"true\"><\/span><\/span><\/span><\/a><\/div> \n<\/div>\n\t\t\n\t\t\t\n\t\t\n\t\t\t\n\t\t\n\t\t\t\n\t\t\n\t\t\t\n\t\t\n\t\t\t\n\t\t\n\t\t\t\n\t\t\n\t\t\t\n\t\t\n\t\t\t\n\t\t\n\t<\/div>\n\n<\/div><div  class=\"ewd-ufaq-faq-div ewd-ufaq-faq-column-count-one ewd-ufaq-faq-responsive-columns- ewd-ufaq-faq-display-style-default ewd-ufaq-can-be-toggled\" id='ewd-ufaq-post-5040-ysBBn0OBjk' data-post_id='5040'>\n\n\t<div class='ewd-ufaq-faq-title ewd-ufaq-faq-toggle'>\n\t\n\t<a class='ewd-ufaq-post-margin'  href='#' role=\"button\">\n\n\t\t<div class='ewd-ufaq-post-margin-symbol ewd-ufaq-'>\n\t\t\t<span >b<\/span>\n\t\t<\/div>\n\n\t\t<div class='ewd-ufaq-faq-title-text'>\n\n\t\t\t<h4>\n\t\t\t\tQuais s\u00e3o os princ\u00edpios organizacionais da Autoridade Aduaneira?\t\t\t<\/h4>\n\n\t\t<\/div>\n\n\t\t<div class='ewd-ufaq-clear'><\/div>\n\n\t<\/a>\n\t\n<\/div>\n\t\n\t<div class='ewd-ufaq-faq-body ewd-ufaq-hidden' >\n\n\t\t\n\t\t\t\n\t\t\n\t\t\t<div class='ewd-ufaq-post-margin ewd-ufaq-faq-post'>\n\t<p>Regemo-nos por cinco princ\u00edpios, nomeadamente Legalidade, Redu\u00e7\u00e3o da Burocracia, Descentraliza\u00e7\u00e3o Administrativa, Flexibilidade Organizacional e Valoriza\u00e7\u00e3o dos Recursos Humanos.<\/p>\n<div class=\"theme-button-block-wrap wpex-block wpex-clear theme-button-wrap wpex-clr\"><a href=\"https:\/\/customs.gov.tl\/pt-pt\/about-us\/our-organization\/\" class=\"vcex-button theme-txt-link block button-with-top-border right-side\" target=\"_blank\" style=\"font-weight:500\" rel=\"noopener noreferrer\"><span class=\"theme-button-inner\"> Pode encontrar mais informa\u00e7\u00f5es sobre os nossos princ\u00edpios organizacionais aqui<span class=\"vcex-icon-wrap theme-button-icon-right\"><span class=\"ticon ticon-angle-right\" aria-hidden=\"true\"><\/span><\/span><\/span><\/a><\/div> \n<\/div>\n\t\t\n\t\t\t\n\t\t\n\t\t\t\n\t\t\n\t\t\t\n\t\t\n\t\t\t\n\t\t\n\t\t\t\n\t\t\n\t\t\t\n\t\t\n\t\t\t\n\t\t\n\t\t\t\n\t\t\n\t<\/div>\n\n<\/div>\n\t<\/div>\n\n\t\n<\/div>[\/vc_column_text][\/vc_column][\/vc_row]\n<\/div>","protected":false},"excerpt":{"rendered":"<p>B Quais s\u00e3o os princ\u00edpios organizacionais da Autoridade Aduaneira? Regemo-nos por cinco princ\u00edpios, nomeadamente Legalidade, Redu\u00e7\u00e3o da Burocracia, Descentraliza\u00e7\u00e3o Administrativa, Flexibilidade Organizacional e Valoriza\u00e7\u00e3o dos Recursos Humanos. Pode encontrar mais informa\u00e7\u00f5es sobre os nossos princ\u00edpios organizacionais aqui<\/p>\n","protected":false},"author":8,"featured_media":0,"parent":7468,"menu_order":0,"comment_status":"closed","ping_status":"closed","template":"templates\/left-sidebar.php","meta":{"inline_featured_image":false,"footnotes":""},"class_list":["post-14888","page","type-page","status-publish","hentry","entry","no-media"],"_links":{"self":[{"href":"https:\/\/customs.gov.tl\/pt-pt\/wp-json\/wp\/v2\/pages\/14888","targetHints":{"allow":["GET"]}}],"collection":[{"href":"https:\/\/customs.gov.tl\/pt-pt\/wp-json\/wp\/v2\/pages"}],"about":[{"href":"https:\/\/customs.gov.tl\/pt-pt\/wp-json\/wp\/v2\/types\/page"}],"author":[{"embeddable":true,"href":"https:\/\/customs.gov.tl\/pt-pt\/wp-json\/wp\/v2\/users\/8"}],"replies":[{"embeddable":true,"href":"https:\/\/customs.gov.tl\/pt-pt\/wp-json\/wp\/v2\/comments?post=14888"}],"version-history":[{"count":1,"href":"https:\/\/customs.gov.tl\/pt-pt\/wp-json\/wp\/v2\/pages\/14888\/revisions"}],"predecessor-version":[{"id":14889,"href":"https:\/\/customs.gov.tl\/pt-pt\/wp-json\/wp\/v2\/pages\/14888\/revisions\/14889"}],"up":[{"embeddable":true,"href":"https:\/\/customs.gov.tl\/pt-pt\/wp-json\/wp\/v2\/pages\/7468"}],"wp:attachment":[{"href":"https:\/\/customs.gov.tl\/pt-pt\/wp-json\/wp\/v2\/media?parent=14888"}],"curies":[{"name":"wp","href":"https:\/\/api.w.org\/{rel}","templated":true}]}}