{"id":9962,"date":"2022-09-15T08:09:51","date_gmt":"2022-09-15T08:09:51","guid":{"rendered":"http:\/\/localhost\/portal\/?page_id=9962"},"modified":"2023-01-30T06:27:21","modified_gmt":"2023-01-30T06:27:21","slug":"hotline","status":"publish","type":"page","link":"https:\/\/customs.gov.tl\/id\/hotline\/","title":{"rendered":"Saluran Bantuan"},"content":{"rendered":"<div class=\"wpb-content-wrapper\">[vc_row full_width=&#8221;stretch_row&#8221; css=&#8221;.vc_custom_1620635346357{background-color: #e3a427 !important;}&#8221; el_class=&#8221;hotline-wrapper&#8221;][vc_column][vc_row_inner el_class=&#8221;hotline-inner-wrapper&#8221;][vc_column_inner el_class=&#8221;hotline-inner-left&#8221; width=&#8221;1\/2&#8243; css=&#8221;.vc_custom_1622700385269{background-image: url(https:\/\/customs.gov.tl\/wp-content\/uploads\/2021\/05\/hotline_key_visual.jpg?id=1234) !important;background-position: center !important;background-repeat: no-repeat !important;background-size: cover !important;}&#8221; offset=&#8221;vc_col-lg-8 vc_col-md-6&#8243;][vc_column_text]\n<h2>Bantu Kami Dalam<br \/>\nPerang Melawan Kejahatan.<\/h2>\n[\/vc_column_text][\/vc_column_inner][vc_column_inner el_class=&#8221;hotline-inner-right&#8221; width=&#8221;1\/2&#8243; css=&#8221;.vc_custom_1622700411065{background-color: #0f1b3f !important;}&#8221; offset=&#8221;vc_col-lg-4 vc_col-md-6&#8243;][vc_column_text el_class=&#8221;hotline-label&#8221;]\n<p style=\"text-align: center;\">Saluran Bantuan<\/p>\n[\/vc_column_text][vc_column_text el_class=&#8221;hotline-phone&#8221;]\n<p style=\"text-align: center;\"><span class=\"ticon ticon-phone\"><\/span> Panggil <strong>12200<\/strong><\/p>\n[\/vc_column_text][vc_column_text el_class=&#8221;hotline-subtitle&#8221;]\n<p style=\"text-align: center;\">Semua panggilan gratis dan anonim<\/p>\n[\/vc_column_text][vc_single_image image=&#8221;1208&#8243; img_size=&#8221;&#8221; alignment=&#8221;center&#8221; onclick=&#8221;custom_link&#8221; link=&#8221;#hotline-play&#8221; el_class=&#8221;hotline-youtube-icon youtubeplay&#8221;][vc_column_text el_class=&#8221;youtubeplay&#8221;]\n<p style=\"text-align: center;\"><a title=\"\" href=\"https:\/\/www.youtube.com\/watch?v=71Vs3B3V2-I\" rel=\"wp-video-lightbox\">Klik di sini untuk menonton videonya<\/a><\/p>\n[\/vc_column_text][\/vc_column_inner][\/vc_row_inner][\/vc_column][\/vc_row][vc_row content_placement=&#8221;middle&#8221; css=&#8221;.vc_custom_1621174563537{padding-top: 40px !important;}&#8221;][vc_column width=&#8221;8\/12&#8243;][vc_column_text]\n<p>Selain membantu melindungi komunitas kami dari barang terlarang yang dilarang, kami mengumpulkan pendapatan atas nama pemerintah yang membantu membayar layanan penting, seperti perawatan kesehatan, pendidikan, dan infrastruktur. Meskipun banyak importir dan eksportir mencoba untuk mengikuti aturan dan peraturan, dan membayar bagian yang adil dari apa yang terutang, sejumlah penjahat masih beroperasi di Timor-Leste atau di luar negeri yang mencoba dan mencuri jutaan dolar dari kami setiap tahun. Kami membutuhkan bantuan Anda untuk melawan para penjahat ini!<\/p>\n[\/vc_column_text][\/vc_column][vc_column width=&#8221;1\/12&#8243;][\/vc_column][vc_column width=&#8221;3\/12&#8243;][\/vc_column][\/vc_row][vc_row full_width=&#8221;stretch_row&#8221; content_placement=&#8221;middle&#8221; remove_bottom_col_margin=&#8221;true&#8221; css=&#8221;.vc_custom_1620648592296{background-color: #e1ecf9 !important;}&#8221;][vc_column width=&#8221;3\/12&#8243; css=&#8221;.vc_custom_1622695856241{background-position: center !important;background-repeat: no-repeat !important;background-size: cover !important;}&#8221;]<figure class=\"vcex-image vcex-module wpex-clr\"><div class=\"vcex-image-inner wpex-inline-block wpex-relative\"><img decoding=\"async\" loading=\"lazy\" class=\"wpex-align-middle\" src=\"https:\/\/customs.gov.tl\/wp-content\/uploads\/2021\/05\/ramos_horta.jpg\" alt=\"\" width=\"260\" height=\"396\" \/><\/div><\/figure>[\/vc_column][vc_column width=&#8221;8\/12&#8243;][vc_column_text font_size=&#8221;21px&#8221; line_height=&#8221;36px&#8221; css=&#8221;.vc_custom_1622696296141{padding-top: 30px !important;padding-bottom: 30px !important;}&#8221;]\n<p><strong><em>\u201cMenyusul perjuangan kemerdekaan kami, kami telah muncul sebagai bangsa muda yang penuh harapan, ide, budaya, dan kami memiliki masa depan yang sangat cerah di depan kami. Namun terlepas dari semua kerja keras dan pengorbanan kita, untuk membangun kehidupan yang lebih baik bagi diri kita sendiri dan keluarga kita, para penjahat terus mencuri jutaan dolar dari kita setiap tahun. Ini adalah uang yang dapat digunakan untuk mendanai pendidikan lebih lanjut, perawatan kesehatan yang lebih baik, jalan yang lebih aman dan infrastruktur baru. Sekarang adalah waktu kita. Saatnya kita bekerja sama. Saatnya kita melawan\u201d<\/em><\/strong><\/p>\n<p><span style=\"font-size: 21px;\">\u2014 Dr. Ramos-Horta<\/span>[\/vc_column_text][\/vc_column][vc_column width=&#8221;1\/12&#8243;][\/vc_column][\/vc_row][vc_row css=&#8221;.vc_custom_1622445243235{margin-top: 50px !important;}&#8221;][vc_column width=&#8221;8\/12&#8243;][vc_column_text]\n<h4>Bagaimana cara melaporkan informasi?<\/h4>\n<p>Anda dapat melaporkan informasi kepada kami dengan menelepon \u201c12200\u201d. Semua panggilan gratis, dan Anda dapat memilih untuk tetap anonim. Anda dapat meninggalkan pesan dalam bahasa Tetun, Inggris atau Portugis. Atau, Anda dapat mengirimkan informasi kepada kami dengan mengisi <strong><a href=\"https:\/\/caid.customs.gov.tl\/web-form\" target=\"_blank\" rel=\"noopener\">formulir laporan online<\/a>.<\/strong><\/p>\n[\/vc_column_text][vc_empty_space height=&#8221;64px&#8221;][vc_column_text]\n<h4>Jenis informasi apa yang harus saya sertakan?<\/h4>\n<p>Penting bagi Anda untuk memasukkan informasi sebanyak mungkin, meskipun menurut Anda itu mungkin tidak relevan. Dalam beberapa kasus, aktivitas ini mungkin sudah terjadi, tetapi Anda tetap harus melaporkannya. Jangan khawatir jika Anda tidak memiliki semua jawaban, harap berikan informasi apa pun yang Anda miliki. Jika memungkinkan, silakan coba dan sertakan:<\/p>\n[\/vc_column_text][\/vc_column][vc_column width=&#8221;4\/12&#8243;][\/vc_column][\/vc_row][vc_row equal_height=&#8221;yes&#8221; el_class=&#8221;hotline-iconboxes&#8221;][vc_column width=&#8221;11\/12&#8243;][vc_row_inner remove_bottom_col_margin=&#8221;true&#8221;][vc_column_inner width=&#8221;1\/3&#8243; offset=&#8221;vc_col-lg-1\/5 vc_col-md-4 vc_col-xs-4&#8243; css=&#8221;.vc_custom_1622701492650{margin-bottom: 20px !important;}&#8221;]<div class=\"vcex-module vcex-icon-box vcex-icon-box-two wpex-relative wpex-text-center\"><div class=\"vcex-icon-box-symbol wpex-mb-20\"><img decoding=\"async\" loading=\"lazy\" class=\"vcex-icon-box-image wpex-align-middle\" src=\"https:\/\/customs.gov.tl\/wp-content\/uploads\/2022\/11\/siapa-id.png\" alt=\"\" width=\"144\" height=\"144\" \/><\/a><\/div><div class=\"vcex-icon-box-text\"><h2 class=\"vcex-icon-box-heading wpex-heading wpex-text-md wpex-mb-10\">Siapa yang terlibat?<\/h2><div class=\"vcex-icon-box-content wpex-last-mb-0 wpex-clr\"><p style=\"text-align: left\">Harap berikan nama mereka atau detail perusahaan atau bisnis apa pun yang terlibat. Semakin banyak detail yang Anda berikan, semakin besar peluang kami untuk mengidentifikasi mereka yang terlibat.<\/p>\n<\/div><\/div><\/div>[\/vc_column_inner][vc_column_inner width=&#8221;1\/3&#8243; offset=&#8221;vc_col-lg-1\/5 vc_col-md-4 vc_col-xs-4&#8243; css=&#8221;.vc_custom_1622701515988{margin-bottom: 20px !important;}&#8221;]<div class=\"vcex-module vcex-icon-box vcex-icon-box-two wpex-relative wpex-text-center\"><div class=\"vcex-icon-box-symbol wpex-mb-20\"><img decoding=\"async\" loading=\"lazy\" class=\"vcex-icon-box-image wpex-align-middle\" src=\"https:\/\/customs.gov.tl\/wp-content\/uploads\/2022\/11\/apa-id.png\" alt=\"\" width=\"144\" height=\"144\" \/><\/a><\/div><div class=\"vcex-icon-box-text\"><h2 class=\"vcex-icon-box-heading wpex-heading wpex-text-md wpex-mb-10\">Apa yang terjadi?<\/h2><div class=\"vcex-icon-box-content wpex-last-mb-0 wpex-clr\"><p style=\"text-align: left\">Misalnya: penyelundupan; harga barang yang terlalu rendah; dokumen palsu; korupsi; dll.<\/p>\n<\/div><\/div><\/div>[\/vc_column_inner][vc_column_inner width=&#8221;1\/3&#8243; offset=&#8221;vc_col-lg-1\/5 vc_col-md-4 vc_col-xs-4&#8243; css=&#8221;.vc_custom_1622701527038{margin-bottom: 20px !important;}&#8221;]<div class=\"vcex-module vcex-icon-box vcex-icon-box-two wpex-relative wpex-text-center\"><div class=\"vcex-icon-box-symbol wpex-mb-20\"><img decoding=\"async\" loading=\"lazy\" class=\"vcex-icon-box-image wpex-align-middle\" src=\"https:\/\/customs.gov.tl\/wp-content\/uploads\/2022\/11\/kapan-id.png\" alt=\"\" width=\"144\" height=\"144\" \/><\/a><\/div><div class=\"vcex-icon-box-text\"><h2 class=\"vcex-icon-box-heading wpex-heading wpex-text-md wpex-mb-10\">Kapan itu akan terjadi?<\/h2><div class=\"vcex-icon-box-content wpex-last-mb-0 wpex-clr\"><p style=\"text-align: left\">Harap berikan tanggal dan waktu jika memungkinkan.<\/p>\n<\/div><\/div><\/div>[\/vc_column_inner][vc_column_inner width=&#8221;1\/3&#8243; offset=&#8221;vc_col-lg-1\/5 vc_col-md-4 vc_col-xs-4&#8243;]<div class=\"vcex-module vcex-icon-box vcex-icon-box-two wpex-relative wpex-text-center\"><div class=\"vcex-icon-box-symbol wpex-mb-20\"><img decoding=\"async\" loading=\"lazy\" class=\"vcex-icon-box-image wpex-align-middle\" src=\"https:\/\/customs.gov.tl\/wp-content\/uploads\/2022\/11\/diamana-id.png\" alt=\"\" width=\"144\" height=\"144\" \/><\/a><\/div><div class=\"vcex-icon-box-text\"><h2 class=\"vcex-icon-box-heading wpex-heading wpex-text-md wpex-mb-10\">Dimana itu akan terjadi?<\/h2><div class=\"vcex-icon-box-content wpex-last-mb-0 wpex-clr\"><p style=\"text-align: left\">Harap berikan alamat atau deskripsi lokasi.<\/p>\n<\/div><\/div><\/div>[\/vc_column_inner][vc_column_inner width=&#8221;1\/3&#8243; offset=&#8221;vc_col-lg-1\/5 vc_col-md-4 vc_col-xs-4&#8243;]<div class=\"vcex-module vcex-icon-box vcex-icon-box-two wpex-relative wpex-text-center\"><div class=\"vcex-icon-box-symbol wpex-mb-20\"><img decoding=\"async\" loading=\"lazy\" class=\"vcex-icon-box-image wpex-align-middle\" src=\"https:\/\/customs.gov.tl\/wp-content\/uploads\/2022\/11\/mengapa-id.png\" alt=\"\" width=\"144\" height=\"144\" \/><\/a><\/div><div class=\"vcex-icon-box-text\"><h2 class=\"vcex-icon-box-heading wpex-heading wpex-text-md wpex-mb-10\">Mengapa menurut anda itu mencurigakan?<\/h2><div class=\"vcex-icon-box-content wpex-last-mb-0 wpex-clr\"><p style=\"text-align: left\">Harap berikan ide apa pun yang Anda miliki tentang mengapa aktivitas ini mungkin ilegal.<\/p>\n<\/div><\/div><\/div>[\/vc_column_inner][\/vc_row_inner][\/vc_column][vc_column width=&#8221;1\/12&#8243;][\/vc_column][\/vc_row][vc_row][vc_column width=&#8221;8\/12&#8243;][vc_column_text]\n<h4>Saya tidak yakin apakah itu ilegal?<\/h4>\n<p>Saya tidak yakin apakah itu ilegal. Terkadang kita melihat atau mendengar hal-hal yang kita tahu tidak benar, tetapi kita tidak dapat memastikan bahwa sesuatu yang ilegal sedang terjadi. Dalam kasus tersebut, harap laporkan kepada kami dengan menelepon 12200 atau dengan menggunakan <a href=\"https:\/\/caid.customs.gov.tl\/web-form\"><strong>formulir laporan online<\/strong><\/a><\/p>\n[\/vc_column_text][vc_empty_space height=&#8221;64px&#8221;][vc_column_text]\n<h4>Saya tidak yakin apakah itu terkait dengan Bea Cukai atau tidak?<\/h4>\n<p>Sebagai lembaga pemerintah, kami dapat berbagi informasi dengan lembaga mitra, termasuk <a href=\"https:\/\/www.pntl.tl\/\">Pol\u00edcia Nacional de Timor-Leste (PNTL)<\/a>, <a href=\"https:\/\/www.facebook.com\/PCIC.TL\/\">Pol\u00edsia Sient\u00edfika ba Investigasaun Krimin\u00e1l (PSIK)<\/a>, dan <a href=\"http:\/\/cac.tl\/en\/\">Comiss\u00e3o Anticorrup\u00e7\u00e3o (Komisi Anti Korupsi)<\/a>, jadi jika Anda tidak yakin, silakan tetap menghubungi kami.<\/p>\n[\/vc_column_text][\/vc_column][vc_column width=&#8221;4\/12&#8243;][\/vc_column][\/vc_row][vc_row full_width=&#8221;stretch_row&#8221; css=&#8221;.vc_custom_1620650340560{margin-bottom: 80px !important;padding-top: 10px !important;background-color: #e3a427 !important;}&#8221;][vc_column][vc_column_text]\n<h2 style=\"text-align: center;\">Jika Anda Tidak Yakin \u2014 Hubungi Kami!<\/h2>\n[\/vc_column_text][\/vc_column][\/vc_row]\n<\/div>","protected":false},"excerpt":{"rendered":"","protected":false},"author":8,"featured_media":0,"parent":0,"menu_order":0,"comment_status":"open","ping_status":"open","template":"","meta":{"inline_featured_image":false,"footnotes":""},"class_list":["post-9962","page","type-page","status-publish","hentry","entry","no-media"],"_links":{"self":[{"href":"https:\/\/customs.gov.tl\/id\/wp-json\/wp\/v2\/pages\/9962","targetHints":{"allow":["GET"]}}],"collection":[{"href":"https:\/\/customs.gov.tl\/id\/wp-json\/wp\/v2\/pages"}],"about":[{"href":"https:\/\/customs.gov.tl\/id\/wp-json\/wp\/v2\/types\/page"}],"author":[{"embeddable":true,"href":"https:\/\/customs.gov.tl\/id\/wp-json\/wp\/v2\/users\/8"}],"replies":[{"embeddable":true,"href":"https:\/\/customs.gov.tl\/id\/wp-json\/wp\/v2\/comments?post=9962"}],"version-history":[{"count":15,"href":"https:\/\/customs.gov.tl\/id\/wp-json\/wp\/v2\/pages\/9962\/revisions"}],"predecessor-version":[{"id":11987,"href":"https:\/\/customs.gov.tl\/id\/wp-json\/wp\/v2\/pages\/9962\/revisions\/11987"}],"wp:attachment":[{"href":"https:\/\/customs.gov.tl\/id\/wp-json\/wp\/v2\/media?parent=9962"}],"curies":[{"name":"wp","href":"https:\/\/api.w.org\/{rel}","templated":true}]}}