{"id":9960,"date":"2022-09-15T08:07:49","date_gmt":"2022-09-15T08:07:49","guid":{"rendered":"http:\/\/localhost\/portal\/?page_id=9960"},"modified":"2023-01-30T06:22:50","modified_gmt":"2023-01-30T06:22:50","slug":"yang-lain","status":"publish","type":"page","link":"https:\/\/customs.gov.tl\/id\/national-enquiry-point\/instansi-pemerintah-lainnya\/yang-lain\/","title":{"rendered":"Yang lain"},"content":{"rendered":"<div class=\"wpb-content-wrapper\">[vc_row][vc_column width=&#8221;1\/4&#8243;][\/vc_column][vc_column width=&#8221;3\/4&#8243; css=&#8221;.vc_custom_1624365629979{margin-bottom: 0px !important;}&#8221;][vc_column_text]\n<h3>FAQs<\/h3>\n[\/vc_column_text][vc_column_text]\t\t\t<!-- Flexy Breadcrumb -->\r\n\t\t\t<div class=\"fbc fbc-page\">\r\n\r\n\t\t\t\t<!-- Breadcrumb wrapper -->\r\n\t\t\t\t<div class=\"fbc-wrap\">\r\n\r\n\t\t\t\t\t<!-- Ordered list-->\r\n\t\t\t\t\t<ol class=\"fbc-items\" itemscope itemtype=\"https:\/\/schema.org\/BreadcrumbList\">\r\n\t\t\t\t\t\t<li class=\"active\" itemprop=\"itemListElement\" itemscope itemtype=\"https:\/\/schema.org\/ListItem\"><span itemprop=\"name\" title=\"Yang lain\">Yang lain<\/span><meta itemprop=\"position\" content=\"2\" \/><\/li>\t\t\t\t\t<\/ol>\r\n\t\t\t\t\t<div class=\"clearfix\"><\/div>\r\n\t\t\t\t<\/div>\r\n\t\t\t<\/div>\r\n\t\t\t[\/vc_column_text][\/vc_column][\/vc_row][vc_row][vc_column width=&#8221;1\/4&#8243;][\/vc_column][vc_column width=&#8221;3\/4&#8243;][vc_column_text]\n<div  class=\"ewd-ufaq-faq-list ewd-ufaq-page-type-distinct\" id='ewd-ufaq-faq-list'>\n\n\t<input type='hidden' name='show_on_load' value='' id='ewd-ufaq-show-on-load' \/>\n<input type='hidden' name='include_category' value='others' id='ewd-ufaq-include-category' \/>\n<input type='hidden' name='exclude_category' value='' id='ewd-ufaq-exclude-category' \/>\n<input type='hidden' name='orderby' value='date' id='ewd-ufaq-orderby' \/>\n<input type='hidden' name='order' value='asc' id='ewd-ufaq-order' \/>\n<input type='hidden' name='post_count' value='-1' id='ewd-ufaq-post-count' \/>\n<input type='hidden' name='current_url' value='\/id\/wp-json\/wp\/v2\/pages\/9960' id='ewd-ufaq-current-url' \/>\n\t<div class='ewd-ufaq-expand-collapse-div'>\n\n\t<span class='ewd-ufaq-expand-all ' tabindex=\"0\">\n\t\t<span class='ewd-ufaq-toggle-all-symbol'>c<\/span> \n\t\tExpand All\t<\/span>\n\n\t<span class='ewd-ufaq-collapse-all ewd-ufaq-hidden' tabindex=\"0\">\n\t\t<span class='ewd-ufaq-toggle-all-symbol'>C<\/span>\n\t\tCollapse All\t<\/span>\n\n<\/div>\n\t\n\t<div class='ewd-ufaq-faqs'>\n\n\t\t<div  class=\"ewd-ufaq-faq-div ewd-ufaq-faq-column-count-one ewd-ufaq-faq-responsive-columns- ewd-ufaq-faq-display-style-default ewd-ufaq-can-be-toggled\" id='ewd-ufaq-post-10093-vs38M7W6Ud' data-post_id='10093'>\n\n\t<div class='ewd-ufaq-faq-title ewd-ufaq-faq-toggle'>\n\t\n\t<a class='ewd-ufaq-post-margin'  href='#' role=\"button\">\n\n\t\t<div class='ewd-ufaq-post-margin-symbol ewd-ufaq-'>\n\t\t\t<span >b<\/span>\n\t\t<\/div>\n\n\t\t<div class='ewd-ufaq-faq-title-text'>\n\n\t\t\t<h4>\n\t\t\t\tApa itu Comunidade dos Pa\u00edses de L\u00edngua Portuguesa (CPLP)?\t\t\t<\/h4>\n\n\t\t<\/div>\n\n\t\t<div class='ewd-ufaq-clear'><\/div>\n\n\t<\/a>\n\t\n<\/div>\n\t\n\t<div class='ewd-ufaq-faq-body ewd-ufaq-hidden' >\n\n\t\t\n\t\t\t\n\t\t\n\t\t\t<div class='ewd-ufaq-post-margin ewd-ufaq-faq-post'>\n\t<p>Comunidade dos Pa\u00edses de L\u00edngua Portuguesa (CPLP) atau Komunitas Negara Berbahasa Portugis didirikan pada tahun 1996. Ini adalah organisasi internasional dan asosiasi politik negara-negara Lusophone di empat benua, di mana bahasa Portugis adalah bahasa resmi. CPLP beroperasi sebagai forum multilateral istimewa untuk kerja sama timbal balik antara pemerintah, ekonomi, organisasi non-pemerintah, dan masyarakat Lusofonia. CPLP terdiri dari 9 negara anggota dan 19 pengamat asosiasi, yang berlokasi di Eropa, Amerika Selatan, Asia, Afrika Sub-Sahara, dan Oseania. Timor-Leste telah menjadi anggota aktif CPLP sejak bergabung pada tahun 2002.<\/p>\n<div class=\"theme-button-block-wrap wpex-block wpex-clear theme-button-wrap wpex-clr\"><a href=\"https:\/\/customs.gov.tl\/id\/agensi-lainnya\/yang-lain\/\" class=\"vcex-button theme-txt-link block button-with-top-border right-side\" target=\"_blank\" style=\"font-weight:500\" rel=\"noopener noreferrer\"><span class=\"theme-button-inner\">Anda dapat mengetahui informasi lebih lanjut tentang aksesi CPLP di sini<span class=\"vcex-icon-wrap theme-button-icon-right\"><span class=\"ticon ticon-angle-right\" aria-hidden=\"true\"><\/span><\/span><\/span><\/a><\/div> \n<\/div>\n\t\t\n\t\t\t\n\t\t\n\t\t\t\n\t\t\n\t\t\t\n\t\t\n\t\t\t\n\t\t\n\t\t\t\n\t\t\n\t\t\t\n\t\t\n\t\t\t\n\t\t\n\t\t\t\n\t\t\n\t<\/div>\n\n<\/div><div  class=\"ewd-ufaq-faq-div ewd-ufaq-faq-column-count-one ewd-ufaq-faq-responsive-columns- ewd-ufaq-faq-display-style-default ewd-ufaq-can-be-toggled\" id='ewd-ufaq-post-10094-xuxhTWyrB3' data-post_id='10094'>\n\n\t<div class='ewd-ufaq-faq-title ewd-ufaq-faq-toggle'>\n\t\n\t<a class='ewd-ufaq-post-margin'  href='#' role=\"button\">\n\n\t\t<div class='ewd-ufaq-post-margin-symbol ewd-ufaq-'>\n\t\t\t<span >b<\/span>\n\t\t<\/div>\n\n\t\t<div class='ewd-ufaq-faq-title-text'>\n\n\t\t\t<h4>\n\t\t\t\tApa itu Associa\u00e7\u00e3o Empresarial das Mulheres Timor-Leste (AEMTL)?\t\t\t<\/h4>\n\n\t\t<\/div>\n\n\t\t<div class='ewd-ufaq-clear'><\/div>\n\n\t<\/a>\n\t\n<\/div>\n\t\n\t<div class='ewd-ufaq-faq-body ewd-ufaq-hidden' >\n\n\t\t\n\t\t\t\n\t\t\n\t\t\t<div class='ewd-ufaq-post-margin ewd-ufaq-faq-post'>\n\t<p>The Associa\u00e7\u00e3o Empresarial das Mulheres Timor-Leste (AEMTL) adalah Asosiasi Wanita Bisnis Timor-Leste dengan misi untuk mempromosikan dan memberdayakan wirausahawan dan kesiapan wanita bisnis untuk bersaing dan berhasil di Sektor swasta baru di Timor-Leste. AEMTL bertekad untuk memperkenalkan gaya baru ke dalam dinamika Sektor Swasta saat ini: lebih banyak kepemilikan untuk mengurangi ketergantungan dari proyek-proyek publik, bisnis yang lebih terstruktur dan profesional, menjadi sektor produktif nyata dan alternatif yang efektif untuk Sektor Publik dalam penciptaan lapangan kerja dan peningkatan pendapatan dan mengeksplorasi inovasi dan cara-cara kreatif dalam berbisnis di Timor-Leste. Mengingat peran penting yang dimainkan perempuan dalam kesejahteraan keluarga, AEMTL akan secara langsung berkontribusi pada pengurangan kemiskinan dan secara efektif akan berkontribusi pada pertumbuhan ekonomi bangsa yang berkelanjutan.<\/p>\n<div class=\"theme-button-block-wrap wpex-block wpex-clear theme-button-wrap wpex-clr\"><a href=\"https:\/\/customs.gov.tl\/id\/doing-business\/organisasi-internasional\/\" class=\"vcex-button theme-txt-link block button-with-top-border right-side\" target=\"_blank\" style=\"font-weight:500\" rel=\"noopener noreferrer\"><span class=\"theme-button-inner\"> Anda dapat mengetahui informasi lebih lanjut tentang AEMTL di sini <span class=\"vcex-icon-wrap theme-button-icon-right\"><span class=\"ticon ticon-angle-right\" aria-hidden=\"true\"><\/span><\/span><\/span><\/a><\/div> &#8220;<\/p>\n<\/div>\n\t\t\n\t\t\t\n\t\t\n\t\t\t\n\t\t\n\t\t\t\n\t\t\n\t\t\t\n\t\t\n\t\t\t\n\t\t\n\t\t\t\n\t\t\n\t\t\t\n\t\t\n\t\t\t\n\t\t\n\t<\/div>\n\n<\/div><div  class=\"ewd-ufaq-faq-div ewd-ufaq-faq-column-count-one ewd-ufaq-faq-responsive-columns- ewd-ufaq-faq-display-style-default ewd-ufaq-can-be-toggled\" id='ewd-ufaq-post-10109-sLbcq0r9oh' data-post_id='10109'>\n\n\t<div class='ewd-ufaq-faq-title ewd-ufaq-faq-toggle'>\n\t\n\t<a class='ewd-ufaq-post-margin'  href='#' role=\"button\">\n\n\t\t<div class='ewd-ufaq-post-margin-symbol ewd-ufaq-'>\n\t\t\t<span >b<\/span>\n\t\t<\/div>\n\n\t\t<div class='ewd-ufaq-faq-title-text'>\n\n\t\t\t<h4>\n\t\t\t\tBadan-badan anti-korupsi mana yang beroperasi di Timor-Leste?\t\t\t<\/h4>\n\n\t\t<\/div>\n\n\t\t<div class='ewd-ufaq-clear'><\/div>\n\n\t<\/a>\n\t\n<\/div>\n\t\n\t<div class='ewd-ufaq-faq-body ewd-ufaq-hidden' >\n\n\t\t\n\t\t\t\n\t\t\n\t\t\t<div class='ewd-ufaq-post-margin ewd-ufaq-faq-post'>\n\t<p>TAda beberapa lembaga yang berkomitmen untuk menangani korupsi di Timor-Leste, termasuk Komisi Anti-Korupsi; Kantor Kejaksaan Agung; Komisi Aparatur Sipil Negara; dan Kantor Provedor Hak Asasi Manusia dan Keadilan. Anda dapat melaporkan informasi kepada kami dengan menghubungi Customs Hotline \u201c<a href=\"tel:12200\">12200<\/a>\u201d. Semua panggilan gratis dan Anda dapat memilih untuk tetap anonim jika Anda mau. Anda dapat meninggalkan pesan dalam bahasa Tetun, Inggris atau Portugis. Atau, Anda dapat mengirimkan informasi kepada kami dengan mengisi formulir laporan online.<\/p>\n<div class=\"theme-button-block-wrap wpex-block wpex-clear theme-button-wrap wpex-clr\"><a href=\"https:\/\/customs.gov.tl\/id\/agensi-lainnya\/yang-lain\/\" class=\"vcex-button theme-txt-link block button-with-top-border right-side\" target=\"_blank\" style=\"font-weight:500\" rel=\"noopener noreferrer\"><span class=\"theme-button-inner\"> Anda dapat mengetahui informasi lebih lanjut tentang Hotline Bea Cukai di sini<span class=\"vcex-icon-wrap theme-button-icon-right\"><span class=\"ticon ticon-angle-right\" aria-hidden=\"true\"><\/span><\/span><\/span><\/a><\/div> \n<\/div>\n\t\t\n\t\t\t\n\t\t\n\t\t\t\n\t\t\n\t\t\t\n\t\t\n\t\t\t\n\t\t\n\t\t\t\n\t\t\n\t\t\t\n\t\t\n\t\t\t\n\t\t\n\t\t\t\n\t\t\n\t<\/div>\n\n<\/div><div  class=\"ewd-ufaq-faq-div ewd-ufaq-faq-column-count-one ewd-ufaq-faq-responsive-columns- ewd-ufaq-faq-display-style-default ewd-ufaq-can-be-toggled\" id='ewd-ufaq-post-10119-axXDlEnh7A' data-post_id='10119'>\n\n\t<div class='ewd-ufaq-faq-title ewd-ufaq-faq-toggle'>\n\t\n\t<a class='ewd-ufaq-post-margin'  href='#' role=\"button\">\n\n\t\t<div class='ewd-ufaq-post-margin-symbol ewd-ufaq-'>\n\t\t\t<span >b<\/span>\n\t\t<\/div>\n\n\t\t<div class='ewd-ufaq-faq-title-text'>\n\n\t\t\t<h4>\n\t\t\t\tSiapa yang melakukan operasi darat di Bandara Internasional Dili?\t\t\t<\/h4>\n\n\t\t<\/div>\n\n\t\t<div class='ewd-ufaq-clear'><\/div>\n\n\t<\/a>\n\t\n<\/div>\n\t\n\t<div class='ewd-ufaq-faq-body ewd-ufaq-hidden' >\n\n\t\t\n\t\t\t\n\t\t\n\t\t\t<div class='ewd-ufaq-post-margin ewd-ufaq-faq-post'>\n\t<p>Operasi darat di Bandara Internasional Dili ditangani oleh SDV Bollore dan STAT.<\/p>\n<div class=\"theme-button-block-wrap wpex-block wpex-clear theme-button-wrap wpex-clr\"><a href=\"https:\/\/customs.gov.tl\/id\/agensi-lainnya\/yang-lain\/\" class=\"vcex-button theme-txt-link block button-with-top-border right-side\" target=\"_blank\" style=\"font-weight:500\" rel=\"noopener noreferrer\"><span class=\"theme-button-inner\"> Anda dapat menemukan informasi lebih lanjut tentang operasi penanganan darat di sini<span class=\"vcex-icon-wrap theme-button-icon-right\"><span class=\"ticon ticon-angle-right\" aria-hidden=\"true\"><\/span><\/span><\/span><\/a><\/div> \n<\/div>\n\t\t\n\t\t\t\n\t\t\n\t\t\t\n\t\t\n\t\t\t\n\t\t\n\t\t\t\n\t\t\n\t\t\t\n\t\t\n\t\t\t\n\t\t\n\t\t\t\n\t\t\n\t\t\t\n\t\t\n\t<\/div>\n\n<\/div><div  class=\"ewd-ufaq-faq-div ewd-ufaq-faq-column-count-one ewd-ufaq-faq-responsive-columns- ewd-ufaq-faq-display-style-default ewd-ufaq-can-be-toggled\" id='ewd-ufaq-post-10120-UGlO2OwE4G' data-post_id='10120'>\n\n\t<div class='ewd-ufaq-faq-title ewd-ufaq-faq-toggle'>\n\t\n\t<a class='ewd-ufaq-post-margin'  href='#' role=\"button\">\n\n\t\t<div class='ewd-ufaq-post-margin-symbol ewd-ufaq-'>\n\t\t\t<span >b<\/span>\n\t\t<\/div>\n\n\t\t<div class='ewd-ufaq-faq-title-text'>\n\n\t\t\t<h4>\n\t\t\t\tSiapa yang bertanggung jawab atas Bandara Internasional Dili?\t\t\t<\/h4>\n\n\t\t<\/div>\n\n\t\t<div class='ewd-ufaq-clear'><\/div>\n\n\t<\/a>\n\t\n<\/div>\n\t\n\t<div class='ewd-ufaq-faq-body ewd-ufaq-hidden' >\n\n\t\t\n\t\t\t\n\t\t\n\t\t\t<div class='ewd-ufaq-post-margin ewd-ufaq-faq-post'>\n\t<p>Administrasi Navigasi Udara Timor Leste (ANATL), yang dibentuk pada tahun 2005, adalah administrasi pemerintah yang bertanggung jawab atas bandar udara nasional di Timor-Leste. Bandara ini beroperasi antara pukul 06.00 hingga 18.30, 365 hari per tahun. Kedatangan dan keberangkatan penerbangan saat ini terbatas pada siang hari karena infrastruktur saat ini tidak memungkinkan penggunaan landasan pacu pada malam hari. Bangunan terminal utama dibagi menjadi dua bagian untuk keberangkatan dan kedatangan.<\/p>\n<div class=\"theme-button-block-wrap wpex-block wpex-clear theme-button-wrap wpex-clr\"><a href=\"https:\/\/customs.gov.tl\/id\/agensi-lainnya\/yang-lain\/\" class=\"vcex-button theme-txt-link block button-with-top-border right-side\" target=\"_blank\" style=\"font-weight:500\" rel=\"noopener noreferrer\"><span class=\"theme-button-inner\"> Anda dapat mengetahui informasi lebih lanjut tentang ANATL di sini<span class=\"vcex-icon-wrap theme-button-icon-right\"><span class=\"ticon ticon-angle-right\" aria-hidden=\"true\"><\/span><\/span><\/span><\/a><\/div> \n<\/div>\n\t\t\n\t\t\t\n\t\t\n\t\t\t\n\t\t\n\t\t\t\n\t\t\n\t\t\t\n\t\t\n\t\t\t\n\t\t\n\t\t\t\n\t\t\n\t\t\t\n\t\t\n\t\t\t\n\t\t\n\t<\/div>\n\n<\/div><div  class=\"ewd-ufaq-faq-div ewd-ufaq-faq-column-count-one ewd-ufaq-faq-responsive-columns- ewd-ufaq-faq-display-style-default ewd-ufaq-can-be-toggled\" id='ewd-ufaq-post-10121-PGErFUbY3O' data-post_id='10121'>\n\n\t<div class='ewd-ufaq-faq-title ewd-ufaq-faq-toggle'>\n\t\n\t<a class='ewd-ufaq-post-margin'  href='#' role=\"button\">\n\n\t\t<div class='ewd-ufaq-post-margin-symbol ewd-ufaq-'>\n\t\t\t<span >b<\/span>\n\t\t<\/div>\n\n\t\t<div class='ewd-ufaq-faq-title-text'>\n\n\t\t\t<h4>\n\t\t\t\tApa tanggung jawab Komisi Pemberantasan Korupsi (KPK)?\t\t\t<\/h4>\n\n\t\t<\/div>\n\n\t\t<div class='ewd-ufaq-clear'><\/div>\n\n\t<\/a>\n\t\n<\/div>\n\t\n\t<div class='ewd-ufaq-faq-body ewd-ufaq-hidden' >\n\n\t\t\n\t\t\t\n\t\t\n\t\t\t<div class='ewd-ufaq-post-margin ewd-ufaq-faq-post'>\n\t<p>Comiss\u00e3o Anti-Corrup\u00e7\u00e3o (CAC) bertugas membasmi dan memberantas korupsi. Korupsi menghancurkan fondasi masyarakat, dan tidak membedakan antara negara-negara kecil atau besar, kaya atau miskin. Korupsi merusak masa depan anak-anak kita. Ini adalah hambatan bagi kemajuan kaum muda; dan mempercepat kematian orang tua. Korupsi juga menghalangi supremasi hukum; dan mengancam demokrasi. CAC dibentuk dengan UU Komisi Pemberantasan Korupsi (UU 8\/2009).<\/p>\n<div class=\"theme-button-block-wrap wpex-block wpex-clear theme-button-wrap wpex-clr\"><a href=\"https:\/\/customs.gov.tl\/id\/agensi-lainnya\/yang-lain\/\" class=\"vcex-button theme-txt-link block button-with-top-border right-side\" target=\"_blank\" style=\"font-weight:500\" rel=\"noopener noreferrer\"><span class=\"theme-button-inner\"> Anda dapat mengetahui lebih lanjut tentang CAC di sini<span class=\"vcex-icon-wrap theme-button-icon-right\"><span class=\"ticon ticon-angle-right\" aria-hidden=\"true\"><\/span><\/span><\/span><\/a><\/div> \n<\/div>\n\t\t\n\t\t\t\n\t\t\n\t\t\t\n\t\t\n\t\t\t\n\t\t\n\t\t\t\n\t\t\n\t\t\t\n\t\t\n\t\t\t\n\t\t\n\t\t\t\n\t\t\n\t\t\t\n\t\t\n\t<\/div>\n\n<\/div><div  class=\"ewd-ufaq-faq-div ewd-ufaq-faq-column-count-one ewd-ufaq-faq-responsive-columns- ewd-ufaq-faq-display-style-default ewd-ufaq-can-be-toggled\" id='ewd-ufaq-post-10122-uGpdXtQttb' data-post_id='10122'>\n\n\t<div class='ewd-ufaq-faq-title ewd-ufaq-faq-toggle'>\n\t\n\t<a class='ewd-ufaq-post-margin'  href='#' role=\"button\">\n\n\t\t<div class='ewd-ufaq-post-margin-symbol ewd-ufaq-'>\n\t\t\t<span >b<\/span>\n\t\t<\/div>\n\n\t\t<div class='ewd-ufaq-faq-title-text'>\n\n\t\t\t<h4>\n\t\t\t\tApakah saya memerlukan sertifikat bisnis untuk mengimpor atau mengekspor barang?\t\t\t<\/h4>\n\n\t\t<\/div>\n\n\t\t<div class='ewd-ufaq-clear'><\/div>\n\n\t<\/a>\n\t\n<\/div>\n\t\n\t<div class='ewd-ufaq-faq-body ewd-ufaq-hidden' >\n\n\t\t\n\t\t\t\n\t\t\n\t\t\t<div class='ewd-ufaq-post-margin ewd-ufaq-faq-post'>\n\t<p>Ya: Untuk mengimpor atau mengekspor secara komersial, Anda harus terlebih dahulu mendapatkan sertifikat bisnis dari Servico de Registo e Verificacao Empressarial (SERVE). Jam operasional SERVE adalah Senin sampai Jumat, 0830-1230, dan 1400-1700. Telepon: <a href=\"tel:+6703310316\">(+670) 331 0316<\/a>.<\/p>\n<div class=\"theme-button-block-wrap wpex-block wpex-clear theme-button-wrap wpex-clr\"><a href=\"https:\/\/customs.gov.tl\/id\/agensi-lainnya\/yang-lain\/\" class=\"vcex-button theme-txt-link block button-with-top-border right-side\" target=\"_blank\" style=\"font-weight:500\" rel=\"noopener noreferrer\"><span class=\"theme-button-inner\"> Anda dapat menemukan informasi lebih lanjut tentang SERVE di sini<span class=\"vcex-icon-wrap theme-button-icon-right\"><span class=\"ticon ticon-angle-right\" aria-hidden=\"true\"><\/span><\/span><\/span><\/a><\/div> \n<\/div>\n\t\t\n\t\t\t\n\t\t\n\t\t\t\n\t\t\n\t\t\t\n\t\t\n\t\t\t\n\t\t\n\t\t\t\n\t\t\n\t\t\t\n\t\t\n\t\t\t\n\t\t\n\t\t\t\n\t\t\n\t<\/div>\n\n<\/div>\n\t<\/div>\n\n\t\n<\/div>\n[\/vc_column_text][\/vc_column][\/vc_row]\n<\/div>","protected":false},"excerpt":{"rendered":"<p>B Apakah saya memerlukan sertifikat bisnis untuk mengimpor atau mengekspor barang? Ya: Untuk mengimpor atau mengekspor secara komersial, Anda harus terlebih dahulu mendapatkan sertifikat bisnis dari Servico de Registo e Verificacao Empressarial (SERVE). Jam operasional SERVE adalah Senin sampai Jumat,&hellip;<\/p>\n","protected":false},"author":8,"featured_media":0,"parent":9946,"menu_order":0,"comment_status":"open","ping_status":"open","template":"templates\/left-sidebar.php","meta":{"inline_featured_image":false,"footnotes":""},"class_list":["post-9960","page","type-page","status-publish","hentry","entry","no-media"],"_links":{"self":[{"href":"https:\/\/customs.gov.tl\/id\/wp-json\/wp\/v2\/pages\/9960","targetHints":{"allow":["GET"]}}],"collection":[{"href":"https:\/\/customs.gov.tl\/id\/wp-json\/wp\/v2\/pages"}],"about":[{"href":"https:\/\/customs.gov.tl\/id\/wp-json\/wp\/v2\/types\/page"}],"author":[{"embeddable":true,"href":"https:\/\/customs.gov.tl\/id\/wp-json\/wp\/v2\/users\/8"}],"replies":[{"embeddable":true,"href":"https:\/\/customs.gov.tl\/id\/wp-json\/wp\/v2\/comments?post=9960"}],"version-history":[{"count":1,"href":"https:\/\/customs.gov.tl\/id\/wp-json\/wp\/v2\/pages\/9960\/revisions"}],"predecessor-version":[{"id":9961,"href":"https:\/\/customs.gov.tl\/id\/wp-json\/wp\/v2\/pages\/9960\/revisions\/9961"}],"up":[{"embeddable":true,"href":"https:\/\/customs.gov.tl\/id\/wp-json\/wp\/v2\/pages\/9946"}],"wp:attachment":[{"href":"https:\/\/customs.gov.tl\/id\/wp-json\/wp\/v2\/media?parent=9960"}],"curies":[{"name":"wp","href":"https:\/\/api.w.org\/{rel}","templated":true}]}}